{"id":3756,"date":"2022-10-15T18:40:26","date_gmt":"2022-10-15T18:40:26","guid":{"rendered":"https:\/\/roadtoromania.com\/loty-do-bukaresztu-lotnisko-otopeni\/jak-dojechac-do-bukaresztu-z-lotniska-otopeni\/"},"modified":"2022-10-21T18:33:09","modified_gmt":"2022-10-21T18:33:09","slug":"jak-dojechac-do-bukaresztu-z-lotniska-otopeni","status":"publish","type":"page","link":"https:\/\/roadtoromania.com\/pl\/jak-dojechac-do-bukaresztu-z-lotniska-otopeni\/","title":{"rendered":"Jak dojecha\u0107 do Bukaresztu z lotniska Otopeni"},"content":{"rendered":"<p> <strong>Henri Coand\u0103 Airport<\/strong> , znane jako <strong>Otopeni Airport<\/strong> ze wzgl\u0119du na miasto, w kt\u00f3rym si\u0119 znajduje, jest najwa\u017cniejszym lotniskiem w Rumunii. Zar\u00f3wno do odwiedzenia <strong>Bukaresztu<\/strong> , jak i wielu miejsc w Transylwanii, Otopeni jest zwyczajowym celem lot\u00f3w do tego kraju. Linie lotnicze takie jak Iberia, Tarom oraz tanie linie lotnicze takie jak Ryanair, Blue Air czy Wizz Air \u0142\u0105cz\u0105 Bukareszt z ca\u0142\u0105 Europ\u0105.<\/p>\n<p>\nLotnisko po\u0142o\u017cone jest oko\u0142o 18 kilometr\u00f3w na p\u00f3\u0142noc od Bukaresztu i obs\u0142uguje ju\u017c ponad 14 milion\u00f3w pasa\u017cer\u00f3w rocznie. W czasie II wojny \u015bwiatowej funkcjonowa\u0142 jako wojskowa baza lotnicza i od tego czasu rozwija\u0142 si\u0119 w kolejnych rozbudowach, staj\u0105c si\u0119 najwa\u017cniejszym lotniskiem w Rumunii i jednym z najwa\u017cniejszych w Europie \u015arodkowej.<\/p>\n<div id=\"toc_container\" class=\"no_bullets\"><p class=\"toc_title\">Contents<\/p><ul class=\"toc_list\"><li><a href=\"#Jak_dojechac_na_lotnisko\"><span class=\"toc_number toc_depth_1\">1<\/span> \nJak dojecha\u0107 na lotnisko<\/a><ul><li><a href=\"#Transport_publiczny_do_lotniska_Otopeni\"><span class=\"toc_number toc_depth_2\">1.1<\/span> \nTransport publiczny do lotniska Otopeni<\/a><ul><li><a href=\"#Autobus\"><span class=\"toc_number toc_depth_3\">1.1.1<\/span> \nAutobus<\/a><\/li><li><a href=\"#Taxi\"><span class=\"toc_number toc_depth_3\">1.1.2<\/span> \nTaxi<\/a><\/li><\/ul><\/li><\/ul><\/li><li><a href=\"#Wynajem_samochodow_na_lotnisku_Otopeni\"><span class=\"toc_number toc_depth_1\">2<\/span> \nWynajem samochod\u00f3w na lotnisku Otopeni<\/a><\/li><\/ul><\/div>\n<h2><span id=\"Jak_dojechac_na_lotnisko\">\nJak dojecha\u0107 na lotnisko<\/span><\/h2>\n<p>\nNiezale\u017cnie od tego, czy zmierzasz do centrum Bukaresztu, czy na lotnisko w celu odlotu, istnieje kilka sposob\u00f3w na dotarcie do lotniska Otopeni. Istniej\u0105 opcje transportu publicznego, jak r\u00f3wnie\u017c prywatne transfery lub us\u0142ugi taks\u00f3wkowe.<\/p>\n<\/p>\n<p>Transfery maj\u0105 t\u0119 zalet\u0119, \u017ce po przyje\u017adzie b\u0119dzie czeka\u0142a na nas osoba, kt\u00f3ra zawiezie nas bezpo\u015brednio do hotelu lub miejsca docelowego.<\/p>\n<h3><span id=\"Transport_publiczny_do_lotniska_Otopeni\">\nTransport publiczny do lotniska Otopeni<\/span><\/h3>\n<h4><span id=\"Autobus\">\nAutobus<\/span><\/h4>\n<p>\nAutobus <strong>jest najta\u0144sz\u0105 opcj\u0105, z mo\u017cliwo\u015bci\u0105 dojazdu autobusami linii 780 i 783. Orientacyjny czas pokonania trasy to 40 minut, cho\u0107 w zale\u017cno\u015bci od nat\u0119\u017cenia ruchu w stolicy Rumunii mo\u017ce to zaj\u0105\u0107 nawet godzin\u0119. Bilet\u00f3w nie kupuje si\u0119 w autobusie, wi\u0119c trzeba je kupi\u0107 w automatach obok przystanku. Zakupiona karta dzia\u0142a jak &#8220;wirtualny portfel&#8221;, kt\u00f3ry mo\u017cesz wykorzysta\u0107 do do\u0142adowania w przysz\u0142o\u015bci, je\u015bli wr\u00f3cisz do Bukaresztu. Firma obs\u0142uguj\u0105ca po\u0142\u0105czenia autobusowe na lotnisko nazywa si\u0119 <strong>express<\/strong> . Na lotnisku wystarczy kierowa\u0107 si\u0119 \u017c\u00f3\u0142tymi liniami wskazuj\u0105cymi miejsce odlotu, kt\u00f3re znajduje si\u0119 na dole schod\u00f3w.<\/p>\n<p>\nAutobus 783 <strong>kursuje 24 godziny na dob\u0119, cho\u0107 w ci\u0105gu dnia cz\u0119stotliwo\u015b\u0107 jest wi\u0119ksza (15-30 minut), a w nocy co 40 minut. Ko\u0144czy si\u0119 na ostatnim przystanku (Piata Unirii 2), z przystankami po\u015brednimi na Piata Victoriei, Piata Romana lub Piata 21 Decembrie.\u00a0Autobus 780 <strong>ma rozk\u0142ad jazdy, kt\u00f3ry kursuje od 5:20 do 23:00, odjazdy co 15 i 30 minut.<\/p>\n<p>\nWi\u0119cej informacji o rozk\u0142adach jazdy i cenach bilet\u00f3w mo\u017cna znale\u017a\u0107 na stronie internetowej RATB (Regia Autonom\u0103 de Transport Bucure\u015fti): <strong>http:\/\/stbsa.ro\/eng\/index.php<\/strong> <\/p>\n<p><img decoding=\"async\" src=\"data:image\/gif;base64,R0lGODdhAQABAPAAAMPDwwAAACwAAAAAAQABAAACAkQBADs=\" \/>Autobus 783 przystanki z lotniska Otopeni do Bukaresztu<\/p>\n<p>\n <strong>Nale\u017cy pami\u0119ta\u0107, \u017ce bilet\u00f3w nie mo\u017cna kupi\u0107 bezpo\u015brednio w autobusie, ale konieczne jest wcze\u015bniejsze nabycie karty. Taryfa za przejazd w obie strony wynosi 8LEI.<\/strong> <\/p>\n<\/h4>\n<\/h4>\n<p>Poci\u0105g<\/h4>\n<p>\nNa lotnisko mo\u017cna te\u017c dojecha\u0107 poci\u0105giem &#8211; zwanym <strong>Henri Coanda Express<\/strong> &#8211; ale poniewa\u017c stacja nie znajduje si\u0119 na lotnisku, konieczna jest wymiana z <strong>shuttle<\/strong> service (zintegrowany bilet poci\u0105g+minibus) i cho\u0107 jest to rozwi\u0105zanie nieco ta\u0144sze od autobusu, b\u0119dzie wymaga\u0142o wi\u0119cej czasu. Podr\u00f3\u017c jest obj\u0119ta CFR, rumu\u0144skim pa\u0144stwowym przewo\u017anikiem kolejowym i odje\u017cd\u017ca z <strong>Dworca P\u00f3\u0142nocnego (Gara de Nord) w Bukareszcie<\/strong> mi\u0119dzy 5:25 a 8:50 z czasem podr\u00f3\u017cy oko\u0142o godziny, plus czas (oko\u0142o 10 minut) autobusu wahad\u0142owego na lotnisko. Z dworca kolejowego jest metro, kt\u00f3rym mo\u017cna przemieszcza\u0107 si\u0119 do r\u00f3\u017cnych cz\u0119\u015bci centralnego Bukaresztu.<\/p>\n<\/h4>\n<p>Metro<\/h4>\n<p>\nProjekt po\u0142\u0105czenia lotniska Otopeni z centrum Bukaresztu lini\u0105 metra jest w trakcie realizacji, ale bez konkretnej daty zako\u0144czenia.<\/p>\n<h4><span id=\"Taxi\">\nTaxi<\/span><\/h4>\n<p>\nTaks\u00f3wki s\u0105 ta\u0144sze od prywatnych transfer\u00f3w, ale dro\u017csze od transportu publicznego. Op\u0142ata za przejazd odbywa si\u0119 za po\u015brednictwem maszyn o nazwie <strong>Clever Taxi<\/strong> . Je\u015bli nie wykupisz go wcze\u015bniej, mo\u017cliwe jest, \u017ce taks\u00f3wkarz wykona przejazd, ale za\u017c\u0105da wi\u0119cej pieni\u0119dzy ni\u017c powiniene\u015b zap\u0142aci\u0107. W automatach mo\u017cna wybra\u0107 rodzaj pojazdu w zale\u017cno\u015bci od ilo\u015bci os\u00f3b lub baga\u017cu. Drukowany jest bilet, kt\u00f3ry wskazuje przybli\u017cony czas oczekiwania, cho\u0107 taks\u00f3wki zazwyczaj s\u0105 ju\u017c dost\u0119pne. Nie ma taryf nocnych z dop\u0142at\u0105 <\/p>\n<p>.<\/p>\n<h2><span id=\"Wynajem_samochodow_na_lotnisku_Otopeni\">\nWynajem samochod\u00f3w na lotnisku Otopeni<\/span><\/h2>\n<p>\nWypo\u017cyczalnie samochod\u00f3w, kt\u00f3re mo\u017cemy znale\u017a\u0107 na lotnisku Otopeni to klasyczne: Avis, Sixt, Europcar, Hertz, a tak\u017ce inne lokalne. W tej wyszukiwarce mo\u017cna znale\u017a\u0107 najlepsze oferty wynajmu samochod\u00f3w:<\/p>\n<p> Transfery z lotniska Otopeni do Bukaresztu i innych miejsc przeznaczenia<\/strong> <\/h2>\n<p> Mapa transportu publicznego z lotniska Otopeni do centrum Bukaresztu<\/strong> <\/h2>\n","protected":false},"excerpt":{"rendered":"<p>Henri Coand\u0103 Airport , znane jako Otopeni Airport ze wzgl\u0119du na miasto, w kt\u00f3rym si\u0119 znajduje, jest najwa\u017cniejszym lotniskiem w Rumunii. Zar\u00f3wno do odwiedzenia Bukaresztu , jak i wielu miejsc w Transylwanii, Otopeni jest zwyczajowym celem lot\u00f3w do tego kraju. Linie lotnicze takie jak Iberia, Tarom oraz tanie linie lotnicze takie jak Ryanair, Blue Air &hellip;<\/p>\n<p class=\"read-more\"> <a class=\"\" href=\"https:\/\/roadtoromania.com\/pl\/jak-dojechac-do-bukaresztu-z-lotniska-otopeni\/\"> <span class=\"screen-reader-text\">Jak dojecha\u0107 do Bukaresztu z lotniska Otopeni<\/span> Read More \u00bb<\/a><\/p>\n","protected":false},"author":1,"featured_media":0,"parent":0,"menu_order":0,"comment_status":"open","ping_status":"open","template":"","meta":{"site-sidebar-layout":"default","site-content-layout":"default","ast-global-header-display":"","ast-main-header-display":"","ast-hfb-above-header-display":"","ast-hfb-below-header-display":"","ast-hfb-mobile-header-display":"","site-post-title":"","ast-breadcrumbs-content":"","ast-featured-img":"","footer-sml-layout":"","theme-transparent-header-meta":"","adv-header-id-meta":"","stick-header-meta":"","header-above-stick-meta":"","header-main-stick-meta":"","header-below-stick-meta":"","footnotes":""},"class_list":["post-3756","page","type-page","status-publish","hentry"],"yoast_head":"<!-- This site is optimized with the Yoast SEO plugin v19.10 - https:\/\/yoast.com\/wordpress\/plugins\/seo\/ -->\n<title>Jak dojecha\u0107 do Bukaresztu z lotniska Otopeni - Road to Romania<\/title>\n<meta name=\"robots\" content=\"index, follow, max-snippet:-1, max-image-preview:large, max-video-preview:-1\" \/>\n<link rel=\"canonical\" href=\"https:\/\/roadtoromania.com\/pl\/jak-dojechac-do-bukaresztu-z-lotniska-otopeni\/\" \/>\n<meta property=\"og:locale\" content=\"pl_PL\" \/>\n<meta property=\"og:type\" content=\"article\" \/>\n<meta property=\"og:title\" content=\"Jak dojecha\u0107 do Bukaresztu z lotniska Otopeni - Road to Romania\" \/>\n<meta property=\"og:description\" content=\"Henri Coand\u0103 Airport , znane jako Otopeni Airport ze wzgl\u0119du na miasto, w kt\u00f3rym si\u0119 znajduje, jest najwa\u017cniejszym lotniskiem w Rumunii. Zar\u00f3wno do odwiedzenia Bukaresztu , jak i wielu miejsc w Transylwanii, Otopeni jest zwyczajowym celem lot\u00f3w do tego kraju. Linie lotnicze takie jak Iberia, Tarom oraz tanie linie lotnicze takie jak Ryanair, Blue Air &hellip; Jak dojecha\u0107 do Bukaresztu z lotniska Otopeni Read More \u00bb\" \/>\n<meta property=\"og:url\" content=\"https:\/\/roadtoromania.com\/pl\/jak-dojechac-do-bukaresztu-z-lotniska-otopeni\/\" \/>\n<meta property=\"og:site_name\" content=\"Road to Romania\" \/>\n<meta property=\"article:modified_time\" content=\"2022-10-21T18:33:09+00:00\" \/>\n<meta name=\"twitter:card\" content=\"summary_large_image\" \/>\n<meta name=\"twitter:label1\" content=\"Szacowany czas czytania\" \/>\n\t<meta name=\"twitter:data1\" content=\"4 minuty\" \/>\n<script type=\"application\/ld+json\" class=\"yoast-schema-graph\">{\"@context\":\"https:\/\/schema.org\",\"@graph\":[{\"@type\":\"WebPage\",\"@id\":\"https:\/\/roadtoromania.com\/pl\/jak-dojechac-do-bukaresztu-z-lotniska-otopeni\/\",\"url\":\"https:\/\/roadtoromania.com\/pl\/jak-dojechac-do-bukaresztu-z-lotniska-otopeni\/\",\"name\":\"Jak dojecha\u0107 do Bukaresztu z lotniska Otopeni - Road to Romania\",\"isPartOf\":{\"@id\":\"https:\/\/roadtoromania.com\/pl\/#website\"},\"datePublished\":\"2022-10-15T18:40:26+00:00\",\"dateModified\":\"2022-10-21T18:33:09+00:00\",\"breadcrumb\":{\"@id\":\"https:\/\/roadtoromania.com\/pl\/jak-dojechac-do-bukaresztu-z-lotniska-otopeni\/#breadcrumb\"},\"inLanguage\":\"pl-PL\",\"potentialAction\":[{\"@type\":\"ReadAction\",\"target\":[\"https:\/\/roadtoromania.com\/pl\/jak-dojechac-do-bukaresztu-z-lotniska-otopeni\/\"]}]},{\"@type\":\"BreadcrumbList\",\"@id\":\"https:\/\/roadtoromania.com\/pl\/jak-dojechac-do-bukaresztu-z-lotniska-otopeni\/#breadcrumb\",\"itemListElement\":[{\"@type\":\"ListItem\",\"position\":1,\"name\":\"Home\",\"item\":\"https:\/\/roadtoromania.com\/pl\/\"},{\"@type\":\"ListItem\",\"position\":2,\"name\":\"Loty do Bukaresztu, lotnisko Otopeni\",\"item\":\"https:\/\/roadtoromania.com\/pl\/loty-do-bukaresztu-lotnisko-otopeni\/\"},{\"@type\":\"ListItem\",\"position\":3,\"name\":\"Jak dojecha\u0107 do Bukaresztu z lotniska Otopeni\"}]},{\"@type\":\"WebSite\",\"@id\":\"https:\/\/roadtoromania.com\/pl\/#website\",\"url\":\"https:\/\/roadtoromania.com\/pl\/\",\"name\":\"Road to Romania\",\"description\":\"Blog, na kt\u00f3rym znajdziesz wszystkie informacje potrzebne do korzystania z Rumunii.\",\"potentialAction\":[{\"@type\":\"SearchAction\",\"target\":{\"@type\":\"EntryPoint\",\"urlTemplate\":\"https:\/\/roadtoromania.com\/pl\/?s={search_term_string}\"},\"query-input\":\"required name=search_term_string\"}],\"inLanguage\":\"pl-PL\"}]}<\/script>\n<!-- \/ Yoast SEO plugin. -->","yoast_head_json":{"title":"Jak dojecha\u0107 do Bukaresztu z lotniska Otopeni - Road to Romania","robots":{"index":"index","follow":"follow","max-snippet":"max-snippet:-1","max-image-preview":"max-image-preview:large","max-video-preview":"max-video-preview:-1"},"canonical":"https:\/\/roadtoromania.com\/pl\/jak-dojechac-do-bukaresztu-z-lotniska-otopeni\/","og_locale":"pl_PL","og_type":"article","og_title":"Jak dojecha\u0107 do Bukaresztu z lotniska Otopeni - Road to Romania","og_description":"Henri Coand\u0103 Airport , znane jako Otopeni Airport ze wzgl\u0119du na miasto, w kt\u00f3rym si\u0119 znajduje, jest najwa\u017cniejszym lotniskiem w Rumunii. Zar\u00f3wno do odwiedzenia Bukaresztu , jak i wielu miejsc w Transylwanii, Otopeni jest zwyczajowym celem lot\u00f3w do tego kraju. Linie lotnicze takie jak Iberia, Tarom oraz tanie linie lotnicze takie jak Ryanair, Blue Air &hellip; Jak dojecha\u0107 do Bukaresztu z lotniska Otopeni Read More \u00bb","og_url":"https:\/\/roadtoromania.com\/pl\/jak-dojechac-do-bukaresztu-z-lotniska-otopeni\/","og_site_name":"Road to Romania","article_modified_time":"2022-10-21T18:33:09+00:00","twitter_card":"summary_large_image","twitter_misc":{"Szacowany czas czytania":"4 minuty"},"schema":{"@context":"https:\/\/schema.org","@graph":[{"@type":"WebPage","@id":"https:\/\/roadtoromania.com\/pl\/jak-dojechac-do-bukaresztu-z-lotniska-otopeni\/","url":"https:\/\/roadtoromania.com\/pl\/jak-dojechac-do-bukaresztu-z-lotniska-otopeni\/","name":"Jak dojecha\u0107 do Bukaresztu z lotniska Otopeni - Road to Romania","isPartOf":{"@id":"https:\/\/roadtoromania.com\/pl\/#website"},"datePublished":"2022-10-15T18:40:26+00:00","dateModified":"2022-10-21T18:33:09+00:00","breadcrumb":{"@id":"https:\/\/roadtoromania.com\/pl\/jak-dojechac-do-bukaresztu-z-lotniska-otopeni\/#breadcrumb"},"inLanguage":"pl-PL","potentialAction":[{"@type":"ReadAction","target":["https:\/\/roadtoromania.com\/pl\/jak-dojechac-do-bukaresztu-z-lotniska-otopeni\/"]}]},{"@type":"BreadcrumbList","@id":"https:\/\/roadtoromania.com\/pl\/jak-dojechac-do-bukaresztu-z-lotniska-otopeni\/#breadcrumb","itemListElement":[{"@type":"ListItem","position":1,"name":"Home","item":"https:\/\/roadtoromania.com\/pl\/"},{"@type":"ListItem","position":2,"name":"Loty do Bukaresztu, lotnisko Otopeni","item":"https:\/\/roadtoromania.com\/pl\/loty-do-bukaresztu-lotnisko-otopeni\/"},{"@type":"ListItem","position":3,"name":"Jak dojecha\u0107 do Bukaresztu z lotniska Otopeni"}]},{"@type":"WebSite","@id":"https:\/\/roadtoromania.com\/pl\/#website","url":"https:\/\/roadtoromania.com\/pl\/","name":"Road to Romania","description":"Blog, na kt\u00f3rym znajdziesz wszystkie informacje potrzebne do korzystania z Rumunii.","potentialAction":[{"@type":"SearchAction","target":{"@type":"EntryPoint","urlTemplate":"https:\/\/roadtoromania.com\/pl\/?s={search_term_string}"},"query-input":"required name=search_term_string"}],"inLanguage":"pl-PL"}]}},"_links":{"self":[{"href":"https:\/\/roadtoromania.com\/pl\/wp-json\/wp\/v2\/pages\/3756","targetHints":{"allow":["GET"]}}],"collection":[{"href":"https:\/\/roadtoromania.com\/pl\/wp-json\/wp\/v2\/pages"}],"about":[{"href":"https:\/\/roadtoromania.com\/pl\/wp-json\/wp\/v2\/types\/page"}],"author":[{"embeddable":true,"href":"https:\/\/roadtoromania.com\/pl\/wp-json\/wp\/v2\/users\/1"}],"replies":[{"embeddable":true,"href":"https:\/\/roadtoromania.com\/pl\/wp-json\/wp\/v2\/comments?post=3756"}],"version-history":[{"count":1,"href":"https:\/\/roadtoromania.com\/pl\/wp-json\/wp\/v2\/pages\/3756\/revisions"}],"predecessor-version":[{"id":3757,"href":"https:\/\/roadtoromania.com\/pl\/wp-json\/wp\/v2\/pages\/3756\/revisions\/3757"}],"wp:attachment":[{"href":"https:\/\/roadtoromania.com\/pl\/wp-json\/wp\/v2\/media?parent=3756"}],"curies":[{"name":"wp","href":"https:\/\/api.w.org\/{rel}","templated":true}]}}