{"id":4346,"date":"2022-10-22T14:22:25","date_gmt":"2022-10-22T14:22:25","guid":{"rendered":"https:\/\/roadtoromania.com\/guida-della-romania\/"},"modified":"2022-10-22T15:52:44","modified_gmt":"2022-10-22T15:52:44","slug":"guida-della-romania","status":"publish","type":"page","link":"https:\/\/roadtoromania.com\/pl\/","title":{"rendered":"Przewodnik po Rumunii"},"content":{"rendered":"<p>Przewodnik Rumunia istnieje ju\u017c od kilku lat, ale postanowili\u015bmy go odnowi\u0107 i rozszerzy\u0107 jego zawarto\u015b\u0107, aby zapewni\u0107 podr\u00f3\u017cnym wi\u0119cej informacji na temat turystyki w Rumunii. Nasze cele s\u0105 proste i jasne, przybli\u017cy\u0107 polskim turystom pi\u0119kny kraj jakim jest Rumunia. Do turyst\u00f3w i os\u00f3b zainteresowanych kultur\u0105, geografi\u0105, histori\u0105, sztuk\u0105, gastronomi\u0105 i sprawami bie\u017c\u0105cymi kraju ba\u0142ka\u0144skiego. Rumunia to kraj pod wieloma wzgl\u0119dami bliski \u015bwiatu rzymskiemu, ale w du\u017cej mierze nieznany i dotkni\u0119ty pewnymi nieuzasadnionymi kliszami. Kultura i j\u0119zyk rumu\u0144ski to mieszanka \u015br\u00f3dziemnomorska i wschodnia, rosyjska i turecka. Po\u0142o\u017cony na rozleg\u0142ej r\u00f3wninie podzielonej Karpatami kraj zamkni\u0119ty jest od po\u0142udnia przez Dunaj, kt\u00f3ry odkrywa turystyka rejs\u00f3w rzecznych.<\/p>\n<p>M\u00f3wi\u0107 o Rumunii to m\u00f3wi\u0107 o skomplikowanej historii, o mitach takich jak banalny hrabia Dracula i o wiele nowszych wydarzeniach, kt\u00f3re wstrz\u0105sn\u0119\u0142y histori\u0105 Europy. Na szcz\u0119\u015bcie obecnie kraj ten pr\u00f3buje przezwyci\u0119\u017cy\u0107 swoje zacofanie i zbli\u017ca si\u0119 do Unii Europejskiej, kt\u00f3rej cz\u0142onkiem jest od 2007 roku. Pr\u00f3ba ods\u0142oni\u0119cia rumu\u0144skiej rzeczywisto\u015bci i przezwyci\u0119\u017cenia uprzedze\u0144 to kolejny z naszych podstawowych cel\u00f3w.<\/p>\n<figure id=\"attachment_2702\" class=\"wp-caption aligncenter\" aria-describedby=\"caption-attachment-2702\"><img loading=\"lazy\" decoding=\"async\" class=\"wp-image-2702 size-full\" src=\"https:\/\/www.larumania.es\/wp-content\/uploads\/2021\/01\/carpatos-rumania-naturaleza.jpg\" sizes=\"auto, (max-width: 1920px) 100vw, 1920px\" srcset=\"https:\/\/www.larumania.es\/wp-content\/uploads\/2021\/01\/carpatos-rumania-naturaleza.jpg 1920w, https:\/\/www.larumania.es\/wp-content\/uploads\/2021\/01\/carpatos-rumania-naturaleza-300x158.jpg 300w, https:\/\/www.larumania.es\/wp-content\/uploads\/2021\/01\/carpatos-rumania-naturaleza-768x405.jpg 768w, https:\/\/www.larumania.es\/wp-content\/uploads\/2021\/01\/carpatos-rumania-naturaleza-1024x540.jpg 1024w, https:\/\/www.larumania.es\/wp-content\/uploads\/2021\/01\/carpatos-rumania-naturaleza-150x79.jpg 150w\" alt=\"\" width=\"1920\" height=\"1013\" \/><figcaption id=\"caption-attachment-2702\" class=\"wp-caption-text\">Karpaty stanowi\u0105, wraz z Dunajem, geograficzny szkielet Rumunii.<\/figcaption><\/figure>\n<div id=\"toc_container\" class=\"no_bullets\"><p class=\"toc_title\">Contents<\/p><ul class=\"toc_list\"><li><a href=\"#Zabytki_i_kultura_antyczna\"><span class=\"toc_number toc_depth_1\">1<\/span> Zabytki i kultura antyczna<\/a><\/li><li><a href=\"#Bujna_przyroda_do_odkrycia\"><span class=\"toc_number toc_depth_1\">2<\/span> Bujna przyroda do odkrycia<\/a><\/li><li><a href=\"#Kultura\"><span class=\"toc_number toc_depth_1\">3<\/span> Kultura<\/a><\/li><li><a href=\"#Strona\"><span class=\"toc_number toc_depth_1\">4<\/span> Strona<\/a><\/li><li><a href=\"#Zakwaterowanie_transport_i_gastronomia\"><span class=\"toc_number toc_depth_1\">5<\/span> Zakwaterowanie, transport i gastronomia<\/a><\/li><li><a href=\"#Rumuni_obalanie_mitow\"><span class=\"toc_number toc_depth_1\">6<\/span> Rumuni: obalanie mit\u00f3w<\/a><\/li><\/ul><\/div>\n<h2><span id=\"Zabytki_i_kultura_antyczna\">Zabytki i kultura antyczna<\/span><\/h2>\n<p>Dziedzictwo Rumunii jest w du\u017cej mierze nieznane; mamy nadziej\u0119, \u017ce z nasz\u0105 pomoc\u0105 b\u0119dzie jeszcze mniej. Dowodem na to jest fakt, \u017ce co najmniej osiem miejsc lub zabytk\u00f3w zosta\u0142o uznanych przez UNESCO za obiekty \u015bwiatowego dziedzictwa.<\/p>\n<p>Architektura sakralna Rumunii wyr\u00f3\u017cnia si\u0119 przede wszystkim tym, \u017ce wiele ko\u015bcio\u0142\u00f3w, \u015bwi\u0105ty\u0144 i klasztor\u00f3w wykonanych jest z drewna. Z nami odwiedzisz klasztory Bukowiny (Arbore, Humor, Moldovita, Patrauti, Voronet, Suceavita lub Neamt), na p\u00f3\u0142nocy kraju, blisko Ukrainy i Mo\u0142dawii.<\/p>\n<p>Odwiedzamy drewniane ko\u015bcio\u0142y innego ma\u0142o znanego, ale r\u00f3wnie wspania\u0142ego regionu &#8211; Maramures, a tak\u017ce s\u0142ynny cmentarz w Sapancie.<\/p>\n<p>W kinowej Transylwanii prze\u0142amiemy stereotypy, pokazuj\u0105c prawdziw\u0105 histori\u0119 mitu Vlada Drakula w Bran, w prowincji Brasov.\u00a0Transylwa\u0144skie zamki, dackie twierdze i wszelkiego rodzaju pa\u0142ace nie budz\u0105 strachu, lecz szacunek dla dobrze zachowanej staro\u017cytnej architektury i sztuki. Miasta Transylwanii s\u0105 dalekie od grozy film\u00f3w Hollywood i Hammer, wr\u0119cz przeciwnie, s\u0105 to \u017cywe miasta z przyjaznymi lud\u017ami.\u00a0Brasov, Sibiu, Cluj, Sighisoara, \u015bredniowieczne miasta o znacznie lepiej zachowanej architekturze ni\u017c stolica, i wiele innych, kt\u00f3re om\u00f3wimy na naszych \u0142amach.<\/p>\n<p>W Banacie odwiedzimy Timisoar\u0119, w pobli\u017cu Serbii, oraz Orade\u0119, w regionie Crisana, w pobli\u017cu W\u0119gier.\u00a0Craiova, w Wo\u0142oszczy\u017anie, wzd\u0142u\u017c Dunaju, najwa\u017cniejszej arterii rzecznej \u015bwiata i wsp\u00f3lnej granicy z Bu\u0142gari\u0105.\u00a0Konstanca, z widokiem na Morze Czarne, pozwoli nam pozna\u0107 morsk\u0105 fasad\u0119 kraju. A na zako\u0144czenie naszej historycznej i zabytkowej wycieczki &#8211; Bukareszt, stolica, kt\u00f3ra stopniowo odzyskuje dawn\u0105 \u015bwietno\u015b\u0107 i francuskie wp\u0142ywy.<\/p>\n<h2><span id=\"Bujna_przyroda_do_odkrycia\">Bujna przyroda do odkrycia<\/span><\/h2>\n<p>Je\u015bli chodzi o histori\u0119, kultur\u0119 i zabytki, niewiele wiadomo o kraju, w kt\u00f3rym wci\u0105\u017c dominuje natura. Rumunia ma niesprawiedliwy wizerunek, kojarzony z dawnym przemys\u0142em naftowym i ci\u0119\u017ckim, podczas gdy w rzeczywisto\u015bci zachowa\u0142a wiele obszar\u00f3w przyrodniczych lepiej ni\u017c inne kraje europejskie, jak np. wodospad Bigar przy granicy z Serbi\u0105, kt\u00f3ry jest r\u00f3wnie nieznany, co zaskakuj\u0105cy.<\/p>\n<p>Wybrze\u017ce Morza Czarnego, z jego komunistycznymi kurortami, od\u017cywa i zaczyna oferowa\u0107 przyjemne wakacje w pi\u0119knym otoczeniu. Na przyk\u0142ad Delta Dunaju jest obszarem przyrodniczym najwy\u017cszej klasy, ale opr\u00f3cz morza Rumunia oferuje r\u00f3wnie\u017c g\u00f3ry.\u00a0Karpaty swoim \u0142ukiem dziel\u0105 kraj na dwie cz\u0119\u015bci. Jej g\u00f3ry zachwyc\u0105 w\u0119drowc\u00f3w i spacerowicz\u00f3w, gdy\u017c poza Rumuni\u0105 s\u0105 praktycznie nieznane. Opr\u00f3cz trekkingu, Karpaty oferuj\u0105 o\u015brodki narciarskie, takie jak Poiana Brasov, rzeki i strumienie, w kt\u00f3rych w\u0119dkowanie jest nadal naturaln\u0105 przyjemno\u015bci\u0105.<\/p>\n<p>W Maramures, jakby w celu stworzenia majestatycznej scenerii dla swoich klasztor\u00f3w, ska\u0142y w\u0105skich w\u0105woz\u00f3w wy\u0142aniaj\u0105 si\u0119 w\u015br\u00f3d og\u00f3lnej zieleni w miejscach takich jak w\u0105wozy Bicaz.<\/p>\n<h2><span id=\"Kultura\">Kultura<\/span><\/h2>\n<p>Bukareszt jest miastem muze\u00f3w. XIX-wieczne francuskie budynki neoklasyczne przetrwa\u0142y szale\u0144stwa dyktatury. Zachowa\u0142o si\u0119 tu wyrafinowanie kultury, kt\u00f3ra nie ma nic wsp\u00f3lnego z ideami, jakie wielu ma.<\/p>\n<p>A w\u015br\u00f3d nazwisk kultury rumu\u0144skiej znajdujemy takich artyst\u00f3w jak Constantin Brancusi, francusko-chorwacki rze\u017abiarz, czy francusko-chorwacki poeta Tristan Tzara, inicjator dadaizmu, kt\u00f3ry mia\u0142 rumu\u0144skie korzenie, mimo \u017ce jego \u017cycie i kariera artystyczna mia\u0142y miejsce we Francji.<\/p>\n<p>Ten wsp\u00f3lny w\u0105tek, emigracja lub wygnanie, dotkn\u0105\u0142 innych wa\u017cnych intelektualist\u00f3w, takich jak muzycy Georges Enesco i Constantin Dimitrescu, dramaturg Ionesco oraz historyk i powie\u015bciopisarz Mircea Eliade &#8211; wszyscy oni byli zwi\u0105zani z Francj\u0105, gdzie zostali obywatelami lub mieszkali. Dzi\u015b sopranistka Angela Gheorghiu jest jednym z najwa\u017cniejszych g\u0142os\u00f3w Rumunii.<\/p>\n<p>Dzi\u015b obok folkloru i muzyki tradycyjnej pojawiaj\u0105 si\u0119 nowi arty\u015bci, kt\u00f3rzy pr\u00f3buj\u0105 wy\u0142ama\u0107 si\u0119 ze starego wizerunku Rumunii i poszukuj\u0105 nowego. Z napi\u0119cia i wymiany mi\u0119dzy nimi wy\u0142ania si\u0119 prawdziwa Rumunia XXI wieku.<\/p>\n<h2><span id=\"Strona\">Strona<\/span><\/h2>\n<p>Europa Wschodnia to cel podr\u00f3\u017cy dla tych, kt\u00f3rzy my\u015bl\u0105, \u017ce w Polsce jest tylko imprezowanie. Ulice w centrum Bukaresztu s\u0105 zawsze \u017cywe i pe\u0142ne ludzi. Dodatkowo scena imprezowa jest do\u015b\u0107 spokojna i bardzo bezpieczna. Jest to idealne rozwi\u0105zanie dla os\u00f3b podr\u00f3\u017cuj\u0105cych po kraju, kt\u00f3re chc\u0105 korzysta\u0107 z \u017cycia nocnego, pub\u00f3w i dyskotek przez ca\u0142\u0105 noc.<\/p>\n<p>Zwied\u017a Rumuni\u0119 samochodem, poci\u0105giem, statkiem&#8230;<\/p>\n<p>Rumunia nadaje si\u0119 na wycieczk\u0119 ka\u017cdym \u015brodkiem transportu. Samolot zabiera nas do Bukaresztu. Samoch\u00f3d pozwala nam na podr\u00f3\u017cowanie po Europie i docieranie do miejsc najmniej turystycznych i najbardziej autentycznych. \u0141\u00f3d\u017a pozwala nam odwiedzi\u0107 r\u00f3\u017cne kraje podczas rejs\u00f3w po Dunaju.<\/p>\n<h2><span id=\"Zakwaterowanie_transport_i_gastronomia\">Zakwaterowanie, transport i gastronomia<\/span><\/h2>\n<p>Rumu\u0144ska sie\u0107 hotelowa i transportowa zosta\u0142a zmodernizowana po wej\u015bciu do Unii Europejskiej. Dzi\u015b w kraju jest ju\u017c sporo dobrej jako\u015bci restauracji. Na naszych stronach opowiemy Wam o tym wszystkim i polecimy najlepsze miejsca do spania i jedzenia. W tym celu odwied\u017a nasze dzia\u0142y: zakwaterowanie, transport i gastronomia, a je\u015bli ju\u017c zdecydowa\u0142e\u015b si\u0119 na przyjazd do Rumunii, to na tej stronie znajdziesz najlepsze hotele.<\/p>\n<h2><span id=\"Rumuni_obalanie_mitow\">Rumuni: obalanie mit\u00f3w<\/span><\/h2>\n<p>Jak ka\u017cdy inny kraj na \u015bwiecie, jego populacja jest wynikiem mieszania si\u0119 i mezaliansu, zwi\u0105zku r\u00f3\u017cnych ludzi z r\u00f3\u017cnych miejsc, kt\u00f3rego tyglem sta\u0142o si\u0119 terytorium Rumunii. Jeszcze bardziej na Ba\u0142kanach, gdzie granice ta\u0144czy\u0142y na d\u017awi\u0119k wojen i najazd\u00f3w. Kiedy zrozumiemy, \u017ce \u017cadna flaga nie by\u0142a bardziej uzasadniona od innej, b\u0119dziemy mogli lepiej si\u0119 zrozumie\u0107, szanowa\u0107 i zacz\u0105\u0107 i\u015b\u0107 razem w kierunku cel\u00f3w spo\u0142ecznych, kt\u00f3re nale\u017c\u0105 do nas wszystkich. W Rumunii wida\u0107 wp\u0142ywy wielu lud\u00f3w z przesz\u0142o\u015bci, Dak\u00f3w, Rzymian, Wo\u0142os\u00f3w, W\u0119gr\u00f3w, Mo\u0142dawian, Niemc\u00f3w, Grek\u00f3w, Bu\u0142gar\u00f3w, Serb\u00f3w, Alba\u0144czyk\u00f3w, \u017byd\u00f3w, Turk\u00f3w, Cygan\u00f3w, Rosjan&#8230; wszystko tak wymieszane, \u017ce jakikolwiek podzia\u0142 mo\u017ce by\u0107 tylko sztuczny. Z tego zlepku wy\u0142oni\u0142 si\u0119 kraj z problemami, ale z du\u017c\u0105 doz\u0105 cierpliwo\u015bci i przede wszystkim z przyjaznymi lud\u017ami, kt\u00f3rzy b\u0142yskawicznie rozwiewaj\u0105 uprzedzenia turyst\u00f3w uwa\u017caj\u0105cych si\u0119 za lepszych. Je\u015bli wybierzesz si\u0119 do Rumunii i opu\u015bcisz stolic\u0119, sam si\u0119 o tym przekonasz. Rumuni zawsze s\u0105 gotowi do pomocy, bezinteresownie i z u\u015bmiechem na twarzy. Istnieje wiele powod\u00f3w, aby zaprosi\u0107 Ci\u0119 do poznania Rumunii poprzez podr\u00f3\u017c do wszystkich miast i zak\u0105tk\u00f3w tego fantastycznego kraju na wyj\u0105tkowe wakacje.<\/p>\n<p>Podr\u00f3\u017cowa\u0107 to zapomnie\u0107, kim my\u015blimy, \u017ce jeste\u015bmy, oderwa\u0107 si\u0119 od naszych legend i spojrze\u0107 w oczy innych, zacz\u0105\u0107 rozumie\u0107, kim naprawd\u0119 jeste\u015bmy. Rumunia to kraj, kt\u00f3ry \u0142amie uprzedzenia, odwied\u017a go!<\/p>\n","protected":false},"excerpt":{"rendered":"<p>Przewodnik Rumunia istnieje ju\u017c od kilku lat, ale postanowili\u015bmy go odnowi\u0107 i rozszerzy\u0107 jego zawarto\u015b\u0107, aby zapewni\u0107 podr\u00f3\u017cnym wi\u0119cej informacji na temat turystyki w Rumunii. Nasze cele s\u0105 proste i jasne, przybli\u017cy\u0107 polskim turystom pi\u0119kny kraj jakim jest Rumunia. Do turyst\u00f3w i os\u00f3b zainteresowanych kultur\u0105, geografi\u0105, histori\u0105, sztuk\u0105, gastronomi\u0105 i sprawami bie\u017c\u0105cymi kraju ba\u0142ka\u0144skiego. Rumunia &hellip;<\/p>\n<p class=\"read-more\"> <a class=\"\" href=\"https:\/\/roadtoromania.com\/pl\/\"> <span class=\"screen-reader-text\">Przewodnik po Rumunii<\/span> Read More \u00bb<\/a><\/p>\n","protected":false},"author":1,"featured_media":0,"parent":0,"menu_order":0,"comment_status":"closed","ping_status":"closed","template":"","meta":{"site-sidebar-layout":"default","site-content-layout":"default","ast-global-header-display":"","ast-main-header-display":"","ast-hfb-above-header-display":"","ast-hfb-below-header-display":"","ast-hfb-mobile-header-display":"","site-post-title":"","ast-breadcrumbs-content":"","ast-featured-img":"","footer-sml-layout":"","theme-transparent-header-meta":"default","adv-header-id-meta":"","stick-header-meta":"default","header-above-stick-meta":"","header-main-stick-meta":"","header-below-stick-meta":"","footnotes":""},"class_list":["post-4346","page","type-page","status-publish","hentry"],"yoast_head":"<!-- This site is optimized with the Yoast SEO plugin v19.10 - https:\/\/yoast.com\/wordpress\/plugins\/seo\/ -->\n<title>Przewodnik po Rumunii - Road to Romania<\/title>\n<meta name=\"robots\" content=\"index, follow, max-snippet:-1, max-image-preview:large, max-video-preview:-1\" \/>\n<link rel=\"canonical\" href=\"https:\/\/roadtoromania.com\/pl\/\" \/>\n<meta property=\"og:locale\" content=\"pl_PL\" \/>\n<meta property=\"og:type\" content=\"article\" \/>\n<meta property=\"og:title\" content=\"Przewodnik po Rumunii - Road to Romania\" \/>\n<meta property=\"og:description\" content=\"Przewodnik Rumunia istnieje ju\u017c od kilku lat, ale postanowili\u015bmy go odnowi\u0107 i rozszerzy\u0107 jego zawarto\u015b\u0107, aby zapewni\u0107 podr\u00f3\u017cnym wi\u0119cej informacji na temat turystyki w Rumunii. Nasze cele s\u0105 proste i jasne, przybli\u017cy\u0107 polskim turystom pi\u0119kny kraj jakim jest Rumunia. Do turyst\u00f3w i os\u00f3b zainteresowanych kultur\u0105, geografi\u0105, histori\u0105, sztuk\u0105, gastronomi\u0105 i sprawami bie\u017c\u0105cymi kraju ba\u0142ka\u0144skiego. Rumunia &hellip; Przewodnik po Rumunii Read More \u00bb\" \/>\n<meta property=\"og:url\" content=\"https:\/\/roadtoromania.com\/pl\/\" \/>\n<meta property=\"og:site_name\" content=\"Road to Romania\" \/>\n<meta property=\"article:modified_time\" content=\"2022-10-22T15:52:44+00:00\" \/>\n<meta property=\"og:image\" content=\"https:\/\/www.larumania.es\/wp-content\/uploads\/2021\/01\/carpatos-rumania-naturaleza.jpg\" \/>\n<meta name=\"twitter:card\" content=\"summary_large_image\" \/>\n<meta name=\"twitter:label1\" content=\"Szacowany czas czytania\" \/>\n\t<meta name=\"twitter:data1\" content=\"6 minut\" \/>\n<script type=\"application\/ld+json\" class=\"yoast-schema-graph\">{\"@context\":\"https:\/\/schema.org\",\"@graph\":[{\"@type\":\"WebPage\",\"@id\":\"https:\/\/roadtoromania.com\/pl\/\",\"url\":\"https:\/\/roadtoromania.com\/pl\/\",\"name\":\"Przewodnik po Rumunii - Road to Romania\",\"isPartOf\":{\"@id\":\"https:\/\/roadtoromania.com\/pl\/#website\"},\"datePublished\":\"2022-10-22T14:22:25+00:00\",\"dateModified\":\"2022-10-22T15:52:44+00:00\",\"breadcrumb\":{\"@id\":\"https:\/\/roadtoromania.com\/pl\/#breadcrumb\"},\"inLanguage\":\"pl-PL\",\"potentialAction\":[{\"@type\":\"ReadAction\",\"target\":[\"https:\/\/roadtoromania.com\/pl\/\"]}]},{\"@type\":\"BreadcrumbList\",\"@id\":\"https:\/\/roadtoromania.com\/pl\/#breadcrumb\",\"itemListElement\":[{\"@type\":\"ListItem\",\"position\":1,\"name\":\"Home\",\"item\":\"https:\/\/roadtoromania.com\/pl\/\"},{\"@type\":\"ListItem\",\"position\":2,\"name\":\"Przewodnik po Rumunii\"}]},{\"@type\":\"WebSite\",\"@id\":\"https:\/\/roadtoromania.com\/pl\/#website\",\"url\":\"https:\/\/roadtoromania.com\/pl\/\",\"name\":\"Road to Romania\",\"description\":\"Blog, na kt\u00f3rym znajdziesz wszystkie informacje potrzebne do korzystania z Rumunii.\",\"potentialAction\":[{\"@type\":\"SearchAction\",\"target\":{\"@type\":\"EntryPoint\",\"urlTemplate\":\"https:\/\/roadtoromania.com\/pl\/?s={search_term_string}\"},\"query-input\":\"required name=search_term_string\"}],\"inLanguage\":\"pl-PL\"}]}<\/script>\n<!-- \/ Yoast SEO plugin. -->","yoast_head_json":{"title":"Przewodnik po Rumunii - Road to Romania","robots":{"index":"index","follow":"follow","max-snippet":"max-snippet:-1","max-image-preview":"max-image-preview:large","max-video-preview":"max-video-preview:-1"},"canonical":"https:\/\/roadtoromania.com\/pl\/","og_locale":"pl_PL","og_type":"article","og_title":"Przewodnik po Rumunii - Road to Romania","og_description":"Przewodnik Rumunia istnieje ju\u017c od kilku lat, ale postanowili\u015bmy go odnowi\u0107 i rozszerzy\u0107 jego zawarto\u015b\u0107, aby zapewni\u0107 podr\u00f3\u017cnym wi\u0119cej informacji na temat turystyki w Rumunii. Nasze cele s\u0105 proste i jasne, przybli\u017cy\u0107 polskim turystom pi\u0119kny kraj jakim jest Rumunia. Do turyst\u00f3w i os\u00f3b zainteresowanych kultur\u0105, geografi\u0105, histori\u0105, sztuk\u0105, gastronomi\u0105 i sprawami bie\u017c\u0105cymi kraju ba\u0142ka\u0144skiego. Rumunia &hellip; Przewodnik po Rumunii Read More \u00bb","og_url":"https:\/\/roadtoromania.com\/pl\/","og_site_name":"Road to Romania","article_modified_time":"2022-10-22T15:52:44+00:00","og_image":[{"url":"https:\/\/www.larumania.es\/wp-content\/uploads\/2021\/01\/carpatos-rumania-naturaleza.jpg"}],"twitter_card":"summary_large_image","twitter_misc":{"Szacowany czas czytania":"6 minut"},"schema":{"@context":"https:\/\/schema.org","@graph":[{"@type":"WebPage","@id":"https:\/\/roadtoromania.com\/pl\/","url":"https:\/\/roadtoromania.com\/pl\/","name":"Przewodnik po Rumunii - Road to Romania","isPartOf":{"@id":"https:\/\/roadtoromania.com\/pl\/#website"},"datePublished":"2022-10-22T14:22:25+00:00","dateModified":"2022-10-22T15:52:44+00:00","breadcrumb":{"@id":"https:\/\/roadtoromania.com\/pl\/#breadcrumb"},"inLanguage":"pl-PL","potentialAction":[{"@type":"ReadAction","target":["https:\/\/roadtoromania.com\/pl\/"]}]},{"@type":"BreadcrumbList","@id":"https:\/\/roadtoromania.com\/pl\/#breadcrumb","itemListElement":[{"@type":"ListItem","position":1,"name":"Home","item":"https:\/\/roadtoromania.com\/pl\/"},{"@type":"ListItem","position":2,"name":"Przewodnik po Rumunii"}]},{"@type":"WebSite","@id":"https:\/\/roadtoromania.com\/pl\/#website","url":"https:\/\/roadtoromania.com\/pl\/","name":"Road to Romania","description":"Blog, na kt\u00f3rym znajdziesz wszystkie informacje potrzebne do korzystania z Rumunii.","potentialAction":[{"@type":"SearchAction","target":{"@type":"EntryPoint","urlTemplate":"https:\/\/roadtoromania.com\/pl\/?s={search_term_string}"},"query-input":"required name=search_term_string"}],"inLanguage":"pl-PL"}]}},"_links":{"self":[{"href":"https:\/\/roadtoromania.com\/pl\/wp-json\/wp\/v2\/pages\/4346","targetHints":{"allow":["GET"]}}],"collection":[{"href":"https:\/\/roadtoromania.com\/pl\/wp-json\/wp\/v2\/pages"}],"about":[{"href":"https:\/\/roadtoromania.com\/pl\/wp-json\/wp\/v2\/types\/page"}],"author":[{"embeddable":true,"href":"https:\/\/roadtoromania.com\/pl\/wp-json\/wp\/v2\/users\/1"}],"replies":[{"embeddable":true,"href":"https:\/\/roadtoromania.com\/pl\/wp-json\/wp\/v2\/comments?post=4346"}],"version-history":[{"count":2,"href":"https:\/\/roadtoromania.com\/pl\/wp-json\/wp\/v2\/pages\/4346\/revisions"}],"predecessor-version":[{"id":4355,"href":"https:\/\/roadtoromania.com\/pl\/wp-json\/wp\/v2\/pages\/4346\/revisions\/4355"}],"wp:attachment":[{"href":"https:\/\/roadtoromania.com\/pl\/wp-json\/wp\/v2\/media?parent=4346"}],"curies":[{"name":"wp","href":"https:\/\/api.w.org\/{rel}","templated":true}]}}