{"id":3253,"date":"2022-10-15T18:40:09","date_gmt":"2022-10-15T18:40:09","guid":{"rendered":"https:\/\/roadtoromania.com\/aeroporto-cluj-napoca\/"},"modified":"2022-10-22T12:22:06","modified_gmt":"2022-10-22T12:22:06","slug":"aeroporto-cluj-napoca","status":"publish","type":"page","link":"https:\/\/roadtoromania.com\/pt-pt\/aeroporto-cluj-napoca\/","title":{"rendered":"Aeroporto Cluj Napoca"},"content":{"rendered":"<p><strong>O Aeroporto Cluj Napoca<\/strong> tem vindo a desenvolver um elevado crescimento no n\u00famero de voos e passageiros gra\u00e7as aos voos de baixo custo que chegam tanto da Rom\u00e9nia como de muitas cidades europeias, incluindo v\u00e1rias em Espanha, e \u00e9 o principal aeroporto a voar para a regi\u00e3o da Transilv\u00e2nia.<\/p>\n<p><img decoding=\"async\" src=\"https:\/\/roadtoromania.com\/wp-content\/uploads\/2022\/10\/vuelos_aeropuerto_cluj_napo.jpg\" \/><\/p>\n<p>Cluj Napoca Liga\u00e7\u00f5es de Voo do Aeroporto<\/p>\n<p>\u00c9 actualmente o quarto aeroporto em termos de volume de passageiros, atr\u00e1s dos dois aeroportos de Bucareste e Timisoara. Inaugurado em 1932, foi apenas em 1970 quando, uma vez renovado o terminal, come\u00e7ou a lidar com mais tr\u00e1fego a\u00e9reo, mas a sua descolagem real ocorreu em 1996 com a abertura de liga\u00e7\u00f5es internacionais. Em 2001 foi realizada uma extens\u00e3o e em 2009 foi conclu\u00eddo o terminal de novas chegadas.<\/p>\n<p>O aeroporto opera voos para o resto da Rom\u00e9nia, Bucareste e Timisoara, bem como para Viena, Charleroi, Billund, Basileia, G\u00e9nova, Beauvais, Berlim Dormund, Munique, Dublin, Bergamo, Bolonha, Roma, Liverpudlian, Vars\u00f3via, e mesmo para destinos mais distantes como Dubai e Tel Aviv.<\/p>\n<p>As op\u00e7\u00f5es de voo para Cluj a partir de Espanha s\u00e3o Barcelona, , Alicante, Madrid, Val\u00eancia, Sarago\u00e7a (todos com Wizzair) e Palma de Maiorca (voos charter) com a Air Europa.<\/p>\n<p>Barcelona &#8211; Cluj (Vueling)<\/p>\n<p>Barcelona &#8211; Cluj (Wizzair)<\/p>\n<p>Val\u00eancia &#8211; Cluj (Wizzair)<\/p>\n<p>Sarago\u00e7a &#8211; Cluj (Wizzair)<\/p>\n<p>Alicante &#8211; Cluj (Wizzair)<\/p>\n<p>Madrid &#8211; Cluj (Wizzair)<\/p>\n<p>Com o nosso motor de busca pode encontrar os voos mais baratos para o aeroporto de Cluj Napoca:<\/p>\n<h2>Como chegar ao Aeroporto Cluj Napoca:<\/h2>\n<p>O terminal de voo fica a apenas 8 km da cidade de Cluj, na \u00e1rea conhecida como Some\u015feni e existem servi\u00e7os de t\u00e1xi, aluguer de autom\u00f3veis e autocarros para chegar ao centro da cidade.<\/p>\n<p>Os autocarros ligam o aeroporto ao centro de Cluj, Piata Mihai Viteazu (e vice-versa), com hor\u00e1rios de segunda a sexta-feira entre as 5:00 e as 22:40, com partidas a cada 10 minutos, e aos fins-de-semana e feriados p\u00fablicos a cada 30 minutos entre as 5:30 e as 22:35. A companhia a\u00e9rea Wizzair tamb\u00e9m oferece autocarros de vaiv\u00e9m como alternativa<\/p>\n<p>Cluj Napoca Mapa do Aeroporto<\/p>\n","protected":false},"excerpt":{"rendered":"<p>O Aeroporto Cluj Napoca tem vindo a desenvolver um elevado crescimento no n\u00famero de voos e passageiros gra\u00e7as aos voos de baixo custo que chegam tanto da Rom\u00e9nia como de muitas cidades europeias, incluindo v\u00e1rias em Espanha, e \u00e9 o principal aeroporto a voar para a regi\u00e3o da Transilv\u00e2nia. Cluj Napoca Liga\u00e7\u00f5es de Voo do &hellip;<\/p>\n<p class=\"read-more\"> <a class=\"\" href=\"https:\/\/roadtoromania.com\/pt-pt\/aeroporto-cluj-napoca\/\"> <span class=\"screen-reader-text\">Aeroporto Cluj Napoca<\/span> Read More \u00bb<\/a><\/p>\n","protected":false},"author":1,"featured_media":960,"parent":0,"menu_order":0,"comment_status":"open","ping_status":"open","template":"","meta":{"site-sidebar-layout":"default","site-content-layout":"default","ast-global-header-display":"","ast-main-header-display":"","ast-hfb-above-header-display":"","ast-hfb-below-header-display":"","ast-hfb-mobile-header-display":"","site-post-title":"","ast-breadcrumbs-content":"","ast-featured-img":"","footer-sml-layout":"","theme-transparent-header-meta":"default","adv-header-id-meta":"","stick-header-meta":"default","header-above-stick-meta":"","header-main-stick-meta":"","header-below-stick-meta":"","footnotes":""},"class_list":["post-3253","page","type-page","status-publish","has-post-thumbnail","hentry"],"yoast_head":"<!-- This site is optimized with the Yoast SEO plugin v19.10 - https:\/\/yoast.com\/wordpress\/plugins\/seo\/ -->\n<title>Aeroporto Cluj Napoca - Road to Romania<\/title>\n<meta name=\"robots\" content=\"index, follow, max-snippet:-1, max-image-preview:large, max-video-preview:-1\" \/>\n<link rel=\"canonical\" href=\"https:\/\/roadtoromania.com\/pt-pt\/aeroporto-cluj-napoca\/\" \/>\n<meta property=\"og:locale\" content=\"pt_PT\" \/>\n<meta property=\"og:type\" content=\"article\" \/>\n<meta property=\"og:title\" content=\"Aeroporto Cluj Napoca - Road to Romania\" \/>\n<meta property=\"og:description\" content=\"O Aeroporto Cluj Napoca tem vindo a desenvolver um elevado crescimento no n\u00famero de voos e passageiros gra\u00e7as aos voos de baixo custo que chegam tanto da Rom\u00e9nia como de muitas cidades europeias, incluindo v\u00e1rias em Espanha, e \u00e9 o principal aeroporto a voar para a regi\u00e3o da Transilv\u00e2nia. Cluj Napoca Liga\u00e7\u00f5es de Voo do &hellip; Aeroporto Cluj Napoca Read More \u00bb\" \/>\n<meta property=\"og:url\" content=\"https:\/\/roadtoromania.com\/pt-pt\/aeroporto-cluj-napoca\/\" \/>\n<meta property=\"og:site_name\" content=\"Road to Romania\" \/>\n<meta property=\"article:modified_time\" content=\"2022-10-22T12:22:06+00:00\" \/>\n<meta property=\"og:image\" content=\"https:\/\/roadtoromania.com\/wp-content\/uploads\/2022\/10\/vuelos_aeropuerto_cluj_napo-1.jpg\" \/>\n\t<meta property=\"og:image:width\" content=\"768\" \/>\n\t<meta property=\"og:image:height\" content=\"379\" \/>\n\t<meta property=\"og:image:type\" content=\"image\/jpeg\" \/>\n<meta name=\"twitter:card\" content=\"summary_large_image\" \/>\n<meta name=\"twitter:label1\" content=\"Tempo estimado de leitura\" \/>\n\t<meta name=\"twitter:data1\" content=\"2 minutos\" \/>\n<script type=\"application\/ld+json\" class=\"yoast-schema-graph\">{\"@context\":\"https:\/\/schema.org\",\"@graph\":[{\"@type\":\"WebPage\",\"@id\":\"https:\/\/roadtoromania.com\/pt-pt\/aeroporto-cluj-napoca\/\",\"url\":\"https:\/\/roadtoromania.com\/pt-pt\/aeroporto-cluj-napoca\/\",\"name\":\"Aeroporto Cluj Napoca - Road to Romania\",\"isPartOf\":{\"@id\":\"https:\/\/roadtoromania.com\/pt-pt\/#website\"},\"datePublished\":\"2022-10-15T18:40:09+00:00\",\"dateModified\":\"2022-10-22T12:22:06+00:00\",\"breadcrumb\":{\"@id\":\"https:\/\/roadtoromania.com\/pt-pt\/aeroporto-cluj-napoca\/#breadcrumb\"},\"inLanguage\":\"pt-PT\",\"potentialAction\":[{\"@type\":\"ReadAction\",\"target\":[\"https:\/\/roadtoromania.com\/pt-pt\/aeroporto-cluj-napoca\/\"]}]},{\"@type\":\"BreadcrumbList\",\"@id\":\"https:\/\/roadtoromania.com\/pt-pt\/aeroporto-cluj-napoca\/#breadcrumb\",\"itemListElement\":[{\"@type\":\"ListItem\",\"position\":1,\"name\":\"Home\",\"item\":\"https:\/\/roadtoromania.com\/pt-pt\/\"},{\"@type\":\"ListItem\",\"position\":2,\"name\":\"Aeroporto Cluj Napoca\"}]},{\"@type\":\"WebSite\",\"@id\":\"https:\/\/roadtoromania.com\/pt-pt\/#website\",\"url\":\"https:\/\/roadtoromania.com\/pt-pt\/\",\"name\":\"Road to Romania\",\"description\":\"O blog onde encontrar\u00e1 toda a informa\u00e7\u00e3o de que necessita para desfrutar da Rom\u00e9nia.\",\"potentialAction\":[{\"@type\":\"SearchAction\",\"target\":{\"@type\":\"EntryPoint\",\"urlTemplate\":\"https:\/\/roadtoromania.com\/pt-pt\/?s={search_term_string}\"},\"query-input\":\"required name=search_term_string\"}],\"inLanguage\":\"pt-PT\"}]}<\/script>\n<!-- \/ Yoast SEO plugin. -->","yoast_head_json":{"title":"Aeroporto Cluj Napoca - Road to Romania","robots":{"index":"index","follow":"follow","max-snippet":"max-snippet:-1","max-image-preview":"max-image-preview:large","max-video-preview":"max-video-preview:-1"},"canonical":"https:\/\/roadtoromania.com\/pt-pt\/aeroporto-cluj-napoca\/","og_locale":"pt_PT","og_type":"article","og_title":"Aeroporto Cluj Napoca - Road to Romania","og_description":"O Aeroporto Cluj Napoca tem vindo a desenvolver um elevado crescimento no n\u00famero de voos e passageiros gra\u00e7as aos voos de baixo custo que chegam tanto da Rom\u00e9nia como de muitas cidades europeias, incluindo v\u00e1rias em Espanha, e \u00e9 o principal aeroporto a voar para a regi\u00e3o da Transilv\u00e2nia. Cluj Napoca Liga\u00e7\u00f5es de Voo do &hellip; Aeroporto Cluj Napoca Read More \u00bb","og_url":"https:\/\/roadtoromania.com\/pt-pt\/aeroporto-cluj-napoca\/","og_site_name":"Road to Romania","article_modified_time":"2022-10-22T12:22:06+00:00","og_image":[{"width":768,"height":379,"url":"https:\/\/roadtoromania.com\/wp-content\/uploads\/2022\/10\/vuelos_aeropuerto_cluj_napo-1.jpg","type":"image\/jpeg"}],"twitter_card":"summary_large_image","twitter_misc":{"Tempo estimado de leitura":"2 minutos"},"schema":{"@context":"https:\/\/schema.org","@graph":[{"@type":"WebPage","@id":"https:\/\/roadtoromania.com\/pt-pt\/aeroporto-cluj-napoca\/","url":"https:\/\/roadtoromania.com\/pt-pt\/aeroporto-cluj-napoca\/","name":"Aeroporto Cluj Napoca - Road to Romania","isPartOf":{"@id":"https:\/\/roadtoromania.com\/pt-pt\/#website"},"datePublished":"2022-10-15T18:40:09+00:00","dateModified":"2022-10-22T12:22:06+00:00","breadcrumb":{"@id":"https:\/\/roadtoromania.com\/pt-pt\/aeroporto-cluj-napoca\/#breadcrumb"},"inLanguage":"pt-PT","potentialAction":[{"@type":"ReadAction","target":["https:\/\/roadtoromania.com\/pt-pt\/aeroporto-cluj-napoca\/"]}]},{"@type":"BreadcrumbList","@id":"https:\/\/roadtoromania.com\/pt-pt\/aeroporto-cluj-napoca\/#breadcrumb","itemListElement":[{"@type":"ListItem","position":1,"name":"Home","item":"https:\/\/roadtoromania.com\/pt-pt\/"},{"@type":"ListItem","position":2,"name":"Aeroporto Cluj Napoca"}]},{"@type":"WebSite","@id":"https:\/\/roadtoromania.com\/pt-pt\/#website","url":"https:\/\/roadtoromania.com\/pt-pt\/","name":"Road to Romania","description":"O blog onde encontrar\u00e1 toda a informa\u00e7\u00e3o de que necessita para desfrutar da Rom\u00e9nia.","potentialAction":[{"@type":"SearchAction","target":{"@type":"EntryPoint","urlTemplate":"https:\/\/roadtoromania.com\/pt-pt\/?s={search_term_string}"},"query-input":"required name=search_term_string"}],"inLanguage":"pt-PT"}]}},"_links":{"self":[{"href":"https:\/\/roadtoromania.com\/pt-pt\/wp-json\/wp\/v2\/pages\/3253","targetHints":{"allow":["GET"]}}],"collection":[{"href":"https:\/\/roadtoromania.com\/pt-pt\/wp-json\/wp\/v2\/pages"}],"about":[{"href":"https:\/\/roadtoromania.com\/pt-pt\/wp-json\/wp\/v2\/types\/page"}],"author":[{"embeddable":true,"href":"https:\/\/roadtoromania.com\/pt-pt\/wp-json\/wp\/v2\/users\/1"}],"replies":[{"embeddable":true,"href":"https:\/\/roadtoromania.com\/pt-pt\/wp-json\/wp\/v2\/comments?post=3253"}],"version-history":[{"count":1,"href":"https:\/\/roadtoromania.com\/pt-pt\/wp-json\/wp\/v2\/pages\/3253\/revisions"}],"predecessor-version":[{"id":4261,"href":"https:\/\/roadtoromania.com\/pt-pt\/wp-json\/wp\/v2\/pages\/3253\/revisions\/4261"}],"wp:featuredmedia":[{"embeddable":true,"href":"https:\/\/roadtoromania.com\/pt-pt\/wp-json\/wp\/v2\/media\/960"}],"wp:attachment":[{"href":"https:\/\/roadtoromania.com\/pt-pt\/wp-json\/wp\/v2\/media?parent=3253"}],"curies":[{"name":"wp","href":"https:\/\/api.w.org\/{rel}","templated":true}]}}