{"id":3256,"date":"2022-10-15T18:40:09","date_gmt":"2022-10-15T18:40:09","guid":{"rendered":"https:\/\/roadtoromania.com\/carnavais-na-romenia\/"},"modified":"2022-10-21T16:57:38","modified_gmt":"2022-10-21T16:57:38","slug":"carnavais-na-romenia","status":"publish","type":"page","link":"https:\/\/roadtoromania.com\/pt-pt\/carnavais-na-romenia\/","title":{"rendered":"Carnavais na Rom\u00e9nia"},"content":{"rendered":"<p>Ao contr\u00e1rio de outras partes da Europa, o Carnaval tem sido tradicionalmente menos importante do que outros festivais, tais como <strong>M\u0103r\u021bi\u0219or<\/strong> , que celebra a chegada da Primavera a 1 de Mar\u00e7o.<\/p>\n<p>\nUm dos mais famosos festivais de Carnaval \u00e9 o <strong>Lole<\/strong> , na aldeia de <strong><a href=\"https:\/\/roadtoromania.com\/pt-pt\/cidades-e-regioes-da-romenia\/agnita\/\"> Agnita<\/a> <\/strong> em <a href=\"https:\/\/roadtoromania.com\/pt-pt\/cidades-e-regioes-da-romenia\/bazna\/\"><\/strong> Transilv\u00e2nia<\/strong><\/a> (a uma hora de carro de <a href=\"https:\/\/roadtoromania.com\/pt-pt\/bukovina-e-os-seus-mosteiros\/\"><\/strong> Sibiu<\/strong><\/a> ) cujo desfile mascarado \u00e9 uma tradi\u00e7\u00e3o germ\u00e2nica do s\u00e9culo XVIII que continua at\u00e9 hoje.<\/p>\n<p><img decoding=\"async\" src=\"https:\/\/roadtoromania.com\/wp-content\/uploads\/2022\/10\/lole_agnita_rumania.jpg\" \/>Agnita Carnaval<\/p>\n<p>\nDiz a lenda que a tradi\u00e7\u00e3o do Carnaval de Agnita e da Fuga do Lole remonta \u00e0 Idade M\u00e9dia, quando os turcos ocupavam a \u00e1rea. Uma jovem chamada Ursula (filha de um peleiro) disfar\u00e7ou-se e, com o esc\u00e2ndalo dos sinos presos ao seu corpo e um chicote na m\u00e3o, fez fugir os turcos.<\/p>\n<p>\nAs corpora\u00e7\u00f5es ou irmandades de of\u00edcios t\u00eam escolhido os seus representantes todos os anos desde o in\u00edcio da tradi\u00e7\u00e3o para desempenharem o papel de Lole, ou protector, carregando sinos e chicotes que abanam no ar durante o desfile. Estas personagens est\u00e3o vestidas de preto (com pe\u00e7as escuras costuradas numa toppa branca) e com o rosto coberto por uma m\u00e1scara divertida<\/p>\n<p>\nO nome lole vem do verbo alem\u00e3o &#8220;lallen&#8221; &#8211; para gaguejar, referindo-se \u00e0 dificuldade de falar atrav\u00e9s da m\u00e1scara.<\/p>\n<p>\nNeste festival de origem sax\u00f3nica, \u00e9 comum ver pessoas vestidas de ursos, usando as peles de ursos que antigamente eram ca\u00e7ados nas florestas da Transilv\u00e2nia.<\/p>\n","protected":false},"excerpt":{"rendered":"<p>Ao contr\u00e1rio de outras partes da Europa, o Carnaval tem sido tradicionalmente menos importante do que outros festivais, tais como M\u0103r\u021bi\u0219or , que celebra a chegada da Primavera a 1 de Mar\u00e7o. Um dos mais famosos festivais de Carnaval \u00e9 o Lole , na aldeia de Agnita em Transilv\u00e2nia (a uma hora de carro de &hellip;<\/p>\n<p class=\"read-more\"> <a class=\"\" href=\"https:\/\/roadtoromania.com\/pt-pt\/carnavais-na-romenia\/\"> <span class=\"screen-reader-text\">Carnavais na Rom\u00e9nia<\/span> Read More \u00bb<\/a><\/p>\n","protected":false},"author":1,"featured_media":984,"parent":0,"menu_order":0,"comment_status":"open","ping_status":"open","template":"","meta":{"site-sidebar-layout":"default","site-content-layout":"default","ast-global-header-display":"","ast-main-header-display":"","ast-hfb-above-header-display":"","ast-hfb-below-header-display":"","ast-hfb-mobile-header-display":"","site-post-title":"","ast-breadcrumbs-content":"","ast-featured-img":"","footer-sml-layout":"","theme-transparent-header-meta":"","adv-header-id-meta":"","stick-header-meta":"","header-above-stick-meta":"","header-main-stick-meta":"","header-below-stick-meta":"","footnotes":""},"class_list":["post-3256","page","type-page","status-publish","has-post-thumbnail","hentry"],"yoast_head":"<!-- This site is optimized with the Yoast SEO plugin v19.10 - https:\/\/yoast.com\/wordpress\/plugins\/seo\/ -->\n<title>Carnavais na Rom\u00e9nia - Road to Romania<\/title>\n<meta name=\"robots\" content=\"index, follow, max-snippet:-1, max-image-preview:large, max-video-preview:-1\" \/>\n<link rel=\"canonical\" href=\"https:\/\/roadtoromania.com\/pt-pt\/carnavais-na-romenia\/\" \/>\n<meta property=\"og:locale\" content=\"pt_PT\" \/>\n<meta property=\"og:type\" content=\"article\" \/>\n<meta property=\"og:title\" content=\"Carnavais na Rom\u00e9nia - Road to Romania\" \/>\n<meta property=\"og:description\" content=\"Ao contr\u00e1rio de outras partes da Europa, o Carnaval tem sido tradicionalmente menos importante do que outros festivais, tais como M\u0103r\u021bi\u0219or , que celebra a chegada da Primavera a 1 de Mar\u00e7o. Um dos mais famosos festivais de Carnaval \u00e9 o Lole , na aldeia de Agnita em Transilv\u00e2nia (a uma hora de carro de &hellip; Carnavais na Rom\u00e9nia Read More \u00bb\" \/>\n<meta property=\"og:url\" content=\"https:\/\/roadtoromania.com\/pt-pt\/carnavais-na-romenia\/\" \/>\n<meta property=\"og:site_name\" content=\"Road to Romania\" \/>\n<meta property=\"article:modified_time\" content=\"2022-10-21T16:57:38+00:00\" \/>\n<meta property=\"og:image\" content=\"https:\/\/roadtoromania.com\/wp-content\/uploads\/2022\/10\/lole_agnita_rumania-1.jpg\" \/>\n\t<meta property=\"og:image:width\" content=\"700\" \/>\n\t<meta property=\"og:image:height\" content=\"467\" \/>\n\t<meta property=\"og:image:type\" content=\"image\/jpeg\" \/>\n<meta name=\"twitter:card\" content=\"summary_large_image\" \/>\n<meta name=\"twitter:label1\" content=\"Tempo estimado de leitura\" \/>\n\t<meta name=\"twitter:data1\" content=\"1 minuto\" \/>\n<script type=\"application\/ld+json\" class=\"yoast-schema-graph\">{\"@context\":\"https:\/\/schema.org\",\"@graph\":[{\"@type\":\"WebPage\",\"@id\":\"https:\/\/roadtoromania.com\/pt-pt\/carnavais-na-romenia\/\",\"url\":\"https:\/\/roadtoromania.com\/pt-pt\/carnavais-na-romenia\/\",\"name\":\"Carnavais na Rom\u00e9nia - Road to Romania\",\"isPartOf\":{\"@id\":\"https:\/\/roadtoromania.com\/pt-pt\/#website\"},\"datePublished\":\"2022-10-15T18:40:09+00:00\",\"dateModified\":\"2022-10-21T16:57:38+00:00\",\"breadcrumb\":{\"@id\":\"https:\/\/roadtoromania.com\/pt-pt\/carnavais-na-romenia\/#breadcrumb\"},\"inLanguage\":\"pt-PT\",\"potentialAction\":[{\"@type\":\"ReadAction\",\"target\":[\"https:\/\/roadtoromania.com\/pt-pt\/carnavais-na-romenia\/\"]}]},{\"@type\":\"BreadcrumbList\",\"@id\":\"https:\/\/roadtoromania.com\/pt-pt\/carnavais-na-romenia\/#breadcrumb\",\"itemListElement\":[{\"@type\":\"ListItem\",\"position\":1,\"name\":\"Home\",\"item\":\"https:\/\/roadtoromania.com\/pt-pt\/\"},{\"@type\":\"ListItem\",\"position\":2,\"name\":\"Carnavais na Rom\u00e9nia\"}]},{\"@type\":\"WebSite\",\"@id\":\"https:\/\/roadtoromania.com\/pt-pt\/#website\",\"url\":\"https:\/\/roadtoromania.com\/pt-pt\/\",\"name\":\"Road to Romania\",\"description\":\"O blog onde encontrar\u00e1 toda a informa\u00e7\u00e3o de que necessita para desfrutar da Rom\u00e9nia.\",\"potentialAction\":[{\"@type\":\"SearchAction\",\"target\":{\"@type\":\"EntryPoint\",\"urlTemplate\":\"https:\/\/roadtoromania.com\/pt-pt\/?s={search_term_string}\"},\"query-input\":\"required name=search_term_string\"}],\"inLanguage\":\"pt-PT\"}]}<\/script>\n<!-- \/ Yoast SEO plugin. -->","yoast_head_json":{"title":"Carnavais na Rom\u00e9nia - Road to Romania","robots":{"index":"index","follow":"follow","max-snippet":"max-snippet:-1","max-image-preview":"max-image-preview:large","max-video-preview":"max-video-preview:-1"},"canonical":"https:\/\/roadtoromania.com\/pt-pt\/carnavais-na-romenia\/","og_locale":"pt_PT","og_type":"article","og_title":"Carnavais na Rom\u00e9nia - Road to Romania","og_description":"Ao contr\u00e1rio de outras partes da Europa, o Carnaval tem sido tradicionalmente menos importante do que outros festivais, tais como M\u0103r\u021bi\u0219or , que celebra a chegada da Primavera a 1 de Mar\u00e7o. Um dos mais famosos festivais de Carnaval \u00e9 o Lole , na aldeia de Agnita em Transilv\u00e2nia (a uma hora de carro de &hellip; Carnavais na Rom\u00e9nia Read More \u00bb","og_url":"https:\/\/roadtoromania.com\/pt-pt\/carnavais-na-romenia\/","og_site_name":"Road to Romania","article_modified_time":"2022-10-21T16:57:38+00:00","og_image":[{"width":700,"height":467,"url":"https:\/\/roadtoromania.com\/wp-content\/uploads\/2022\/10\/lole_agnita_rumania-1.jpg","type":"image\/jpeg"}],"twitter_card":"summary_large_image","twitter_misc":{"Tempo estimado de leitura":"1 minuto"},"schema":{"@context":"https:\/\/schema.org","@graph":[{"@type":"WebPage","@id":"https:\/\/roadtoromania.com\/pt-pt\/carnavais-na-romenia\/","url":"https:\/\/roadtoromania.com\/pt-pt\/carnavais-na-romenia\/","name":"Carnavais na Rom\u00e9nia - Road to Romania","isPartOf":{"@id":"https:\/\/roadtoromania.com\/pt-pt\/#website"},"datePublished":"2022-10-15T18:40:09+00:00","dateModified":"2022-10-21T16:57:38+00:00","breadcrumb":{"@id":"https:\/\/roadtoromania.com\/pt-pt\/carnavais-na-romenia\/#breadcrumb"},"inLanguage":"pt-PT","potentialAction":[{"@type":"ReadAction","target":["https:\/\/roadtoromania.com\/pt-pt\/carnavais-na-romenia\/"]}]},{"@type":"BreadcrumbList","@id":"https:\/\/roadtoromania.com\/pt-pt\/carnavais-na-romenia\/#breadcrumb","itemListElement":[{"@type":"ListItem","position":1,"name":"Home","item":"https:\/\/roadtoromania.com\/pt-pt\/"},{"@type":"ListItem","position":2,"name":"Carnavais na Rom\u00e9nia"}]},{"@type":"WebSite","@id":"https:\/\/roadtoromania.com\/pt-pt\/#website","url":"https:\/\/roadtoromania.com\/pt-pt\/","name":"Road to Romania","description":"O blog onde encontrar\u00e1 toda a informa\u00e7\u00e3o de que necessita para desfrutar da Rom\u00e9nia.","potentialAction":[{"@type":"SearchAction","target":{"@type":"EntryPoint","urlTemplate":"https:\/\/roadtoromania.com\/pt-pt\/?s={search_term_string}"},"query-input":"required name=search_term_string"}],"inLanguage":"pt-PT"}]}},"_links":{"self":[{"href":"https:\/\/roadtoromania.com\/pt-pt\/wp-json\/wp\/v2\/pages\/3256","targetHints":{"allow":["GET"]}}],"collection":[{"href":"https:\/\/roadtoromania.com\/pt-pt\/wp-json\/wp\/v2\/pages"}],"about":[{"href":"https:\/\/roadtoromania.com\/pt-pt\/wp-json\/wp\/v2\/types\/page"}],"author":[{"embeddable":true,"href":"https:\/\/roadtoromania.com\/pt-pt\/wp-json\/wp\/v2\/users\/1"}],"replies":[{"embeddable":true,"href":"https:\/\/roadtoromania.com\/pt-pt\/wp-json\/wp\/v2\/comments?post=3256"}],"version-history":[{"count":0,"href":"https:\/\/roadtoromania.com\/pt-pt\/wp-json\/wp\/v2\/pages\/3256\/revisions"}],"wp:featuredmedia":[{"embeddable":true,"href":"https:\/\/roadtoromania.com\/pt-pt\/wp-json\/wp\/v2\/media\/984"}],"wp:attachment":[{"href":"https:\/\/roadtoromania.com\/pt-pt\/wp-json\/wp\/v2\/media?parent=3256"}],"curies":[{"name":"wp","href":"https:\/\/api.w.org\/{rel}","templated":true}]}}