{"id":3261,"date":"2022-10-15T18:40:09","date_gmt":"2022-10-15T18:40:09","guid":{"rendered":"https:\/\/roadtoromania.com\/alojamento-na-romenia\/hoteis-na-romenia\/"},"modified":"2022-10-22T12:31:09","modified_gmt":"2022-10-22T12:31:09","slug":"hoteis-na-romenia","status":"publish","type":"page","link":"https:\/\/roadtoromania.com\/pt-pt\/alojamento-na-romenia\/hoteis-na-romenia\/","title":{"rendered":"Hot\u00e9is na Rom\u00e9nia"},"content":{"rendered":"<p><a href=\"https:\/\/roadtoromania.com\/wp-content\/uploads\/2022\/10\/hoteles-rumania-alojamiento.jpg\"><img decoding=\"async\" src=\"https:\/\/roadtoromania.com\/wp-content\/uploads\/2022\/10\/hoteles-rumania-alojamiento.jpg\" \/><\/a> A Rom\u00e9nia tem bons hot\u00e9is, como no resto da Europa.<\/p>\n<p>A Rom\u00e9nia tem uma rede hoteleira bem desenvolvida, especialmente nas grandes cidades. Existem hot\u00e9is de todos os tipos e qualidades. \u00c9 recomendado reservar um hotel com uma estrela a mais do que o que normalmente reservamos, porque por vezes a qualidade \u00e9 um pouco inferior \u00e0 de outros pa\u00edses europeus, o que n\u00e3o significa que os hot\u00e9is n\u00e3o sejam bons, apenas que os padr\u00f5es s\u00e3o mais baixos.<\/p>\n<p>Abaixo encontra-se uma lista de hot\u00e9is classificados por cidade, para que possa encontrar todos os hot\u00e9is na Rom\u00e9nia. Se procura outros tipos de alojamento, B&amp;B, casas de campo, hot\u00e9is de luxo, etc&#8230; n\u00e3o hesite em escrever-nos para que possamos p\u00f4-lo em contacto com os nossos parceiros locais na Rom\u00e9nia que lhe dar\u00e3o o que precisa.<\/p>\n<p>Lista de hot\u00e9is na Rom\u00e9nia por cidade<\/p>\n<p>A<\/p>\n<p>Alba Iulia [2]<\/p>\n<p>Arad [3]<\/p>\n<p>Arieseni [1]<\/p>\n<p>Azuga [1]B<\/p>\n<p>Baia Mare [3]<\/p>\n<p>Baile F\u00e9lix [1]<br \/>\nBazna [2]<\/p>\n<p>Bistri\u0163a [3]<\/p>\n<p>Bor\u015fa [1]<\/p>\n<p>Bran [3]<\/p>\n<p>Bra\u015fov [51]<\/p>\n<p>Bucareste [121]<\/p>\n<p>Bu\u015fteni [7]C<\/p>\n<p>Cluj-Napoca [30]<\/p>\n<p>Constanta [13]Costine\u015fti [1]<\/p>\n<p>Craiova [5]<\/p>\n<p>C\u00e2mpina [2]<\/p>\n<p>C\u00e2mpulung Moldovenesc [2]D<\/p>\n<p>Deva [3]<\/p>\n<p>Drobeta-Turnu Severin [1]E<br \/>\nEforie [4]G<\/p>\n<p>Eforie [4]G<\/p>\n<p>Gala\u0163i [1]<\/p>\n<p>Gil\u0103u [1]<\/p>\n<p>Gura Humorului [4]I<\/p>\n<p>Ia\u015fi [10]M<\/p>\n<p>Mamaia [6]<\/p>\n<p>Mangalia [1]<\/p>\n<p>Media\u015f [1]<\/p>\n<p>Miercurea-Ciuc [1]Moieciu de Jos [3]<\/p>\n<p>Moieciu de Sus [1]<\/p>\n<p>Murighiol [1]O<\/p>\n<p>Oradea [12]P<\/p>\n<p>Piatra Neamt [1]<\/p>\n<p>Pitesti [3]<\/p>\n<p>Ploie\u015fti [6]<\/p>\n<p>Predeal [6]R<\/p>\n<p>Rasnov [2]<\/p>\n<p>Roman [2]S<\/p>\n<p>Saschiz [1]<\/p>\n<p>Satu Mare [1]<\/p>\n<p>Saturno [4]<\/p>\n<p>Sibiu [18]<\/p>\n<p>Sighisoara [4]<\/p>\n<p>Sinaia [4]Suceava [5]<\/p>\n<p>Sucevi\u0163a [1]T<\/p>\n<p>Timi\u0219oara [30]<\/p>\n<p>Tulcea [3]<\/p>\n<p>Turda [1]<\/p>\n<p>T\u00e2rgu Mure\u015f [6]V<\/p>\n<p>Valea Draganului [1]<\/p>\n<p>Vama [2]<\/p>\n<p>V\u00e9nus [1]<\/p>\n<p>Vidra [1]<\/p>\n<p>V\u00e2n\u0103tori-_Neam\u021b [1]<\/p>\n","protected":false},"excerpt":{"rendered":"<p>A Rom\u00e9nia tem bons hot\u00e9is, como no resto da Europa. A Rom\u00e9nia tem uma rede hoteleira bem desenvolvida, especialmente nas grandes cidades. Existem hot\u00e9is de todos os tipos e qualidades. \u00c9 recomendado reservar um hotel com uma estrela a mais do que o que normalmente reservamos, porque por vezes a qualidade \u00e9 um pouco inferior &hellip;<\/p>\n<p class=\"read-more\"> <a class=\"\" href=\"https:\/\/roadtoromania.com\/pt-pt\/alojamento-na-romenia\/hoteis-na-romenia\/\"> <span class=\"screen-reader-text\">Hot\u00e9is na Rom\u00e9nia<\/span> Read More \u00bb<\/a><\/p>\n","protected":false},"author":1,"featured_media":1010,"parent":3255,"menu_order":0,"comment_status":"open","ping_status":"open","template":"","meta":{"site-sidebar-layout":"default","site-content-layout":"default","ast-global-header-display":"","ast-main-header-display":"","ast-hfb-above-header-display":"","ast-hfb-below-header-display":"","ast-hfb-mobile-header-display":"","site-post-title":"","ast-breadcrumbs-content":"","ast-featured-img":"","footer-sml-layout":"","theme-transparent-header-meta":"default","adv-header-id-meta":"","stick-header-meta":"default","header-above-stick-meta":"","header-main-stick-meta":"","header-below-stick-meta":"","footnotes":""},"class_list":["post-3261","page","type-page","status-publish","has-post-thumbnail","hentry"],"yoast_head":"<!-- This site is optimized with the Yoast SEO plugin v19.10 - https:\/\/yoast.com\/wordpress\/plugins\/seo\/ -->\n<title>Hot\u00e9is na Rom\u00e9nia - Road to Romania<\/title>\n<meta name=\"robots\" content=\"index, follow, max-snippet:-1, max-image-preview:large, max-video-preview:-1\" \/>\n<link rel=\"canonical\" href=\"https:\/\/roadtoromania.com\/pt-pt\/alojamento-na-romenia\/hoteis-na-romenia\/\" \/>\n<meta property=\"og:locale\" content=\"pt_PT\" \/>\n<meta property=\"og:type\" content=\"article\" \/>\n<meta property=\"og:title\" content=\"Hot\u00e9is na Rom\u00e9nia - Road to Romania\" \/>\n<meta property=\"og:description\" content=\"A Rom\u00e9nia tem bons hot\u00e9is, como no resto da Europa. A Rom\u00e9nia tem uma rede hoteleira bem desenvolvida, especialmente nas grandes cidades. Existem hot\u00e9is de todos os tipos e qualidades. \u00c9 recomendado reservar um hotel com uma estrela a mais do que o que normalmente reservamos, porque por vezes a qualidade \u00e9 um pouco inferior &hellip; Hot\u00e9is na Rom\u00e9nia Read More \u00bb\" \/>\n<meta property=\"og:url\" content=\"https:\/\/roadtoromania.com\/pt-pt\/alojamento-na-romenia\/hoteis-na-romenia\/\" \/>\n<meta property=\"og:site_name\" content=\"Road to Romania\" \/>\n<meta property=\"article:modified_time\" content=\"2022-10-22T12:31:09+00:00\" \/>\n<meta property=\"og:image\" content=\"https:\/\/roadtoromania.com\/wp-content\/uploads\/2022\/10\/hoteles-rumania-alojamiento-1.jpg\" \/>\n\t<meta property=\"og:image:width\" content=\"539\" \/>\n\t<meta property=\"og:image:height\" content=\"356\" \/>\n\t<meta property=\"og:image:type\" content=\"image\/jpeg\" \/>\n<meta name=\"twitter:card\" content=\"summary_large_image\" \/>\n<meta name=\"twitter:label1\" content=\"Tempo estimado de leitura\" \/>\n\t<meta name=\"twitter:data1\" content=\"2 minutos\" \/>\n<script type=\"application\/ld+json\" class=\"yoast-schema-graph\">{\"@context\":\"https:\/\/schema.org\",\"@graph\":[{\"@type\":\"WebPage\",\"@id\":\"https:\/\/roadtoromania.com\/pt-pt\/alojamento-na-romenia\/hoteis-na-romenia\/\",\"url\":\"https:\/\/roadtoromania.com\/pt-pt\/alojamento-na-romenia\/hoteis-na-romenia\/\",\"name\":\"Hot\u00e9is na Rom\u00e9nia - Road to Romania\",\"isPartOf\":{\"@id\":\"https:\/\/roadtoromania.com\/pt-pt\/#website\"},\"datePublished\":\"2022-10-15T18:40:09+00:00\",\"dateModified\":\"2022-10-22T12:31:09+00:00\",\"breadcrumb\":{\"@id\":\"https:\/\/roadtoromania.com\/pt-pt\/alojamento-na-romenia\/hoteis-na-romenia\/#breadcrumb\"},\"inLanguage\":\"pt-PT\",\"potentialAction\":[{\"@type\":\"ReadAction\",\"target\":[\"https:\/\/roadtoromania.com\/pt-pt\/alojamento-na-romenia\/hoteis-na-romenia\/\"]}]},{\"@type\":\"BreadcrumbList\",\"@id\":\"https:\/\/roadtoromania.com\/pt-pt\/alojamento-na-romenia\/hoteis-na-romenia\/#breadcrumb\",\"itemListElement\":[{\"@type\":\"ListItem\",\"position\":1,\"name\":\"Home\",\"item\":\"https:\/\/roadtoromania.com\/pt-pt\/\"},{\"@type\":\"ListItem\",\"position\":2,\"name\":\"Alojamento na Rom\u00e9nia\",\"item\":\"https:\/\/roadtoromania.com\/pt-pt\/alojamento-na-romenia\/\"},{\"@type\":\"ListItem\",\"position\":3,\"name\":\"Hot\u00e9is na Rom\u00e9nia\"}]},{\"@type\":\"WebSite\",\"@id\":\"https:\/\/roadtoromania.com\/pt-pt\/#website\",\"url\":\"https:\/\/roadtoromania.com\/pt-pt\/\",\"name\":\"Road to Romania\",\"description\":\"O blog onde encontrar\u00e1 toda a informa\u00e7\u00e3o de que necessita para desfrutar da Rom\u00e9nia.\",\"potentialAction\":[{\"@type\":\"SearchAction\",\"target\":{\"@type\":\"EntryPoint\",\"urlTemplate\":\"https:\/\/roadtoromania.com\/pt-pt\/?s={search_term_string}\"},\"query-input\":\"required name=search_term_string\"}],\"inLanguage\":\"pt-PT\"}]}<\/script>\n<!-- \/ Yoast SEO plugin. -->","yoast_head_json":{"title":"Hot\u00e9is na Rom\u00e9nia - Road to Romania","robots":{"index":"index","follow":"follow","max-snippet":"max-snippet:-1","max-image-preview":"max-image-preview:large","max-video-preview":"max-video-preview:-1"},"canonical":"https:\/\/roadtoromania.com\/pt-pt\/alojamento-na-romenia\/hoteis-na-romenia\/","og_locale":"pt_PT","og_type":"article","og_title":"Hot\u00e9is na Rom\u00e9nia - Road to Romania","og_description":"A Rom\u00e9nia tem bons hot\u00e9is, como no resto da Europa. A Rom\u00e9nia tem uma rede hoteleira bem desenvolvida, especialmente nas grandes cidades. Existem hot\u00e9is de todos os tipos e qualidades. \u00c9 recomendado reservar um hotel com uma estrela a mais do que o que normalmente reservamos, porque por vezes a qualidade \u00e9 um pouco inferior &hellip; Hot\u00e9is na Rom\u00e9nia Read More \u00bb","og_url":"https:\/\/roadtoromania.com\/pt-pt\/alojamento-na-romenia\/hoteis-na-romenia\/","og_site_name":"Road to Romania","article_modified_time":"2022-10-22T12:31:09+00:00","og_image":[{"width":539,"height":356,"url":"https:\/\/roadtoromania.com\/wp-content\/uploads\/2022\/10\/hoteles-rumania-alojamiento-1.jpg","type":"image\/jpeg"}],"twitter_card":"summary_large_image","twitter_misc":{"Tempo estimado de leitura":"2 minutos"},"schema":{"@context":"https:\/\/schema.org","@graph":[{"@type":"WebPage","@id":"https:\/\/roadtoromania.com\/pt-pt\/alojamento-na-romenia\/hoteis-na-romenia\/","url":"https:\/\/roadtoromania.com\/pt-pt\/alojamento-na-romenia\/hoteis-na-romenia\/","name":"Hot\u00e9is na Rom\u00e9nia - Road to Romania","isPartOf":{"@id":"https:\/\/roadtoromania.com\/pt-pt\/#website"},"datePublished":"2022-10-15T18:40:09+00:00","dateModified":"2022-10-22T12:31:09+00:00","breadcrumb":{"@id":"https:\/\/roadtoromania.com\/pt-pt\/alojamento-na-romenia\/hoteis-na-romenia\/#breadcrumb"},"inLanguage":"pt-PT","potentialAction":[{"@type":"ReadAction","target":["https:\/\/roadtoromania.com\/pt-pt\/alojamento-na-romenia\/hoteis-na-romenia\/"]}]},{"@type":"BreadcrumbList","@id":"https:\/\/roadtoromania.com\/pt-pt\/alojamento-na-romenia\/hoteis-na-romenia\/#breadcrumb","itemListElement":[{"@type":"ListItem","position":1,"name":"Home","item":"https:\/\/roadtoromania.com\/pt-pt\/"},{"@type":"ListItem","position":2,"name":"Alojamento na Rom\u00e9nia","item":"https:\/\/roadtoromania.com\/pt-pt\/alojamento-na-romenia\/"},{"@type":"ListItem","position":3,"name":"Hot\u00e9is na Rom\u00e9nia"}]},{"@type":"WebSite","@id":"https:\/\/roadtoromania.com\/pt-pt\/#website","url":"https:\/\/roadtoromania.com\/pt-pt\/","name":"Road to Romania","description":"O blog onde encontrar\u00e1 toda a informa\u00e7\u00e3o de que necessita para desfrutar da Rom\u00e9nia.","potentialAction":[{"@type":"SearchAction","target":{"@type":"EntryPoint","urlTemplate":"https:\/\/roadtoromania.com\/pt-pt\/?s={search_term_string}"},"query-input":"required name=search_term_string"}],"inLanguage":"pt-PT"}]}},"_links":{"self":[{"href":"https:\/\/roadtoromania.com\/pt-pt\/wp-json\/wp\/v2\/pages\/3261","targetHints":{"allow":["GET"]}}],"collection":[{"href":"https:\/\/roadtoromania.com\/pt-pt\/wp-json\/wp\/v2\/pages"}],"about":[{"href":"https:\/\/roadtoromania.com\/pt-pt\/wp-json\/wp\/v2\/types\/page"}],"author":[{"embeddable":true,"href":"https:\/\/roadtoromania.com\/pt-pt\/wp-json\/wp\/v2\/users\/1"}],"replies":[{"embeddable":true,"href":"https:\/\/roadtoromania.com\/pt-pt\/wp-json\/wp\/v2\/comments?post=3261"}],"version-history":[{"count":2,"href":"https:\/\/roadtoromania.com\/pt-pt\/wp-json\/wp\/v2\/pages\/3261\/revisions"}],"predecessor-version":[{"id":4281,"href":"https:\/\/roadtoromania.com\/pt-pt\/wp-json\/wp\/v2\/pages\/3261\/revisions\/4281"}],"up":[{"embeddable":true,"href":"https:\/\/roadtoromania.com\/pt-pt\/wp-json\/wp\/v2\/pages\/3255"}],"wp:featuredmedia":[{"embeddable":true,"href":"https:\/\/roadtoromania.com\/pt-pt\/wp-json\/wp\/v2\/media\/1010"}],"wp:attachment":[{"href":"https:\/\/roadtoromania.com\/pt-pt\/wp-json\/wp\/v2\/media?parent=3261"}],"curies":[{"name":"wp","href":"https:\/\/api.w.org\/{rel}","templated":true}]}}