{"id":3262,"date":"2022-10-15T18:40:09","date_gmt":"2022-10-15T18:40:09","guid":{"rendered":"https:\/\/roadtoromania.com\/alugar-uma-autocaravana-ou-campervan-na-romenia\/"},"modified":"2022-10-21T16:57:38","modified_gmt":"2022-10-21T16:57:38","slug":"alugar-uma-autocaravana-ou-campervan-na-romenia","status":"publish","type":"page","link":"https:\/\/roadtoromania.com\/pt-pt\/alugar-uma-autocaravana-ou-campervan-na-romenia\/","title":{"rendered":"Alugar uma autocaravana ou campervan na Rom\u00e9nia"},"content":{"rendered":"<p><img decoding=\"async\" src=\"https:\/\/roadtoromania.com\/wp-content\/uploads\/2022\/10\/autocaravana-portugal-campervan.jpg\" \/>Alugar uma autocaravana ou campervan na Rom\u00e9nia<\/p>\n<p>\nViajar de autocaravana ou campervan na Rom\u00e9nia \u00e9 uma boa op\u00e7\u00e3o para viajar por um pa\u00eds que o convida a parar e descobrir os s\u00edtios naturais, as cidades, as pequenas aldeias encantadoras, a gastronomia,&#8230; Por outro lado, a autocaravana ou campervan \u00e9 um meio de transporte que d\u00e1 <strong>muita liberdade ao deslocar-se<\/strong> , com a grande vantagem de n\u00e3o ter de pensar em procurar alojamento. Aventure-se numa &#8221; viagem&#8221; numa autocaravana ou campervan na Rom\u00e9nia para descobrir as regi\u00f5es da Transilv\u00e2nia, Maramures, Bukovina, Mold\u00e1via, Crisana, Walachia e Dobrogea, que o surpreender\u00e3o com a sua riqueza monumental, natural, cultural e gastron\u00f3mica. E tamb\u00e9m cidades como Sibiu, Cluj Napona, Brasov, Tulcea, Bucareste,&#8230;<\/p>\n<p> Reservar uma autocaravana ou campervan na Rom\u00e9nia<\/b> <\/p>\n<p>\nAqui no nosso guia pode alugar uma autocaravana ou campervan para viajar pela Rom\u00e9nia, e ir busc\u00e1-la \u00e0 capital, <strong>Bucareste<\/strong> . N\u00e3o se esque\u00e7a de reservar a sua autocaravana ou campervan <strong>com anteced\u00eancia<\/strong> , pois na \u00e9poca alta a procura \u00e9 maior e muitas pessoas decidem passar as suas f\u00e9rias na Rom\u00e9nia.<\/p>\n<p>\nReservar uma autocaravana ou campervan na Rom\u00e9nia \u00e9 muito f\u00e1cil: basta procurar as datas, o tipo de ve\u00edculo e o local de recolha e entrega no motor de busca <strong>abaixo<\/strong> :<\/p>\n","protected":false},"excerpt":{"rendered":"<p>Alugar uma autocaravana ou campervan na Rom\u00e9nia Viajar de autocaravana ou campervan na Rom\u00e9nia \u00e9 uma boa op\u00e7\u00e3o para viajar por um pa\u00eds que o convida a parar e descobrir os s\u00edtios naturais, as cidades, as pequenas aldeias encantadoras, a gastronomia,&#8230; Por outro lado, a autocaravana ou campervan \u00e9 um meio de transporte que d\u00e1 &hellip;<\/p>\n<p class=\"read-more\"> <a class=\"\" href=\"https:\/\/roadtoromania.com\/pt-pt\/alugar-uma-autocaravana-ou-campervan-na-romenia\/\"> <span class=\"screen-reader-text\">Alugar uma autocaravana ou campervan na Rom\u00e9nia<\/span> Read More \u00bb<\/a><\/p>\n","protected":false},"author":1,"featured_media":1018,"parent":0,"menu_order":0,"comment_status":"open","ping_status":"open","template":"","meta":{"site-sidebar-layout":"default","site-content-layout":"default","ast-global-header-display":"","ast-main-header-display":"","ast-hfb-above-header-display":"","ast-hfb-below-header-display":"","ast-hfb-mobile-header-display":"","site-post-title":"","ast-breadcrumbs-content":"","ast-featured-img":"","footer-sml-layout":"","theme-transparent-header-meta":"","adv-header-id-meta":"","stick-header-meta":"","header-above-stick-meta":"","header-main-stick-meta":"","header-below-stick-meta":"","footnotes":""},"class_list":["post-3262","page","type-page","status-publish","has-post-thumbnail","hentry"],"yoast_head":"<!-- This site is optimized with the Yoast SEO plugin v19.10 - https:\/\/yoast.com\/wordpress\/plugins\/seo\/ -->\n<title>Alugar uma autocaravana ou campervan na Rom\u00e9nia - Road to Romania<\/title>\n<meta name=\"robots\" content=\"index, follow, max-snippet:-1, max-image-preview:large, max-video-preview:-1\" \/>\n<link rel=\"canonical\" href=\"https:\/\/roadtoromania.com\/pt-pt\/alugar-uma-autocaravana-ou-campervan-na-romenia\/\" \/>\n<meta property=\"og:locale\" content=\"pt_PT\" \/>\n<meta property=\"og:type\" content=\"article\" \/>\n<meta property=\"og:title\" content=\"Alugar uma autocaravana ou campervan na Rom\u00e9nia - Road to Romania\" \/>\n<meta property=\"og:description\" content=\"Alugar uma autocaravana ou campervan na Rom\u00e9nia Viajar de autocaravana ou campervan na Rom\u00e9nia \u00e9 uma boa op\u00e7\u00e3o para viajar por um pa\u00eds que o convida a parar e descobrir os s\u00edtios naturais, as cidades, as pequenas aldeias encantadoras, a gastronomia,&#8230; Por outro lado, a autocaravana ou campervan \u00e9 um meio de transporte que d\u00e1 &hellip; Alugar uma autocaravana ou campervan na Rom\u00e9nia Read More \u00bb\" \/>\n<meta property=\"og:url\" content=\"https:\/\/roadtoromania.com\/pt-pt\/alugar-uma-autocaravana-ou-campervan-na-romenia\/\" \/>\n<meta property=\"og:site_name\" content=\"Road to Romania\" \/>\n<meta property=\"article:modified_time\" content=\"2022-10-21T16:57:38+00:00\" \/>\n<meta property=\"og:image\" content=\"https:\/\/roadtoromania.com\/wp-content\/uploads\/2022\/10\/autocaravana-portugal-campervan-1.jpg\" \/>\n\t<meta property=\"og:image:width\" content=\"512\" \/>\n\t<meta property=\"og:image:height\" content=\"342\" \/>\n\t<meta property=\"og:image:type\" content=\"image\/jpeg\" \/>\n<meta name=\"twitter:card\" content=\"summary_large_image\" \/>\n<meta name=\"twitter:label1\" content=\"Tempo estimado de leitura\" \/>\n\t<meta name=\"twitter:data1\" content=\"1 minuto\" \/>\n<script type=\"application\/ld+json\" class=\"yoast-schema-graph\">{\"@context\":\"https:\/\/schema.org\",\"@graph\":[{\"@type\":\"WebPage\",\"@id\":\"https:\/\/roadtoromania.com\/pt-pt\/alugar-uma-autocaravana-ou-campervan-na-romenia\/\",\"url\":\"https:\/\/roadtoromania.com\/pt-pt\/alugar-uma-autocaravana-ou-campervan-na-romenia\/\",\"name\":\"Alugar uma autocaravana ou campervan na Rom\u00e9nia - Road to Romania\",\"isPartOf\":{\"@id\":\"https:\/\/roadtoromania.com\/pt-pt\/#website\"},\"datePublished\":\"2022-10-15T18:40:09+00:00\",\"dateModified\":\"2022-10-21T16:57:38+00:00\",\"breadcrumb\":{\"@id\":\"https:\/\/roadtoromania.com\/pt-pt\/alugar-uma-autocaravana-ou-campervan-na-romenia\/#breadcrumb\"},\"inLanguage\":\"pt-PT\",\"potentialAction\":[{\"@type\":\"ReadAction\",\"target\":[\"https:\/\/roadtoromania.com\/pt-pt\/alugar-uma-autocaravana-ou-campervan-na-romenia\/\"]}]},{\"@type\":\"BreadcrumbList\",\"@id\":\"https:\/\/roadtoromania.com\/pt-pt\/alugar-uma-autocaravana-ou-campervan-na-romenia\/#breadcrumb\",\"itemListElement\":[{\"@type\":\"ListItem\",\"position\":1,\"name\":\"Home\",\"item\":\"https:\/\/roadtoromania.com\/pt-pt\/\"},{\"@type\":\"ListItem\",\"position\":2,\"name\":\"Alugar uma autocaravana ou campervan na Rom\u00e9nia\"}]},{\"@type\":\"WebSite\",\"@id\":\"https:\/\/roadtoromania.com\/pt-pt\/#website\",\"url\":\"https:\/\/roadtoromania.com\/pt-pt\/\",\"name\":\"Road to Romania\",\"description\":\"O blog onde encontrar\u00e1 toda a informa\u00e7\u00e3o de que necessita para desfrutar da Rom\u00e9nia.\",\"potentialAction\":[{\"@type\":\"SearchAction\",\"target\":{\"@type\":\"EntryPoint\",\"urlTemplate\":\"https:\/\/roadtoromania.com\/pt-pt\/?s={search_term_string}\"},\"query-input\":\"required name=search_term_string\"}],\"inLanguage\":\"pt-PT\"}]}<\/script>\n<!-- \/ Yoast SEO plugin. -->","yoast_head_json":{"title":"Alugar uma autocaravana ou campervan na Rom\u00e9nia - Road to Romania","robots":{"index":"index","follow":"follow","max-snippet":"max-snippet:-1","max-image-preview":"max-image-preview:large","max-video-preview":"max-video-preview:-1"},"canonical":"https:\/\/roadtoromania.com\/pt-pt\/alugar-uma-autocaravana-ou-campervan-na-romenia\/","og_locale":"pt_PT","og_type":"article","og_title":"Alugar uma autocaravana ou campervan na Rom\u00e9nia - Road to Romania","og_description":"Alugar uma autocaravana ou campervan na Rom\u00e9nia Viajar de autocaravana ou campervan na Rom\u00e9nia \u00e9 uma boa op\u00e7\u00e3o para viajar por um pa\u00eds que o convida a parar e descobrir os s\u00edtios naturais, as cidades, as pequenas aldeias encantadoras, a gastronomia,&#8230; Por outro lado, a autocaravana ou campervan \u00e9 um meio de transporte que d\u00e1 &hellip; Alugar uma autocaravana ou campervan na Rom\u00e9nia Read More \u00bb","og_url":"https:\/\/roadtoromania.com\/pt-pt\/alugar-uma-autocaravana-ou-campervan-na-romenia\/","og_site_name":"Road to Romania","article_modified_time":"2022-10-21T16:57:38+00:00","og_image":[{"width":512,"height":342,"url":"https:\/\/roadtoromania.com\/wp-content\/uploads\/2022\/10\/autocaravana-portugal-campervan-1.jpg","type":"image\/jpeg"}],"twitter_card":"summary_large_image","twitter_misc":{"Tempo estimado de leitura":"1 minuto"},"schema":{"@context":"https:\/\/schema.org","@graph":[{"@type":"WebPage","@id":"https:\/\/roadtoromania.com\/pt-pt\/alugar-uma-autocaravana-ou-campervan-na-romenia\/","url":"https:\/\/roadtoromania.com\/pt-pt\/alugar-uma-autocaravana-ou-campervan-na-romenia\/","name":"Alugar uma autocaravana ou campervan na Rom\u00e9nia - Road to Romania","isPartOf":{"@id":"https:\/\/roadtoromania.com\/pt-pt\/#website"},"datePublished":"2022-10-15T18:40:09+00:00","dateModified":"2022-10-21T16:57:38+00:00","breadcrumb":{"@id":"https:\/\/roadtoromania.com\/pt-pt\/alugar-uma-autocaravana-ou-campervan-na-romenia\/#breadcrumb"},"inLanguage":"pt-PT","potentialAction":[{"@type":"ReadAction","target":["https:\/\/roadtoromania.com\/pt-pt\/alugar-uma-autocaravana-ou-campervan-na-romenia\/"]}]},{"@type":"BreadcrumbList","@id":"https:\/\/roadtoromania.com\/pt-pt\/alugar-uma-autocaravana-ou-campervan-na-romenia\/#breadcrumb","itemListElement":[{"@type":"ListItem","position":1,"name":"Home","item":"https:\/\/roadtoromania.com\/pt-pt\/"},{"@type":"ListItem","position":2,"name":"Alugar uma autocaravana ou campervan na Rom\u00e9nia"}]},{"@type":"WebSite","@id":"https:\/\/roadtoromania.com\/pt-pt\/#website","url":"https:\/\/roadtoromania.com\/pt-pt\/","name":"Road to Romania","description":"O blog onde encontrar\u00e1 toda a informa\u00e7\u00e3o de que necessita para desfrutar da Rom\u00e9nia.","potentialAction":[{"@type":"SearchAction","target":{"@type":"EntryPoint","urlTemplate":"https:\/\/roadtoromania.com\/pt-pt\/?s={search_term_string}"},"query-input":"required name=search_term_string"}],"inLanguage":"pt-PT"}]}},"_links":{"self":[{"href":"https:\/\/roadtoromania.com\/pt-pt\/wp-json\/wp\/v2\/pages\/3262","targetHints":{"allow":["GET"]}}],"collection":[{"href":"https:\/\/roadtoromania.com\/pt-pt\/wp-json\/wp\/v2\/pages"}],"about":[{"href":"https:\/\/roadtoromania.com\/pt-pt\/wp-json\/wp\/v2\/types\/page"}],"author":[{"embeddable":true,"href":"https:\/\/roadtoromania.com\/pt-pt\/wp-json\/wp\/v2\/users\/1"}],"replies":[{"embeddable":true,"href":"https:\/\/roadtoromania.com\/pt-pt\/wp-json\/wp\/v2\/comments?post=3262"}],"version-history":[{"count":0,"href":"https:\/\/roadtoromania.com\/pt-pt\/wp-json\/wp\/v2\/pages\/3262\/revisions"}],"wp:featuredmedia":[{"embeddable":true,"href":"https:\/\/roadtoromania.com\/pt-pt\/wp-json\/wp\/v2\/media\/1018"}],"wp:attachment":[{"href":"https:\/\/roadtoromania.com\/pt-pt\/wp-json\/wp\/v2\/media?parent=3262"}],"curies":[{"name":"wp","href":"https:\/\/api.w.org\/{rel}","templated":true}]}}