{"id":3266,"date":"2022-10-15T18:40:09","date_gmt":"2022-10-15T18:40:09","guid":{"rendered":"https:\/\/roadtoromania.com\/cidades-e-regioes-da-romenia\/arad\/"},"modified":"2022-10-21T16:57:38","modified_gmt":"2022-10-21T16:57:38","slug":"arad","status":"publish","type":"page","link":"https:\/\/roadtoromania.com\/pt-pt\/cidades-e-regioes-da-romenia\/arad\/","title":{"rendered":"Arad"},"content":{"rendered":"<p><a href=\"https:\/\/roadtoromania.com\/wp-content\/uploads\/2022\/10\/arad_rumania.jpg\"><img decoding=\"async\" src=\"https:\/\/roadtoromania.com\/wp-content\/uploads\/2022\/10\/arad_rumania.jpg\" \/><\/a> Catedral Ortodoxa de Arad<\/p>\n<p>\n <strong>Arad<\/strong> \u00e9 uma das principais cidades da Rom\u00e9nia ocidental, juntamente com <a href=\"https:\/\/roadtoromania.com\/pt-pt\/monumentos-da-romenia-o-que-ver-na-romenia\/castelo-de-rasnov\/\"> <strong>Timisoara<\/strong><\/a> ao sul e <a href=\"https:\/\/roadtoromania.com\/pt-pt\/cidades-e-regioes-da-romenia\/oradea\/\"> <strong>Oradea<\/strong><\/a> ao norte. \u00a0Pertence \u00e0 regi\u00e3o de <strong>Banat<\/strong> , Condado de Arad, e faz fronteira com a Hungria, o que explica a import\u00e2ncia da comunidade \u00e9tnica h\u00fangara.\u00a0A estrada E-68 que liga a Rom\u00e9nia \u00e0 Hungria serve de canal para um volume significativo de tr\u00e1fego autom\u00f3vel<\/p>\n<p>\nArad tem no <strong>Mures River<\/strong> o acompanhamento perfeito para dar um toque de eleg\u00e2ncia ao centro da cidade, cujos parques se enchem de ver\u00f5es quentes. De um lado do rio est\u00e1 a cidade velha, o centro hist\u00f3rico com a sua cidadela. Do outro lado est\u00e1 Uj Arad, ou Arad Nou, o novo bairro que cresceu fora do povoado turco durante o cerco da cidade.<\/p>\n<p>\nA <strong>Idade M\u00e9dia<\/strong> colocou Arad no mapa quando os Tatares sitiaram a cidade no s\u00e9culo XII.Uma vez instalados, procederam \u00e0 fortifica\u00e7\u00e3o da cidade com muros nas cidades vizinhas de Soimos, S\u00edria e Dezna. N\u00e3o foram suficientemente fortes para impedir outra invas\u00e3o, desta vez pelos otomanos, de ocupar a cidade de 1551 at\u00e9 1699, quando a Paz de Karlowitz p\u00f4s fim ao dom\u00ednio turco de Arad.<\/p>\n<p>\nAs fortifica\u00e7\u00f5es subsequentes da cidadela entre 1763 e 1783 foram decisivas nos acontecimentos da independ\u00eancia h\u00fangara do imp\u00e9rio austr\u00edaco em 1849. No entanto, o apoio russo a esta \u00faltima levou \u00e0 execu\u00e7\u00e3o dos principais l\u00edderes insurreicionistas, os 13 generais l\u00edderes, cuja mem\u00f3ria continua viva no monumento da cidade aos 13 m\u00e1rtires de Arad.<\/p>\n<p>\nArad n\u00e3o era politicamente parte da Rom\u00e9nia at\u00e9 1920, quando os tratados de reorganiza\u00e7\u00e3o territorial da Primeira Guerra Mundial for\u00e7aram a Hungria a ceder a \u00e1rea agora ocupada pela Rom\u00e9nia ocidental.<\/p>\n<p><a href=\"https:\/\/roadtoromania.com\/wp-content\/uploads\/2022\/10\/arad_ciudadela.jpg\"><img decoding=\"async\" src=\"https:\/\/roadtoromania.com\/wp-content\/uploads\/2022\/10\/arad_ciudadela.jpg\" \/><\/a> Arad Citadel<br \/>\n O que ver em Arad<\/strong> <\/h2>\n<p>\nO elemento mais genu\u00edno de Arad, e o que infelizmente ainda n\u00e3o tem data para a sua restaura\u00e7\u00e3o num grande complexo museol\u00f3gico, \u00e9 a cidadela  .<\/p>\n<p>\nO enorme estaleiro de constru\u00e7\u00e3o, patrocinado pela imperatriz Maria Theresa de Hausburg, foi constru\u00eddo com a ajuda de prisioneiros que seguiram o projecto de Ferdinand Philipp Harsch, que por sua vez se baseou no projecto franc\u00eas do arquitecto e engenheiro Vauban.<\/p>\n<p>\nA cidadela tem a forma de uma estrela de seis pontas, com basti\u00f5es conc\u00eantricos de refor\u00e7o, incluindo um fosso inundado que funcionava como uma trincheira.\u00a0\u00a0O port\u00e3o principal e os edif\u00edcios seguiram o estilo barroco. Al\u00e9m de ser uma fortaleza, funcionou como uma das maiores pris\u00f5es militares do Imp\u00e9rio Austro-H\u00fangaro. \u00a0Actualmente \u00e9 gerida pelo ex\u00e9rcito, embora tenha sido acordada uma transfer\u00eancia para o munic\u00edpio a fim de albergar uma atrac\u00e7\u00e3o tur\u00edstica semelhante \u00e0 cidadela de <strong>Nis<\/strong> na S\u00e9rvia. Embora ainda n\u00e3o seja um Patrim\u00f3nio Mundial da Unesco, est\u00e1 inclu\u00eddo na lista de s\u00edtios que poderiam fazer parte de um tesouro t\u00e3o distinto da humanidade.<\/p>\n<p><a href=\"https:\/\/roadtoromania.com\/wp-content\/uploads\/2022\/10\/ayuntamiento_arad.jpg\"><img decoding=\"async\" src=\"data:image\/gif;base64,R0lGODdhAQABAPAAAMPDwwAAACwAAAAAAQABAAACAkQBADs=\" \/><\/a> C\u00e2mara Municipal de Arad<\/p>\n<p>\nComo mencionado acima, a nova cidade est\u00e1 localizada do outro lado do rio, onde correm alamedas atrav\u00e9s de Arad com edif\u00edcios principalmente do s\u00e9culo XIX. Uma das mais proeminentes \u00e9 a<\/strong> C\u00e2mara Municipal<\/strong> (neo-Renascimento 1872-1874), na Rua B-Dul Revolutiei, numa pra\u00e7a ajardinada com a torre do rel\u00f3gio a presidir ao conjunto monumental<\/p>\n<p>\nSe seguirmos a mesma rua at\u00e9 um dos seus extremos, encontraremos o Antigo Teatro (1817, e um dos primeiros na Rom\u00e9nia), perto do monumento dos soldados romenos ca\u00eddo na liberta\u00e7\u00e3o da Transilv\u00e2nia &#8211; durante a Segunda Guerra Mundial &#8211; assim como a casa museu do escritor Lazar.<\/p>\n<p>\nTamb\u00e9m not\u00e1veis s\u00e3o as duas catedrais  , os ortodoxos e os cat\u00f3licos. O primeiro \u00e9 dedicado a S\u00e3o Jo\u00e3o Baptista e \u00e9 neobarroco da segunda metade do s\u00e9culo XIX, com frescos de estilo bizantino. A catedral cat\u00f3lica \u00e9 impressionante pelo tamanho da sua ab\u00f3bada<\/p>\n<p>\nPodemos tamb\u00e9m visitar o Pal\u00e1cio da Cultura (Palatul Cultural), em estilo ecl\u00e9ctico, com influ\u00eancias Art Nouveau e a Igreja Luterana, (1906) conhecida como a biserica ro\u015fie (igreja vermelha).<\/p>\n<p> Zona circundante de Arad<\/strong> <\/h3>\n<p>\nPerto de Arad podemos fazer excurs\u00f5es \u00e0 S\u00edria, Lipova com as suas termas e as ru\u00ednas de Soimos, e Paulis, interessante para conhecer os vinhos, com especial aten\u00e7\u00e3o para o vinho local, chamado Podgoria.<\/p>\n<h2>\nComo chegar a Arad Rom\u00e9nia<\/h2>\n<h2>\nMapa de Arad na Rom\u00e9nia<\/h2>\n<\/h2>\n","protected":false},"excerpt":{"rendered":"<p>Catedral Ortodoxa de Arad Arad \u00e9 uma das principais cidades da Rom\u00e9nia ocidental, juntamente com Timisoara ao sul e Oradea ao norte. \u00a0Pertence \u00e0 regi\u00e3o de Banat , Condado de Arad, e faz fronteira com a Hungria, o que explica a import\u00e2ncia da comunidade \u00e9tnica h\u00fangara.\u00a0A estrada E-68 que liga a Rom\u00e9nia \u00e0 Hungria serve &hellip;<\/p>\n<p class=\"read-more\"> <a class=\"\" href=\"https:\/\/roadtoromania.com\/pt-pt\/cidades-e-regioes-da-romenia\/arad\/\"> <span class=\"screen-reader-text\">Arad<\/span> Read More \u00bb<\/a><\/p>\n","protected":false},"author":1,"featured_media":1056,"parent":3264,"menu_order":0,"comment_status":"open","ping_status":"open","template":"","meta":{"site-sidebar-layout":"default","site-content-layout":"default","ast-global-header-display":"","ast-main-header-display":"","ast-hfb-above-header-display":"","ast-hfb-below-header-display":"","ast-hfb-mobile-header-display":"","site-post-title":"","ast-breadcrumbs-content":"","ast-featured-img":"","footer-sml-layout":"","theme-transparent-header-meta":"default","adv-header-id-meta":"","stick-header-meta":"default","header-above-stick-meta":"","header-main-stick-meta":"","header-below-stick-meta":"","footnotes":""},"class_list":["post-3266","page","type-page","status-publish","has-post-thumbnail","hentry"],"yoast_head":"<!-- This site is optimized with the Yoast SEO plugin v19.10 - https:\/\/yoast.com\/wordpress\/plugins\/seo\/ -->\n<title>Arad - Road to Romania<\/title>\n<meta name=\"robots\" content=\"index, follow, max-snippet:-1, max-image-preview:large, max-video-preview:-1\" \/>\n<link rel=\"canonical\" href=\"https:\/\/roadtoromania.com\/pt-pt\/cidades-e-regioes-da-romenia\/arad\/\" \/>\n<meta property=\"og:locale\" content=\"pt_PT\" \/>\n<meta property=\"og:type\" content=\"article\" \/>\n<meta property=\"og:title\" content=\"Arad - Road to Romania\" \/>\n<meta property=\"og:description\" content=\"Catedral Ortodoxa de Arad Arad \u00e9 uma das principais cidades da Rom\u00e9nia ocidental, juntamente com Timisoara ao sul e Oradea ao norte. \u00a0Pertence \u00e0 regi\u00e3o de Banat , Condado de Arad, e faz fronteira com a Hungria, o que explica a import\u00e2ncia da comunidade \u00e9tnica h\u00fangara.\u00a0A estrada E-68 que liga a Rom\u00e9nia \u00e0 Hungria serve &hellip; Arad Read More \u00bb\" \/>\n<meta property=\"og:url\" content=\"https:\/\/roadtoromania.com\/pt-pt\/cidades-e-regioes-da-romenia\/arad\/\" \/>\n<meta property=\"og:site_name\" content=\"Road to Romania\" \/>\n<meta property=\"article:modified_time\" content=\"2022-10-21T16:57:38+00:00\" \/>\n<meta property=\"og:image\" content=\"https:\/\/roadtoromania.com\/wp-content\/uploads\/2022\/10\/arad_rumania-1.jpg\" \/>\n\t<meta property=\"og:image:width\" content=\"768\" \/>\n\t<meta property=\"og:image:height\" content=\"1024\" \/>\n\t<meta property=\"og:image:type\" content=\"image\/jpeg\" \/>\n<meta name=\"twitter:card\" content=\"summary_large_image\" \/>\n<meta name=\"twitter:label1\" content=\"Tempo estimado de leitura\" \/>\n\t<meta name=\"twitter:data1\" content=\"4 minutos\" \/>\n<script type=\"application\/ld+json\" class=\"yoast-schema-graph\">{\"@context\":\"https:\/\/schema.org\",\"@graph\":[{\"@type\":\"WebPage\",\"@id\":\"https:\/\/roadtoromania.com\/pt-pt\/cidades-e-regioes-da-romenia\/arad\/\",\"url\":\"https:\/\/roadtoromania.com\/pt-pt\/cidades-e-regioes-da-romenia\/arad\/\",\"name\":\"Arad - Road to Romania\",\"isPartOf\":{\"@id\":\"https:\/\/roadtoromania.com\/pt-pt\/#website\"},\"datePublished\":\"2022-10-15T18:40:09+00:00\",\"dateModified\":\"2022-10-21T16:57:38+00:00\",\"breadcrumb\":{\"@id\":\"https:\/\/roadtoromania.com\/pt-pt\/cidades-e-regioes-da-romenia\/arad\/#breadcrumb\"},\"inLanguage\":\"pt-PT\",\"potentialAction\":[{\"@type\":\"ReadAction\",\"target\":[\"https:\/\/roadtoromania.com\/pt-pt\/cidades-e-regioes-da-romenia\/arad\/\"]}]},{\"@type\":\"BreadcrumbList\",\"@id\":\"https:\/\/roadtoromania.com\/pt-pt\/cidades-e-regioes-da-romenia\/arad\/#breadcrumb\",\"itemListElement\":[{\"@type\":\"ListItem\",\"position\":1,\"name\":\"Home\",\"item\":\"https:\/\/roadtoromania.com\/pt-pt\/\"},{\"@type\":\"ListItem\",\"position\":2,\"name\":\"Cidades e regi\u00f5es da Rom\u00e9nia\",\"item\":\"https:\/\/roadtoromania.com\/pt-pt\/cidades-e-regioes-da-romenia\/\"},{\"@type\":\"ListItem\",\"position\":3,\"name\":\"Arad\"}]},{\"@type\":\"WebSite\",\"@id\":\"https:\/\/roadtoromania.com\/pt-pt\/#website\",\"url\":\"https:\/\/roadtoromania.com\/pt-pt\/\",\"name\":\"Road to Romania\",\"description\":\"O blog onde encontrar\u00e1 toda a informa\u00e7\u00e3o de que necessita para desfrutar da Rom\u00e9nia.\",\"potentialAction\":[{\"@type\":\"SearchAction\",\"target\":{\"@type\":\"EntryPoint\",\"urlTemplate\":\"https:\/\/roadtoromania.com\/pt-pt\/?s={search_term_string}\"},\"query-input\":\"required name=search_term_string\"}],\"inLanguage\":\"pt-PT\"}]}<\/script>\n<!-- \/ Yoast SEO plugin. -->","yoast_head_json":{"title":"Arad - Road to Romania","robots":{"index":"index","follow":"follow","max-snippet":"max-snippet:-1","max-image-preview":"max-image-preview:large","max-video-preview":"max-video-preview:-1"},"canonical":"https:\/\/roadtoromania.com\/pt-pt\/cidades-e-regioes-da-romenia\/arad\/","og_locale":"pt_PT","og_type":"article","og_title":"Arad - Road to Romania","og_description":"Catedral Ortodoxa de Arad Arad \u00e9 uma das principais cidades da Rom\u00e9nia ocidental, juntamente com Timisoara ao sul e Oradea ao norte. \u00a0Pertence \u00e0 regi\u00e3o de Banat , Condado de Arad, e faz fronteira com a Hungria, o que explica a import\u00e2ncia da comunidade \u00e9tnica h\u00fangara.\u00a0A estrada E-68 que liga a Rom\u00e9nia \u00e0 Hungria serve &hellip; Arad Read More \u00bb","og_url":"https:\/\/roadtoromania.com\/pt-pt\/cidades-e-regioes-da-romenia\/arad\/","og_site_name":"Road to Romania","article_modified_time":"2022-10-21T16:57:38+00:00","og_image":[{"width":768,"height":1024,"url":"https:\/\/roadtoromania.com\/wp-content\/uploads\/2022\/10\/arad_rumania-1.jpg","type":"image\/jpeg"}],"twitter_card":"summary_large_image","twitter_misc":{"Tempo estimado de leitura":"4 minutos"},"schema":{"@context":"https:\/\/schema.org","@graph":[{"@type":"WebPage","@id":"https:\/\/roadtoromania.com\/pt-pt\/cidades-e-regioes-da-romenia\/arad\/","url":"https:\/\/roadtoromania.com\/pt-pt\/cidades-e-regioes-da-romenia\/arad\/","name":"Arad - Road to Romania","isPartOf":{"@id":"https:\/\/roadtoromania.com\/pt-pt\/#website"},"datePublished":"2022-10-15T18:40:09+00:00","dateModified":"2022-10-21T16:57:38+00:00","breadcrumb":{"@id":"https:\/\/roadtoromania.com\/pt-pt\/cidades-e-regioes-da-romenia\/arad\/#breadcrumb"},"inLanguage":"pt-PT","potentialAction":[{"@type":"ReadAction","target":["https:\/\/roadtoromania.com\/pt-pt\/cidades-e-regioes-da-romenia\/arad\/"]}]},{"@type":"BreadcrumbList","@id":"https:\/\/roadtoromania.com\/pt-pt\/cidades-e-regioes-da-romenia\/arad\/#breadcrumb","itemListElement":[{"@type":"ListItem","position":1,"name":"Home","item":"https:\/\/roadtoromania.com\/pt-pt\/"},{"@type":"ListItem","position":2,"name":"Cidades e regi\u00f5es da Rom\u00e9nia","item":"https:\/\/roadtoromania.com\/pt-pt\/cidades-e-regioes-da-romenia\/"},{"@type":"ListItem","position":3,"name":"Arad"}]},{"@type":"WebSite","@id":"https:\/\/roadtoromania.com\/pt-pt\/#website","url":"https:\/\/roadtoromania.com\/pt-pt\/","name":"Road to Romania","description":"O blog onde encontrar\u00e1 toda a informa\u00e7\u00e3o de que necessita para desfrutar da Rom\u00e9nia.","potentialAction":[{"@type":"SearchAction","target":{"@type":"EntryPoint","urlTemplate":"https:\/\/roadtoromania.com\/pt-pt\/?s={search_term_string}"},"query-input":"required name=search_term_string"}],"inLanguage":"pt-PT"}]}},"_links":{"self":[{"href":"https:\/\/roadtoromania.com\/pt-pt\/wp-json\/wp\/v2\/pages\/3266","targetHints":{"allow":["GET"]}}],"collection":[{"href":"https:\/\/roadtoromania.com\/pt-pt\/wp-json\/wp\/v2\/pages"}],"about":[{"href":"https:\/\/roadtoromania.com\/pt-pt\/wp-json\/wp\/v2\/types\/page"}],"author":[{"embeddable":true,"href":"https:\/\/roadtoromania.com\/pt-pt\/wp-json\/wp\/v2\/users\/1"}],"replies":[{"embeddable":true,"href":"https:\/\/roadtoromania.com\/pt-pt\/wp-json\/wp\/v2\/comments?post=3266"}],"version-history":[{"count":0,"href":"https:\/\/roadtoromania.com\/pt-pt\/wp-json\/wp\/v2\/pages\/3266\/revisions"}],"up":[{"embeddable":true,"href":"https:\/\/roadtoromania.com\/pt-pt\/wp-json\/wp\/v2\/pages\/3264"}],"wp:featuredmedia":[{"embeddable":true,"href":"https:\/\/roadtoromania.com\/pt-pt\/wp-json\/wp\/v2\/media\/1056"}],"wp:attachment":[{"href":"https:\/\/roadtoromania.com\/pt-pt\/wp-json\/wp\/v2\/media?parent=3266"}],"curies":[{"name":"wp","href":"https:\/\/api.w.org\/{rel}","templated":true}]}}