{"id":3268,"date":"2022-10-15T18:40:09","date_gmt":"2022-10-15T18:40:09","guid":{"rendered":"https:\/\/roadtoromania.com\/ateneu-romeno-em-bucareste\/"},"modified":"2022-10-21T16:58:27","modified_gmt":"2022-10-21T16:58:27","slug":"ateneu-romeno-em-bucareste","status":"publish","type":"page","link":"https:\/\/roadtoromania.com\/pt-pt\/cidades-e-regioes-da-romenia\/bucharest\/ateneu-romeno-em-bucareste\/","title":{"rendered":"Ateneu romeno em Bucareste"},"content":{"rendered":"<p>O <strong>Ateneu romeno<\/strong> (em romeno, Ateneul Rom\u00e2n) \u00e9 um dos principais monumentos de <strong>Bucareste<\/strong> e um exemplo, mais uma vez, do gosto franc\u00f3fono em Bucareste. Situado perto da chamada <a href=\"https:\/\/roadtoromania.com\/pt-pt\/cidades-e-regioes-da-romenia\/bucharest\/praca-da-revolucao-em-bucareste\/\"> <strong>Pra\u00e7a da Revolu\u00e7\u00e3o<\/strong><\/a> \u00e9 um s\u00edmbolo e \u00edcone da cultura.<\/p>\n<p><img decoding=\"async\" src=\"https:\/\/roadtoromania.com\/wp-content\/uploads\/2022\/10\/bucarest_ateneo_rumano.jpg\" \/>Exterior do Ateneu romeno<\/p>\n<h2>\n <strong>Hist\u00f3ria do Ateneu romeno<\/strong> <\/h2>\n<p>\nDe estilo neocl\u00e1ssico, o projecto da sua constru\u00e7\u00e3o foi poss\u00edvel gra\u00e7as \u00e0 contribui\u00e7\u00e3o dos cidad\u00e3os com o lema de &#8220;Da\u0163i un leu pentru Ateneu&#8221;, ou seja, &#8220;Dedicar um Leu (antiga moeda romena) ao Ateneu&#8221;, que ainda \u00e9 lembrado como um slogan. Gra\u00e7as a isto, o projecto dos arquitectos Albert Galleron (franc\u00eas) e Constantin Baicoianu, viu a luz do dia e foi conclu\u00eddo no per\u00edodo de dois anos de 1886 a 1888, embora as obras tenham sido prolongadas no tempo at\u00e9 1897.<\/p>\n<p><img decoding=\"async\" src=\"https:\/\/roadtoromania.com\/wp-content\/uploads\/2022\/10\/interior_ateneo_rumano.jpg\" \/>Foyer do interior do Ateneu romeno em Bucareste<\/p>\n<p>\nV\u00e1rios intelectuais romenos que em 1865 tinham criado a Sociedade Cultural &#8221; o Ateneu romeno &#8221; estavam por detr\u00e1s do projecto, promovendo a cria\u00e7\u00e3o de um centro de Arte e Ci\u00eancia, procurando uma regenera\u00e7\u00e3o intelectual em todo o pa\u00eds. O terreno onde est\u00e1 localizado o Ateneu pertencia \u00e0 fam\u00edlia rica V\u0103c\u0103rescu e tinha sido anteriormente o centro equestre de Bucareste.<\/p>\n<p>\nOriginalmente, era essencialmente uma prestigiosa sala de concertos onde tocavam compositores e int\u00e9rpretes famosos da \u00e9poca, tais como Richard Strauss, o espanhol Pau Casals e o romeno George Enescu. De facto, o Ateneu \u00e9 a casa da Filarm\u00f3nica de George Enescu, e o local do evento internacional de m\u00fasica cl\u00e1ssica com o nome do pr\u00f3prio maestro.<\/p>\n<p>\nHistoricamente, o Ateneu tamb\u00e9m assistiu \u00e0 celebra\u00e7\u00e3o da confer\u00eancia que em 1919 levou \u00e0 cria\u00e7\u00e3o da Rom\u00e9nia, com a uni\u00e3o dos territ\u00f3rios da Bessar\u00e1bia, Transilv\u00e2nia e Bucovina, que foram acrescentados ao Reino da Rom\u00e9nia.<\/p>\n<p>\nA extensa restaura\u00e7\u00e3o que teve lugar nos anos 90, ap\u00f3s a queda do Ceacescu, tornou poss\u00edvel restaurar um edif\u00edcio que tinha ca\u00eddo em grave estado de degrada\u00e7\u00e3o.<\/p>\n<p>\nO seu plano circular faz lembrar os edif\u00edcios romanos cl\u00e1ssicos, com arquitectura neocl\u00e1ssica e contribui\u00e7\u00f5es rom\u00e2nicas. A beleza do foyer de m\u00e1rmore de Carrara \u00e9 ultrapassada apenas pelo audit\u00f3rio. A capacidade da sala de concertos \u00e9 de cerca de 650 pessoas, que apreciam a m\u00fasica e o fresco de Costin Petrescu que adorna a c\u00fapula, retratando momentos da hist\u00f3ria romena.\u00a0Al\u00e9m do audit\u00f3rio, h\u00e1 tamb\u00e9m um sal\u00e3o de confer\u00eancias<\/p>\n<p><img decoding=\"async\" src=\"data:image\/gif;base64,R0lGODdhAQABAPAAAMPDwwAAACwAAAAAAQABAAACAkQBADs=\" \/>Sal\u00e3o de Concertos Athenaeum romeno<\/p>\n<p>\nO exterior tem uma fachada com um peristilo de oito colunas de estilo i\u00f3nico, e cinco medalh\u00f5es que a decoram, representando os pr\u00edncipes mais importantes das regi\u00f5es romenas.Os jardins s\u00e3o tamb\u00e9m dignos de admira\u00e7\u00e3o, acompanhados pela escultura do compositor Mihai Eminescu<\/p>\n<\/h2>\n<p>Porque se chama o Primeiro Ateneu?<\/h2>\n<p>\nO nome First Athenaeum \u00e9 na realidade o verdadeiro nome do edif\u00edcio. O Primeiro Ateneu de Bucareste \u00e9 na realidade o primeiro Ateneu da cidade. O termo Ateneu refere-se a um edif\u00edcio que alberga uma institui\u00e7\u00e3o cultural, tal como uma biblioteca ou uma galeria de arte. O Primeiro Ateneu de Bucareste \u00e9, de facto, a sede de ambos. Quando Brasov e Bucareste estavam sob o dom\u00ednio do Imp\u00e9rio Otomano, todas as formas de actividade cultural eram proibidas.<\/p>\n<p>\nOs governantes otomanos restringiram a educa\u00e7\u00e3o e as reuni\u00f5es p\u00fablicas. S\u00f3 no final do s\u00e9culo XIX \u00e9 que os residentes come\u00e7aram a expressar-se novamente. Muitos dos principais intelectuais de Bucareste exigiram um lugar onde pudessem trocar livremente ideias. Uma vez satisfeitas as necessidades culturais da cidade, o Ateneu poderia funcionar como biblioteca, museu e espa\u00e7o de exposi\u00e7\u00e3o.<\/p>\n<h2>\nO que esperar do <strong>Ateneu romeno<\/strong> <\/h2>\n<p>\nDentro do edif\u00edcio do Caf\u00e9 Paulino e Biblioteca O edif\u00edcio do Caf\u00e9 Paulino e Biblioteca \u00e9 a primeira ala do lado leste do edif\u00edcio. Os visitantes podem entrar a partir da rua ou atrav\u00e9s do p\u00e1tio. Inicialmente, o edif\u00edcio albergava o Caf\u00e9 del Ateneo, que era um ponto de encontro de intelectuais. Hoje em dia, o caf\u00e9 \u00e9 uma livraria, caf\u00e9 e espa\u00e7o para eventos. Os livros est\u00e3o principalmente em romeno, mas h\u00e1 tamb\u00e9m livros em ingl\u00eas. A livraria est\u00e1 aberta todos os dias, com hor\u00e1rios de abertura alargados \u00e0s sextas-feiras e s\u00e1bados. O espa\u00e7o interior do Caf\u00e9 Paulino \u00e9 pequeno e \u00edntimo, por isso n\u00e3o h\u00e1 espa\u00e7o suficiente para muitas pessoas.<\/p>\n<p>\nO p\u00e1tio \u00e9 um local agrad\u00e1vel para relaxar e desfrutar de uma ch\u00e1vena de caf\u00e9 enquanto toma um belo ambiente. O edif\u00edcio da Biblioteca \u00e9 a segunda ala do lado leste do edif\u00edcio. Embora o interior original tenha sido mantido, o edif\u00edcio foi modernizado com ar condicionado, nova ilumina\u00e7\u00e3o e mais capacidade de prateleiras. H\u00e1 uma pequena \u00e1rea de estar \u00e0 entrada onde as pessoas podem relaxar e desfrutar de uma ch\u00e1vena de caf\u00e9. A Biblioteca est\u00e1 aberta em dias \u00fateis das 9 \u00e0s 18 horas e \u00e9 gratuita para o p\u00fablico. Existem muitos livros em romeno e ingl\u00eas, assim como alguns livros de arte e fotografia. Existe uma interessante colec\u00e7\u00e3o de livros antigos e raros. Pode tamb\u00e9m encontrar material impresso sobre a hist\u00f3ria do Primeiro Ateneu de Bucareste<\/p>\n<h3>\nOutros espa\u00e7os a explorar<\/h3>\n<p>\nO sal\u00e3o de exposi\u00e7\u00f5es est\u00e1 localizado no hall central do edif\u00edcio. O Ateneo Hall, como era chamado, foi originalmente concebido como um local para banquetes e exposi\u00e7\u00f5es. O tecto \u00e9 uma bela c\u00fapula com manchas de vidro. O sal\u00e3o central alberga tamb\u00e9m as galerias de exposi\u00e7\u00f5es, onde s\u00e3o apresentadas exposi\u00e7\u00f5es de fotografia, arte e arquitectura contempor\u00e2neas. O audit\u00f3rio est\u00e1 localizado no sal\u00e3o central, mesmo por cima do sal\u00e3o Athenaeum. \u00c9 a sala onde se realizam debates e palestras.<\/p>\n<p>\nAs paredes e o tecto s\u00e3o feitos de madeira. H\u00e1 algumas filas de cadeiras de madeira que fazem lembrar o tempo em que o Ateneu era o centro da vida intelectual de Bucareste. A biblioteca fica na ala leste. A sala \u00e9 simples e desarrumada, com algumas mesas e cadeiras de madeira. H\u00e1 muitos livros em romeno e ingl\u00eas, assim como alguns livros de arte e fotografia. A biblioteca est\u00e1 aberta das 9h \u00e0s 19h \u00e0s segundas, ter\u00e7as, quintas e sextas-feiras, e das 9h \u00e0s 16h \u00e0s quartas-feiras.<\/p>\n<p> Mapa da localiza\u00e7\u00e3o do Ateneu romeno em Bucareste<\/strong> <\/h2>\n","protected":false},"excerpt":{"rendered":"<p>O Ateneu romeno (em romeno, Ateneul Rom\u00e2n) \u00e9 um dos principais monumentos de Bucareste e um exemplo, mais uma vez, do gosto franc\u00f3fono em Bucareste. Situado perto da chamada Pra\u00e7a da Revolu\u00e7\u00e3o \u00e9 um s\u00edmbolo e \u00edcone da cultura. Exterior do Ateneu romeno Hist\u00f3ria do Ateneu romeno De estilo neocl\u00e1ssico, o projecto da sua constru\u00e7\u00e3o &hellip;<\/p>\n<p class=\"read-more\"> <a class=\"\" href=\"https:\/\/roadtoromania.com\/pt-pt\/cidades-e-regioes-da-romenia\/bucharest\/ateneu-romeno-em-bucareste\/\"> <span class=\"screen-reader-text\">Ateneu romeno em Bucareste<\/span> Read More \u00bb<\/a><\/p>\n","protected":false},"author":1,"featured_media":1078,"parent":3273,"menu_order":0,"comment_status":"open","ping_status":"open","template":"","meta":{"site-sidebar-layout":"default","site-content-layout":"default","ast-global-header-display":"","ast-main-header-display":"","ast-hfb-above-header-display":"","ast-hfb-below-header-display":"","ast-hfb-mobile-header-display":"","site-post-title":"","ast-breadcrumbs-content":"","ast-featured-img":"","footer-sml-layout":"","theme-transparent-header-meta":"","adv-header-id-meta":"","stick-header-meta":"","header-above-stick-meta":"","header-main-stick-meta":"","header-below-stick-meta":"","footnotes":""},"class_list":["post-3268","page","type-page","status-publish","has-post-thumbnail","hentry"],"yoast_head":"<!-- This site is optimized with the Yoast SEO plugin v19.10 - https:\/\/yoast.com\/wordpress\/plugins\/seo\/ -->\n<title>Ateneu romeno em Bucareste - Road to Romania<\/title>\n<meta name=\"robots\" content=\"index, follow, max-snippet:-1, max-image-preview:large, max-video-preview:-1\" \/>\n<link rel=\"canonical\" href=\"https:\/\/roadtoromania.com\/pt-pt\/cidades-e-regioes-da-romenia\/bucharest\/ateneu-romeno-em-bucareste\/\" \/>\n<meta property=\"og:locale\" content=\"pt_PT\" \/>\n<meta property=\"og:type\" content=\"article\" \/>\n<meta property=\"og:title\" content=\"Ateneu romeno em Bucareste - Road to Romania\" \/>\n<meta property=\"og:description\" content=\"O Ateneu romeno (em romeno, Ateneul Rom\u00e2n) \u00e9 um dos principais monumentos de Bucareste e um exemplo, mais uma vez, do gosto franc\u00f3fono em Bucareste. Situado perto da chamada Pra\u00e7a da Revolu\u00e7\u00e3o \u00e9 um s\u00edmbolo e \u00edcone da cultura. Exterior do Ateneu romeno Hist\u00f3ria do Ateneu romeno De estilo neocl\u00e1ssico, o projecto da sua constru\u00e7\u00e3o &hellip; Ateneu romeno em Bucareste Read More \u00bb\" \/>\n<meta property=\"og:url\" content=\"https:\/\/roadtoromania.com\/pt-pt\/cidades-e-regioes-da-romenia\/bucharest\/ateneu-romeno-em-bucareste\/\" \/>\n<meta property=\"og:site_name\" content=\"Road to Romania\" \/>\n<meta property=\"article:modified_time\" content=\"2022-10-21T16:58:27+00:00\" \/>\n<meta property=\"og:image\" content=\"https:\/\/roadtoromania.com\/wp-content\/uploads\/2022\/10\/bucarest_ateneo_rumano-1.jpg\" \/>\n\t<meta property=\"og:image:width\" content=\"700\" \/>\n\t<meta property=\"og:image:height\" content=\"638\" \/>\n\t<meta property=\"og:image:type\" content=\"image\/jpeg\" \/>\n<meta name=\"twitter:card\" content=\"summary_large_image\" \/>\n<meta name=\"twitter:label1\" content=\"Tempo estimado de leitura\" \/>\n\t<meta name=\"twitter:data1\" content=\"5 minutos\" \/>\n<script type=\"application\/ld+json\" class=\"yoast-schema-graph\">{\"@context\":\"https:\/\/schema.org\",\"@graph\":[{\"@type\":\"WebPage\",\"@id\":\"https:\/\/roadtoromania.com\/pt-pt\/cidades-e-regioes-da-romenia\/bucharest\/ateneu-romeno-em-bucareste\/\",\"url\":\"https:\/\/roadtoromania.com\/pt-pt\/cidades-e-regioes-da-romenia\/bucharest\/ateneu-romeno-em-bucareste\/\",\"name\":\"Ateneu romeno em Bucareste - Road to Romania\",\"isPartOf\":{\"@id\":\"https:\/\/roadtoromania.com\/pt-pt\/#website\"},\"datePublished\":\"2022-10-15T18:40:09+00:00\",\"dateModified\":\"2022-10-21T16:58:27+00:00\",\"breadcrumb\":{\"@id\":\"https:\/\/roadtoromania.com\/pt-pt\/cidades-e-regioes-da-romenia\/bucharest\/ateneu-romeno-em-bucareste\/#breadcrumb\"},\"inLanguage\":\"pt-PT\",\"potentialAction\":[{\"@type\":\"ReadAction\",\"target\":[\"https:\/\/roadtoromania.com\/pt-pt\/cidades-e-regioes-da-romenia\/bucharest\/ateneu-romeno-em-bucareste\/\"]}]},{\"@type\":\"BreadcrumbList\",\"@id\":\"https:\/\/roadtoromania.com\/pt-pt\/cidades-e-regioes-da-romenia\/bucharest\/ateneu-romeno-em-bucareste\/#breadcrumb\",\"itemListElement\":[{\"@type\":\"ListItem\",\"position\":1,\"name\":\"Home\",\"item\":\"https:\/\/roadtoromania.com\/pt-pt\/\"},{\"@type\":\"ListItem\",\"position\":2,\"name\":\"Cidades e regi\u00f5es da Rom\u00e9nia\",\"item\":\"https:\/\/roadtoromania.com\/pt-pt\/cidades-e-regioes-da-romenia\/\"},{\"@type\":\"ListItem\",\"position\":3,\"name\":\"bucharest\",\"item\":\"https:\/\/roadtoromania.com\/pt-pt\/cidades-e-regioes-da-romenia\/bucharest\/\"},{\"@type\":\"ListItem\",\"position\":4,\"name\":\"Ateneu romeno em Bucareste\"}]},{\"@type\":\"WebSite\",\"@id\":\"https:\/\/roadtoromania.com\/pt-pt\/#website\",\"url\":\"https:\/\/roadtoromania.com\/pt-pt\/\",\"name\":\"Road to Romania\",\"description\":\"O blog onde encontrar\u00e1 toda a informa\u00e7\u00e3o de que necessita para desfrutar da Rom\u00e9nia.\",\"potentialAction\":[{\"@type\":\"SearchAction\",\"target\":{\"@type\":\"EntryPoint\",\"urlTemplate\":\"https:\/\/roadtoromania.com\/pt-pt\/?s={search_term_string}\"},\"query-input\":\"required name=search_term_string\"}],\"inLanguage\":\"pt-PT\"}]}<\/script>\n<!-- \/ Yoast SEO plugin. -->","yoast_head_json":{"title":"Ateneu romeno em Bucareste - Road to Romania","robots":{"index":"index","follow":"follow","max-snippet":"max-snippet:-1","max-image-preview":"max-image-preview:large","max-video-preview":"max-video-preview:-1"},"canonical":"https:\/\/roadtoromania.com\/pt-pt\/cidades-e-regioes-da-romenia\/bucharest\/ateneu-romeno-em-bucareste\/","og_locale":"pt_PT","og_type":"article","og_title":"Ateneu romeno em Bucareste - Road to Romania","og_description":"O Ateneu romeno (em romeno, Ateneul Rom\u00e2n) \u00e9 um dos principais monumentos de Bucareste e um exemplo, mais uma vez, do gosto franc\u00f3fono em Bucareste. Situado perto da chamada Pra\u00e7a da Revolu\u00e7\u00e3o \u00e9 um s\u00edmbolo e \u00edcone da cultura. Exterior do Ateneu romeno Hist\u00f3ria do Ateneu romeno De estilo neocl\u00e1ssico, o projecto da sua constru\u00e7\u00e3o &hellip; Ateneu romeno em Bucareste Read More \u00bb","og_url":"https:\/\/roadtoromania.com\/pt-pt\/cidades-e-regioes-da-romenia\/bucharest\/ateneu-romeno-em-bucareste\/","og_site_name":"Road to Romania","article_modified_time":"2022-10-21T16:58:27+00:00","og_image":[{"width":700,"height":638,"url":"https:\/\/roadtoromania.com\/wp-content\/uploads\/2022\/10\/bucarest_ateneo_rumano-1.jpg","type":"image\/jpeg"}],"twitter_card":"summary_large_image","twitter_misc":{"Tempo estimado de leitura":"5 minutos"},"schema":{"@context":"https:\/\/schema.org","@graph":[{"@type":"WebPage","@id":"https:\/\/roadtoromania.com\/pt-pt\/cidades-e-regioes-da-romenia\/bucharest\/ateneu-romeno-em-bucareste\/","url":"https:\/\/roadtoromania.com\/pt-pt\/cidades-e-regioes-da-romenia\/bucharest\/ateneu-romeno-em-bucareste\/","name":"Ateneu romeno em Bucareste - Road to Romania","isPartOf":{"@id":"https:\/\/roadtoromania.com\/pt-pt\/#website"},"datePublished":"2022-10-15T18:40:09+00:00","dateModified":"2022-10-21T16:58:27+00:00","breadcrumb":{"@id":"https:\/\/roadtoromania.com\/pt-pt\/cidades-e-regioes-da-romenia\/bucharest\/ateneu-romeno-em-bucareste\/#breadcrumb"},"inLanguage":"pt-PT","potentialAction":[{"@type":"ReadAction","target":["https:\/\/roadtoromania.com\/pt-pt\/cidades-e-regioes-da-romenia\/bucharest\/ateneu-romeno-em-bucareste\/"]}]},{"@type":"BreadcrumbList","@id":"https:\/\/roadtoromania.com\/pt-pt\/cidades-e-regioes-da-romenia\/bucharest\/ateneu-romeno-em-bucareste\/#breadcrumb","itemListElement":[{"@type":"ListItem","position":1,"name":"Home","item":"https:\/\/roadtoromania.com\/pt-pt\/"},{"@type":"ListItem","position":2,"name":"Cidades e regi\u00f5es da Rom\u00e9nia","item":"https:\/\/roadtoromania.com\/pt-pt\/cidades-e-regioes-da-romenia\/"},{"@type":"ListItem","position":3,"name":"bucharest","item":"https:\/\/roadtoromania.com\/pt-pt\/cidades-e-regioes-da-romenia\/bucharest\/"},{"@type":"ListItem","position":4,"name":"Ateneu romeno em Bucareste"}]},{"@type":"WebSite","@id":"https:\/\/roadtoromania.com\/pt-pt\/#website","url":"https:\/\/roadtoromania.com\/pt-pt\/","name":"Road to Romania","description":"O blog onde encontrar\u00e1 toda a informa\u00e7\u00e3o de que necessita para desfrutar da Rom\u00e9nia.","potentialAction":[{"@type":"SearchAction","target":{"@type":"EntryPoint","urlTemplate":"https:\/\/roadtoromania.com\/pt-pt\/?s={search_term_string}"},"query-input":"required name=search_term_string"}],"inLanguage":"pt-PT"}]}},"_links":{"self":[{"href":"https:\/\/roadtoromania.com\/pt-pt\/wp-json\/wp\/v2\/pages\/3268","targetHints":{"allow":["GET"]}}],"collection":[{"href":"https:\/\/roadtoromania.com\/pt-pt\/wp-json\/wp\/v2\/pages"}],"about":[{"href":"https:\/\/roadtoromania.com\/pt-pt\/wp-json\/wp\/v2\/types\/page"}],"author":[{"embeddable":true,"href":"https:\/\/roadtoromania.com\/pt-pt\/wp-json\/wp\/v2\/users\/1"}],"replies":[{"embeddable":true,"href":"https:\/\/roadtoromania.com\/pt-pt\/wp-json\/wp\/v2\/comments?post=3268"}],"version-history":[{"count":1,"href":"https:\/\/roadtoromania.com\/pt-pt\/wp-json\/wp\/v2\/pages\/3268\/revisions"}],"predecessor-version":[{"id":3356,"href":"https:\/\/roadtoromania.com\/pt-pt\/wp-json\/wp\/v2\/pages\/3268\/revisions\/3356"}],"up":[{"embeddable":true,"href":"https:\/\/roadtoromania.com\/pt-pt\/wp-json\/wp\/v2\/pages\/3273"}],"wp:featuredmedia":[{"embeddable":true,"href":"https:\/\/roadtoromania.com\/pt-pt\/wp-json\/wp\/v2\/media\/1078"}],"wp:attachment":[{"href":"https:\/\/roadtoromania.com\/pt-pt\/wp-json\/wp\/v2\/media?parent=3268"}],"curies":[{"name":"wp","href":"https:\/\/api.w.org\/{rel}","templated":true}]}}