{"id":3269,"date":"2022-10-15T18:40:09","date_gmt":"2022-10-15T18:40:09","guid":{"rendered":"https:\/\/roadtoromania.com\/cidades-e-regioes-da-romenia\/baia-mare\/"},"modified":"2022-10-21T16:57:38","modified_gmt":"2022-10-21T16:57:38","slug":"baia-mare","status":"publish","type":"page","link":"https:\/\/roadtoromania.com\/pt-pt\/cidades-e-regioes-da-romenia\/baia-mare\/","title":{"rendered":"Baia Mare"},"content":{"rendered":"<p>A cidade de Baia Mare na Rom\u00e9nia est\u00e1 localizada no norte do pa\u00eds e tem uma popula\u00e7\u00e3o de mais de 90.000 habitantes. \u00c9 uma das maiores cidades do Condado de Maramures, e \u00e9 um destino tur\u00edstico importante pelos seus muitos pontos tur\u00edsticos e atrac\u00e7\u00f5es naturais. Se est\u00e1 a planear uma viagem a esta bela cidade em breve, leia para saber mais sobre a sua hist\u00f3ria, cultura, atrac\u00e7\u00f5es e actividades.<\/p>\n<p>\n <strong>Baia Mare<\/strong> \u00e9 a capital dos Maramures<\/strong><\/strong> departamento de <a href=\"https:\/\/roadtoromania.com\/pt-pt\/cidades-e-regioes-da-romenia\/regiao-de-maramures\/\"> <strong>, no norte da Rom\u00e9nia, fronteira com a Ucr\u00e2nia. Uma cidade mineira por excel\u00eancia, ferro, ouro, prata e outros minerais valiosos foram aqui extra\u00eddos.<\/p>\n<p>\nBaia Mare \u00e9 uma cidade que pode ser descoberta atrav\u00e9s dos seus <strong>museus<\/strong> , que explicam a sua hist\u00f3ria, a sua sociedade e a sua evolu\u00e7\u00e3o art\u00edstica. O Museu Mineral (Blvd. Traian 8) d\u00e1 um passeio pelos s\u00e9culos de extrac\u00e7\u00e3o e riqueza do ambiente de Baia Mare.<\/p>\n<p>\nO Museu de Arte (Muzeul Judean de Arta) alberga uma colec\u00e7\u00e3o de arte moderna, com obras de artistas locais e nacionais, desde 1800 at\u00e9 aos dias de hoje.<\/p>\n<p><a href=\"https:\/\/roadtoromania.com\/wp-content\/uploads\/2022\/10\/baia-mare-medieval-festival-rumania.jpg\"><img decoding=\"async\" src=\"https:\/\/roadtoromania.com\/wp-content\/uploads\/2022\/10\/baia-mare-medieval-festival-rumania.jpg\" \/><\/a> Festival Medieval de Baia Mare<\/p>\n<p>\nDois outros de grande interesse s\u00e3o o Museu Arqueol\u00f3gico (Muzeul Judeu de Arheologie si Istorie) e o Museu Etnogr\u00e1fico, cuja exposi\u00e7\u00e3o ao ar livre de casas t\u00edpicas mostra como a arquitectura rural n\u00e3o mudou muito.<\/p>\n<h2>\nHist\u00f3ria de Baia Mare<\/h2>\n<p>\nA cidade de Baia Mare foi povoada pela primeira vez no s\u00e9culo XIII por um grupo de tribos h\u00fangaras. O rio Baia Mare desempenhou um papel importante no desenvolvimento da cidade, uma vez que era uma importante via de transporte que ligava a cidade a outras partes do pa\u00eds. Em 1746, a cidade foi em grande parte destru\u00edda pelo fogo. Pouco depois, um novo centro da cidade foi constru\u00eddo e a cidade come\u00e7ou a crescer novamente.<\/p>\n<p>\nDurante o s\u00e9culo XX, Baia Mare foi um importante centro mineiro. Era um fornecedor chave de minerais como ouro, prata, cobre e zinco, e era uma importante fonte de receitas para o governo romeno.Em 1990, a ind\u00fastria mineira de Baia Mare fechou, e a cidade come\u00e7ou a transformar-se num destino tur\u00edstico.<\/p>\n<h2>\n <strong>O que ver em Baia Mare<\/strong> <\/h2>\n<p>\nA cidade de Baia Mare tem muitas atrac\u00e7\u00f5es interessantes para os turistas explorarem. Alguns dos locais de interesse mais populares na cidade s\u00e3o:<\/p>\n<ul>\n<li>\nIgreja Cat\u00f3lica de St. Mary: Esta igreja foi constru\u00edda em 1532 e \u00e9 a maior igreja do Condado de Maramures. Dentro da igreja h\u00e1 muitas pinturas bonitas, assim como um campan\u00e1rio e um p\u00falpito barroco.<\/li>\n<li>\nO Museu Baia Mare: Este museu documenta a rica hist\u00f3ria da cidade. \u00c9 poss\u00edvel encontrar artefactos que datam do s\u00e9culo XIV, bem como minerais e f\u00f3sseis da era mineira. &#8211; Montanhas Hargita: Localizadas a 10 km de Baia Mare, as Montanhas Hargita s\u00e3o um local popular para caminhadas e para experimentar a beleza natural da regi\u00e3o.<\/li>\n<li>\nParque Infantil da Parcul Copilului: Este parque fica no centro da cidade, e \u00e9 um local popular para as fam\u00edlias relaxarem e apreciarem as atrac\u00e7\u00f5es. H\u00e1 uma \u00e1rea de recreio para crian\u00e7as, um lago, um caminho-de-ferro em miniatura e algumas outras atrac\u00e7\u00f5es.<\/li>\n<li>\nO Museu Cabon: Localizado a apenas 5 km de Baia Mare, este museu exibe os minerais que t\u00eam sido extra\u00eddos das minas pr\u00f3ximas desde o s\u00e9culo XIX. Muitos f\u00f3sseis tamb\u00e9m podem ser encontrados neste museu.<\/li>\n<\/ul>\n<p>\nDe especial interesse \u00e9 o chamado <strong>Butchers$0027 Bastion<\/strong> em Piata Izvoarele. Parece ter sido erguido pelo Gr\u00e9mio cuja miss\u00e3o era defender esta parte das paredes, embora a outra vers\u00e3o que foi o Gr\u00e9mio dos talhantes que pagou pela sua constru\u00e7\u00e3o fa\u00e7a mais sentido.<\/p>\n<p>\nPerto do basti\u00e3o est\u00e1 o mercado, o que nos d\u00e1 um vislumbre da vida di\u00e1ria do povo de Maramures, e nos permite ver os produtos cultivados nesta terra f\u00e9rtil.\u00a0Continuando para norte ao longo da Rua 1 de Mai veremos a fachada da Catedral Barroca da Sant\u00edssima Trindade do s\u00e9culo XVIII.<\/p>\n<p>\nEm <strong>Piata Libertatii<\/strong> , al\u00e9m de uma grande atmosfera c\u00edvica, encontramos o edif\u00edcio mais antigo, datado de 1440, e localizado no lado leste da pra\u00e7a. Faz parte do edif\u00edcio com que o pr\u00edncipe transilv\u00e2nico Iancu de Hunedoara apresentou a sua esposa Elisabeta. Na mesma pra\u00e7a vamos aquecer os nossos corpos subindo \u00e0 torre do rel\u00f3gio de Stephen (Turnul lui Stefan), em estilo g\u00f3tico.<\/p>\n<p> Em torno de Baia Mare<\/strong> <\/h3>\n<p>\nBaia Mare pode servir como cidade de charneira para conhecer toda a regi\u00e3o de Maramures, que \u00e9 dominada por uma geografia montanhosa cheia de colinas. Os destaques incluem a reserva natural de Gutai-Ignis, as igrejas de madeira de Surdesti e Plopis, os vales de Viseu, Iza e Mara, e claro o Parque Nacional Rodnei, uma reserva da biosfera da UNESCO.<\/p>\n<p> Como chegar a Baia Mare<\/strong> <\/h2>\n<p>\nO aeroporto mais pr\u00f3ximo de Baia Mare \u00e9 o aeroporto de Sigi em Sighisoara, que fica a cerca de 74 km de dist\u00e2ncia. Do aeroporto, pode apanhar um t\u00e1xi ou alugar um carro para viajar para o centro da cidade. Se planeia apanhar o comboio, a esta\u00e7\u00e3o mais pr\u00f3xima fica em Sighisoara, a cerca de 74 km do centro da cidade. De l\u00e1, pode apanhar um t\u00e1xi ou alugar um carro para viajar para Baia Mare.<\/p>\n<h2>\nHot\u00e9is em baia mare romania<\/h2>\n<p>\nExistem muitos tipos de hot\u00e9is em Baia Mare, desde hot\u00e9is de luxo a albergues a pre\u00e7os acess\u00edveis. Pode encontrar v\u00e1rios hot\u00e9is no centro da cidade, bem como alguns outros hot\u00e9is mesmo fora do centro da cidade. Se procura um hotel de luxo na cidade de Baia Mare, o Grand Hotel Baia Mare \u00e9 uma excelente escolha. O hotel oferece uma grande variedade de quartos, incluindo quartos standard, quartos familiares e suites. Pode tamb\u00e9m encontrar outros hot\u00e9is nas proximidades, tais como Hotel Imperial, Hotel Transilvania, Hotel Parul, Hotel Fagul Ro\u0219, Hotel Victoria, Hotel Balul Ros, Hotel Parcul e Hotel Dacia <\/p>\n<p>.<\/p>\n","protected":false},"excerpt":{"rendered":"<p>A cidade de Baia Mare na Rom\u00e9nia est\u00e1 localizada no norte do pa\u00eds e tem uma popula\u00e7\u00e3o de mais de 90.000 habitantes. \u00c9 uma das maiores cidades do Condado de Maramures, e \u00e9 um destino tur\u00edstico importante pelos seus muitos pontos tur\u00edsticos e atrac\u00e7\u00f5es naturais. Se est\u00e1 a planear uma viagem a esta bela cidade &hellip;<\/p>\n<p class=\"read-more\"> <a class=\"\" href=\"https:\/\/roadtoromania.com\/pt-pt\/cidades-e-regioes-da-romenia\/baia-mare\/\"> <span class=\"screen-reader-text\">Baia Mare<\/span> Read More \u00bb<\/a><\/p>\n","protected":false},"author":1,"featured_media":1092,"parent":3264,"menu_order":0,"comment_status":"open","ping_status":"open","template":"","meta":{"site-sidebar-layout":"default","site-content-layout":"default","ast-global-header-display":"","ast-main-header-display":"","ast-hfb-above-header-display":"","ast-hfb-below-header-display":"","ast-hfb-mobile-header-display":"","site-post-title":"","ast-breadcrumbs-content":"","ast-featured-img":"","footer-sml-layout":"","theme-transparent-header-meta":"","adv-header-id-meta":"","stick-header-meta":"","header-above-stick-meta":"","header-main-stick-meta":"","header-below-stick-meta":"","footnotes":""},"class_list":["post-3269","page","type-page","status-publish","has-post-thumbnail","hentry"],"yoast_head":"<!-- This site is optimized with the Yoast SEO plugin v19.10 - https:\/\/yoast.com\/wordpress\/plugins\/seo\/ -->\n<title>Baia Mare - Road to Romania<\/title>\n<meta name=\"robots\" content=\"index, follow, max-snippet:-1, max-image-preview:large, max-video-preview:-1\" \/>\n<link rel=\"canonical\" href=\"https:\/\/roadtoromania.com\/pt-pt\/cidades-e-regioes-da-romenia\/baia-mare\/\" \/>\n<meta property=\"og:locale\" content=\"pt_PT\" \/>\n<meta property=\"og:type\" content=\"article\" \/>\n<meta property=\"og:title\" content=\"Baia Mare - Road to Romania\" \/>\n<meta property=\"og:description\" content=\"A cidade de Baia Mare na Rom\u00e9nia est\u00e1 localizada no norte do pa\u00eds e tem uma popula\u00e7\u00e3o de mais de 90.000 habitantes. \u00c9 uma das maiores cidades do Condado de Maramures, e \u00e9 um destino tur\u00edstico importante pelos seus muitos pontos tur\u00edsticos e atrac\u00e7\u00f5es naturais. Se est\u00e1 a planear uma viagem a esta bela cidade &hellip; Baia Mare Read More \u00bb\" \/>\n<meta property=\"og:url\" content=\"https:\/\/roadtoromania.com\/pt-pt\/cidades-e-regioes-da-romenia\/baia-mare\/\" \/>\n<meta property=\"og:site_name\" content=\"Road to Romania\" \/>\n<meta property=\"article:modified_time\" content=\"2022-10-21T16:57:38+00:00\" \/>\n<meta property=\"og:image\" content=\"https:\/\/roadtoromania.com\/wp-content\/uploads\/2022\/10\/baia-mare-medieval-festival-rumania-1.jpg\" \/>\n\t<meta property=\"og:image:width\" content=\"768\" \/>\n\t<meta property=\"og:image:height\" content=\"576\" \/>\n\t<meta property=\"og:image:type\" content=\"image\/jpeg\" \/>\n<meta name=\"twitter:card\" content=\"summary_large_image\" \/>\n<meta name=\"twitter:label1\" content=\"Tempo estimado de leitura\" \/>\n\t<meta name=\"twitter:data1\" content=\"5 minutos\" \/>\n<script type=\"application\/ld+json\" class=\"yoast-schema-graph\">{\"@context\":\"https:\/\/schema.org\",\"@graph\":[{\"@type\":\"WebPage\",\"@id\":\"https:\/\/roadtoromania.com\/pt-pt\/cidades-e-regioes-da-romenia\/baia-mare\/\",\"url\":\"https:\/\/roadtoromania.com\/pt-pt\/cidades-e-regioes-da-romenia\/baia-mare\/\",\"name\":\"Baia Mare - Road to Romania\",\"isPartOf\":{\"@id\":\"https:\/\/roadtoromania.com\/pt-pt\/#website\"},\"datePublished\":\"2022-10-15T18:40:09+00:00\",\"dateModified\":\"2022-10-21T16:57:38+00:00\",\"breadcrumb\":{\"@id\":\"https:\/\/roadtoromania.com\/pt-pt\/cidades-e-regioes-da-romenia\/baia-mare\/#breadcrumb\"},\"inLanguage\":\"pt-PT\",\"potentialAction\":[{\"@type\":\"ReadAction\",\"target\":[\"https:\/\/roadtoromania.com\/pt-pt\/cidades-e-regioes-da-romenia\/baia-mare\/\"]}]},{\"@type\":\"BreadcrumbList\",\"@id\":\"https:\/\/roadtoromania.com\/pt-pt\/cidades-e-regioes-da-romenia\/baia-mare\/#breadcrumb\",\"itemListElement\":[{\"@type\":\"ListItem\",\"position\":1,\"name\":\"Home\",\"item\":\"https:\/\/roadtoromania.com\/pt-pt\/\"},{\"@type\":\"ListItem\",\"position\":2,\"name\":\"Cidades e regi\u00f5es da Rom\u00e9nia\",\"item\":\"https:\/\/roadtoromania.com\/pt-pt\/cidades-e-regioes-da-romenia\/\"},{\"@type\":\"ListItem\",\"position\":3,\"name\":\"Baia Mare\"}]},{\"@type\":\"WebSite\",\"@id\":\"https:\/\/roadtoromania.com\/pt-pt\/#website\",\"url\":\"https:\/\/roadtoromania.com\/pt-pt\/\",\"name\":\"Road to Romania\",\"description\":\"O blog onde encontrar\u00e1 toda a informa\u00e7\u00e3o de que necessita para desfrutar da Rom\u00e9nia.\",\"potentialAction\":[{\"@type\":\"SearchAction\",\"target\":{\"@type\":\"EntryPoint\",\"urlTemplate\":\"https:\/\/roadtoromania.com\/pt-pt\/?s={search_term_string}\"},\"query-input\":\"required name=search_term_string\"}],\"inLanguage\":\"pt-PT\"}]}<\/script>\n<!-- \/ Yoast SEO plugin. -->","yoast_head_json":{"title":"Baia Mare - Road to Romania","robots":{"index":"index","follow":"follow","max-snippet":"max-snippet:-1","max-image-preview":"max-image-preview:large","max-video-preview":"max-video-preview:-1"},"canonical":"https:\/\/roadtoromania.com\/pt-pt\/cidades-e-regioes-da-romenia\/baia-mare\/","og_locale":"pt_PT","og_type":"article","og_title":"Baia Mare - Road to Romania","og_description":"A cidade de Baia Mare na Rom\u00e9nia est\u00e1 localizada no norte do pa\u00eds e tem uma popula\u00e7\u00e3o de mais de 90.000 habitantes. \u00c9 uma das maiores cidades do Condado de Maramures, e \u00e9 um destino tur\u00edstico importante pelos seus muitos pontos tur\u00edsticos e atrac\u00e7\u00f5es naturais. Se est\u00e1 a planear uma viagem a esta bela cidade &hellip; Baia Mare Read More \u00bb","og_url":"https:\/\/roadtoromania.com\/pt-pt\/cidades-e-regioes-da-romenia\/baia-mare\/","og_site_name":"Road to Romania","article_modified_time":"2022-10-21T16:57:38+00:00","og_image":[{"width":768,"height":576,"url":"https:\/\/roadtoromania.com\/wp-content\/uploads\/2022\/10\/baia-mare-medieval-festival-rumania-1.jpg","type":"image\/jpeg"}],"twitter_card":"summary_large_image","twitter_misc":{"Tempo estimado de leitura":"5 minutos"},"schema":{"@context":"https:\/\/schema.org","@graph":[{"@type":"WebPage","@id":"https:\/\/roadtoromania.com\/pt-pt\/cidades-e-regioes-da-romenia\/baia-mare\/","url":"https:\/\/roadtoromania.com\/pt-pt\/cidades-e-regioes-da-romenia\/baia-mare\/","name":"Baia Mare - Road to Romania","isPartOf":{"@id":"https:\/\/roadtoromania.com\/pt-pt\/#website"},"datePublished":"2022-10-15T18:40:09+00:00","dateModified":"2022-10-21T16:57:38+00:00","breadcrumb":{"@id":"https:\/\/roadtoromania.com\/pt-pt\/cidades-e-regioes-da-romenia\/baia-mare\/#breadcrumb"},"inLanguage":"pt-PT","potentialAction":[{"@type":"ReadAction","target":["https:\/\/roadtoromania.com\/pt-pt\/cidades-e-regioes-da-romenia\/baia-mare\/"]}]},{"@type":"BreadcrumbList","@id":"https:\/\/roadtoromania.com\/pt-pt\/cidades-e-regioes-da-romenia\/baia-mare\/#breadcrumb","itemListElement":[{"@type":"ListItem","position":1,"name":"Home","item":"https:\/\/roadtoromania.com\/pt-pt\/"},{"@type":"ListItem","position":2,"name":"Cidades e regi\u00f5es da Rom\u00e9nia","item":"https:\/\/roadtoromania.com\/pt-pt\/cidades-e-regioes-da-romenia\/"},{"@type":"ListItem","position":3,"name":"Baia Mare"}]},{"@type":"WebSite","@id":"https:\/\/roadtoromania.com\/pt-pt\/#website","url":"https:\/\/roadtoromania.com\/pt-pt\/","name":"Road to Romania","description":"O blog onde encontrar\u00e1 toda a informa\u00e7\u00e3o de que necessita para desfrutar da Rom\u00e9nia.","potentialAction":[{"@type":"SearchAction","target":{"@type":"EntryPoint","urlTemplate":"https:\/\/roadtoromania.com\/pt-pt\/?s={search_term_string}"},"query-input":"required name=search_term_string"}],"inLanguage":"pt-PT"}]}},"_links":{"self":[{"href":"https:\/\/roadtoromania.com\/pt-pt\/wp-json\/wp\/v2\/pages\/3269","targetHints":{"allow":["GET"]}}],"collection":[{"href":"https:\/\/roadtoromania.com\/pt-pt\/wp-json\/wp\/v2\/pages"}],"about":[{"href":"https:\/\/roadtoromania.com\/pt-pt\/wp-json\/wp\/v2\/types\/page"}],"author":[{"embeddable":true,"href":"https:\/\/roadtoromania.com\/pt-pt\/wp-json\/wp\/v2\/users\/1"}],"replies":[{"embeddable":true,"href":"https:\/\/roadtoromania.com\/pt-pt\/wp-json\/wp\/v2\/comments?post=3269"}],"version-history":[{"count":0,"href":"https:\/\/roadtoromania.com\/pt-pt\/wp-json\/wp\/v2\/pages\/3269\/revisions"}],"up":[{"embeddable":true,"href":"https:\/\/roadtoromania.com\/pt-pt\/wp-json\/wp\/v2\/pages\/3264"}],"wp:featuredmedia":[{"embeddable":true,"href":"https:\/\/roadtoromania.com\/pt-pt\/wp-json\/wp\/v2\/media\/1092"}],"wp:attachment":[{"href":"https:\/\/roadtoromania.com\/pt-pt\/wp-json\/wp\/v2\/media?parent=3269"}],"curies":[{"name":"wp","href":"https:\/\/api.w.org\/{rel}","templated":true}]}}