{"id":3275,"date":"2022-10-15T18:40:11","date_gmt":"2022-10-15T18:40:11","guid":{"rendered":"https:\/\/roadtoromania.com\/cidades-e-regioes-da-romenia\/bucharest\/o-antigo-bairro-de-curtea-veche\/"},"modified":"2022-10-21T16:57:47","modified_gmt":"2022-10-21T16:57:47","slug":"o-antigo-bairro-de-curtea-veche","status":"publish","type":"page","link":"https:\/\/roadtoromania.com\/pt-pt\/cidades-e-regioes-da-romenia\/bucharest\/o-antigo-bairro-de-curtea-veche\/","title":{"rendered":"O antigo bairro de Curtea Veche"},"content":{"rendered":"<p>O antigo <a href=\"https:\/\/roadtoromania.com\/pt-pt\/cidades-e-regioes-da-romenia\/bucharest\/\"><\/strong> Bucareste<\/strong><\/a> bairro medieval \u00e9 chamado<\/strong> Curtea Veche<\/strong> (Corte Antiga), uma vez que depois do inc\u00eandio de 1718 que deixou o centro hist\u00f3rico em cinzas, a corte real mudou-se para o exterior.<\/p>\n<p><img decoding=\"async\" src=\"https:\/\/roadtoromania.com\/wp-content\/uploads\/2022\/10\/curtea_veche_bucarest.jpg\" \/>Ru\u00ednas do Pal\u00e1cio Curtea Veche em Bucareste<\/p>\n<p>\n\u00a0<\/p>\n<p>\nNa estrutura das ruas estreitas do bairro Curtea Veche concentraram-se as guildas, Gabroveni (que trouxeram tecidos b\u00falgaros da cidade de Gabrovo), Sepcari (chapeleiros), Covaci (casas de arte), Lipscani (com produtos importados de Lepizig), ou os Selari (seladores ou seladores que trabalhavam o couro para as selas dos cavalos).<\/p>\n<p>\nAlguns dos edif\u00edcios actuais na \u00e1rea de Curtea Veche s\u00e3o a Biblioteca Nacional, o Banco Nacional da Rom\u00e9nia, o Museu do Pal\u00e1cio de Curtea Veche, a igreja do antigo Principado (chamada Igreja da Anuncia\u00e7\u00e3o), o monumento mais antigo da cidade antiga), o Hanul Manuc Inn, a cervejaria  <strong>o restaurante Caru cu Bere,<\/strong><\/a> o Museu Nacional de Hist\u00f3ria, bem como numerosas igrejas como a Igreja de Stavropoleos.<\/p>\n<p><img decoding=\"async\" src=\"https:\/\/roadtoromania.com\/wp-content\/uploads\/2022\/10\/barrio_curtea_veche.jpg\" \/>igreja do antigo Princely Court<br \/>\n A Corte Real<\/strong> <\/h2>\n<p>\nOs historiadores colocam o aparecimento da corte real de Curtea Veche em Bucareste por volta do final do s\u00e9culo XIV e in\u00edcio do XV, quando Mircea o Anci\u00e3o a fundou, com um complexo fortificado rodeado por um fosso. Vlad Tepes mudou mais tarde o lugar real de <a href=\"https:\/\/roadtoromania.com\/pt-pt\/cidades-e-regioes-da-romenia\/targoviste-tirgoviste\/\"> <strong>T\u00e2rgovi\u0219te<\/strong><\/a> <\/p>\n<p>\nAbandonadas durante muitos anos, apenas escava\u00e7\u00f5es arqueol\u00f3gicas permitiram valorizar os restos conservados. No Museu Curtea Veche podemos aprender mais sobre a hist\u00f3ria da corte medieval.<\/p>\n<p> Mapa do bairro Curtea Veche<\/strong> <\/h2>\n","protected":false},"excerpt":{"rendered":"<p>O antigo Bucareste bairro medieval \u00e9 chamado Curtea Veche (Corte Antiga), uma vez que depois do inc\u00eandio de 1718 que deixou o centro hist\u00f3rico em cinzas, a corte real mudou-se para o exterior. Ru\u00ednas do Pal\u00e1cio Curtea Veche em Bucareste \u00a0 Na estrutura das ruas estreitas do bairro Curtea Veche concentraram-se as guildas, Gabroveni (que &hellip;<\/p>\n<p class=\"read-more\"> <a class=\"\" href=\"https:\/\/roadtoromania.com\/pt-pt\/cidades-e-regioes-da-romenia\/bucharest\/o-antigo-bairro-de-curtea-veche\/\"> <span class=\"screen-reader-text\">O antigo bairro de Curtea Veche<\/span> Read More \u00bb<\/a><\/p>\n","protected":false},"author":1,"featured_media":1158,"parent":3273,"menu_order":0,"comment_status":"open","ping_status":"open","template":"","meta":{"site-sidebar-layout":"default","site-content-layout":"default","ast-global-header-display":"","ast-main-header-display":"","ast-hfb-above-header-display":"","ast-hfb-below-header-display":"","ast-hfb-mobile-header-display":"","site-post-title":"","ast-breadcrumbs-content":"","ast-featured-img":"","footer-sml-layout":"","theme-transparent-header-meta":"default","adv-header-id-meta":"","stick-header-meta":"","header-above-stick-meta":"","header-main-stick-meta":"","header-below-stick-meta":"","footnotes":""},"class_list":["post-3275","page","type-page","status-publish","has-post-thumbnail","hentry"],"yoast_head":"<!-- This site is optimized with the Yoast SEO plugin v19.10 - https:\/\/yoast.com\/wordpress\/plugins\/seo\/ -->\n<title>O antigo bairro de Curtea Veche - Road to Romania<\/title>\n<meta name=\"robots\" content=\"index, follow, max-snippet:-1, max-image-preview:large, max-video-preview:-1\" \/>\n<link rel=\"canonical\" href=\"https:\/\/roadtoromania.com\/pt-pt\/cidades-e-regioes-da-romenia\/bucharest\/o-antigo-bairro-de-curtea-veche\/\" \/>\n<meta property=\"og:locale\" content=\"pt_PT\" \/>\n<meta property=\"og:type\" content=\"article\" \/>\n<meta property=\"og:title\" content=\"O antigo bairro de Curtea Veche - Road to Romania\" \/>\n<meta property=\"og:description\" content=\"O antigo Bucareste bairro medieval \u00e9 chamado Curtea Veche (Corte Antiga), uma vez que depois do inc\u00eandio de 1718 que deixou o centro hist\u00f3rico em cinzas, a corte real mudou-se para o exterior. Ru\u00ednas do Pal\u00e1cio Curtea Veche em Bucareste \u00a0 Na estrutura das ruas estreitas do bairro Curtea Veche concentraram-se as guildas, Gabroveni (que &hellip; O antigo bairro de Curtea Veche Read More \u00bb\" \/>\n<meta property=\"og:url\" content=\"https:\/\/roadtoromania.com\/pt-pt\/cidades-e-regioes-da-romenia\/bucharest\/o-antigo-bairro-de-curtea-veche\/\" \/>\n<meta property=\"og:site_name\" content=\"Road to Romania\" \/>\n<meta property=\"article:modified_time\" content=\"2022-10-21T16:57:47+00:00\" \/>\n<meta property=\"og:image\" content=\"https:\/\/roadtoromania.com\/wp-content\/uploads\/2022\/10\/curtea_veche_bucarest-1.jpg\" \/>\n\t<meta property=\"og:image:width\" content=\"750\" \/>\n\t<meta property=\"og:image:height\" content=\"655\" \/>\n\t<meta property=\"og:image:type\" content=\"image\/jpeg\" \/>\n<meta name=\"twitter:card\" content=\"summary_large_image\" \/>\n<meta name=\"twitter:label1\" content=\"Tempo estimado de leitura\" \/>\n\t<meta name=\"twitter:data1\" content=\"1 minuto\" \/>\n<script type=\"application\/ld+json\" class=\"yoast-schema-graph\">{\"@context\":\"https:\/\/schema.org\",\"@graph\":[{\"@type\":\"WebPage\",\"@id\":\"https:\/\/roadtoromania.com\/pt-pt\/cidades-e-regioes-da-romenia\/bucharest\/o-antigo-bairro-de-curtea-veche\/\",\"url\":\"https:\/\/roadtoromania.com\/pt-pt\/cidades-e-regioes-da-romenia\/bucharest\/o-antigo-bairro-de-curtea-veche\/\",\"name\":\"O antigo bairro de Curtea Veche - Road to Romania\",\"isPartOf\":{\"@id\":\"https:\/\/roadtoromania.com\/pt-pt\/#website\"},\"datePublished\":\"2022-10-15T18:40:11+00:00\",\"dateModified\":\"2022-10-21T16:57:47+00:00\",\"breadcrumb\":{\"@id\":\"https:\/\/roadtoromania.com\/pt-pt\/cidades-e-regioes-da-romenia\/bucharest\/o-antigo-bairro-de-curtea-veche\/#breadcrumb\"},\"inLanguage\":\"pt-PT\",\"potentialAction\":[{\"@type\":\"ReadAction\",\"target\":[\"https:\/\/roadtoromania.com\/pt-pt\/cidades-e-regioes-da-romenia\/bucharest\/o-antigo-bairro-de-curtea-veche\/\"]}]},{\"@type\":\"BreadcrumbList\",\"@id\":\"https:\/\/roadtoromania.com\/pt-pt\/cidades-e-regioes-da-romenia\/bucharest\/o-antigo-bairro-de-curtea-veche\/#breadcrumb\",\"itemListElement\":[{\"@type\":\"ListItem\",\"position\":1,\"name\":\"Home\",\"item\":\"https:\/\/roadtoromania.com\/pt-pt\/\"},{\"@type\":\"ListItem\",\"position\":2,\"name\":\"Cidades e regi\u00f5es da Rom\u00e9nia\",\"item\":\"https:\/\/roadtoromania.com\/pt-pt\/cidades-e-regioes-da-romenia\/\"},{\"@type\":\"ListItem\",\"position\":3,\"name\":\"bucharest\",\"item\":\"https:\/\/roadtoromania.com\/pt-pt\/cidades-e-regioes-da-romenia\/bucharest\/\"},{\"@type\":\"ListItem\",\"position\":4,\"name\":\"O antigo bairro de Curtea Veche\"}]},{\"@type\":\"WebSite\",\"@id\":\"https:\/\/roadtoromania.com\/pt-pt\/#website\",\"url\":\"https:\/\/roadtoromania.com\/pt-pt\/\",\"name\":\"Road to Romania\",\"description\":\"O blog onde encontrar\u00e1 toda a informa\u00e7\u00e3o de que necessita para desfrutar da Rom\u00e9nia.\",\"potentialAction\":[{\"@type\":\"SearchAction\",\"target\":{\"@type\":\"EntryPoint\",\"urlTemplate\":\"https:\/\/roadtoromania.com\/pt-pt\/?s={search_term_string}\"},\"query-input\":\"required name=search_term_string\"}],\"inLanguage\":\"pt-PT\"}]}<\/script>\n<!-- \/ Yoast SEO plugin. -->","yoast_head_json":{"title":"O antigo bairro de Curtea Veche - Road to Romania","robots":{"index":"index","follow":"follow","max-snippet":"max-snippet:-1","max-image-preview":"max-image-preview:large","max-video-preview":"max-video-preview:-1"},"canonical":"https:\/\/roadtoromania.com\/pt-pt\/cidades-e-regioes-da-romenia\/bucharest\/o-antigo-bairro-de-curtea-veche\/","og_locale":"pt_PT","og_type":"article","og_title":"O antigo bairro de Curtea Veche - Road to Romania","og_description":"O antigo Bucareste bairro medieval \u00e9 chamado Curtea Veche (Corte Antiga), uma vez que depois do inc\u00eandio de 1718 que deixou o centro hist\u00f3rico em cinzas, a corte real mudou-se para o exterior. Ru\u00ednas do Pal\u00e1cio Curtea Veche em Bucareste \u00a0 Na estrutura das ruas estreitas do bairro Curtea Veche concentraram-se as guildas, Gabroveni (que &hellip; O antigo bairro de Curtea Veche Read More \u00bb","og_url":"https:\/\/roadtoromania.com\/pt-pt\/cidades-e-regioes-da-romenia\/bucharest\/o-antigo-bairro-de-curtea-veche\/","og_site_name":"Road to Romania","article_modified_time":"2022-10-21T16:57:47+00:00","og_image":[{"width":750,"height":655,"url":"https:\/\/roadtoromania.com\/wp-content\/uploads\/2022\/10\/curtea_veche_bucarest-1.jpg","type":"image\/jpeg"}],"twitter_card":"summary_large_image","twitter_misc":{"Tempo estimado de leitura":"1 minuto"},"schema":{"@context":"https:\/\/schema.org","@graph":[{"@type":"WebPage","@id":"https:\/\/roadtoromania.com\/pt-pt\/cidades-e-regioes-da-romenia\/bucharest\/o-antigo-bairro-de-curtea-veche\/","url":"https:\/\/roadtoromania.com\/pt-pt\/cidades-e-regioes-da-romenia\/bucharest\/o-antigo-bairro-de-curtea-veche\/","name":"O antigo bairro de Curtea Veche - Road to Romania","isPartOf":{"@id":"https:\/\/roadtoromania.com\/pt-pt\/#website"},"datePublished":"2022-10-15T18:40:11+00:00","dateModified":"2022-10-21T16:57:47+00:00","breadcrumb":{"@id":"https:\/\/roadtoromania.com\/pt-pt\/cidades-e-regioes-da-romenia\/bucharest\/o-antigo-bairro-de-curtea-veche\/#breadcrumb"},"inLanguage":"pt-PT","potentialAction":[{"@type":"ReadAction","target":["https:\/\/roadtoromania.com\/pt-pt\/cidades-e-regioes-da-romenia\/bucharest\/o-antigo-bairro-de-curtea-veche\/"]}]},{"@type":"BreadcrumbList","@id":"https:\/\/roadtoromania.com\/pt-pt\/cidades-e-regioes-da-romenia\/bucharest\/o-antigo-bairro-de-curtea-veche\/#breadcrumb","itemListElement":[{"@type":"ListItem","position":1,"name":"Home","item":"https:\/\/roadtoromania.com\/pt-pt\/"},{"@type":"ListItem","position":2,"name":"Cidades e regi\u00f5es da Rom\u00e9nia","item":"https:\/\/roadtoromania.com\/pt-pt\/cidades-e-regioes-da-romenia\/"},{"@type":"ListItem","position":3,"name":"bucharest","item":"https:\/\/roadtoromania.com\/pt-pt\/cidades-e-regioes-da-romenia\/bucharest\/"},{"@type":"ListItem","position":4,"name":"O antigo bairro de Curtea Veche"}]},{"@type":"WebSite","@id":"https:\/\/roadtoromania.com\/pt-pt\/#website","url":"https:\/\/roadtoromania.com\/pt-pt\/","name":"Road to Romania","description":"O blog onde encontrar\u00e1 toda a informa\u00e7\u00e3o de que necessita para desfrutar da Rom\u00e9nia.","potentialAction":[{"@type":"SearchAction","target":{"@type":"EntryPoint","urlTemplate":"https:\/\/roadtoromania.com\/pt-pt\/?s={search_term_string}"},"query-input":"required name=search_term_string"}],"inLanguage":"pt-PT"}]}},"_links":{"self":[{"href":"https:\/\/roadtoromania.com\/pt-pt\/wp-json\/wp\/v2\/pages\/3275","targetHints":{"allow":["GET"]}}],"collection":[{"href":"https:\/\/roadtoromania.com\/pt-pt\/wp-json\/wp\/v2\/pages"}],"about":[{"href":"https:\/\/roadtoromania.com\/pt-pt\/wp-json\/wp\/v2\/types\/page"}],"author":[{"embeddable":true,"href":"https:\/\/roadtoromania.com\/pt-pt\/wp-json\/wp\/v2\/users\/1"}],"replies":[{"embeddable":true,"href":"https:\/\/roadtoromania.com\/pt-pt\/wp-json\/wp\/v2\/comments?post=3275"}],"version-history":[{"count":0,"href":"https:\/\/roadtoromania.com\/pt-pt\/wp-json\/wp\/v2\/pages\/3275\/revisions"}],"up":[{"embeddable":true,"href":"https:\/\/roadtoromania.com\/pt-pt\/wp-json\/wp\/v2\/pages\/3273"}],"wp:featuredmedia":[{"embeddable":true,"href":"https:\/\/roadtoromania.com\/pt-pt\/wp-json\/wp\/v2\/media\/1158"}],"wp:attachment":[{"href":"https:\/\/roadtoromania.com\/pt-pt\/wp-json\/wp\/v2\/media?parent=3275"}],"curies":[{"name":"wp","href":"https:\/\/api.w.org\/{rel}","templated":true}]}}