{"id":3279,"date":"2022-10-15T18:40:11","date_gmt":"2022-10-15T18:40:11","guid":{"rendered":"https:\/\/roadtoromania.com\/cidades-e-regioes-da-romenia\/bucharest\/parque-herastrau\/"},"modified":"2022-10-21T16:57:47","modified_gmt":"2022-10-21T16:57:47","slug":"parque-herastrau","status":"publish","type":"page","link":"https:\/\/roadtoromania.com\/pt-pt\/cidades-e-regioes-da-romenia\/bucharest\/parque-herastrau\/","title":{"rendered":"Parque Herastrau"},"content":{"rendered":"<p>O <strong>Parque Herastrau (Her\u0103str\u0103u<\/strong> ) \u00e9 uma das <strong>principais atrac\u00e7\u00f5es tur\u00edsticas em Bucareste<\/strong> . \u00c9 a maior \u00e1rea verde de toda a cidade, o seu elemento central \u00e9 um belo lago com o nome de Her\u0103str\u0103u <\/p>\n<p>.<\/p>\n<p>\nO parque \u00e9 tamb\u00e9m o lar de um dos museus mais renomados da Rom\u00e9nia, o Museu Satului. Se for a Bucareste, n\u00e3o perca uma boa caminhada no Parque Her\u0103str\u0103u.<\/p>\n<p>\nHer\u0103str\u0103u O parque \u00e9 t\u00e3o grande que basicamente para dar o seu endere\u00e7o basta dizer que \u00e9 a parte norte de Bucareste, pois cobre quase toda a largura da cidade. Actualmente, cobre uma \u00e1rea de 1,1 quil\u00f3metros quadrados. Dos quais 0,7 km2 de superf\u00edcie \u00e9 coberta pelo lago Her\u0103str\u0103u<\/p>\n<h2>\nHist\u00f3ria de Her\u0103str\u0103u Park<\/h2>\n<p>\nNo passado, a \u00e1rea onde o Parque Herastrau est\u00e1 agora localizado careceu de gra\u00e7a urban\u00edstica, pois era apenas um cenegal lamacento e h\u00famido.<\/p>\n<p>\nJ\u00e1 em 1806, as classes altas come\u00e7aram a passear e a relaxar nas margens do Lago Her\u0103str\u0103u. No entanto, s\u00f3 em 1930 \u00e9 que a \u00e1rea foi tra\u00e7ada, os caminhos foram tra\u00e7ados e o pr\u00f3prio parque foi constru\u00eddo.<\/p>\n<p>\nEm 1936, Her\u0103str\u0103u Park foi aberto ao p\u00fablico. Ao longo dos anos, todos os governos do pa\u00eds nomearam e moldaram o parque. Passou pelos nomes de Parque Nacional, Parque Carol II, Parque I at\u00e9 chegar ao seu nome actual.<\/p>\n<h2>\nAtrac\u00e7\u00f5es Tur\u00edsticas do Parque Herastrau<\/h2>\n<p>\nO Parque Herastrau est\u00e1 dividido em duas zonas, uma \u00e9 para actividades socioculturais e recreativas, nesta zona existem bibliotecas, exposi\u00e7\u00f5es de arte, teatros e pessoas que passam o seu tempo a ler, a jogar xadrez, a descansar ou a absorver a cultura. A outra zona, do outro lado do lago, \u00e9 para actividades desportivas onde os amantes do divertimento encontrar\u00e3o um lugar para desfrutar de breakdancing, ciclismo ou skate.<\/p>\n<p> Em Her\u0103str\u0103u Park, h\u00e1 uma s\u00e9rie de atrac\u00e7\u00f5es tur\u00edsticas que n\u00e3o deve ignorar, dir-lhe-emos algumas das coisas que existem ou que pode fazer aqui:<\/strong> <\/p>\n<\/p>\n<p>&#8211; Utilizar instala\u00e7\u00f5es desportivas, ou comer em bons restaurantes;<br \/>\n&#8211;<\/strong> Admire a expoflora<\/strong> , onde ver\u00e1 decora\u00e7\u00f5es art\u00edsticas feitas de flores em diferentes \u00e9pocas do ano, veja a Ilha das Rosas onde desde Junho at\u00e9 ao final do Outono as cores se combinam harmoniosamente ou veja o jardim concebido em 1998 em estilo japon\u00eas<\/p>\n<p> &#8211; Passeando ao longo dos caminhos<\/strong> , n\u00e3o s\u00f3 desfrutar\u00e1 de um agrad\u00e1vel passeio mas tamb\u00e9m descobrir\u00e1 quem foram importantes personalidades nacionais ou mundiais gra\u00e7as \u00e0s muitas esculturas, est\u00e1tuas e monumentos que enchem o parque <\/p>\n<p>.<\/p>\n<p>\n <strong>&#8211; Lago Her\u0103str\u0103u<\/strong> , que no Ver\u00e3o pode andar de barco nele e no Inverno pode patinar no gelo em que se transforma.<\/p>\n<p>\n <strong>&#8211; Museu Satului<\/strong> . Nesta \u00e1rea pode entrar num dos maiores museus etnogr\u00e1ficos existentes se pagar uma taxa de entrada e sair durante as horas de visita.<\/p>\n<p> Localiza\u00e7\u00e3o do Parque Herastrau em Bucareste<\/strong> <\/p>\n","protected":false},"excerpt":{"rendered":"<p>O Parque Herastrau (Her\u0103str\u0103u ) \u00e9 uma das principais atrac\u00e7\u00f5es tur\u00edsticas em Bucareste . \u00c9 a maior \u00e1rea verde de toda a cidade, o seu elemento central \u00e9 um belo lago com o nome de Her\u0103str\u0103u . O parque \u00e9 tamb\u00e9m o lar de um dos museus mais renomados da Rom\u00e9nia, o Museu Satului. Se &hellip;<\/p>\n<p class=\"read-more\"> <a class=\"\" href=\"https:\/\/roadtoromania.com\/pt-pt\/cidades-e-regioes-da-romenia\/bucharest\/parque-herastrau\/\"> <span class=\"screen-reader-text\">Parque Herastrau<\/span> Read More \u00bb<\/a><\/p>\n","protected":false},"author":1,"featured_media":0,"parent":3273,"menu_order":0,"comment_status":"open","ping_status":"open","template":"","meta":{"site-sidebar-layout":"default","site-content-layout":"default","ast-global-header-display":"","ast-main-header-display":"","ast-hfb-above-header-display":"","ast-hfb-below-header-display":"","ast-hfb-mobile-header-display":"","site-post-title":"","ast-breadcrumbs-content":"","ast-featured-img":"","footer-sml-layout":"","theme-transparent-header-meta":"","adv-header-id-meta":"","stick-header-meta":"","header-above-stick-meta":"","header-main-stick-meta":"","header-below-stick-meta":"","footnotes":""},"class_list":["post-3279","page","type-page","status-publish","hentry"],"yoast_head":"<!-- This site is optimized with the Yoast SEO plugin v19.10 - https:\/\/yoast.com\/wordpress\/plugins\/seo\/ -->\n<title>Parque Herastrau - Road to Romania<\/title>\n<meta name=\"robots\" content=\"index, follow, max-snippet:-1, max-image-preview:large, max-video-preview:-1\" \/>\n<link rel=\"canonical\" href=\"https:\/\/roadtoromania.com\/pt-pt\/cidades-e-regioes-da-romenia\/bucharest\/parque-herastrau\/\" \/>\n<meta property=\"og:locale\" content=\"pt_PT\" \/>\n<meta property=\"og:type\" content=\"article\" \/>\n<meta property=\"og:title\" content=\"Parque Herastrau - Road to Romania\" \/>\n<meta property=\"og:description\" content=\"O Parque Herastrau (Her\u0103str\u0103u ) \u00e9 uma das principais atrac\u00e7\u00f5es tur\u00edsticas em Bucareste . \u00c9 a maior \u00e1rea verde de toda a cidade, o seu elemento central \u00e9 um belo lago com o nome de Her\u0103str\u0103u . O parque \u00e9 tamb\u00e9m o lar de um dos museus mais renomados da Rom\u00e9nia, o Museu Satului. Se &hellip; Parque Herastrau Read More \u00bb\" \/>\n<meta property=\"og:url\" content=\"https:\/\/roadtoromania.com\/pt-pt\/cidades-e-regioes-da-romenia\/bucharest\/parque-herastrau\/\" \/>\n<meta property=\"og:site_name\" content=\"Road to Romania\" \/>\n<meta property=\"article:modified_time\" content=\"2022-10-21T16:57:47+00:00\" \/>\n<meta name=\"twitter:card\" content=\"summary_large_image\" \/>\n<meta name=\"twitter:label1\" content=\"Tempo estimado de leitura\" \/>\n\t<meta name=\"twitter:data1\" content=\"2 minutos\" \/>\n<script type=\"application\/ld+json\" class=\"yoast-schema-graph\">{\"@context\":\"https:\/\/schema.org\",\"@graph\":[{\"@type\":\"WebPage\",\"@id\":\"https:\/\/roadtoromania.com\/pt-pt\/cidades-e-regioes-da-romenia\/bucharest\/parque-herastrau\/\",\"url\":\"https:\/\/roadtoromania.com\/pt-pt\/cidades-e-regioes-da-romenia\/bucharest\/parque-herastrau\/\",\"name\":\"Parque Herastrau - Road to Romania\",\"isPartOf\":{\"@id\":\"https:\/\/roadtoromania.com\/pt-pt\/#website\"},\"datePublished\":\"2022-10-15T18:40:11+00:00\",\"dateModified\":\"2022-10-21T16:57:47+00:00\",\"breadcrumb\":{\"@id\":\"https:\/\/roadtoromania.com\/pt-pt\/cidades-e-regioes-da-romenia\/bucharest\/parque-herastrau\/#breadcrumb\"},\"inLanguage\":\"pt-PT\",\"potentialAction\":[{\"@type\":\"ReadAction\",\"target\":[\"https:\/\/roadtoromania.com\/pt-pt\/cidades-e-regioes-da-romenia\/bucharest\/parque-herastrau\/\"]}]},{\"@type\":\"BreadcrumbList\",\"@id\":\"https:\/\/roadtoromania.com\/pt-pt\/cidades-e-regioes-da-romenia\/bucharest\/parque-herastrau\/#breadcrumb\",\"itemListElement\":[{\"@type\":\"ListItem\",\"position\":1,\"name\":\"Home\",\"item\":\"https:\/\/roadtoromania.com\/pt-pt\/\"},{\"@type\":\"ListItem\",\"position\":2,\"name\":\"Cidades e regi\u00f5es da Rom\u00e9nia\",\"item\":\"https:\/\/roadtoromania.com\/pt-pt\/cidades-e-regioes-da-romenia\/\"},{\"@type\":\"ListItem\",\"position\":3,\"name\":\"bucharest\",\"item\":\"https:\/\/roadtoromania.com\/pt-pt\/cidades-e-regioes-da-romenia\/bucharest\/\"},{\"@type\":\"ListItem\",\"position\":4,\"name\":\"Parque Herastrau\"}]},{\"@type\":\"WebSite\",\"@id\":\"https:\/\/roadtoromania.com\/pt-pt\/#website\",\"url\":\"https:\/\/roadtoromania.com\/pt-pt\/\",\"name\":\"Road to Romania\",\"description\":\"O blog onde encontrar\u00e1 toda a informa\u00e7\u00e3o de que necessita para desfrutar da Rom\u00e9nia.\",\"potentialAction\":[{\"@type\":\"SearchAction\",\"target\":{\"@type\":\"EntryPoint\",\"urlTemplate\":\"https:\/\/roadtoromania.com\/pt-pt\/?s={search_term_string}\"},\"query-input\":\"required name=search_term_string\"}],\"inLanguage\":\"pt-PT\"}]}<\/script>\n<!-- \/ Yoast SEO plugin. -->","yoast_head_json":{"title":"Parque Herastrau - Road to Romania","robots":{"index":"index","follow":"follow","max-snippet":"max-snippet:-1","max-image-preview":"max-image-preview:large","max-video-preview":"max-video-preview:-1"},"canonical":"https:\/\/roadtoromania.com\/pt-pt\/cidades-e-regioes-da-romenia\/bucharest\/parque-herastrau\/","og_locale":"pt_PT","og_type":"article","og_title":"Parque Herastrau - Road to Romania","og_description":"O Parque Herastrau (Her\u0103str\u0103u ) \u00e9 uma das principais atrac\u00e7\u00f5es tur\u00edsticas em Bucareste . \u00c9 a maior \u00e1rea verde de toda a cidade, o seu elemento central \u00e9 um belo lago com o nome de Her\u0103str\u0103u . O parque \u00e9 tamb\u00e9m o lar de um dos museus mais renomados da Rom\u00e9nia, o Museu Satului. Se &hellip; Parque Herastrau Read More \u00bb","og_url":"https:\/\/roadtoromania.com\/pt-pt\/cidades-e-regioes-da-romenia\/bucharest\/parque-herastrau\/","og_site_name":"Road to Romania","article_modified_time":"2022-10-21T16:57:47+00:00","twitter_card":"summary_large_image","twitter_misc":{"Tempo estimado de leitura":"2 minutos"},"schema":{"@context":"https:\/\/schema.org","@graph":[{"@type":"WebPage","@id":"https:\/\/roadtoromania.com\/pt-pt\/cidades-e-regioes-da-romenia\/bucharest\/parque-herastrau\/","url":"https:\/\/roadtoromania.com\/pt-pt\/cidades-e-regioes-da-romenia\/bucharest\/parque-herastrau\/","name":"Parque Herastrau - Road to Romania","isPartOf":{"@id":"https:\/\/roadtoromania.com\/pt-pt\/#website"},"datePublished":"2022-10-15T18:40:11+00:00","dateModified":"2022-10-21T16:57:47+00:00","breadcrumb":{"@id":"https:\/\/roadtoromania.com\/pt-pt\/cidades-e-regioes-da-romenia\/bucharest\/parque-herastrau\/#breadcrumb"},"inLanguage":"pt-PT","potentialAction":[{"@type":"ReadAction","target":["https:\/\/roadtoromania.com\/pt-pt\/cidades-e-regioes-da-romenia\/bucharest\/parque-herastrau\/"]}]},{"@type":"BreadcrumbList","@id":"https:\/\/roadtoromania.com\/pt-pt\/cidades-e-regioes-da-romenia\/bucharest\/parque-herastrau\/#breadcrumb","itemListElement":[{"@type":"ListItem","position":1,"name":"Home","item":"https:\/\/roadtoromania.com\/pt-pt\/"},{"@type":"ListItem","position":2,"name":"Cidades e regi\u00f5es da Rom\u00e9nia","item":"https:\/\/roadtoromania.com\/pt-pt\/cidades-e-regioes-da-romenia\/"},{"@type":"ListItem","position":3,"name":"bucharest","item":"https:\/\/roadtoromania.com\/pt-pt\/cidades-e-regioes-da-romenia\/bucharest\/"},{"@type":"ListItem","position":4,"name":"Parque Herastrau"}]},{"@type":"WebSite","@id":"https:\/\/roadtoromania.com\/pt-pt\/#website","url":"https:\/\/roadtoromania.com\/pt-pt\/","name":"Road to Romania","description":"O blog onde encontrar\u00e1 toda a informa\u00e7\u00e3o de que necessita para desfrutar da Rom\u00e9nia.","potentialAction":[{"@type":"SearchAction","target":{"@type":"EntryPoint","urlTemplate":"https:\/\/roadtoromania.com\/pt-pt\/?s={search_term_string}"},"query-input":"required name=search_term_string"}],"inLanguage":"pt-PT"}]}},"_links":{"self":[{"href":"https:\/\/roadtoromania.com\/pt-pt\/wp-json\/wp\/v2\/pages\/3279","targetHints":{"allow":["GET"]}}],"collection":[{"href":"https:\/\/roadtoromania.com\/pt-pt\/wp-json\/wp\/v2\/pages"}],"about":[{"href":"https:\/\/roadtoromania.com\/pt-pt\/wp-json\/wp\/v2\/types\/page"}],"author":[{"embeddable":true,"href":"https:\/\/roadtoromania.com\/pt-pt\/wp-json\/wp\/v2\/users\/1"}],"replies":[{"embeddable":true,"href":"https:\/\/roadtoromania.com\/pt-pt\/wp-json\/wp\/v2\/comments?post=3279"}],"version-history":[{"count":0,"href":"https:\/\/roadtoromania.com\/pt-pt\/wp-json\/wp\/v2\/pages\/3279\/revisions"}],"up":[{"embeddable":true,"href":"https:\/\/roadtoromania.com\/pt-pt\/wp-json\/wp\/v2\/pages\/3273"}],"wp:attachment":[{"href":"https:\/\/roadtoromania.com\/pt-pt\/wp-json\/wp\/v2\/media?parent=3279"}],"curies":[{"name":"wp","href":"https:\/\/api.w.org\/{rel}","templated":true}]}}