{"id":3281,"date":"2022-10-15T18:40:11","date_gmt":"2022-10-15T18:40:11","guid":{"rendered":"https:\/\/roadtoromania.com\/cidades-e-regioes-da-romenia\/craiova\/"},"modified":"2022-10-21T16:57:47","modified_gmt":"2022-10-21T16:57:47","slug":"craiova","status":"publish","type":"page","link":"https:\/\/roadtoromania.com\/pt-pt\/cidades-e-regioes-da-romenia\/craiova\/","title":{"rendered":"Craiova"},"content":{"rendered":"<p> <strong>Craiova<\/strong> \u00e9 uma cidade do Condado de Dolj, no sudoeste da Rom\u00e9nia, intimamente ligada \u00e0 sua universidade. O rio Jiu, que corre ao longo da cidade, sempre foi utilizado para fertilizar e irrigar os campos, facilitando o desenvolvimento da agricultura. O rio nasce no <a href=\"https:\/\/roadtoromania.com\/pt-pt\/natureza-da-romenia\/os-carpatos\/\"><\/strong> C\u00e1rpatos<\/strong><\/a> em <a href=\"https:\/\/roadtoromania.com\/pt-pt\/cidades-e-regioes-da-romenia\/bazna\/\"><\/strong> Transilv\u00e2nia<\/strong><\/a> , atravessa<\/strong> Wallachia<\/strong> e acaba por alimentar o<\/strong> Dan\u00fabio<\/strong> .<\/p>\n<p>\nCraiova \u00e9 tamb\u00e9m um not\u00e1vel centro industrial de empresas qu\u00edmicas, alimentares e de constru\u00e7\u00e3o que sem d\u00favida melhoraram a economia da zona, mas causaram uma deteriora\u00e7\u00e3o da paisagem, especialmente do pr\u00f3prio rio.<\/p>\n<p><a href=\"https:\/\/roadtoromania.com\/wp-content\/uploads\/2022\/10\/ayuntamiento_craiova.jpg\"><img decoding=\"async\" src=\"https:\/\/roadtoromania.com\/wp-content\/uploads\/2022\/10\/ayuntamiento_craiova.jpg\" \/><\/a> Fachada da C\u00e2mara Municipal de Craiova<br \/>\n Hist\u00f3ria de Craiova<\/strong> <\/h2>\n<p>\nOs Dacianos habitavam Pelendava, hoje ocupada por Craiova, e um dos principais reis, Miguel, o Bravo, residia aqui, dando o impulso final ao crescimento da cidade. \u00c9 a capital de <strong>Oltenia<\/strong> , uma das Ban of Wallachia, ou seja, uma \u00e1rea administrativa gerida pela fam\u00edlia boyar de Craiove\u015fti. No s\u00e9culo XIV, foi travada uma batalha entre o pr\u00edncipe da Val\u00e1quia e os otomanos, que resultou na derrota do sult\u00e3o.<\/p>\n<p>\nInfelizmente, os numerosos acontecimentos que tiveram lugar em Craiova n\u00e3o permitiram a preserva\u00e7\u00e3o de muitos restos urbanos, uma vez que entre guerras, inc\u00eandios durante a guerra Russo-Turca, epidemias de peste e outras trag\u00e9dias, a cidade teve de se reinventar constantemente. Contudo, podemos destacar os museus de Hist\u00f3ria, Etnografia da regi\u00e3o de Oltenia, Arte, Impress\u00e3o, as casas museu de Traian Demetrescu e Elena Farago, respectivamente poeta e escritora, bem como o monumento \u00e0 Independ\u00eancia, o monumento \u00e0 Revolu\u00e7\u00e3o de 1907, o Teatro Nacional, o edif\u00edcio da C\u00e2mara Municipal e as igrejas de S\u00e3o Dimitrius e da Sant\u00edssima Trindade.\u00a0 As fontes da cidade tamb\u00e9m merecem uma men\u00e7\u00e3o.<\/p>\n<p>\nO Parque Nicolae Romanescu, um dos maiores da Europa, com o seu lago e restaurantes, \u00e9 o local perfeito para um passeio relaxante.<\/p>\n<p> Hot\u00e9is e alojamento em Craiova<\/strong> <\/h2>\n<p>\n\u00a0<\/p>\n<p> Excurs\u00f5es de Craiova<\/strong> <\/h2>\n<p>\nH\u00e1 duas atrac\u00e7\u00f5es principais que recomendamos visitar de Craiova, ambas perto de Filiasi, uma cidade a oeste onde podemos ver as gargantas do rio Jiu e o mosteiro de Gura Motrului (1653) com a sua muralha defensiva.<\/p>\n<p> Como chegar a Craiova<\/strong> <\/h2>\n<p>\nComboio e autocarro ligam Craiova a Bucareste e Timisoara<\/p>\n<p> Mapa de Craiova<\/strong> <\/h2>\n<p>\n<img decoding=\"async\" src=\"data:image\/gif;base64,R0lGODdhAQABAPAAAMPDwwAAACwAAAAAAQABAAACAkQBADs=\" \/><\/p>\n","protected":false},"excerpt":{"rendered":"<p>Craiova \u00e9 uma cidade do Condado de Dolj, no sudoeste da Rom\u00e9nia, intimamente ligada \u00e0 sua universidade. O rio Jiu, que corre ao longo da cidade, sempre foi utilizado para fertilizar e irrigar os campos, facilitando o desenvolvimento da agricultura. O rio nasce no C\u00e1rpatos em Transilv\u00e2nia , atravessa Wallachia e acaba por alimentar o &hellip;<\/p>\n<p class=\"read-more\"> <a class=\"\" href=\"https:\/\/roadtoromania.com\/pt-pt\/cidades-e-regioes-da-romenia\/craiova\/\"> <span class=\"screen-reader-text\">Craiova<\/span> Read More \u00bb<\/a><\/p>\n","protected":false},"author":1,"featured_media":1217,"parent":3264,"menu_order":0,"comment_status":"open","ping_status":"open","template":"","meta":{"site-sidebar-layout":"default","site-content-layout":"default","ast-global-header-display":"","ast-main-header-display":"","ast-hfb-above-header-display":"","ast-hfb-below-header-display":"","ast-hfb-mobile-header-display":"","site-post-title":"","ast-breadcrumbs-content":"","ast-featured-img":"","footer-sml-layout":"","theme-transparent-header-meta":"","adv-header-id-meta":"","stick-header-meta":"","header-above-stick-meta":"","header-main-stick-meta":"","header-below-stick-meta":"","footnotes":""},"class_list":["post-3281","page","type-page","status-publish","has-post-thumbnail","hentry"],"yoast_head":"<!-- This site is optimized with the Yoast SEO plugin v19.10 - https:\/\/yoast.com\/wordpress\/plugins\/seo\/ -->\n<title>Craiova - Road to Romania<\/title>\n<meta name=\"robots\" content=\"index, follow, max-snippet:-1, max-image-preview:large, max-video-preview:-1\" \/>\n<link rel=\"canonical\" href=\"https:\/\/roadtoromania.com\/pt-pt\/cidades-e-regioes-da-romenia\/craiova\/\" \/>\n<meta property=\"og:locale\" content=\"pt_PT\" \/>\n<meta property=\"og:type\" content=\"article\" \/>\n<meta property=\"og:title\" content=\"Craiova - Road to Romania\" \/>\n<meta property=\"og:description\" content=\"Craiova \u00e9 uma cidade do Condado de Dolj, no sudoeste da Rom\u00e9nia, intimamente ligada \u00e0 sua universidade. O rio Jiu, que corre ao longo da cidade, sempre foi utilizado para fertilizar e irrigar os campos, facilitando o desenvolvimento da agricultura. O rio nasce no C\u00e1rpatos em Transilv\u00e2nia , atravessa Wallachia e acaba por alimentar o &hellip; Craiova Read More \u00bb\" \/>\n<meta property=\"og:url\" content=\"https:\/\/roadtoromania.com\/pt-pt\/cidades-e-regioes-da-romenia\/craiova\/\" \/>\n<meta property=\"og:site_name\" content=\"Road to Romania\" \/>\n<meta property=\"article:modified_time\" content=\"2022-10-21T16:57:47+00:00\" \/>\n<meta property=\"og:image\" content=\"https:\/\/roadtoromania.com\/wp-content\/uploads\/2022\/10\/ayuntamiento_craiova-1.jpg\" \/>\n\t<meta property=\"og:image:width\" content=\"700\" \/>\n\t<meta property=\"og:image:height\" content=\"525\" \/>\n\t<meta property=\"og:image:type\" content=\"image\/jpeg\" \/>\n<meta name=\"twitter:card\" content=\"summary_large_image\" \/>\n<meta name=\"twitter:label1\" content=\"Tempo estimado de leitura\" \/>\n\t<meta name=\"twitter:data1\" content=\"2 minutos\" \/>\n<script type=\"application\/ld+json\" class=\"yoast-schema-graph\">{\"@context\":\"https:\/\/schema.org\",\"@graph\":[{\"@type\":\"WebPage\",\"@id\":\"https:\/\/roadtoromania.com\/pt-pt\/cidades-e-regioes-da-romenia\/craiova\/\",\"url\":\"https:\/\/roadtoromania.com\/pt-pt\/cidades-e-regioes-da-romenia\/craiova\/\",\"name\":\"Craiova - Road to Romania\",\"isPartOf\":{\"@id\":\"https:\/\/roadtoromania.com\/pt-pt\/#website\"},\"datePublished\":\"2022-10-15T18:40:11+00:00\",\"dateModified\":\"2022-10-21T16:57:47+00:00\",\"breadcrumb\":{\"@id\":\"https:\/\/roadtoromania.com\/pt-pt\/cidades-e-regioes-da-romenia\/craiova\/#breadcrumb\"},\"inLanguage\":\"pt-PT\",\"potentialAction\":[{\"@type\":\"ReadAction\",\"target\":[\"https:\/\/roadtoromania.com\/pt-pt\/cidades-e-regioes-da-romenia\/craiova\/\"]}]},{\"@type\":\"BreadcrumbList\",\"@id\":\"https:\/\/roadtoromania.com\/pt-pt\/cidades-e-regioes-da-romenia\/craiova\/#breadcrumb\",\"itemListElement\":[{\"@type\":\"ListItem\",\"position\":1,\"name\":\"Home\",\"item\":\"https:\/\/roadtoromania.com\/pt-pt\/\"},{\"@type\":\"ListItem\",\"position\":2,\"name\":\"Cidades e regi\u00f5es da Rom\u00e9nia\",\"item\":\"https:\/\/roadtoromania.com\/pt-pt\/cidades-e-regioes-da-romenia\/\"},{\"@type\":\"ListItem\",\"position\":3,\"name\":\"Craiova\"}]},{\"@type\":\"WebSite\",\"@id\":\"https:\/\/roadtoromania.com\/pt-pt\/#website\",\"url\":\"https:\/\/roadtoromania.com\/pt-pt\/\",\"name\":\"Road to Romania\",\"description\":\"O blog onde encontrar\u00e1 toda a informa\u00e7\u00e3o de que necessita para desfrutar da Rom\u00e9nia.\",\"potentialAction\":[{\"@type\":\"SearchAction\",\"target\":{\"@type\":\"EntryPoint\",\"urlTemplate\":\"https:\/\/roadtoromania.com\/pt-pt\/?s={search_term_string}\"},\"query-input\":\"required name=search_term_string\"}],\"inLanguage\":\"pt-PT\"}]}<\/script>\n<!-- \/ Yoast SEO plugin. -->","yoast_head_json":{"title":"Craiova - Road to Romania","robots":{"index":"index","follow":"follow","max-snippet":"max-snippet:-1","max-image-preview":"max-image-preview:large","max-video-preview":"max-video-preview:-1"},"canonical":"https:\/\/roadtoromania.com\/pt-pt\/cidades-e-regioes-da-romenia\/craiova\/","og_locale":"pt_PT","og_type":"article","og_title":"Craiova - Road to Romania","og_description":"Craiova \u00e9 uma cidade do Condado de Dolj, no sudoeste da Rom\u00e9nia, intimamente ligada \u00e0 sua universidade. O rio Jiu, que corre ao longo da cidade, sempre foi utilizado para fertilizar e irrigar os campos, facilitando o desenvolvimento da agricultura. O rio nasce no C\u00e1rpatos em Transilv\u00e2nia , atravessa Wallachia e acaba por alimentar o &hellip; Craiova Read More \u00bb","og_url":"https:\/\/roadtoromania.com\/pt-pt\/cidades-e-regioes-da-romenia\/craiova\/","og_site_name":"Road to Romania","article_modified_time":"2022-10-21T16:57:47+00:00","og_image":[{"width":700,"height":525,"url":"https:\/\/roadtoromania.com\/wp-content\/uploads\/2022\/10\/ayuntamiento_craiova-1.jpg","type":"image\/jpeg"}],"twitter_card":"summary_large_image","twitter_misc":{"Tempo estimado de leitura":"2 minutos"},"schema":{"@context":"https:\/\/schema.org","@graph":[{"@type":"WebPage","@id":"https:\/\/roadtoromania.com\/pt-pt\/cidades-e-regioes-da-romenia\/craiova\/","url":"https:\/\/roadtoromania.com\/pt-pt\/cidades-e-regioes-da-romenia\/craiova\/","name":"Craiova - Road to Romania","isPartOf":{"@id":"https:\/\/roadtoromania.com\/pt-pt\/#website"},"datePublished":"2022-10-15T18:40:11+00:00","dateModified":"2022-10-21T16:57:47+00:00","breadcrumb":{"@id":"https:\/\/roadtoromania.com\/pt-pt\/cidades-e-regioes-da-romenia\/craiova\/#breadcrumb"},"inLanguage":"pt-PT","potentialAction":[{"@type":"ReadAction","target":["https:\/\/roadtoromania.com\/pt-pt\/cidades-e-regioes-da-romenia\/craiova\/"]}]},{"@type":"BreadcrumbList","@id":"https:\/\/roadtoromania.com\/pt-pt\/cidades-e-regioes-da-romenia\/craiova\/#breadcrumb","itemListElement":[{"@type":"ListItem","position":1,"name":"Home","item":"https:\/\/roadtoromania.com\/pt-pt\/"},{"@type":"ListItem","position":2,"name":"Cidades e regi\u00f5es da Rom\u00e9nia","item":"https:\/\/roadtoromania.com\/pt-pt\/cidades-e-regioes-da-romenia\/"},{"@type":"ListItem","position":3,"name":"Craiova"}]},{"@type":"WebSite","@id":"https:\/\/roadtoromania.com\/pt-pt\/#website","url":"https:\/\/roadtoromania.com\/pt-pt\/","name":"Road to Romania","description":"O blog onde encontrar\u00e1 toda a informa\u00e7\u00e3o de que necessita para desfrutar da Rom\u00e9nia.","potentialAction":[{"@type":"SearchAction","target":{"@type":"EntryPoint","urlTemplate":"https:\/\/roadtoromania.com\/pt-pt\/?s={search_term_string}"},"query-input":"required name=search_term_string"}],"inLanguage":"pt-PT"}]}},"_links":{"self":[{"href":"https:\/\/roadtoromania.com\/pt-pt\/wp-json\/wp\/v2\/pages\/3281","targetHints":{"allow":["GET"]}}],"collection":[{"href":"https:\/\/roadtoromania.com\/pt-pt\/wp-json\/wp\/v2\/pages"}],"about":[{"href":"https:\/\/roadtoromania.com\/pt-pt\/wp-json\/wp\/v2\/types\/page"}],"author":[{"embeddable":true,"href":"https:\/\/roadtoromania.com\/pt-pt\/wp-json\/wp\/v2\/users\/1"}],"replies":[{"embeddable":true,"href":"https:\/\/roadtoromania.com\/pt-pt\/wp-json\/wp\/v2\/comments?post=3281"}],"version-history":[{"count":0,"href":"https:\/\/roadtoromania.com\/pt-pt\/wp-json\/wp\/v2\/pages\/3281\/revisions"}],"up":[{"embeddable":true,"href":"https:\/\/roadtoromania.com\/pt-pt\/wp-json\/wp\/v2\/pages\/3264"}],"wp:featuredmedia":[{"embeddable":true,"href":"https:\/\/roadtoromania.com\/pt-pt\/wp-json\/wp\/v2\/media\/1217"}],"wp:attachment":[{"href":"https:\/\/roadtoromania.com\/pt-pt\/wp-json\/wp\/v2\/media?parent=3281"}],"curies":[{"name":"wp","href":"https:\/\/api.w.org\/{rel}","templated":true}]}}