{"id":3282,"date":"2022-10-15T18:40:11","date_gmt":"2022-10-15T18:40:11","guid":{"rendered":"https:\/\/roadtoromania.com\/cidades-e-regioes-da-romenia\/curtea-de-arges\/"},"modified":"2022-10-21T16:57:47","modified_gmt":"2022-10-21T16:57:47","slug":"curtea-de-arges","status":"publish","type":"page","link":"https:\/\/roadtoromania.com\/pt-pt\/cidades-e-regioes-da-romenia\/curtea-de-arges\/","title":{"rendered":"Curtea de Arges"},"content":{"rendered":"<p> <strong>Curtea de Arges<\/strong> deve o seu nome ao rio que atravessa o departamento, um rio que desce das encostas do <a href=\"https:\/\/roadtoromania.com\/pt-pt\/natureza-da-romenia\/os-carpatos\/\"> <strong>C\u00e1rpatos<\/strong><\/a> em direc\u00e7\u00e3o ao <strong>Pite\u015fti<\/strong> e mais adiante <a href=\"https:\/\/roadtoromania.com\/pt-pt\/cidades-e-regioes-da-romenia\/bucharest\/\"> <strong>Bucareste<\/strong><\/a> . As suas imponentes igrejas transmitem os dias de gl\u00f3ria quando era a capital da Wallachia. Tempos de esplendor que partiram quando o tribunal se mudou para Bucareste <\/p>\n<p>.<\/p>\n<h2>\nO que ver em Curtea de Arges<\/h2>\n<p>\nO mosteiro <strong>de Curtea de Arges<\/strong> \u00e9 a j\u00f3ia da arte bizantina romena, promovida por Neagoe Besarab e completada por Radu de la Afumati na primeira metade do s\u00e9culo XIV. Elementos da arte oriental podem ser distinguidos na decora\u00e7\u00e3o, at\u00e9 porque Neagoe Basarab foi educado na corte de Istambul.<\/p>\n<p><a href=\"https:\/\/roadtoromania.com\/wp-content\/uploads\/2022\/10\/interior_monasterio_curtea_arges.jpg\"><img decoding=\"async\" src=\"https:\/\/roadtoromania.com\/wp-content\/uploads\/2022\/10\/interior_monasterio_curtea_arges.jpg\" \/><\/a> Interior da igreja de Curtea de arges<\/p>\n<p>\nO pintor Dragomir pintou a igreja com os seus frescos, que foram danificados durante os trabalhos de restaura\u00e7\u00e3o ap\u00f3s um terramoto (os sobreviventes encontram-se no Museu de Arte de Bucareste). No entanto, a beleza do interior, com m\u00e1rmore trazido expressamente de Biz\u00e2ncio e com uma decora\u00e7\u00e3o recente mas colorida e leve, \u00e9 inquestion\u00e1vel. O episcopal de hoje vigia tamb\u00e9m os t\u00famulos do pr\u00f3prio Neagoe Besarab e de outros pr\u00edncipes.<\/p>\n<p><a href=\"https:\/\/roadtoromania.com\/wp-content\/uploads\/2022\/10\/fuente_manole.jpg\"><img decoding=\"async\" src=\"https:\/\/roadtoromania.com\/wp-content\/uploads\/2022\/10\/fuente_manole.jpg\" \/><\/a> Manole Fountain em Curtea de Arges<\/p>\n<p>\nUma das hist\u00f3rias mais curiosas da cidade de Curtea de Arges \u00e9 a do <strong>Manole Fountain,<\/strong> em frente \u00e0 igreja, que, sem chamar a aten\u00e7\u00e3o devido \u00e0 sua beleza especial, esconde uma lenda tr\u00e1gica, e ao mesmo tempo um dos mitos mais conhecidos na Rom\u00e9nia.<\/p>\n<p>\nA hist\u00f3ria conta que o pr\u00edncipe Radu Negru pediu ao mestre arquitecto Mesterul Manole para construir a catedral. Ele e os seus nove aprendizes trabalharam arduamente durante todo o dia, mas \u00e0 noite a estrutura desmoronou-se. O pr\u00edncipe impaciente exortou-os a terminar ou a sofrer a sua ira. Nervosos na sua pressa, concordaram em fazer um sacrif\u00edcio como era feito nos tempos antigos para consagrar um templo. Portanto, a primeira mulher a aparecer ao amanhecer no dia seguinte seria a que seria sacrificada. Ana, mulher de Manole, apareceu e o arquitecto cumpriu a sua palavra, enclausurando-a dentro das paredes da igreja. Nessa noite e em nenhuma das noites seguintes o edif\u00edcio ruiu novamente, e hoje uma placa nas paredes da catedral indica onde a mulher de Manole foi enterrada.<\/p>\n<p><a href=\"https:\/\/roadtoromania.com\/wp-content\/uploads\/2022\/10\/monasterio_curtea_arges.jpg\"><img decoding=\"async\" src=\"https:\/\/roadtoromania.com\/wp-content\/uploads\/2022\/10\/monasterio_curtea_arges.jpg\" \/><\/a> Mosteiro de Curtea de Arges<\/p>\n<p>\nA desgra\u00e7a de Manole n\u00e3o terminou aqui, pois o pr\u00edncipe, uma vez terminada a obra, trancou o arquitecto e os seus aprendizes numa torre, para que nunca conseguissem construir um templo de igual beleza. Manole, cujo engenho ultrapassou de longe o dos aprendizes, fez asas ao estilo de \u00cdcaro, e foi capaz de deslizar para a terra, aterrando no local onde a \u00e1gua da fonte nascente, que foi constru\u00edda em 1804.<\/p>\n<p><a href=\"https:\/\/roadtoromania.com\/wp-content\/uploads\/2022\/10\/curtea_arges.png\"><img decoding=\"async\" src=\"data:image\/gif;base64,R0lGODdhAQABAPAAAMPDwwAAACwAAAAAAQABAAACAkQBADs=\" \/><\/a> Detalhe das torres da igreja de Curtea de Arges<\/p>\n<p>\nContinuamos a rota para a corte do pr\u00edncipe, <strong>Curtea Domneasca<\/strong> , a impressionante resid\u00eancia medieval agora em ru\u00ednas, fundada por Besarab I em 1340. Junto a ela est\u00e1 a Biserica, a igreja com frescos representando cenas do Antigo e do Novo Testamento<\/p>\n<p><a href=\"https:\/\/roadtoromania.com\/wp-content\/uploads\/2022\/10\/curtea-domneasca.jpg\"><img decoding=\"async\" src=\"data:image\/gif;base64,R0lGODdhAQABAPAAAMPDwwAAACwAAAAAAQABAAACAkQBADs=\" \/><\/a> Curtea Domneasca<br \/>\n Excurs\u00f5es de Curtea Arges<\/strong> <\/p>\n<p>\nAo passar por Curtea de Arges, podemos visitar o <strong>Castelo de Poienari<\/strong> &#8211; constru\u00eddo por nobres boyars que Vlad Tepes subjugou, a <strong>Transf\u0103g\u0103r\u0103\u0219an<\/a> <\/strong> estrada atrav\u00e9s dos C\u00e1rpatos com uma sucess\u00e3o de curvas panor\u00e2micas dignas de inclus\u00e3o no top 10 para os entusiastas da condu\u00e7\u00e3o, em direc\u00e7\u00e3o a Fagaras.<\/p>\n<h2>\nMapa de Curtea de Arges<\/h2>\n","protected":false},"excerpt":{"rendered":"<p>Curtea de Arges deve o seu nome ao rio que atravessa o departamento, um rio que desce das encostas do C\u00e1rpatos em direc\u00e7\u00e3o ao Pite\u015fti e mais adiante Bucareste . As suas imponentes igrejas transmitem os dias de gl\u00f3ria quando era a capital da Wallachia. Tempos de esplendor que partiram quando o tribunal se mudou &hellip;<\/p>\n<p class=\"read-more\"> <a class=\"\" href=\"https:\/\/roadtoromania.com\/pt-pt\/cidades-e-regioes-da-romenia\/curtea-de-arges\/\"> <span class=\"screen-reader-text\">Curtea de Arges<\/span> Read More \u00bb<\/a><\/p>\n","protected":false},"author":1,"featured_media":1225,"parent":3264,"menu_order":0,"comment_status":"open","ping_status":"open","template":"","meta":{"site-sidebar-layout":"default","site-content-layout":"default","ast-global-header-display":"","ast-main-header-display":"","ast-hfb-above-header-display":"","ast-hfb-below-header-display":"","ast-hfb-mobile-header-display":"","site-post-title":"","ast-breadcrumbs-content":"","ast-featured-img":"","footer-sml-layout":"","theme-transparent-header-meta":"default","adv-header-id-meta":"","stick-header-meta":"","header-above-stick-meta":"","header-main-stick-meta":"","header-below-stick-meta":"","footnotes":""},"class_list":["post-3282","page","type-page","status-publish","has-post-thumbnail","hentry"],"yoast_head":"<!-- This site is optimized with the Yoast SEO plugin v19.10 - https:\/\/yoast.com\/wordpress\/plugins\/seo\/ -->\n<title>Curtea de Arges - Road to Romania<\/title>\n<meta name=\"robots\" content=\"index, follow, max-snippet:-1, max-image-preview:large, max-video-preview:-1\" \/>\n<link rel=\"canonical\" href=\"https:\/\/roadtoromania.com\/pt-pt\/cidades-e-regioes-da-romenia\/curtea-de-arges\/\" \/>\n<meta property=\"og:locale\" content=\"pt_PT\" \/>\n<meta property=\"og:type\" content=\"article\" \/>\n<meta property=\"og:title\" content=\"Curtea de Arges - Road to Romania\" \/>\n<meta property=\"og:description\" content=\"Curtea de Arges deve o seu nome ao rio que atravessa o departamento, um rio que desce das encostas do C\u00e1rpatos em direc\u00e7\u00e3o ao Pite\u015fti e mais adiante Bucareste . As suas imponentes igrejas transmitem os dias de gl\u00f3ria quando era a capital da Wallachia. Tempos de esplendor que partiram quando o tribunal se mudou &hellip; Curtea de Arges Read More \u00bb\" \/>\n<meta property=\"og:url\" content=\"https:\/\/roadtoromania.com\/pt-pt\/cidades-e-regioes-da-romenia\/curtea-de-arges\/\" \/>\n<meta property=\"og:site_name\" content=\"Road to Romania\" \/>\n<meta property=\"article:modified_time\" content=\"2022-10-21T16:57:47+00:00\" \/>\n<meta property=\"og:image\" content=\"https:\/\/roadtoromania.com\/wp-content\/uploads\/2022\/10\/interior_monasterio_curtea_arges-1.jpg\" \/>\n\t<meta property=\"og:image:width\" content=\"768\" \/>\n\t<meta property=\"og:image:height\" content=\"512\" \/>\n\t<meta property=\"og:image:type\" content=\"image\/jpeg\" \/>\n<meta name=\"twitter:card\" content=\"summary_large_image\" \/>\n<meta name=\"twitter:label1\" content=\"Tempo estimado de leitura\" \/>\n\t<meta name=\"twitter:data1\" content=\"3 minutos\" \/>\n<script type=\"application\/ld+json\" class=\"yoast-schema-graph\">{\"@context\":\"https:\/\/schema.org\",\"@graph\":[{\"@type\":\"WebPage\",\"@id\":\"https:\/\/roadtoromania.com\/pt-pt\/cidades-e-regioes-da-romenia\/curtea-de-arges\/\",\"url\":\"https:\/\/roadtoromania.com\/pt-pt\/cidades-e-regioes-da-romenia\/curtea-de-arges\/\",\"name\":\"Curtea de Arges - Road to Romania\",\"isPartOf\":{\"@id\":\"https:\/\/roadtoromania.com\/pt-pt\/#website\"},\"datePublished\":\"2022-10-15T18:40:11+00:00\",\"dateModified\":\"2022-10-21T16:57:47+00:00\",\"breadcrumb\":{\"@id\":\"https:\/\/roadtoromania.com\/pt-pt\/cidades-e-regioes-da-romenia\/curtea-de-arges\/#breadcrumb\"},\"inLanguage\":\"pt-PT\",\"potentialAction\":[{\"@type\":\"ReadAction\",\"target\":[\"https:\/\/roadtoromania.com\/pt-pt\/cidades-e-regioes-da-romenia\/curtea-de-arges\/\"]}]},{\"@type\":\"BreadcrumbList\",\"@id\":\"https:\/\/roadtoromania.com\/pt-pt\/cidades-e-regioes-da-romenia\/curtea-de-arges\/#breadcrumb\",\"itemListElement\":[{\"@type\":\"ListItem\",\"position\":1,\"name\":\"Home\",\"item\":\"https:\/\/roadtoromania.com\/pt-pt\/\"},{\"@type\":\"ListItem\",\"position\":2,\"name\":\"Cidades e regi\u00f5es da Rom\u00e9nia\",\"item\":\"https:\/\/roadtoromania.com\/pt-pt\/cidades-e-regioes-da-romenia\/\"},{\"@type\":\"ListItem\",\"position\":3,\"name\":\"Curtea de Arges\"}]},{\"@type\":\"WebSite\",\"@id\":\"https:\/\/roadtoromania.com\/pt-pt\/#website\",\"url\":\"https:\/\/roadtoromania.com\/pt-pt\/\",\"name\":\"Road to Romania\",\"description\":\"O blog onde encontrar\u00e1 toda a informa\u00e7\u00e3o de que necessita para desfrutar da Rom\u00e9nia.\",\"potentialAction\":[{\"@type\":\"SearchAction\",\"target\":{\"@type\":\"EntryPoint\",\"urlTemplate\":\"https:\/\/roadtoromania.com\/pt-pt\/?s={search_term_string}\"},\"query-input\":\"required name=search_term_string\"}],\"inLanguage\":\"pt-PT\"}]}<\/script>\n<!-- \/ Yoast SEO plugin. -->","yoast_head_json":{"title":"Curtea de Arges - Road to Romania","robots":{"index":"index","follow":"follow","max-snippet":"max-snippet:-1","max-image-preview":"max-image-preview:large","max-video-preview":"max-video-preview:-1"},"canonical":"https:\/\/roadtoromania.com\/pt-pt\/cidades-e-regioes-da-romenia\/curtea-de-arges\/","og_locale":"pt_PT","og_type":"article","og_title":"Curtea de Arges - Road to Romania","og_description":"Curtea de Arges deve o seu nome ao rio que atravessa o departamento, um rio que desce das encostas do C\u00e1rpatos em direc\u00e7\u00e3o ao Pite\u015fti e mais adiante Bucareste . As suas imponentes igrejas transmitem os dias de gl\u00f3ria quando era a capital da Wallachia. Tempos de esplendor que partiram quando o tribunal se mudou &hellip; Curtea de Arges Read More \u00bb","og_url":"https:\/\/roadtoromania.com\/pt-pt\/cidades-e-regioes-da-romenia\/curtea-de-arges\/","og_site_name":"Road to Romania","article_modified_time":"2022-10-21T16:57:47+00:00","og_image":[{"width":768,"height":512,"url":"https:\/\/roadtoromania.com\/wp-content\/uploads\/2022\/10\/interior_monasterio_curtea_arges-1.jpg","type":"image\/jpeg"}],"twitter_card":"summary_large_image","twitter_misc":{"Tempo estimado de leitura":"3 minutos"},"schema":{"@context":"https:\/\/schema.org","@graph":[{"@type":"WebPage","@id":"https:\/\/roadtoromania.com\/pt-pt\/cidades-e-regioes-da-romenia\/curtea-de-arges\/","url":"https:\/\/roadtoromania.com\/pt-pt\/cidades-e-regioes-da-romenia\/curtea-de-arges\/","name":"Curtea de Arges - Road to Romania","isPartOf":{"@id":"https:\/\/roadtoromania.com\/pt-pt\/#website"},"datePublished":"2022-10-15T18:40:11+00:00","dateModified":"2022-10-21T16:57:47+00:00","breadcrumb":{"@id":"https:\/\/roadtoromania.com\/pt-pt\/cidades-e-regioes-da-romenia\/curtea-de-arges\/#breadcrumb"},"inLanguage":"pt-PT","potentialAction":[{"@type":"ReadAction","target":["https:\/\/roadtoromania.com\/pt-pt\/cidades-e-regioes-da-romenia\/curtea-de-arges\/"]}]},{"@type":"BreadcrumbList","@id":"https:\/\/roadtoromania.com\/pt-pt\/cidades-e-regioes-da-romenia\/curtea-de-arges\/#breadcrumb","itemListElement":[{"@type":"ListItem","position":1,"name":"Home","item":"https:\/\/roadtoromania.com\/pt-pt\/"},{"@type":"ListItem","position":2,"name":"Cidades e regi\u00f5es da Rom\u00e9nia","item":"https:\/\/roadtoromania.com\/pt-pt\/cidades-e-regioes-da-romenia\/"},{"@type":"ListItem","position":3,"name":"Curtea de Arges"}]},{"@type":"WebSite","@id":"https:\/\/roadtoromania.com\/pt-pt\/#website","url":"https:\/\/roadtoromania.com\/pt-pt\/","name":"Road to Romania","description":"O blog onde encontrar\u00e1 toda a informa\u00e7\u00e3o de que necessita para desfrutar da Rom\u00e9nia.","potentialAction":[{"@type":"SearchAction","target":{"@type":"EntryPoint","urlTemplate":"https:\/\/roadtoromania.com\/pt-pt\/?s={search_term_string}"},"query-input":"required name=search_term_string"}],"inLanguage":"pt-PT"}]}},"_links":{"self":[{"href":"https:\/\/roadtoromania.com\/pt-pt\/wp-json\/wp\/v2\/pages\/3282","targetHints":{"allow":["GET"]}}],"collection":[{"href":"https:\/\/roadtoromania.com\/pt-pt\/wp-json\/wp\/v2\/pages"}],"about":[{"href":"https:\/\/roadtoromania.com\/pt-pt\/wp-json\/wp\/v2\/types\/page"}],"author":[{"embeddable":true,"href":"https:\/\/roadtoromania.com\/pt-pt\/wp-json\/wp\/v2\/users\/1"}],"replies":[{"embeddable":true,"href":"https:\/\/roadtoromania.com\/pt-pt\/wp-json\/wp\/v2\/comments?post=3282"}],"version-history":[{"count":0,"href":"https:\/\/roadtoromania.com\/pt-pt\/wp-json\/wp\/v2\/pages\/3282\/revisions"}],"up":[{"embeddable":true,"href":"https:\/\/roadtoromania.com\/pt-pt\/wp-json\/wp\/v2\/pages\/3264"}],"wp:featuredmedia":[{"embeddable":true,"href":"https:\/\/roadtoromania.com\/pt-pt\/wp-json\/wp\/v2\/media\/1225"}],"wp:attachment":[{"href":"https:\/\/roadtoromania.com\/pt-pt\/wp-json\/wp\/v2\/media?parent=3282"}],"curies":[{"name":"wp","href":"https:\/\/api.w.org\/{rel}","templated":true}]}}