{"id":3287,"date":"2022-10-15T18:40:11","date_gmt":"2022-10-15T18:40:11","guid":{"rendered":"https:\/\/roadtoromania.com\/cidades-e-regioes-da-romenia\/oradea\/"},"modified":"2022-10-21T16:57:47","modified_gmt":"2022-10-21T16:57:47","slug":"oradea","status":"publish","type":"page","link":"https:\/\/roadtoromania.com\/pt-pt\/cidades-e-regioes-da-romenia\/oradea\/","title":{"rendered":"Oradea"},"content":{"rendered":"<p> <strong>Oradea<\/strong> no oeste do pa\u00eds, muito perto da fronteira com a vizinha Hungria, \u00e9 a capital do departamento de Bihor, e um importante centro industrial para a produ\u00e7\u00e3o de cal\u00e7ado, t\u00eaxteis e empresas metal\u00fargicas. N\u00e3o surpreendentemente, a localiza\u00e7\u00e3o estrat\u00e9gica da cidade na rota para Budapeste tem sido um motor de crescimento para a cidade.<\/p>\n<p><a href=\"https:\/\/roadtoromania.com\/wp-content\/uploads\/2022\/10\/ayunatmiento_oradea.jpg\"><img decoding=\"async\" src=\"https:\/\/roadtoromania.com\/wp-content\/uploads\/2022\/10\/ayunatmiento_oradea.jpg\" \/><\/a> C\u00e2mara Municipal de Oradea<\/p>\n<p>\nEsta for\u00e7a econ\u00f3mica reflecte-se no planeamento urbano de Oradea, com passeios pac\u00edficos nos parques, e uma arquitectura bem preservada de monumentos e edif\u00edcios importantes. Nos \u00faltimos anos, o turismo tamb\u00e9m tem aumentado, o que confirma a beleza da arquitectura barroca de Oradea.<\/p>\n<h2>\nHist\u00f3ria de Oradea<\/h2>\n<p>\nNa Idade M\u00e9dia, durante o tempo em que Oradea estava sob dom\u00ednio h\u00fangaro, o rei S. Ladislau I da Hungria fundou um mosteiro que era um dos mais importantes locais de peregrina\u00e7\u00e3o em toda a Europa Central.ao longo dos s\u00e9culos mudou de m\u00e3os devido \u00e0 sua situa\u00e7\u00e3o fronteiri\u00e7a, fazendo parte do Principado da Transilv\u00e2nia, da \u00f3rbita turca ou do Imp\u00e9rio dos Habsburgos<\/p>\n<p>\nA universidade  com um grande n\u00famero de faculdades e estudantes Erasmus vindos de toda a Europa, tamb\u00e9m contribuiu para colocar Oradea no mapa da Rom\u00e9nia.<\/p>\n<p>\nO urbanismo barroco que hoje vemos \u00e9 um legado do trabalho de <strong>Franz Anton Hillebrandt<\/strong> , que concebeu uma nova cidade com influ\u00eancias barrocas nos edif\u00edcios administrativos e privados a partir de meados do s\u00e9culo XVIII<\/p>\n<p>\nO mais proeminente \u00e9 o primeiro <strong>pal\u00e1cio episcopal<\/strong> , o maior edif\u00edcio barroco do pa\u00eds, que Hillebrandt, um austr\u00edaco, copiou depois do Belvedere em Viena. A sua forma em U tem um facto curioso: 365 janelas, uma para cada dia do ano, com mais de 120 quartos luxuosamente decorados com frescos, onde a Imperatriz Maria Theresa passou a noite durante a sua viagem transilvana. Hoje abriga o impressionante <strong>\u0162\u0103rii Cri\u015furilor<\/strong> museu (com o nome dos tr\u00eas bra\u00e7os do rio que atravessa a cidade), com sec\u00e7\u00f5es sobre hist\u00f3ria, arte, ci\u00eancias naturais e etnografia, incluindo uma colec\u00e7\u00e3o de milhares e milhares de ovos pintados, uma das tradi\u00e7\u00f5es mais caracter\u00edsticas da Europa Central e Oriental.<\/p>\n<p><a href=\"https:\/\/roadtoromania.com\/wp-content\/uploads\/2022\/10\/museo_oradea.jpg\"><img decoding=\"async\" src=\"data:image\/gif;base64,R0lGODdhAQABAPAAAMPDwwAAACwAAAAAAQABAAACAkQBADs=\" \/><\/a> Museu \u0162\u0103rii Cri\u015furilor<\/p>\n<p>\nOutro edif\u00edcio barroco \u00e9 a <strong>catedral cat\u00f3lico-romana<\/strong> , a maior de novo do pa\u00eds, erigida na segunda metade do s\u00e9culo XVIII, desta vez pelo arquitecto Giambattista Ricca, com um exterior em m\u00e1rmore que n\u00e3o poupou recursos.<\/p>\n<p>\nO nosso passeio pelo centro da cidade leva-nos \u00e0 <strong>Citadel<\/strong> , a zona em torno da qual Oradea foi formada, constru\u00edda no s\u00e9culo XI, e reestruturada no s\u00e9culo XVIII quando arquitectos italianos melhoraram a sua funcionalidade. Foi destru\u00edda pelos turcos em 1241.<\/p>\n<p><a href=\"https:\/\/roadtoromania.com\/wp-content\/uploads\/2022\/10\/reloj_oradea.jpg\"><img decoding=\"async\" src=\"data:image\/gif;base64,R0lGODdhAQABAPAAAMPDwwAAACwAAAAAAQABAAACAkQBADs=\" \/><\/a> Detalhe do rel\u00f3gio lunar na Biserica ca Luna<\/p>\n<p>\nSeguindo o itiner\u00e1rio chegamos \u00e0 <strong>Biserica ca Luna<\/strong> (1784), a igreja ordododox barroca e neocl\u00e1ssica de Oradea, com o seu rel\u00f3gio mostrando as fases lunares num mostrador gigantesco, um automatismo mec\u00e2nico feito pelos irm\u00e3os R\u00fcpper.<\/p>\n<p>\nNa rota pela cidade, n\u00e3o podemos deixar de fora o corredor dos c\u00e2nones, o teatro estatal (1900), o Hotel Vulturul Negru &#8211; um edif\u00edcio Lyberty\/Modernist de 1908 -, a casa da cultura ou as casas museu de algumas das personalidades ilustres de Oradea, como Ady Endre ou Iosof Vulcan <\/p>\n<p>.<\/p>\n<p>\nPara a noite, recomendamos o Pal\u00e1cio Black Eagle, uma galeria envidra\u00e7ada ao estilo da Via Umberto em Mil\u00e3o, com lojas, caf\u00e9s, cinemas e bares onde se pode experimentar cervejas romenas.<\/p>\n<h2>\n <strong>Excurs\u00f5es de Oradea<\/strong> <\/h2>\n<p>\nA cerca de 12 km de Oradea, a sul, vale a pena passar um dia nas <strong>Termas de Baile Felix<\/strong> , relaxando nos seus banhos terap\u00eauticos.<\/p>\n<h2>\n <strong>Como chegar a<\/strong> <strong>Oradea<\/strong> <\/h2>\n<p>\nTanto de avi\u00e3o com voos de Bucareste, como de comboio e autocarro de diferentes cidades da Rom\u00e9nia, incluindo a rota de comboio de Budapeste, a capital h\u00fangara, para Cluj Napuca.<\/p>\n<p> Mapa de Oradea<\/strong> <\/h2>\n<p>\n<a href=\"https:\/\/roadtoromania.com\/wp-content\/uploads\/2022\/10\/mapa_turismo_oradea.jpg\"><img decoding=\"async\" src=\"data:image\/gif;base64,R0lGODdhAQABAPAAAMPDwwAAACwAAAAAAQABAAACAkQBADs=\" \/><\/a> <\/p>\n","protected":false},"excerpt":{"rendered":"<p>Oradea no oeste do pa\u00eds, muito perto da fronteira com a vizinha Hungria, \u00e9 a capital do departamento de Bihor, e um importante centro industrial para a produ\u00e7\u00e3o de cal\u00e7ado, t\u00eaxteis e empresas metal\u00fargicas. N\u00e3o surpreendentemente, a localiza\u00e7\u00e3o estrat\u00e9gica da cidade na rota para Budapeste tem sido um motor de crescimento para a cidade. C\u00e2mara &hellip;<\/p>\n<p class=\"read-more\"> <a class=\"\" href=\"https:\/\/roadtoromania.com\/pt-pt\/cidades-e-regioes-da-romenia\/oradea\/\"> <span class=\"screen-reader-text\">Oradea<\/span> Read More \u00bb<\/a><\/p>\n","protected":false},"author":1,"featured_media":1289,"parent":3264,"menu_order":0,"comment_status":"open","ping_status":"open","template":"","meta":{"site-sidebar-layout":"default","site-content-layout":"default","ast-global-header-display":"","ast-main-header-display":"","ast-hfb-above-header-display":"","ast-hfb-below-header-display":"","ast-hfb-mobile-header-display":"","site-post-title":"","ast-breadcrumbs-content":"","ast-featured-img":"","footer-sml-layout":"","theme-transparent-header-meta":"","adv-header-id-meta":"","stick-header-meta":"","header-above-stick-meta":"","header-main-stick-meta":"","header-below-stick-meta":"","footnotes":""},"class_list":["post-3287","page","type-page","status-publish","has-post-thumbnail","hentry"],"yoast_head":"<!-- This site is optimized with the Yoast SEO plugin v19.10 - https:\/\/yoast.com\/wordpress\/plugins\/seo\/ -->\n<title>Oradea - Road to Romania<\/title>\n<meta name=\"robots\" content=\"index, follow, max-snippet:-1, max-image-preview:large, max-video-preview:-1\" \/>\n<link rel=\"canonical\" href=\"https:\/\/roadtoromania.com\/pt-pt\/cidades-e-regioes-da-romenia\/oradea\/\" \/>\n<meta property=\"og:locale\" content=\"pt_PT\" \/>\n<meta property=\"og:type\" content=\"article\" \/>\n<meta property=\"og:title\" content=\"Oradea - Road to Romania\" \/>\n<meta property=\"og:description\" content=\"Oradea no oeste do pa\u00eds, muito perto da fronteira com a vizinha Hungria, \u00e9 a capital do departamento de Bihor, e um importante centro industrial para a produ\u00e7\u00e3o de cal\u00e7ado, t\u00eaxteis e empresas metal\u00fargicas. N\u00e3o surpreendentemente, a localiza\u00e7\u00e3o estrat\u00e9gica da cidade na rota para Budapeste tem sido um motor de crescimento para a cidade. C\u00e2mara &hellip; Oradea Read More \u00bb\" \/>\n<meta property=\"og:url\" content=\"https:\/\/roadtoromania.com\/pt-pt\/cidades-e-regioes-da-romenia\/oradea\/\" \/>\n<meta property=\"og:site_name\" content=\"Road to Romania\" \/>\n<meta property=\"article:modified_time\" content=\"2022-10-21T16:57:47+00:00\" \/>\n<meta property=\"og:image\" content=\"https:\/\/roadtoromania.com\/wp-content\/uploads\/2022\/10\/ayunatmiento_oradea-1.jpg\" \/>\n\t<meta property=\"og:image:width\" content=\"768\" \/>\n\t<meta property=\"og:image:height\" content=\"568\" \/>\n\t<meta property=\"og:image:type\" content=\"image\/jpeg\" \/>\n<meta name=\"twitter:card\" content=\"summary_large_image\" \/>\n<meta name=\"twitter:label1\" content=\"Tempo estimado de leitura\" \/>\n\t<meta name=\"twitter:data1\" content=\"3 minutos\" \/>\n<script type=\"application\/ld+json\" class=\"yoast-schema-graph\">{\"@context\":\"https:\/\/schema.org\",\"@graph\":[{\"@type\":\"WebPage\",\"@id\":\"https:\/\/roadtoromania.com\/pt-pt\/cidades-e-regioes-da-romenia\/oradea\/\",\"url\":\"https:\/\/roadtoromania.com\/pt-pt\/cidades-e-regioes-da-romenia\/oradea\/\",\"name\":\"Oradea - Road to Romania\",\"isPartOf\":{\"@id\":\"https:\/\/roadtoromania.com\/pt-pt\/#website\"},\"datePublished\":\"2022-10-15T18:40:11+00:00\",\"dateModified\":\"2022-10-21T16:57:47+00:00\",\"breadcrumb\":{\"@id\":\"https:\/\/roadtoromania.com\/pt-pt\/cidades-e-regioes-da-romenia\/oradea\/#breadcrumb\"},\"inLanguage\":\"pt-PT\",\"potentialAction\":[{\"@type\":\"ReadAction\",\"target\":[\"https:\/\/roadtoromania.com\/pt-pt\/cidades-e-regioes-da-romenia\/oradea\/\"]}]},{\"@type\":\"BreadcrumbList\",\"@id\":\"https:\/\/roadtoromania.com\/pt-pt\/cidades-e-regioes-da-romenia\/oradea\/#breadcrumb\",\"itemListElement\":[{\"@type\":\"ListItem\",\"position\":1,\"name\":\"Home\",\"item\":\"https:\/\/roadtoromania.com\/pt-pt\/\"},{\"@type\":\"ListItem\",\"position\":2,\"name\":\"Cidades e regi\u00f5es da Rom\u00e9nia\",\"item\":\"https:\/\/roadtoromania.com\/pt-pt\/cidades-e-regioes-da-romenia\/\"},{\"@type\":\"ListItem\",\"position\":3,\"name\":\"Oradea\"}]},{\"@type\":\"WebSite\",\"@id\":\"https:\/\/roadtoromania.com\/pt-pt\/#website\",\"url\":\"https:\/\/roadtoromania.com\/pt-pt\/\",\"name\":\"Road to Romania\",\"description\":\"O blog onde encontrar\u00e1 toda a informa\u00e7\u00e3o de que necessita para desfrutar da Rom\u00e9nia.\",\"potentialAction\":[{\"@type\":\"SearchAction\",\"target\":{\"@type\":\"EntryPoint\",\"urlTemplate\":\"https:\/\/roadtoromania.com\/pt-pt\/?s={search_term_string}\"},\"query-input\":\"required name=search_term_string\"}],\"inLanguage\":\"pt-PT\"}]}<\/script>\n<!-- \/ Yoast SEO plugin. -->","yoast_head_json":{"title":"Oradea - Road to Romania","robots":{"index":"index","follow":"follow","max-snippet":"max-snippet:-1","max-image-preview":"max-image-preview:large","max-video-preview":"max-video-preview:-1"},"canonical":"https:\/\/roadtoromania.com\/pt-pt\/cidades-e-regioes-da-romenia\/oradea\/","og_locale":"pt_PT","og_type":"article","og_title":"Oradea - Road to Romania","og_description":"Oradea no oeste do pa\u00eds, muito perto da fronteira com a vizinha Hungria, \u00e9 a capital do departamento de Bihor, e um importante centro industrial para a produ\u00e7\u00e3o de cal\u00e7ado, t\u00eaxteis e empresas metal\u00fargicas. N\u00e3o surpreendentemente, a localiza\u00e7\u00e3o estrat\u00e9gica da cidade na rota para Budapeste tem sido um motor de crescimento para a cidade. C\u00e2mara &hellip; Oradea Read More \u00bb","og_url":"https:\/\/roadtoromania.com\/pt-pt\/cidades-e-regioes-da-romenia\/oradea\/","og_site_name":"Road to Romania","article_modified_time":"2022-10-21T16:57:47+00:00","og_image":[{"width":768,"height":568,"url":"https:\/\/roadtoromania.com\/wp-content\/uploads\/2022\/10\/ayunatmiento_oradea-1.jpg","type":"image\/jpeg"}],"twitter_card":"summary_large_image","twitter_misc":{"Tempo estimado de leitura":"3 minutos"},"schema":{"@context":"https:\/\/schema.org","@graph":[{"@type":"WebPage","@id":"https:\/\/roadtoromania.com\/pt-pt\/cidades-e-regioes-da-romenia\/oradea\/","url":"https:\/\/roadtoromania.com\/pt-pt\/cidades-e-regioes-da-romenia\/oradea\/","name":"Oradea - Road to Romania","isPartOf":{"@id":"https:\/\/roadtoromania.com\/pt-pt\/#website"},"datePublished":"2022-10-15T18:40:11+00:00","dateModified":"2022-10-21T16:57:47+00:00","breadcrumb":{"@id":"https:\/\/roadtoromania.com\/pt-pt\/cidades-e-regioes-da-romenia\/oradea\/#breadcrumb"},"inLanguage":"pt-PT","potentialAction":[{"@type":"ReadAction","target":["https:\/\/roadtoromania.com\/pt-pt\/cidades-e-regioes-da-romenia\/oradea\/"]}]},{"@type":"BreadcrumbList","@id":"https:\/\/roadtoromania.com\/pt-pt\/cidades-e-regioes-da-romenia\/oradea\/#breadcrumb","itemListElement":[{"@type":"ListItem","position":1,"name":"Home","item":"https:\/\/roadtoromania.com\/pt-pt\/"},{"@type":"ListItem","position":2,"name":"Cidades e regi\u00f5es da Rom\u00e9nia","item":"https:\/\/roadtoromania.com\/pt-pt\/cidades-e-regioes-da-romenia\/"},{"@type":"ListItem","position":3,"name":"Oradea"}]},{"@type":"WebSite","@id":"https:\/\/roadtoromania.com\/pt-pt\/#website","url":"https:\/\/roadtoromania.com\/pt-pt\/","name":"Road to Romania","description":"O blog onde encontrar\u00e1 toda a informa\u00e7\u00e3o de que necessita para desfrutar da Rom\u00e9nia.","potentialAction":[{"@type":"SearchAction","target":{"@type":"EntryPoint","urlTemplate":"https:\/\/roadtoromania.com\/pt-pt\/?s={search_term_string}"},"query-input":"required name=search_term_string"}],"inLanguage":"pt-PT"}]}},"_links":{"self":[{"href":"https:\/\/roadtoromania.com\/pt-pt\/wp-json\/wp\/v2\/pages\/3287","targetHints":{"allow":["GET"]}}],"collection":[{"href":"https:\/\/roadtoromania.com\/pt-pt\/wp-json\/wp\/v2\/pages"}],"about":[{"href":"https:\/\/roadtoromania.com\/pt-pt\/wp-json\/wp\/v2\/types\/page"}],"author":[{"embeddable":true,"href":"https:\/\/roadtoromania.com\/pt-pt\/wp-json\/wp\/v2\/users\/1"}],"replies":[{"embeddable":true,"href":"https:\/\/roadtoromania.com\/pt-pt\/wp-json\/wp\/v2\/comments?post=3287"}],"version-history":[{"count":0,"href":"https:\/\/roadtoromania.com\/pt-pt\/wp-json\/wp\/v2\/pages\/3287\/revisions"}],"up":[{"embeddable":true,"href":"https:\/\/roadtoromania.com\/pt-pt\/wp-json\/wp\/v2\/pages\/3264"}],"wp:featuredmedia":[{"embeddable":true,"href":"https:\/\/roadtoromania.com\/pt-pt\/wp-json\/wp\/v2\/media\/1289"}],"wp:attachment":[{"href":"https:\/\/roadtoromania.com\/pt-pt\/wp-json\/wp\/v2\/media?parent=3287"}],"curies":[{"name":"wp","href":"https:\/\/api.w.org\/{rel}","templated":true}]}}