{"id":3288,"date":"2022-10-15T18:40:11","date_gmt":"2022-10-15T18:40:11","guid":{"rendered":"https:\/\/roadtoromania.com\/cidades-e-regioes-da-romenia\/piatra-neamt\/"},"modified":"2022-10-21T16:57:47","modified_gmt":"2022-10-21T16:57:47","slug":"piatra-neamt","status":"publish","type":"page","link":"https:\/\/roadtoromania.com\/pt-pt\/cidades-e-regioes-da-romenia\/piatra-neamt\/","title":{"rendered":"Piatra Neamt"},"content":{"rendered":"<p><a href=\"https:\/\/roadtoromania.com\/wp-content\/uploads\/2022\/10\/piatra-neamt-rumania.jpg\"><img decoding=\"async\" src=\"https:\/\/roadtoromania.com\/wp-content\/uploads\/2022\/10\/piatra-neamt-rumania.jpg\" \/><\/a> Vista de Piatra Neamt ao anoitecer<\/p>\n<p>\nA &#8220;Sinaia Moldavian&#8221;, a cidade de <strong>Piatra Neamt<\/strong> , tamb\u00e9m conhecida como a &#8220;p\u00e9rola moldava&#8221; pela sua rica arquitectura, \u00e9 uma ponte entre as regi\u00f5es da Bucovina e da Transilv\u00e2nia. A maioria dos seus edif\u00edcios significativos foi obra de Est\u00eav\u00e3o o Grande, o monarca que reinou entre 1457 e 1504.<\/p>\n<p>\nCapital do distrito de Neamt, o clima ameno \u00e9 um dos factos que encorajam as pessoas a fugir do frio do Inverno romeno e do calor abrasador do Ver\u00e3o. Em Piatra Neamt os Ver\u00f5es s\u00e3o curtos e suaves, e os Invernos n\u00e3o s\u00e3o normalmente nevados, precedidos por um longo e agrad\u00e1vel Outono.<\/p>\n<p>\nA fisionomia do povoado \u00e9 definida pelo rio Bistrita, bem como numerosos outros recursos h\u00eddricos que tornaram poss\u00edvel o surgimento de uma promissora ind\u00fastria hidroel\u00e9ctrica, proliferando centrais el\u00e9ctricas e barragens, que serviram para controlar o caudal de rios que geraram numerosos desastres com inunda\u00e7\u00f5es quando transbordaram.<\/p>\n<p><a href=\"https:\/\/roadtoromania.com\/wp-content\/uploads\/2022\/10\/piatra-neamt.jpg\"><img decoding=\"async\" src=\"https:\/\/roadtoromania.com\/wp-content\/uploads\/2022\/10\/piatra-neamt.jpg\" \/><\/a> Telegondola, o telef\u00e9rico em Piatra Neamt<br \/>\n O que ver em Piatra Neamt<\/strong> <\/h2>\n<p>\nUma das atrac\u00e7\u00f5es de Piatra Neamt \u00e9 o telef\u00e9rico, conhecido como <strong>Telegondola<\/strong> . Parte da esta\u00e7\u00e3o ferrovi\u00e1ria e sobe at\u00e9 aos 657 metros na montanha Cozla. Funciona de ter\u00e7a-feira a domingo das 10:00 \u00e0s 22:00 e tem descontos para grupos de mais de 20 pessoas, estudantes e crian\u00e7as com menos de 14 anos.A viagem numa das 22 g\u00f4ndolas demora cerca de 6 minutos numa dist\u00e2ncia de cerca de 2 km e oferece uma vista a\u00e9rea de Piatra Neamt.<\/p>\n<p>\nExistem v\u00e1rios <strong>museus<\/strong> de interesse na cidade, come\u00e7ando pelo <strong>Neolithic History Museum<\/strong> , no Stefan cel Mare nr. 3. A regi\u00e3o tem sido habitada desde o per\u00edodo Neol\u00edtico, e existem s\u00edtios arqueol\u00f3gicos importantes, tais como os da cultura Cucuteni. Inaugurado em 2005 num edif\u00edcio projectado pela arquiteta Carol Zani em 1928-30, e decorado pelo escultor Vincenzo Puschiasis.<\/p>\n<p>\nO segundo museu da cidade \u00e9 o etnogr\u00e1fico  , com exposi\u00e7\u00f5es de arte tradicional e folclore local, com trajes e objectos do quotidiano dos camponeses do vale da Bistrita dos \u00faltimos s\u00e9culos. A terceira que gostar\u00edamos de destacar \u00e9 a sec\u00e7\u00e3o de Ci\u00eancias Naturais que, para al\u00e9m das sec\u00e7\u00f5es bot\u00e2nicas, paleontol\u00f3gicas e zool\u00f3gicas, tem como foco principal os peixes fossilizados.<\/p>\n<p>\nOs outros museus s\u00e3o o <strong>Museu de Hist\u00f3ria<\/strong> que tem uma exposi\u00e7\u00e3o de colec\u00e7\u00f5es arqueol\u00f3gicas da Idade do Bronze e Geto-Dacian; e o <strong>Museu de Arte<\/strong> que tem pinturas, gravuras e esculturas de artistas locais como Ion Tuculescu, Nicolae Tonitza, Corneliu Baba ou Lascar Vorel.<\/p>\n<p><a href=\"https:\/\/roadtoromania.com\/wp-content\/uploads\/2022\/10\/piatra_neamt.jpg\"><img decoding=\"async\" src=\"data:image\/gif;base64,R0lGODdhAQABAPAAAMPDwwAAACwAAAAAAQABAAACAkQBADs=\" \/><\/a> Torre do rel\u00f3gio no Piatra Libertatii<\/p>\n<p>\nCerca de <strong>Libertatii Square<\/strong> est\u00e3o concentrados a maior parte dos monumentos importantes de Piatra Neamt. Uma das principais \u00e9 a <strong>Corte Principesca<\/strong> , cujo elemento principal \u00e9 a <strong>Igreja de S\u00e3o Jo\u00e3o<\/strong> (Biserica SF Ioan), no estilo moldavo com elementos bizantinos e consagrada no tempo de Est\u00eav\u00e3o o Grande. As paredes exteriores policromadas s\u00e3o muito atractivas. Na mesma pra\u00e7a, a<\/strong> Torre do Rel\u00f3gio<\/strong> de 1499 serviu de ponto de vigia sobre a cidade.<\/p>\n<p>\nA sinagoga de madeira de 1766, a cidadela Daciana de B\u00e2tca Doamnei na colina do lado direito do rio Bistrita, e a Igreja da Transfigura\u00e7\u00e3o do s\u00e9culo XVI com as suas janelas coloridas decoradas com motivos geom\u00e9tricos tamb\u00e9m merecem uma visita.<\/p>\n<p>\nPara terminar a visita a Piatra Neamt, podemos visitar as <strong>&#8220;casas nobres&#8221;<\/strong> de Lalu e Paharnicului, resid\u00eancias de luxo do in\u00edcio do s\u00e9culo XX. Foram agora convertidos para uso p\u00fablico ou, no caso deste \u00faltimo, para um restaurante e loja de departamentos.<\/p>\n<p>\nNos arredores de Piatra Neamt, cerca de 7 km de carro seguindo a estrada 15 a oeste, chegamos ao mosteiro <strong>Bistrita<\/strong> , fundado em 1407 por Alexandru cel Bun durante a voivodia. Um s\u00e9culo e meio depois, foi conclu\u00eddo pelo Pr\u00edncipe Alexandru Lapusneanu e tornou-se um importante centro religioso e cultural.<\/p>\n<p>\nSe fizermos um percurso pela regi\u00e3o, podemos fazer quest\u00e3o de visitar os mosteiros <strong>de Agapia<\/strong> , num cen\u00e1rio pitoresco rodeado de natureza exuberante; os mosteiros de Varatac, Secu ou Sihastria. Deve ser feita uma men\u00e7\u00e3o especial ao mosteiro de Neamt <\/p>\n<p>.<\/p>\n<p>\nA proximidade de Bicaz d\u00e1-nos a possibilidade de tomar uma rota atrav\u00e9s dos impressionantes <a href=\"https:\/\/roadtoromania.com\/pt-pt\/natureza-da-romenia\/gargantas-de-bicaz\/\"> <strong>desfiladeiros de Bicaz<\/strong><\/a> , perfurados pela eros\u00e3o da \u00e1gua, seguindo uma estrada panor\u00e2mica que nos levar\u00e1 a <strong>Lacu Rossu<\/strong> , um lago alpino onde podemos desfrutar da natureza. A norte de Pietra Neamt h\u00e1 a possibilidade de desfrutar da rota atrav\u00e9s de <a href=\"https:\/\/roadtoromania.com\/pt-pt\/bukovina-e-os-seus-mosteiros\/\"><\/strong> Bucovina<\/strong><\/a> , visitando os<\/strong> mosteiros pintados<\/strong> S\u00edtio do Patrim\u00f3nio Mundial<\/p>\n<h2>\nMapa de Piatra Neamt<\/h2>\n","protected":false},"excerpt":{"rendered":"<p>Vista de Piatra Neamt ao anoitecer A &#8220;Sinaia Moldavian&#8221;, a cidade de Piatra Neamt , tamb\u00e9m conhecida como a &#8220;p\u00e9rola moldava&#8221; pela sua rica arquitectura, \u00e9 uma ponte entre as regi\u00f5es da Bucovina e da Transilv\u00e2nia. A maioria dos seus edif\u00edcios significativos foi obra de Est\u00eav\u00e3o o Grande, o monarca que reinou entre 1457 e &hellip;<\/p>\n<p class=\"read-more\"> <a class=\"\" href=\"https:\/\/roadtoromania.com\/pt-pt\/cidades-e-regioes-da-romenia\/piatra-neamt\/\"> <span class=\"screen-reader-text\">Piatra Neamt<\/span> Read More \u00bb<\/a><\/p>\n","protected":false},"author":1,"featured_media":1297,"parent":3264,"menu_order":0,"comment_status":"open","ping_status":"open","template":"","meta":{"site-sidebar-layout":"default","site-content-layout":"default","ast-global-header-display":"","ast-main-header-display":"","ast-hfb-above-header-display":"","ast-hfb-below-header-display":"","ast-hfb-mobile-header-display":"","site-post-title":"","ast-breadcrumbs-content":"","ast-featured-img":"","footer-sml-layout":"","theme-transparent-header-meta":"","adv-header-id-meta":"","stick-header-meta":"","header-above-stick-meta":"","header-main-stick-meta":"","header-below-stick-meta":"","footnotes":""},"class_list":["post-3288","page","type-page","status-publish","has-post-thumbnail","hentry"],"yoast_head":"<!-- This site is optimized with the Yoast SEO plugin v19.10 - https:\/\/yoast.com\/wordpress\/plugins\/seo\/ -->\n<title>Piatra Neamt - Road to Romania<\/title>\n<meta name=\"robots\" content=\"index, follow, max-snippet:-1, max-image-preview:large, max-video-preview:-1\" \/>\n<link rel=\"canonical\" href=\"https:\/\/roadtoromania.com\/pt-pt\/cidades-e-regioes-da-romenia\/piatra-neamt\/\" \/>\n<meta property=\"og:locale\" content=\"pt_PT\" \/>\n<meta property=\"og:type\" content=\"article\" \/>\n<meta property=\"og:title\" content=\"Piatra Neamt - Road to Romania\" \/>\n<meta property=\"og:description\" content=\"Vista de Piatra Neamt ao anoitecer A &#8220;Sinaia Moldavian&#8221;, a cidade de Piatra Neamt , tamb\u00e9m conhecida como a &#8220;p\u00e9rola moldava&#8221; pela sua rica arquitectura, \u00e9 uma ponte entre as regi\u00f5es da Bucovina e da Transilv\u00e2nia. A maioria dos seus edif\u00edcios significativos foi obra de Est\u00eav\u00e3o o Grande, o monarca que reinou entre 1457 e &hellip; Piatra Neamt Read More \u00bb\" \/>\n<meta property=\"og:url\" content=\"https:\/\/roadtoromania.com\/pt-pt\/cidades-e-regioes-da-romenia\/piatra-neamt\/\" \/>\n<meta property=\"og:site_name\" content=\"Road to Romania\" \/>\n<meta property=\"article:modified_time\" content=\"2022-10-21T16:57:47+00:00\" \/>\n<meta property=\"og:image\" content=\"https:\/\/roadtoromania.com\/wp-content\/uploads\/2022\/10\/piatra-neamt-rumania-1.jpg\" \/>\n\t<meta property=\"og:image:width\" content=\"768\" \/>\n\t<meta property=\"og:image:height\" content=\"507\" \/>\n\t<meta property=\"og:image:type\" content=\"image\/jpeg\" \/>\n<meta name=\"twitter:card\" content=\"summary_large_image\" \/>\n<meta name=\"twitter:label1\" content=\"Tempo estimado de leitura\" \/>\n\t<meta name=\"twitter:data1\" content=\"4 minutos\" \/>\n<script type=\"application\/ld+json\" class=\"yoast-schema-graph\">{\"@context\":\"https:\/\/schema.org\",\"@graph\":[{\"@type\":\"WebPage\",\"@id\":\"https:\/\/roadtoromania.com\/pt-pt\/cidades-e-regioes-da-romenia\/piatra-neamt\/\",\"url\":\"https:\/\/roadtoromania.com\/pt-pt\/cidades-e-regioes-da-romenia\/piatra-neamt\/\",\"name\":\"Piatra Neamt - Road to Romania\",\"isPartOf\":{\"@id\":\"https:\/\/roadtoromania.com\/pt-pt\/#website\"},\"datePublished\":\"2022-10-15T18:40:11+00:00\",\"dateModified\":\"2022-10-21T16:57:47+00:00\",\"breadcrumb\":{\"@id\":\"https:\/\/roadtoromania.com\/pt-pt\/cidades-e-regioes-da-romenia\/piatra-neamt\/#breadcrumb\"},\"inLanguage\":\"pt-PT\",\"potentialAction\":[{\"@type\":\"ReadAction\",\"target\":[\"https:\/\/roadtoromania.com\/pt-pt\/cidades-e-regioes-da-romenia\/piatra-neamt\/\"]}]},{\"@type\":\"BreadcrumbList\",\"@id\":\"https:\/\/roadtoromania.com\/pt-pt\/cidades-e-regioes-da-romenia\/piatra-neamt\/#breadcrumb\",\"itemListElement\":[{\"@type\":\"ListItem\",\"position\":1,\"name\":\"Home\",\"item\":\"https:\/\/roadtoromania.com\/pt-pt\/\"},{\"@type\":\"ListItem\",\"position\":2,\"name\":\"Cidades e regi\u00f5es da Rom\u00e9nia\",\"item\":\"https:\/\/roadtoromania.com\/pt-pt\/cidades-e-regioes-da-romenia\/\"},{\"@type\":\"ListItem\",\"position\":3,\"name\":\"Piatra Neamt\"}]},{\"@type\":\"WebSite\",\"@id\":\"https:\/\/roadtoromania.com\/pt-pt\/#website\",\"url\":\"https:\/\/roadtoromania.com\/pt-pt\/\",\"name\":\"Road to Romania\",\"description\":\"O blog onde encontrar\u00e1 toda a informa\u00e7\u00e3o de que necessita para desfrutar da Rom\u00e9nia.\",\"potentialAction\":[{\"@type\":\"SearchAction\",\"target\":{\"@type\":\"EntryPoint\",\"urlTemplate\":\"https:\/\/roadtoromania.com\/pt-pt\/?s={search_term_string}\"},\"query-input\":\"required name=search_term_string\"}],\"inLanguage\":\"pt-PT\"}]}<\/script>\n<!-- \/ Yoast SEO plugin. -->","yoast_head_json":{"title":"Piatra Neamt - Road to Romania","robots":{"index":"index","follow":"follow","max-snippet":"max-snippet:-1","max-image-preview":"max-image-preview:large","max-video-preview":"max-video-preview:-1"},"canonical":"https:\/\/roadtoromania.com\/pt-pt\/cidades-e-regioes-da-romenia\/piatra-neamt\/","og_locale":"pt_PT","og_type":"article","og_title":"Piatra Neamt - Road to Romania","og_description":"Vista de Piatra Neamt ao anoitecer A &#8220;Sinaia Moldavian&#8221;, a cidade de Piatra Neamt , tamb\u00e9m conhecida como a &#8220;p\u00e9rola moldava&#8221; pela sua rica arquitectura, \u00e9 uma ponte entre as regi\u00f5es da Bucovina e da Transilv\u00e2nia. A maioria dos seus edif\u00edcios significativos foi obra de Est\u00eav\u00e3o o Grande, o monarca que reinou entre 1457 e &hellip; Piatra Neamt Read More \u00bb","og_url":"https:\/\/roadtoromania.com\/pt-pt\/cidades-e-regioes-da-romenia\/piatra-neamt\/","og_site_name":"Road to Romania","article_modified_time":"2022-10-21T16:57:47+00:00","og_image":[{"width":768,"height":507,"url":"https:\/\/roadtoromania.com\/wp-content\/uploads\/2022\/10\/piatra-neamt-rumania-1.jpg","type":"image\/jpeg"}],"twitter_card":"summary_large_image","twitter_misc":{"Tempo estimado de leitura":"4 minutos"},"schema":{"@context":"https:\/\/schema.org","@graph":[{"@type":"WebPage","@id":"https:\/\/roadtoromania.com\/pt-pt\/cidades-e-regioes-da-romenia\/piatra-neamt\/","url":"https:\/\/roadtoromania.com\/pt-pt\/cidades-e-regioes-da-romenia\/piatra-neamt\/","name":"Piatra Neamt - Road to Romania","isPartOf":{"@id":"https:\/\/roadtoromania.com\/pt-pt\/#website"},"datePublished":"2022-10-15T18:40:11+00:00","dateModified":"2022-10-21T16:57:47+00:00","breadcrumb":{"@id":"https:\/\/roadtoromania.com\/pt-pt\/cidades-e-regioes-da-romenia\/piatra-neamt\/#breadcrumb"},"inLanguage":"pt-PT","potentialAction":[{"@type":"ReadAction","target":["https:\/\/roadtoromania.com\/pt-pt\/cidades-e-regioes-da-romenia\/piatra-neamt\/"]}]},{"@type":"BreadcrumbList","@id":"https:\/\/roadtoromania.com\/pt-pt\/cidades-e-regioes-da-romenia\/piatra-neamt\/#breadcrumb","itemListElement":[{"@type":"ListItem","position":1,"name":"Home","item":"https:\/\/roadtoromania.com\/pt-pt\/"},{"@type":"ListItem","position":2,"name":"Cidades e regi\u00f5es da Rom\u00e9nia","item":"https:\/\/roadtoromania.com\/pt-pt\/cidades-e-regioes-da-romenia\/"},{"@type":"ListItem","position":3,"name":"Piatra Neamt"}]},{"@type":"WebSite","@id":"https:\/\/roadtoromania.com\/pt-pt\/#website","url":"https:\/\/roadtoromania.com\/pt-pt\/","name":"Road to Romania","description":"O blog onde encontrar\u00e1 toda a informa\u00e7\u00e3o de que necessita para desfrutar da Rom\u00e9nia.","potentialAction":[{"@type":"SearchAction","target":{"@type":"EntryPoint","urlTemplate":"https:\/\/roadtoromania.com\/pt-pt\/?s={search_term_string}"},"query-input":"required name=search_term_string"}],"inLanguage":"pt-PT"}]}},"_links":{"self":[{"href":"https:\/\/roadtoromania.com\/pt-pt\/wp-json\/wp\/v2\/pages\/3288","targetHints":{"allow":["GET"]}}],"collection":[{"href":"https:\/\/roadtoromania.com\/pt-pt\/wp-json\/wp\/v2\/pages"}],"about":[{"href":"https:\/\/roadtoromania.com\/pt-pt\/wp-json\/wp\/v2\/types\/page"}],"author":[{"embeddable":true,"href":"https:\/\/roadtoromania.com\/pt-pt\/wp-json\/wp\/v2\/users\/1"}],"replies":[{"embeddable":true,"href":"https:\/\/roadtoromania.com\/pt-pt\/wp-json\/wp\/v2\/comments?post=3288"}],"version-history":[{"count":0,"href":"https:\/\/roadtoromania.com\/pt-pt\/wp-json\/wp\/v2\/pages\/3288\/revisions"}],"up":[{"embeddable":true,"href":"https:\/\/roadtoromania.com\/pt-pt\/wp-json\/wp\/v2\/pages\/3264"}],"wp:featuredmedia":[{"embeddable":true,"href":"https:\/\/roadtoromania.com\/pt-pt\/wp-json\/wp\/v2\/media\/1297"}],"wp:attachment":[{"href":"https:\/\/roadtoromania.com\/pt-pt\/wp-json\/wp\/v2\/media?parent=3288"}],"curies":[{"name":"wp","href":"https:\/\/api.w.org\/{rel}","templated":true}]}}