{"id":3289,"date":"2022-10-15T18:40:11","date_gmt":"2022-10-15T18:40:11","guid":{"rendered":"https:\/\/roadtoromania.com\/cidades-e-regioes-da-romenia\/regiao-de-maramures\/"},"modified":"2022-10-21T16:57:47","modified_gmt":"2022-10-21T16:57:47","slug":"regiao-de-maramures","status":"publish","type":"page","link":"https:\/\/roadtoromania.com\/pt-pt\/cidades-e-regioes-da-romenia\/regiao-de-maramures\/","title":{"rendered":"Regi\u00e3o de Maramures"},"content":{"rendered":"<p><a href=\"https:\/\/roadtoromania.com\/wp-content\/uploads\/2022\/10\/puertas_maramures.jpg\"><img decoding=\"async\" src=\"https:\/\/roadtoromania.com\/wp-content\/uploads\/2022\/10\/puertas_maramures.jpg\" \/><\/a> Maramures portas de madeira<\/p>\n<p>\n <strong>Maramures<\/strong> \u00e9 uma regi\u00e3o pouco conhecida dos turistas que v\u00eam para a Rom\u00e9nia atra\u00eddos pela imagem do pa\u00eds como sendo constitu\u00edda apenas por <strong>Transilv\u00e2nia<\/strong> .Est\u00e1 localizada na parte norte, fazendo fronteira com a Ucr\u00e2nia e a vida calma das suas aldeias como Vaser Valley, Baia Mare, Viseu de Sus, a cidade romana de Ieud &#8211; fundada pelos Dacianos &#8211; <a href=\"\"> <strong>Satu Mare<\/strong><\/a> , ou Sighetu Marmatiei \u00e9 uma garantia de pessoas hospitaleiras, gastronomia tradicional e muita natureza como o Vale de Iza.<\/p>\n<h2>\nO que ver na Regi\u00e3o Maramures<\/h2>\n<p>\nA realidade \u00e9 melhor do que o esperado, pois ap\u00f3s uma leitura atenta de qualquer guia, encontramos refer\u00eancias a Maramures, \u00e0 arquitectura das suas igrejas de madeira, aos mosteiros hist\u00f3ricos, e \u00e0s tradi\u00e7\u00f5es que sobreviveram quase intocadas durante s\u00e9culos. In<a href=\"https:\/\/roadtoromania.com\/pt-pt\/cidades-e-regioes-da-romenia\/baia-mare\/\"> <strong>Baia Mare<\/strong><\/a> , a capital de Maramures, podemos visitar o Museu Etnogr\u00e1fico, um dos maiores da Rom\u00e9nia, que preserva utens\u00edlios que nem sequer s\u00e3o raros de encontrar na agricultura e manufactura actuais.<\/p>\n<p>\nA madeira \u00e9 o material nobre que embeleza as famosas portas dos Maramures, que s\u00e3o obras-primas de escultura e escultura em &#8220;carne de \u00e1rvore&#8221;. Quase todas as casas t\u00eam um arco de madeira com ornamentos florais, s\u00edmbolos folcl\u00f3ricos ou imagens de santos.<\/p>\n<p>\nMesmo as casas mais recentes t\u00eam portas de madeira recentes, que s\u00e3o mais sofisticadas e por vezes parecem gastas, mas s\u00e3o de fabrico recente. Se \u00e9 um entusiasta da fotografia, pode estar a parar a cada cem metros na sua rota atrav\u00e9s de Maramures, \u00e0 procura de uma fotografia da porta mais grande.<\/p>\n<p><a href=\"https:\/\/roadtoromania.com\/wp-content\/uploads\/2022\/10\/sapanta_rumania.jpg\"><img decoding=\"async\" src=\"https:\/\/roadtoromania.com\/wp-content\/uploads\/2022\/10\/sapanta_rumania.jpg\" \/><\/a> Cemit\u00e9rio de Sapanta<\/p>\n<p>\nO complexo <strong>Barsana<\/strong> re\u00fane um n\u00famero de igrejas que formam um complexo mon\u00e1stico muito bonito e agrad\u00e1vel do s\u00e9culo XIV para andar por a\u00ed. Reconstru\u00edda e renovada, tem uma das igrejas de madeira mais altas da Europa<\/p>\n<p>\nPor outro lado, o <a href=\"https:\/\/roadtoromania.com\/pt-pt\/monumentos-da-romenia-o-que-ver-na-romenia\/cemiterio-da-alegria-de-sapanta-sapanta\/\"> <strong>Sapanta$0027s<\/strong><\/a> alegre cemit\u00e9rio combina dois conceitos antag\u00f3nicos. Chamar um cemit\u00e9rio alegre pode parecer macabro, mas n\u00e3o h\u00e1 d\u00favida de que caminhar pelas filas de sepulturas trar\u00e1 um sorriso \u00e0 sua cara, mesmo que n\u00e3o compreenda os epit\u00e1fios que acompanham as sepulturas. Os gr\u00e1ficos do autor, Stan Patras, enfeitam cada t\u00famulo, com as suas cruzes coloridas, e com desenhos representando cenas quotidianas do falecido, quer estivessem no seu tractor ou a ordenhar gado.<\/p>\n<p>\nNo Inverno, a est\u00e2ncia<\/strong> de Borsa,<\/strong> no sop\u00e9 do Monte Pietrosul &#8211; a montanha mais alta dos C\u00e1rpatos &#8211; est\u00e1 cheia de esquiadores que v\u00eam em busca de um local desportivo muito popular.<\/p>\n<p> Tradi\u00e7\u00f5es de Maramures<\/strong> <\/h2>\n<p>\nAl\u00e9m da gastronomia e da arquitectura, o folclore e as tradi\u00e7\u00f5es milenares s\u00e3o formados por alguns produtos t\u00edpicos como os tapetes tecidos, o clop: bon\u00e9s t\u00edpicos dos homens, as blusas bordadas das mulheres e, claro, um bom copo de palinka, um licor forte feito de ameixas.<\/p>\n<p> Como chegar a Maramures<\/strong> <\/h2>\n<p>\nA \u00fanica desvantagem dos Maramures pode ser o facto de n\u00e3o ser t\u00e3o acess\u00edvel. Quer cheguemos de <strong>Cluj<\/strong> a oeste, ou se viermos de Bucareste atravessando toda a Transilv\u00e2nia, uma rota montanhosa espera-nos, com estradas complicadas, mas com uma paisagem inesquec\u00edvel que ficar\u00e1 para sempre gravada na nossa mem\u00f3ria visual &#8211; e nas nossas fotografias, claro.<\/p>\n<p> Aluguer de autom\u00f3veis em Maramures<\/strong> <\/h2>\n<p>\n\u00a0<\/p>\n","protected":false},"excerpt":{"rendered":"<p>Maramures portas de madeira Maramures \u00e9 uma regi\u00e3o pouco conhecida dos turistas que v\u00eam para a Rom\u00e9nia atra\u00eddos pela imagem do pa\u00eds como sendo constitu\u00edda apenas por Transilv\u00e2nia .Est\u00e1 localizada na parte norte, fazendo fronteira com a Ucr\u00e2nia e a vida calma das suas aldeias como Vaser Valley, Baia Mare, Viseu de Sus, a cidade &hellip;<\/p>\n<p class=\"read-more\"> <a class=\"\" href=\"https:\/\/roadtoromania.com\/pt-pt\/cidades-e-regioes-da-romenia\/regiao-de-maramures\/\"> <span class=\"screen-reader-text\">Regi\u00e3o de Maramures<\/span> Read More \u00bb<\/a><\/p>\n","protected":false},"author":1,"featured_media":1311,"parent":3264,"menu_order":0,"comment_status":"open","ping_status":"open","template":"","meta":{"site-sidebar-layout":"default","site-content-layout":"default","ast-global-header-display":"","ast-main-header-display":"","ast-hfb-above-header-display":"","ast-hfb-below-header-display":"","ast-hfb-mobile-header-display":"","site-post-title":"","ast-breadcrumbs-content":"","ast-featured-img":"","footer-sml-layout":"","theme-transparent-header-meta":"","adv-header-id-meta":"","stick-header-meta":"","header-above-stick-meta":"","header-main-stick-meta":"","header-below-stick-meta":"","footnotes":""},"class_list":["post-3289","page","type-page","status-publish","has-post-thumbnail","hentry"],"yoast_head":"<!-- This site is optimized with the Yoast SEO plugin v19.10 - https:\/\/yoast.com\/wordpress\/plugins\/seo\/ -->\n<title>Regi\u00e3o de Maramures - Road to Romania<\/title>\n<meta name=\"robots\" content=\"index, follow, max-snippet:-1, max-image-preview:large, max-video-preview:-1\" \/>\n<link rel=\"canonical\" href=\"https:\/\/roadtoromania.com\/pt-pt\/cidades-e-regioes-da-romenia\/regiao-de-maramures\/\" \/>\n<meta property=\"og:locale\" content=\"pt_PT\" \/>\n<meta property=\"og:type\" content=\"article\" \/>\n<meta property=\"og:title\" content=\"Regi\u00e3o de Maramures - Road to Romania\" \/>\n<meta property=\"og:description\" content=\"Maramures portas de madeira Maramures \u00e9 uma regi\u00e3o pouco conhecida dos turistas que v\u00eam para a Rom\u00e9nia atra\u00eddos pela imagem do pa\u00eds como sendo constitu\u00edda apenas por Transilv\u00e2nia .Est\u00e1 localizada na parte norte, fazendo fronteira com a Ucr\u00e2nia e a vida calma das suas aldeias como Vaser Valley, Baia Mare, Viseu de Sus, a cidade &hellip; Regi\u00e3o de Maramures Read More \u00bb\" \/>\n<meta property=\"og:url\" content=\"https:\/\/roadtoromania.com\/pt-pt\/cidades-e-regioes-da-romenia\/regiao-de-maramures\/\" \/>\n<meta property=\"og:site_name\" content=\"Road to Romania\" \/>\n<meta property=\"article:modified_time\" content=\"2022-10-21T16:57:47+00:00\" \/>\n<meta property=\"og:image\" content=\"https:\/\/roadtoromania.com\/wp-content\/uploads\/2022\/10\/puertas_maramures-1.jpg\" \/>\n\t<meta property=\"og:image:width\" content=\"600\" \/>\n\t<meta property=\"og:image:height\" content=\"450\" \/>\n\t<meta property=\"og:image:type\" content=\"image\/jpeg\" \/>\n<meta name=\"twitter:card\" content=\"summary_large_image\" \/>\n<meta name=\"twitter:label1\" content=\"Tempo estimado de leitura\" \/>\n\t<meta name=\"twitter:data1\" content=\"3 minutos\" \/>\n<script type=\"application\/ld+json\" class=\"yoast-schema-graph\">{\"@context\":\"https:\/\/schema.org\",\"@graph\":[{\"@type\":\"WebPage\",\"@id\":\"https:\/\/roadtoromania.com\/pt-pt\/cidades-e-regioes-da-romenia\/regiao-de-maramures\/\",\"url\":\"https:\/\/roadtoromania.com\/pt-pt\/cidades-e-regioes-da-romenia\/regiao-de-maramures\/\",\"name\":\"Regi\u00e3o de Maramures - Road to Romania\",\"isPartOf\":{\"@id\":\"https:\/\/roadtoromania.com\/pt-pt\/#website\"},\"datePublished\":\"2022-10-15T18:40:11+00:00\",\"dateModified\":\"2022-10-21T16:57:47+00:00\",\"breadcrumb\":{\"@id\":\"https:\/\/roadtoromania.com\/pt-pt\/cidades-e-regioes-da-romenia\/regiao-de-maramures\/#breadcrumb\"},\"inLanguage\":\"pt-PT\",\"potentialAction\":[{\"@type\":\"ReadAction\",\"target\":[\"https:\/\/roadtoromania.com\/pt-pt\/cidades-e-regioes-da-romenia\/regiao-de-maramures\/\"]}]},{\"@type\":\"BreadcrumbList\",\"@id\":\"https:\/\/roadtoromania.com\/pt-pt\/cidades-e-regioes-da-romenia\/regiao-de-maramures\/#breadcrumb\",\"itemListElement\":[{\"@type\":\"ListItem\",\"position\":1,\"name\":\"Home\",\"item\":\"https:\/\/roadtoromania.com\/pt-pt\/\"},{\"@type\":\"ListItem\",\"position\":2,\"name\":\"Cidades e regi\u00f5es da Rom\u00e9nia\",\"item\":\"https:\/\/roadtoromania.com\/pt-pt\/cidades-e-regioes-da-romenia\/\"},{\"@type\":\"ListItem\",\"position\":3,\"name\":\"Regi\u00e3o de Maramures\"}]},{\"@type\":\"WebSite\",\"@id\":\"https:\/\/roadtoromania.com\/pt-pt\/#website\",\"url\":\"https:\/\/roadtoromania.com\/pt-pt\/\",\"name\":\"Road to Romania\",\"description\":\"O blog onde encontrar\u00e1 toda a informa\u00e7\u00e3o de que necessita para desfrutar da Rom\u00e9nia.\",\"potentialAction\":[{\"@type\":\"SearchAction\",\"target\":{\"@type\":\"EntryPoint\",\"urlTemplate\":\"https:\/\/roadtoromania.com\/pt-pt\/?s={search_term_string}\"},\"query-input\":\"required name=search_term_string\"}],\"inLanguage\":\"pt-PT\"}]}<\/script>\n<!-- \/ Yoast SEO plugin. -->","yoast_head_json":{"title":"Regi\u00e3o de Maramures - Road to Romania","robots":{"index":"index","follow":"follow","max-snippet":"max-snippet:-1","max-image-preview":"max-image-preview:large","max-video-preview":"max-video-preview:-1"},"canonical":"https:\/\/roadtoromania.com\/pt-pt\/cidades-e-regioes-da-romenia\/regiao-de-maramures\/","og_locale":"pt_PT","og_type":"article","og_title":"Regi\u00e3o de Maramures - Road to Romania","og_description":"Maramures portas de madeira Maramures \u00e9 uma regi\u00e3o pouco conhecida dos turistas que v\u00eam para a Rom\u00e9nia atra\u00eddos pela imagem do pa\u00eds como sendo constitu\u00edda apenas por Transilv\u00e2nia .Est\u00e1 localizada na parte norte, fazendo fronteira com a Ucr\u00e2nia e a vida calma das suas aldeias como Vaser Valley, Baia Mare, Viseu de Sus, a cidade &hellip; Regi\u00e3o de Maramures Read More \u00bb","og_url":"https:\/\/roadtoromania.com\/pt-pt\/cidades-e-regioes-da-romenia\/regiao-de-maramures\/","og_site_name":"Road to Romania","article_modified_time":"2022-10-21T16:57:47+00:00","og_image":[{"width":600,"height":450,"url":"https:\/\/roadtoromania.com\/wp-content\/uploads\/2022\/10\/puertas_maramures-1.jpg","type":"image\/jpeg"}],"twitter_card":"summary_large_image","twitter_misc":{"Tempo estimado de leitura":"3 minutos"},"schema":{"@context":"https:\/\/schema.org","@graph":[{"@type":"WebPage","@id":"https:\/\/roadtoromania.com\/pt-pt\/cidades-e-regioes-da-romenia\/regiao-de-maramures\/","url":"https:\/\/roadtoromania.com\/pt-pt\/cidades-e-regioes-da-romenia\/regiao-de-maramures\/","name":"Regi\u00e3o de Maramures - Road to Romania","isPartOf":{"@id":"https:\/\/roadtoromania.com\/pt-pt\/#website"},"datePublished":"2022-10-15T18:40:11+00:00","dateModified":"2022-10-21T16:57:47+00:00","breadcrumb":{"@id":"https:\/\/roadtoromania.com\/pt-pt\/cidades-e-regioes-da-romenia\/regiao-de-maramures\/#breadcrumb"},"inLanguage":"pt-PT","potentialAction":[{"@type":"ReadAction","target":["https:\/\/roadtoromania.com\/pt-pt\/cidades-e-regioes-da-romenia\/regiao-de-maramures\/"]}]},{"@type":"BreadcrumbList","@id":"https:\/\/roadtoromania.com\/pt-pt\/cidades-e-regioes-da-romenia\/regiao-de-maramures\/#breadcrumb","itemListElement":[{"@type":"ListItem","position":1,"name":"Home","item":"https:\/\/roadtoromania.com\/pt-pt\/"},{"@type":"ListItem","position":2,"name":"Cidades e regi\u00f5es da Rom\u00e9nia","item":"https:\/\/roadtoromania.com\/pt-pt\/cidades-e-regioes-da-romenia\/"},{"@type":"ListItem","position":3,"name":"Regi\u00e3o de Maramures"}]},{"@type":"WebSite","@id":"https:\/\/roadtoromania.com\/pt-pt\/#website","url":"https:\/\/roadtoromania.com\/pt-pt\/","name":"Road to Romania","description":"O blog onde encontrar\u00e1 toda a informa\u00e7\u00e3o de que necessita para desfrutar da Rom\u00e9nia.","potentialAction":[{"@type":"SearchAction","target":{"@type":"EntryPoint","urlTemplate":"https:\/\/roadtoromania.com\/pt-pt\/?s={search_term_string}"},"query-input":"required name=search_term_string"}],"inLanguage":"pt-PT"}]}},"_links":{"self":[{"href":"https:\/\/roadtoromania.com\/pt-pt\/wp-json\/wp\/v2\/pages\/3289","targetHints":{"allow":["GET"]}}],"collection":[{"href":"https:\/\/roadtoromania.com\/pt-pt\/wp-json\/wp\/v2\/pages"}],"about":[{"href":"https:\/\/roadtoromania.com\/pt-pt\/wp-json\/wp\/v2\/types\/page"}],"author":[{"embeddable":true,"href":"https:\/\/roadtoromania.com\/pt-pt\/wp-json\/wp\/v2\/users\/1"}],"replies":[{"embeddable":true,"href":"https:\/\/roadtoromania.com\/pt-pt\/wp-json\/wp\/v2\/comments?post=3289"}],"version-history":[{"count":0,"href":"https:\/\/roadtoromania.com\/pt-pt\/wp-json\/wp\/v2\/pages\/3289\/revisions"}],"up":[{"embeddable":true,"href":"https:\/\/roadtoromania.com\/pt-pt\/wp-json\/wp\/v2\/pages\/3264"}],"wp:featuredmedia":[{"embeddable":true,"href":"https:\/\/roadtoromania.com\/pt-pt\/wp-json\/wp\/v2\/media\/1311"}],"wp:attachment":[{"href":"https:\/\/roadtoromania.com\/pt-pt\/wp-json\/wp\/v2\/media?parent=3289"}],"curies":[{"name":"wp","href":"https:\/\/api.w.org\/{rel}","templated":true}]}}