{"id":3290,"date":"2022-10-15T18:40:11","date_gmt":"2022-10-15T18:40:11","guid":{"rendered":"https:\/\/roadtoromania.com\/cidades-e-regioes-da-romenia\/romano\/"},"modified":"2022-10-21T17:54:53","modified_gmt":"2022-10-21T17:54:53","slug":"roman","status":"publish","type":"page","link":"https:\/\/roadtoromania.com\/pt-pt\/cidades-e-regioes-da-romenia\/roman\/","title":{"rendered":"Romano"},"content":{"rendered":"<p><a href=\"https:\/\/roadtoromania.com\/wp-content\/uploads\/2022\/10\/roman-museos-rumania.jpg\"><img decoding=\"async\" src=\"https:\/\/roadtoromania.com\/wp-content\/uploads\/2022\/10\/roman-museos-rumania.jpg\" \/><\/a> Museu, um dos mais belos edif\u00edcios da cidade. Foto de Radu Ana Maria<\/p>\n<p>A cidade de Roman \u00e9 um dos centros urbanos mais importantes em romeno <a href=\"https:\/\/roadtoromania.com\/pt-pt\/monumentos-da-romenia-o-que-ver-na-romenia\/moldavia-romeno\/\">Moldavia<\/a> . Sem a dimens\u00e3o e import\u00e2ncia cultural de <a href=\"https:\/\/roadtoromania.com\/pt-pt\/cidades-e-regioes-da-romenia\/iasi\/\">Iasi<\/a> , Galati ou <a>Piatra Neamt<\/a> , os aeroportos da capital e Bacau , Roman tem certos elementos de interesse, mas acima de tudo a sua localiza\u00e7\u00e3o central na Mold\u00e1via torna-o um local perfeito para se estabelecer e visitar a regi\u00e3o a partir de.<\/p>\n<p>Roman$0027s services, industry and tourism<\/p>\n<p>A cidade foi fundada no s\u00e9culo XIII e a sua fortaleza foi de grande import\u00e2ncia durante a era dourada do Principado da Mold\u00e1via (s\u00e9culos XIV-XVI). Hoje, com cerca de 70.000 habitantes e localizado a meio caminho entre os aeroportos de Bacau e Iasi, Roman \u00e9 um importante centro regional.<\/p>\n<p>Como chegar a Roman<\/p>\n<p>V\u00e1rios voos de baixo custo chegam em Bacau (40 km) e Iasi (86 km), -entre 40 minutos e uma hora por estrada-, de v\u00e1rios aeroportos europeus (em Fran\u00e7a, B\u00e9lgica, Gr\u00e3-Bretanha, It\u00e1lia e Irlanda e Bucareste)<\/p>\n<p>Bem ligado por comboio, um meio de comunica\u00e7\u00e3o barato e seguro na Rom\u00e9nia, chegar a Roman \u00e9 bastante f\u00e1cil.<\/p>\n<p>Como contornar Roman<\/p>\n<p>De Roma, ainda podemos utilizar o comboio como meio de transporte para chegar a Piatra Neamt, Iasi ou <strong>Transilv\u00e2nia<\/strong> (<a href=\"https:\/\/roadtoromania.com\/pt-pt\/cidades-e-regioes-da-romenia\/brasov\/\">Brasov<\/a> ou Cluj), Maramures e Bukovina (<a>Suceava<\/a> ) Mas se quer realmente ter liberdade de movimento e quer descobrir a regi\u00e3o, ter\u00e1 de <a href=\"https:\/\/roadtoromania.com\/pt-pt\/aluguer-de-automoveis-na-romenia\/\">alugar um carro<\/a> ou viajar numa excurs\u00e3o organizada .<\/p>\n<p>Onde dormir em romano<\/p>\n<p>A cidade tem v\u00e1rios hot\u00e9is de v\u00e1rias categorias. Os pre\u00e7os n\u00e3o s\u00e3o muito elevados, pelo que recomendamos que escolha os melhores. Para mais informa\u00e7\u00f5es escreva-nos ou <a href=\"https:\/\/roadtoromania.com\/pt-pt\/alojamento-na-romenia\/hoteis-na-romenia\/\"> use o nosso motor de busca aqui<\/a> .<\/p>\n<p><a href=\"https:\/\/roadtoromania.com\/wp-content\/uploads\/2022\/10\/hanul-ancutei-moldavia.jpg\"><img decoding=\"async\" src=\"data:image\/gif;base64,R0lGODdhAQABAPAAAMPDwwAAACwAAAAAAQABAAACAkQBADs=\" \/><\/a> O restaurante tem uma adega, uma sala de jantar de Ver\u00e3o e dois andares no edif\u00edcio principal. <\/p>\n<p>Onde comer em romano<\/p>\n<p>A escolha \u00e9 variada e a comida moldava \u00e9 rica em calorias. N\u00e3o muito longe de Roman \u00e9 o restaurante Hanul Ancutei. \u00c9 uma das nossas favoritas. Se precisar de informa\u00e7\u00f5es ou se quiser que o coloquemos em contacto com eles, escreva-nos<\/p>\n<p>.<br \/>\nO que ver em romano<\/p>\n<p>O centro n\u00e3o \u00e9 muito grande, mas tem alguns bares e restaurantes que s\u00e3o animados \u00e0 noite. A oferta cultural \u00e9 misturada com servi\u00e7os como supermercados, correios e v\u00e1rias lojas.<\/p>\n<p>No que diz respeito aos museus, existem tr\u00eas excelentes museus.Primeiro o <strong>Museu de Hist\u00f3ria<\/strong> que est\u00e1 alojado no pequeno pal\u00e1cio do s\u00e9culo XIX, o <strong>Pal\u00e1cio Nevruzzi<\/strong> . Aqui pode encontrar colec\u00e7\u00f5es arqueol\u00f3gicas do per\u00edodo Daciano e da Idade M\u00e9dia.<\/p>\n<p>O Museu de Arte , criado em 1970, tem uma boa colec\u00e7\u00e3o de pinturas romenas contempor\u00e2neas. Finalmente, o Museu , inaugurado em 1960, mostra a fauna e a flora do Vale de Siret, onde se encontra Roman, dando-nos uma imagem da natureza dos vales e plan\u00edcies que formam a Mold\u00e1via romena ap\u00f3s o fim dos C\u00e1rpatos<\/p>\n<p>.<br \/>\nEdif\u00edcios hist\u00f3ricos<\/p>\n<p>Apesar das numerosas modifica\u00e7\u00f5es urbanas e constru\u00e7\u00f5es de estilo socialista &#8211; nem sempre muito bem sucedidas, para dizer o m\u00ednimo &#8211; Roman tem preservado muitos edif\u00edcios interessantes, embora dentro de um tecido urbano n\u00e3o muito bem organizado.<\/p>\n<p><a href=\"https:\/\/roadtoromania.com\/wp-content\/uploads\/2022\/10\/roman-moldavia-rumania.jpg\"><img decoding=\"async\" src=\"data:image\/gif;base64,R0lGODdhAQABAPAAAMPDwwAAACwAAAAAAQABAAACAkQBADs=\" \/><\/a> Igreja durante o Inverno em romano.<\/p>\n<p>Arquitectura religiosa<\/p>\n<p>Como noutras regi\u00f5es romenas, as igrejas ortodoxas ir\u00e3o surpreend\u00ea-lo com o seu n\u00famero, variedade e beleza. A regi\u00e3o da Mold\u00e1via tem muitos agradecimentos \u00e0 f\u00faria piedosa de Est\u00eav\u00e3o o Grande, Pr\u00edncipe da Mold\u00e1via durante o s\u00e9culo XIV. Em romano destacamos <strong>a catedral ortodoxa<\/strong> de 1408, assim como <strong>as igrejas de Precista Mare (1569); a igreja dos Voivodios Santos do s\u00e9culo XVII; a Precista Mic\u0103 do s\u00e9culo XVIII ou a igreja arm\u00e9nia do s\u00e9culo XIV.<\/strong><\/p>\n<p>Fortalezas e castelos<\/p>\n<p>Apesar das numerosas mudan\u00e7as urbanas, as ru\u00ednas da antiga Cidadela de Pedro I da Mold\u00e1via ainda podem ser visitadas .<\/p>\n<p>Talvez mais interessantes sejam as ru\u00ednas da <strong>Nova Cidadela<\/strong> , constru\u00edda a 5 km do centro na pequena aldeia de G\u00e2din\u021bi, constru\u00edda pelo ub\u00edquo Est\u00eav\u00e3o o Grande em 1466, mas destru\u00edda em 1675 por Dimitri Cantacuzino numa altura em que o Principado da Mold\u00e1via estava a perder o seu poder.<\/p>\n<p>Outros edif\u00edcios not\u00e1veis<\/p>\n<p>Roman foi o local de nascimento do m\u00fasico e maestro <strong>Sergiu Celibidache<\/strong> . Como tantos outros artistas romenos (como Brancusi ou Ionesco), Celibidache emigrou para Fran\u00e7a onde viveu at\u00e9 \u00e0 sua morte no final do s\u00e9culo XX.<\/p>\n<p>Outra mans\u00e3o a visitar se estiver interessado em arquitectura \u00e9 <strong>a Casa Ioachim<\/strong> , constru\u00edda no s\u00e9culo XIX pelo grande empres\u00e1rio Vasile Ioachim.<\/p>\n<p><a href=\"https:\/\/roadtoromania.com\/wp-content\/uploads\/2022\/10\/popa-museum-roman.jpg\"><img decoding=\"async\" src=\"data:image\/gif;base64,R0lGODdhAQABAPAAAMPDwwAAACwAAAAAAQABAAACAkQBADs=\" \/><\/a> O Museu Popa \u00e9 uma verdadeira descoberta. Coleccionador e artista ing\u00e9nuo, o Sr. Popa deixou um legado desconhecido mas altamente recomend\u00e1vel. .<br \/>\nNatureza e arredores<\/p>\n<p>A Mold\u00e1via romena \u00e9 uma regi\u00e3o da natureza que n\u00e3o deve ser perdida. Uma visita \u00e0 \u00e1rea do <a href=\"https:\/\/roadtoromania.com\/pt-pt\/natureza-da-romenia\/gargantas-de-bicaz\/\">Bicaz Gorges<\/a> , o lago do mesmo nome ou o <strong>Parque Nacional do Monte Ceahlau<\/strong> , s\u00e3o apenas algumas das possibilidades. Os lagos s\u00e3o ideais para desportos aqu\u00e1ticos e a caminhada ou montanhismo \u00e9 outra actividade altamente recomendada.<\/p>\n<p>Os mosteiros de Neamt, Agapia, Neamt, Durau, Secu Varatec, Bistrita ou Sihastria , est\u00e3o localizados na \u00e1rea romana. N\u00e3o s\u00e3o t\u00e3o conhecidas como as de Maramures, mas igualmente bonitas, por isso deve visit\u00e1-las.<\/p>\n<p>O Museu Popa tamb\u00e9m merece uma visita. \u00c9 o trabalho do artista e coleccionador N\u00e4ive Neculai Popa. Fundada em 1970, re\u00fane as colec\u00e7\u00f5es do autor e as suas pr\u00f3prias obras em madeira e pedra representando o folclore local.<\/p>\n","protected":false},"excerpt":{"rendered":"<p>Museu, um dos mais belos edif\u00edcios da cidade. Foto de Radu Ana Maria A cidade de Roman \u00e9 um dos centros urbanos mais importantes em romeno Moldavia . Sem a dimens\u00e3o e import\u00e2ncia cultural de Iasi , Galati ou Piatra Neamt , os aeroportos da capital e Bacau , Roman tem certos elementos de interesse, &hellip;<\/p>\n<p class=\"read-more\"> <a class=\"\" href=\"https:\/\/roadtoromania.com\/pt-pt\/cidades-e-regioes-da-romenia\/roman\/\"> <span class=\"screen-reader-text\">Romano<\/span> Read More \u00bb<\/a><\/p>\n","protected":false},"author":1,"featured_media":1325,"parent":3264,"menu_order":0,"comment_status":"open","ping_status":"open","template":"","meta":{"site-sidebar-layout":"default","site-content-layout":"default","ast-global-header-display":"","ast-main-header-display":"","ast-hfb-above-header-display":"","ast-hfb-below-header-display":"","ast-hfb-mobile-header-display":"","site-post-title":"","ast-breadcrumbs-content":"","ast-featured-img":"","footer-sml-layout":"","theme-transparent-header-meta":"default","adv-header-id-meta":"","stick-header-meta":"","header-above-stick-meta":"","header-main-stick-meta":"","header-below-stick-meta":"","footnotes":""},"class_list":["post-3290","page","type-page","status-publish","has-post-thumbnail","hentry"],"yoast_head":"<!-- This site is optimized with the Yoast SEO plugin v19.10 - https:\/\/yoast.com\/wordpress\/plugins\/seo\/ -->\n<title>Romano - Road to Romania<\/title>\n<meta name=\"robots\" content=\"index, follow, max-snippet:-1, max-image-preview:large, max-video-preview:-1\" \/>\n<link rel=\"canonical\" href=\"https:\/\/roadtoromania.com\/pt-pt\/cidades-e-regioes-da-romenia\/roman\/\" \/>\n<meta property=\"og:locale\" content=\"pt_PT\" \/>\n<meta property=\"og:type\" content=\"article\" \/>\n<meta property=\"og:title\" content=\"Romano - Road to Romania\" \/>\n<meta property=\"og:description\" content=\"Museu, um dos mais belos edif\u00edcios da cidade. Foto de Radu Ana Maria A cidade de Roman \u00e9 um dos centros urbanos mais importantes em romeno Moldavia . Sem a dimens\u00e3o e import\u00e2ncia cultural de Iasi , Galati ou Piatra Neamt , os aeroportos da capital e Bacau , Roman tem certos elementos de interesse, &hellip; Romano Read More \u00bb\" \/>\n<meta property=\"og:url\" content=\"https:\/\/roadtoromania.com\/pt-pt\/cidades-e-regioes-da-romenia\/roman\/\" \/>\n<meta property=\"og:site_name\" content=\"Road to Romania\" \/>\n<meta property=\"article:modified_time\" content=\"2022-10-21T17:54:53+00:00\" \/>\n<meta property=\"og:image\" content=\"https:\/\/roadtoromania.com\/wp-content\/uploads\/2022\/10\/roman-museos-rumania-1.jpg\" \/>\n\t<meta property=\"og:image:width\" content=\"768\" \/>\n\t<meta property=\"og:image:height\" content=\"514\" \/>\n\t<meta property=\"og:image:type\" content=\"image\/jpeg\" \/>\n<meta name=\"twitter:card\" content=\"summary_large_image\" \/>\n<meta name=\"twitter:label1\" content=\"Tempo estimado de leitura\" \/>\n\t<meta name=\"twitter:data1\" content=\"6 minutos\" \/>\n<script type=\"application\/ld+json\" class=\"yoast-schema-graph\">{\"@context\":\"https:\/\/schema.org\",\"@graph\":[{\"@type\":\"WebPage\",\"@id\":\"https:\/\/roadtoromania.com\/pt-pt\/cidades-e-regioes-da-romenia\/roman\/\",\"url\":\"https:\/\/roadtoromania.com\/pt-pt\/cidades-e-regioes-da-romenia\/roman\/\",\"name\":\"Romano - Road to Romania\",\"isPartOf\":{\"@id\":\"https:\/\/roadtoromania.com\/pt-pt\/#website\"},\"datePublished\":\"2022-10-15T18:40:11+00:00\",\"dateModified\":\"2022-10-21T17:54:53+00:00\",\"breadcrumb\":{\"@id\":\"https:\/\/roadtoromania.com\/pt-pt\/cidades-e-regioes-da-romenia\/roman\/#breadcrumb\"},\"inLanguage\":\"pt-PT\",\"potentialAction\":[{\"@type\":\"ReadAction\",\"target\":[\"https:\/\/roadtoromania.com\/pt-pt\/cidades-e-regioes-da-romenia\/roman\/\"]}]},{\"@type\":\"BreadcrumbList\",\"@id\":\"https:\/\/roadtoromania.com\/pt-pt\/cidades-e-regioes-da-romenia\/roman\/#breadcrumb\",\"itemListElement\":[{\"@type\":\"ListItem\",\"position\":1,\"name\":\"Home\",\"item\":\"https:\/\/roadtoromania.com\/pt-pt\/\"},{\"@type\":\"ListItem\",\"position\":2,\"name\":\"Cidades e regi\u00f5es da Rom\u00e9nia\",\"item\":\"https:\/\/roadtoromania.com\/pt-pt\/cidades-e-regioes-da-romenia\/\"},{\"@type\":\"ListItem\",\"position\":3,\"name\":\"Romano\"}]},{\"@type\":\"WebSite\",\"@id\":\"https:\/\/roadtoromania.com\/pt-pt\/#website\",\"url\":\"https:\/\/roadtoromania.com\/pt-pt\/\",\"name\":\"Road to Romania\",\"description\":\"O blog onde encontrar\u00e1 toda a informa\u00e7\u00e3o de que necessita para desfrutar da Rom\u00e9nia.\",\"potentialAction\":[{\"@type\":\"SearchAction\",\"target\":{\"@type\":\"EntryPoint\",\"urlTemplate\":\"https:\/\/roadtoromania.com\/pt-pt\/?s={search_term_string}\"},\"query-input\":\"required name=search_term_string\"}],\"inLanguage\":\"pt-PT\"}]}<\/script>\n<!-- \/ Yoast SEO plugin. -->","yoast_head_json":{"title":"Romano - Road to Romania","robots":{"index":"index","follow":"follow","max-snippet":"max-snippet:-1","max-image-preview":"max-image-preview:large","max-video-preview":"max-video-preview:-1"},"canonical":"https:\/\/roadtoromania.com\/pt-pt\/cidades-e-regioes-da-romenia\/roman\/","og_locale":"pt_PT","og_type":"article","og_title":"Romano - Road to Romania","og_description":"Museu, um dos mais belos edif\u00edcios da cidade. Foto de Radu Ana Maria A cidade de Roman \u00e9 um dos centros urbanos mais importantes em romeno Moldavia . Sem a dimens\u00e3o e import\u00e2ncia cultural de Iasi , Galati ou Piatra Neamt , os aeroportos da capital e Bacau , Roman tem certos elementos de interesse, &hellip; Romano Read More \u00bb","og_url":"https:\/\/roadtoromania.com\/pt-pt\/cidades-e-regioes-da-romenia\/roman\/","og_site_name":"Road to Romania","article_modified_time":"2022-10-21T17:54:53+00:00","og_image":[{"width":768,"height":514,"url":"https:\/\/roadtoromania.com\/wp-content\/uploads\/2022\/10\/roman-museos-rumania-1.jpg","type":"image\/jpeg"}],"twitter_card":"summary_large_image","twitter_misc":{"Tempo estimado de leitura":"6 minutos"},"schema":{"@context":"https:\/\/schema.org","@graph":[{"@type":"WebPage","@id":"https:\/\/roadtoromania.com\/pt-pt\/cidades-e-regioes-da-romenia\/roman\/","url":"https:\/\/roadtoromania.com\/pt-pt\/cidades-e-regioes-da-romenia\/roman\/","name":"Romano - Road to Romania","isPartOf":{"@id":"https:\/\/roadtoromania.com\/pt-pt\/#website"},"datePublished":"2022-10-15T18:40:11+00:00","dateModified":"2022-10-21T17:54:53+00:00","breadcrumb":{"@id":"https:\/\/roadtoromania.com\/pt-pt\/cidades-e-regioes-da-romenia\/roman\/#breadcrumb"},"inLanguage":"pt-PT","potentialAction":[{"@type":"ReadAction","target":["https:\/\/roadtoromania.com\/pt-pt\/cidades-e-regioes-da-romenia\/roman\/"]}]},{"@type":"BreadcrumbList","@id":"https:\/\/roadtoromania.com\/pt-pt\/cidades-e-regioes-da-romenia\/roman\/#breadcrumb","itemListElement":[{"@type":"ListItem","position":1,"name":"Home","item":"https:\/\/roadtoromania.com\/pt-pt\/"},{"@type":"ListItem","position":2,"name":"Cidades e regi\u00f5es da Rom\u00e9nia","item":"https:\/\/roadtoromania.com\/pt-pt\/cidades-e-regioes-da-romenia\/"},{"@type":"ListItem","position":3,"name":"Romano"}]},{"@type":"WebSite","@id":"https:\/\/roadtoromania.com\/pt-pt\/#website","url":"https:\/\/roadtoromania.com\/pt-pt\/","name":"Road to Romania","description":"O blog onde encontrar\u00e1 toda a informa\u00e7\u00e3o de que necessita para desfrutar da Rom\u00e9nia.","potentialAction":[{"@type":"SearchAction","target":{"@type":"EntryPoint","urlTemplate":"https:\/\/roadtoromania.com\/pt-pt\/?s={search_term_string}"},"query-input":"required name=search_term_string"}],"inLanguage":"pt-PT"}]}},"_links":{"self":[{"href":"https:\/\/roadtoromania.com\/pt-pt\/wp-json\/wp\/v2\/pages\/3290","targetHints":{"allow":["GET"]}}],"collection":[{"href":"https:\/\/roadtoromania.com\/pt-pt\/wp-json\/wp\/v2\/pages"}],"about":[{"href":"https:\/\/roadtoromania.com\/pt-pt\/wp-json\/wp\/v2\/types\/page"}],"author":[{"embeddable":true,"href":"https:\/\/roadtoromania.com\/pt-pt\/wp-json\/wp\/v2\/users\/1"}],"replies":[{"embeddable":true,"href":"https:\/\/roadtoromania.com\/pt-pt\/wp-json\/wp\/v2\/comments?post=3290"}],"version-history":[{"count":1,"href":"https:\/\/roadtoromania.com\/pt-pt\/wp-json\/wp\/v2\/pages\/3290\/revisions"}],"predecessor-version":[{"id":3359,"href":"https:\/\/roadtoromania.com\/pt-pt\/wp-json\/wp\/v2\/pages\/3290\/revisions\/3359"}],"up":[{"embeddable":true,"href":"https:\/\/roadtoromania.com\/pt-pt\/wp-json\/wp\/v2\/pages\/3264"}],"wp:featuredmedia":[{"embeddable":true,"href":"https:\/\/roadtoromania.com\/pt-pt\/wp-json\/wp\/v2\/media\/1325"}],"wp:attachment":[{"href":"https:\/\/roadtoromania.com\/pt-pt\/wp-json\/wp\/v2\/media?parent=3290"}],"curies":[{"name":"wp","href":"https:\/\/api.w.org\/{rel}","templated":true}]}}