{"id":3291,"date":"2022-10-15T18:40:11","date_gmt":"2022-10-15T18:40:11","guid":{"rendered":"https:\/\/roadtoromania.com\/cidades-e-regioes-da-romenia\/satu-mare\/"},"modified":"2022-10-21T16:57:47","modified_gmt":"2022-10-21T16:57:47","slug":"satu-mare","status":"publish","type":"page","link":"https:\/\/roadtoromania.com\/pt-pt\/cidades-e-regioes-da-romenia\/satu-mare\/","title":{"rendered":"Satu Mare"},"content":{"rendered":"<p>Geograficamente localizada no noroeste da Rom\u00e9nia (<a href=\"https:\/\/roadtoromania.com\/pt-pt\/cidades-e-regioes-da-romenia\/regiao-de-maramures\/\"> <strong>Maramures<\/strong><\/a> ), na fronteira com a Ucr\u00e2nia e Hungria, a cidade de<\/strong> Satu Mare<\/strong> (o nome da prov\u00edncia hom\u00f3nima) era na Idade M\u00e9dia um enclave estrat\u00e9gico nas rotas comerciais que ligavam o interior da Europa.<\/p>\n<p><img decoding=\"async\" src=\"https:\/\/roadtoromania.com\/wp-content\/uploads\/2022\/10\/hotel_dacia_satu_mare.jpg\" \/>Hotel Dacia In Satu Mare<\/p>\n<p>\n\u00a0<\/p>\n<p> Hist\u00f3ria de Satu Mare<\/strong> <\/h2>\n<p>\nA primeira documenta\u00e7\u00e3o de Satu Mare aparece em 1181 como Castrum Zotmar, e o seu nome Satu (aldeia) Mare (grande) ajuda-nos a compreender como adquiriu relev\u00e2ncia desde a sua funda\u00e7\u00e3o por almadieros (comerciantes que transportavam as suas mercadorias com jangadas ao longo dos rios) que geriram a venda de sal. Existem provas de assentamentos das Idades da Pedra e do Bronze, bem como vest\u00edgios dos Dacianos e mais tarde dos Romanos (s\u00e9culo I d.C.).<\/p>\n<p>\nOtomanos, h\u00fangaros ou Habsburgos sucederam uns aos outros na ocupa\u00e7\u00e3o de Satu Mare, deixando a sua marca a diferentes n\u00edveis. Durante o s\u00e9culo XVIII, o centro hist\u00f3rico foi reabilitado, per\u00edodo do qual tiveram origem os monumentos e edif\u00edcios mais importantes de Satu Mare, tais como o Hotel Dacia, a Catedral Cat\u00f3lica, a Pra\u00e7a da Liberdade, a Grande Sinagoga e a C\u00e2mara Municipal.<\/p>\n<p> O que ver em Satu Mare &#8211; Sightseeing in the city<\/strong> <\/h2>\n<p>\nNo s\u00e9culo XVIII, a cidade floresceu economicamente e foi completamente urbanizada. A maioria dos edif\u00edcios importantes em Satu Mare datam deste per\u00edodo, tais como a C\u00e2mara Municipal, o Quartel e as igrejas cat\u00f3lica e reformadora, todos na parte norte da cidade, acima do rio Some\u0219. Por outro lado, o centro foi transformado durante o dom\u00ednio de Ceausescu.<\/p>\n<p>\nFreedom Square \u00e9 o motor social do centro de Satu Mare, seguido por Traian Boulevard onde se encontra a maioria das lojas, boutiques e restaurantes.<\/p>\n<p>\nO <strong>Hotel Dacia<\/strong> \u00e9 um exemplo do estilo Art Nouveau conhecido como Vienna Secession, uma tend\u00eancia inovadora que no Imp\u00e9rio Austro-H\u00fangaro teve Gustav Klimt como um dos seus g\u00e9nios mais representativos. Na Rom\u00e9nia, este estilo n\u00e3o est\u00e1 muito difundido e o Dacia Hotel \u00e9 um exemplo \u00fanico.<\/p>\n<p><img decoding=\"async\" src=\"data:image\/gif;base64,R0lGODdhAQABAPAAAMPDwwAAACwAAAAAAQABAAACAkQBADs=\" \/>Catedral Ortodoxa de Satu Mare<\/p>\n<p>\nA <strong>Catedral Ortodoxa<\/strong> (Biserica Adormirea Maicii Domnului) \u00e9 outro edif\u00edcio impressionante, constru\u00eddo em 1932, seguindo o estilo tradicional das igrejas ortodoxas na Rom\u00e9nia.<\/p>\n<p>\nA outra <strong>catedral, a cat\u00f3lica<\/strong> , est\u00e1 localizada em Pia\u021ba Libert\u0103\u021bii. Foi constru\u00eddo em 1786 no estilo neocl\u00e1ssico e foi encerrado at\u00e9 1961, quando a obra foi conclu\u00edda devido aos danos causados pelos bombardeamentos durante a Segunda Guerra Mundial. Na fachada h\u00e1 colunas cor\u00edntias, e no interior do altar \u00e9 feito de m\u00e1rmore de Carrara.<\/p>\n<p>\nA comunidade judaica foi muito representativa em Satu Mare (e em toda a Rom\u00e9nia) at\u00e9 \u00e0 persegui\u00e7\u00e3o nazi, que por sua vez causou uma emigra\u00e7\u00e3o maci\u00e7a para os Estados Unidos. Exemplos disto s\u00e3o a <strong>Grande Sinagoga<\/strong> (constru\u00edda em 1890 e hoje uma sala de eventos), a outra sinagoga Saar Ha Torah (1920) , ou o cemit\u00e9rio judeu<\/p>\n<p>\nOutros lugares interessantes s\u00e3o a Biserica cu Lanturi (a igreja mais antiga de Satu Mare), e a Torre do Fogo, um ponto estrat\u00e9gico que no in\u00edcio do s\u00e9culo XX foi utilizado para avisar de inc\u00eandios; a catedral ortodoxa<\/p>\n<p><img decoding=\"async\" src=\"data:image\/gif;base64,R0lGODdhAQABAPAAAMPDwwAAACwAAAAAAQABAAACAkQBADs=\" \/>Satu Mare Fire Tower<\/p>\n<p>\nOs principais museus em Satu Mare s\u00e3o o <strong>Museu Provincial<\/strong> (Muzeul Judeu Satu Mare) com salas sobre hist\u00f3ria, arte e etnografia, bem como exposi\u00e7\u00f5es do pintor Aurel Popp; e o <strong>Sectia de Arta<\/strong> , com colec\u00e7\u00f5es de arte (Piata Libertatii 21).<\/p>\n<p> Como chegar a Satu Mare<\/strong> <\/h2>\n<p>\nA cidade tem um aeroporto com voos dom\u00e9sticos e alguns internacionais, na sua maioria voos de baixo custo. O autocarro do aeroporto para Satu Mare vai at\u00e9 Piata Libertatii.<\/p>\n<p>\nPor outro lado, existem liga\u00e7\u00f5es ferrovi\u00e1rias, pois trata-se de um n\u00f3 ferrovi\u00e1rio que permite chegar a outras cidades em Maramures; e esta\u00e7\u00e3o de autocarros (Autogara Satu Mare), com partidas di\u00e1rias para Alba Iulia, Arad, Baia Mare, Bistrita, Cluj, Constanta, Iasi, Oradea, Sibiu, Sighetu Marmatiei, Sighisoara, Timisoara, ou Targu Mures <\/p>\n<p>.<\/p>\n<p>\nSe chegarmos de carro alugado de Bucareste, seguiremos a A1 &#8211; E81 em direc\u00e7\u00e3o a Bucareste &#8211; Pitesti &#8211; Sibiu &#8211; Alba Iulia &#8211; Cluj &#8211; Zalau e finalmente Satu Mare. De Budapeste na Hungria levamos o E71 &#8211; E671 via Debrecen para Satu Mare.<\/p>\n<p>\nPara nos deslocarmos pela cidade e chegarmos \u00e0s atrac\u00e7\u00f5es tur\u00edsticas podemos optar por caminhar ou utilizar os transportes p\u00fablicos urbanos.<\/p>\n<p> Excurs\u00f5es de Satu Mare<\/strong> <\/h2>\n<p>\nA regi\u00e3o de Maramures \u00e9 uma das mais aut\u00eanticas da Rom\u00e9nia, com paisagens montanhosas que escondem pequenas aldeias com uma vida calma e apegada \u00e0s tradi\u00e7\u00f5es,<\/strong><\/strong><\/strong> , o<\/strong> <\/strong><\/strong> <\/strong><\/strong><\/strong><\/strong> ou o<\/strong> <strong>Castelo de Carei.<\/strong> <\/p>\n<p><img decoding=\"async\" src=\"data:image\/gif;base64,R0lGODdhAQABAPAAAMPDwwAAACwAAAAAAQABAAACAkQBADs=\" \/>Castelo de Carei<br \/>\n Aluguer de autom\u00f3veis em Satu Mares<\/strong> <\/h2>\n<p> Mapa de Satu Mares<\/strong> <\/h2>\n","protected":false},"excerpt":{"rendered":"<p>Geograficamente localizada no noroeste da Rom\u00e9nia ( Maramures ), na fronteira com a Ucr\u00e2nia e Hungria, a cidade de Satu Mare (o nome da prov\u00edncia hom\u00f3nima) era na Idade M\u00e9dia um enclave estrat\u00e9gico nas rotas comerciais que ligavam o interior da Europa. Hotel Dacia In Satu Mare \u00a0 Hist\u00f3ria de Satu Mare A primeira documenta\u00e7\u00e3o &hellip;<\/p>\n<p class=\"read-more\"> <a class=\"\" href=\"https:\/\/roadtoromania.com\/pt-pt\/cidades-e-regioes-da-romenia\/satu-mare\/\"> <span class=\"screen-reader-text\">Satu Mare<\/span> Read More \u00bb<\/a><\/p>\n","protected":false},"author":1,"featured_media":1333,"parent":3264,"menu_order":0,"comment_status":"open","ping_status":"open","template":"","meta":{"site-sidebar-layout":"default","site-content-layout":"default","ast-global-header-display":"","ast-main-header-display":"","ast-hfb-above-header-display":"","ast-hfb-below-header-display":"","ast-hfb-mobile-header-display":"","site-post-title":"","ast-breadcrumbs-content":"","ast-featured-img":"","footer-sml-layout":"","theme-transparent-header-meta":"","adv-header-id-meta":"","stick-header-meta":"","header-above-stick-meta":"","header-main-stick-meta":"","header-below-stick-meta":"","footnotes":""},"class_list":["post-3291","page","type-page","status-publish","has-post-thumbnail","hentry"],"yoast_head":"<!-- This site is optimized with the Yoast SEO plugin v19.10 - https:\/\/yoast.com\/wordpress\/plugins\/seo\/ -->\n<title>Satu Mare - Road to Romania<\/title>\n<meta name=\"robots\" content=\"index, follow, max-snippet:-1, max-image-preview:large, max-video-preview:-1\" \/>\n<link rel=\"canonical\" href=\"https:\/\/roadtoromania.com\/pt-pt\/cidades-e-regioes-da-romenia\/satu-mare\/\" \/>\n<meta property=\"og:locale\" content=\"pt_PT\" \/>\n<meta property=\"og:type\" content=\"article\" \/>\n<meta property=\"og:title\" content=\"Satu Mare - Road to Romania\" \/>\n<meta property=\"og:description\" content=\"Geograficamente localizada no noroeste da Rom\u00e9nia ( Maramures ), na fronteira com a Ucr\u00e2nia e Hungria, a cidade de Satu Mare (o nome da prov\u00edncia hom\u00f3nima) era na Idade M\u00e9dia um enclave estrat\u00e9gico nas rotas comerciais que ligavam o interior da Europa. Hotel Dacia In Satu Mare \u00a0 Hist\u00f3ria de Satu Mare A primeira documenta\u00e7\u00e3o &hellip; Satu Mare Read More \u00bb\" \/>\n<meta property=\"og:url\" content=\"https:\/\/roadtoromania.com\/pt-pt\/cidades-e-regioes-da-romenia\/satu-mare\/\" \/>\n<meta property=\"og:site_name\" content=\"Road to Romania\" \/>\n<meta property=\"article:modified_time\" content=\"2022-10-21T16:57:47+00:00\" \/>\n<meta property=\"og:image\" content=\"https:\/\/roadtoromania.com\/wp-content\/uploads\/2022\/10\/hotel_dacia_satu_mare-1.jpg\" \/>\n\t<meta property=\"og:image:width\" content=\"700\" \/>\n\t<meta property=\"og:image:height\" content=\"525\" \/>\n\t<meta property=\"og:image:type\" content=\"image\/jpeg\" \/>\n<meta name=\"twitter:card\" content=\"summary_large_image\" \/>\n<meta name=\"twitter:label1\" content=\"Tempo estimado de leitura\" \/>\n\t<meta name=\"twitter:data1\" content=\"4 minutos\" \/>\n<script type=\"application\/ld+json\" class=\"yoast-schema-graph\">{\"@context\":\"https:\/\/schema.org\",\"@graph\":[{\"@type\":\"WebPage\",\"@id\":\"https:\/\/roadtoromania.com\/pt-pt\/cidades-e-regioes-da-romenia\/satu-mare\/\",\"url\":\"https:\/\/roadtoromania.com\/pt-pt\/cidades-e-regioes-da-romenia\/satu-mare\/\",\"name\":\"Satu Mare - Road to Romania\",\"isPartOf\":{\"@id\":\"https:\/\/roadtoromania.com\/pt-pt\/#website\"},\"datePublished\":\"2022-10-15T18:40:11+00:00\",\"dateModified\":\"2022-10-21T16:57:47+00:00\",\"breadcrumb\":{\"@id\":\"https:\/\/roadtoromania.com\/pt-pt\/cidades-e-regioes-da-romenia\/satu-mare\/#breadcrumb\"},\"inLanguage\":\"pt-PT\",\"potentialAction\":[{\"@type\":\"ReadAction\",\"target\":[\"https:\/\/roadtoromania.com\/pt-pt\/cidades-e-regioes-da-romenia\/satu-mare\/\"]}]},{\"@type\":\"BreadcrumbList\",\"@id\":\"https:\/\/roadtoromania.com\/pt-pt\/cidades-e-regioes-da-romenia\/satu-mare\/#breadcrumb\",\"itemListElement\":[{\"@type\":\"ListItem\",\"position\":1,\"name\":\"Home\",\"item\":\"https:\/\/roadtoromania.com\/pt-pt\/\"},{\"@type\":\"ListItem\",\"position\":2,\"name\":\"Cidades e regi\u00f5es da Rom\u00e9nia\",\"item\":\"https:\/\/roadtoromania.com\/pt-pt\/cidades-e-regioes-da-romenia\/\"},{\"@type\":\"ListItem\",\"position\":3,\"name\":\"Satu Mare\"}]},{\"@type\":\"WebSite\",\"@id\":\"https:\/\/roadtoromania.com\/pt-pt\/#website\",\"url\":\"https:\/\/roadtoromania.com\/pt-pt\/\",\"name\":\"Road to Romania\",\"description\":\"O blog onde encontrar\u00e1 toda a informa\u00e7\u00e3o de que necessita para desfrutar da Rom\u00e9nia.\",\"potentialAction\":[{\"@type\":\"SearchAction\",\"target\":{\"@type\":\"EntryPoint\",\"urlTemplate\":\"https:\/\/roadtoromania.com\/pt-pt\/?s={search_term_string}\"},\"query-input\":\"required name=search_term_string\"}],\"inLanguage\":\"pt-PT\"}]}<\/script>\n<!-- \/ Yoast SEO plugin. -->","yoast_head_json":{"title":"Satu Mare - Road to Romania","robots":{"index":"index","follow":"follow","max-snippet":"max-snippet:-1","max-image-preview":"max-image-preview:large","max-video-preview":"max-video-preview:-1"},"canonical":"https:\/\/roadtoromania.com\/pt-pt\/cidades-e-regioes-da-romenia\/satu-mare\/","og_locale":"pt_PT","og_type":"article","og_title":"Satu Mare - Road to Romania","og_description":"Geograficamente localizada no noroeste da Rom\u00e9nia ( Maramures ), na fronteira com a Ucr\u00e2nia e Hungria, a cidade de Satu Mare (o nome da prov\u00edncia hom\u00f3nima) era na Idade M\u00e9dia um enclave estrat\u00e9gico nas rotas comerciais que ligavam o interior da Europa. Hotel Dacia In Satu Mare \u00a0 Hist\u00f3ria de Satu Mare A primeira documenta\u00e7\u00e3o &hellip; Satu Mare Read More \u00bb","og_url":"https:\/\/roadtoromania.com\/pt-pt\/cidades-e-regioes-da-romenia\/satu-mare\/","og_site_name":"Road to Romania","article_modified_time":"2022-10-21T16:57:47+00:00","og_image":[{"width":700,"height":525,"url":"https:\/\/roadtoromania.com\/wp-content\/uploads\/2022\/10\/hotel_dacia_satu_mare-1.jpg","type":"image\/jpeg"}],"twitter_card":"summary_large_image","twitter_misc":{"Tempo estimado de leitura":"4 minutos"},"schema":{"@context":"https:\/\/schema.org","@graph":[{"@type":"WebPage","@id":"https:\/\/roadtoromania.com\/pt-pt\/cidades-e-regioes-da-romenia\/satu-mare\/","url":"https:\/\/roadtoromania.com\/pt-pt\/cidades-e-regioes-da-romenia\/satu-mare\/","name":"Satu Mare - Road to Romania","isPartOf":{"@id":"https:\/\/roadtoromania.com\/pt-pt\/#website"},"datePublished":"2022-10-15T18:40:11+00:00","dateModified":"2022-10-21T16:57:47+00:00","breadcrumb":{"@id":"https:\/\/roadtoromania.com\/pt-pt\/cidades-e-regioes-da-romenia\/satu-mare\/#breadcrumb"},"inLanguage":"pt-PT","potentialAction":[{"@type":"ReadAction","target":["https:\/\/roadtoromania.com\/pt-pt\/cidades-e-regioes-da-romenia\/satu-mare\/"]}]},{"@type":"BreadcrumbList","@id":"https:\/\/roadtoromania.com\/pt-pt\/cidades-e-regioes-da-romenia\/satu-mare\/#breadcrumb","itemListElement":[{"@type":"ListItem","position":1,"name":"Home","item":"https:\/\/roadtoromania.com\/pt-pt\/"},{"@type":"ListItem","position":2,"name":"Cidades e regi\u00f5es da Rom\u00e9nia","item":"https:\/\/roadtoromania.com\/pt-pt\/cidades-e-regioes-da-romenia\/"},{"@type":"ListItem","position":3,"name":"Satu Mare"}]},{"@type":"WebSite","@id":"https:\/\/roadtoromania.com\/pt-pt\/#website","url":"https:\/\/roadtoromania.com\/pt-pt\/","name":"Road to Romania","description":"O blog onde encontrar\u00e1 toda a informa\u00e7\u00e3o de que necessita para desfrutar da Rom\u00e9nia.","potentialAction":[{"@type":"SearchAction","target":{"@type":"EntryPoint","urlTemplate":"https:\/\/roadtoromania.com\/pt-pt\/?s={search_term_string}"},"query-input":"required name=search_term_string"}],"inLanguage":"pt-PT"}]}},"_links":{"self":[{"href":"https:\/\/roadtoromania.com\/pt-pt\/wp-json\/wp\/v2\/pages\/3291","targetHints":{"allow":["GET"]}}],"collection":[{"href":"https:\/\/roadtoromania.com\/pt-pt\/wp-json\/wp\/v2\/pages"}],"about":[{"href":"https:\/\/roadtoromania.com\/pt-pt\/wp-json\/wp\/v2\/types\/page"}],"author":[{"embeddable":true,"href":"https:\/\/roadtoromania.com\/pt-pt\/wp-json\/wp\/v2\/users\/1"}],"replies":[{"embeddable":true,"href":"https:\/\/roadtoromania.com\/pt-pt\/wp-json\/wp\/v2\/comments?post=3291"}],"version-history":[{"count":0,"href":"https:\/\/roadtoromania.com\/pt-pt\/wp-json\/wp\/v2\/pages\/3291\/revisions"}],"up":[{"embeddable":true,"href":"https:\/\/roadtoromania.com\/pt-pt\/wp-json\/wp\/v2\/pages\/3264"}],"wp:featuredmedia":[{"embeddable":true,"href":"https:\/\/roadtoromania.com\/pt-pt\/wp-json\/wp\/v2\/media\/1333"}],"wp:attachment":[{"href":"https:\/\/roadtoromania.com\/pt-pt\/wp-json\/wp\/v2\/media?parent=3291"}],"curies":[{"name":"wp","href":"https:\/\/api.w.org\/{rel}","templated":true}]}}