{"id":3294,"date":"2022-10-15T18:40:14","date_gmt":"2022-10-15T18:40:14","guid":{"rendered":"https:\/\/roadtoromania.com\/cidades-e-regioes-da-romenia\/suceava\/"},"modified":"2022-10-21T16:57:56","modified_gmt":"2022-10-21T16:57:56","slug":"suceava","status":"publish","type":"page","link":"https:\/\/roadtoromania.com\/pt-pt\/cidades-e-regioes-da-romenia\/suceava\/","title":{"rendered":"Suceava"},"content":{"rendered":"<p> <strong>Suceva<\/strong> , a antiga capital de <strong><a href=\"https:\/\/roadtoromania.com\/pt-pt\/monumentos-da-romenia-o-que-ver-na-romenia\/moldavia-romeno\/\">Mold\u00e1via<\/a> <\/strong> , entre 1388 e 1565 \u00e9 hoje uma cidade que nos permite utiliz\u00e1-la como base para uma visita \u00e0 regi\u00e3o romena de <a href=\"https:\/\/roadtoromania.com\/pt-pt\/bukovina-e-os-seus-mosteiros\/\"> <strong>Bucovina<\/strong><\/a> , no nordeste da Rom\u00e9nia. Podemos optar por dormir aqui e fazer excurs\u00f5es e visitas aos v\u00e1rios mosteiros pintados que fazem parte do <strong>Patrim\u00f3nio Mundial da UNESCO<\/strong> <\/p>\n<\/p>\n<p><img decoding=\"async\" src=\"https:\/\/roadtoromania.com\/wp-content\/uploads\/2022\/10\/san_juan_suceava1.jpg\" \/>Igreja com frescos no exterior de San Juan<\/p>\n<h2>\nHist\u00f3ria de Suceava<\/h2>\n<p>\nDe facto, uma das atrac\u00e7\u00f5es de Suceava \u00e9 o Mosteiro de S. Jo\u00e3o Novo<\/strong> da Unesco<\/strong> . A igreja, consagrada a <strong>S\u00e3o Jorge<\/strong> em 1514 e conclu\u00edda em 1552, \u00e9 um dos primeiros templos decorados com frescos no exterior.<\/p>\n<p>\nV\u00e1rios reis encorajaram a sua constru\u00e7\u00e3o, desde Bogdan III a Stefanita Voda, e os frescos do Antigo e Novo Testamento foram conclu\u00eddos durante o reinado de Petru Rares, um dos per\u00edodos mais gloriosos para este tipo de ornamenta\u00e7\u00e3o em mosaico na Bucovina.<\/p>\n<p>\nEmbora o estilo dos frescos em S\u00e3o Jorge fa\u00e7a lembrar outros mosteiros como <a href=\"https:\/\/roadtoromania.com\/pt-pt\/monumentos-da-romenia-o-que-ver-na-romenia\/mosteiro-moldovita\/\"> <strong>Moldovita<\/strong><\/a> ou<\/strong> Humor<\/strong> , outras sec\u00e7\u00f5es como O Hino da Morte, a \u00c1rvore de Jess\u00e9 ou a lenda do Filho Pr\u00f3digo s\u00e3o muito caracter\u00edsticas. Da igreja podemos destacar o pavimento em mosaico, as rel\u00edquias de S\u00e3o Jo\u00e3o e a torre.<\/p>\n<p>\nNo entanto, a igreja mais antiga da cidade \u00e9 a Biserica Mirauti, fundada por Petru Musat entre 1380-1390. Os primeiros voivodios moldavos foram coroados aqui. A igreja actual \u00e9 o resultado de uma remodela\u00e7\u00e3o no final do s\u00e9culo XIX. Al\u00e9m disso, em Suceava existem outras igrejas not\u00e1veis como a Pr\u00edncipeca ou S\u00e3o Dem\u00e9trio, com a sua torre de rel\u00f3gio; ou a igreja de S\u00e3o Jo\u00e3o Baptista do s\u00e9culo XVII; assim como S\u00e3o Nicolau, a Igreja da Ressurrei\u00e7\u00e3o, a Igreja de S\u00e3o Sime\u00e3o, ou a Igreja da Santa Cruz.<\/p>\n<\/h2>\n<p>O que ver em Suceava<\/h2>\n<p>\nA cidade n\u00e3o \u00e9 excessivamente grande e \u00e9 f\u00e1cil de se deslocar a p\u00e9, sem necessidade de transportes p\u00fablicos. Apesar de ser uma cidade moderna, Suceava situa-se num centro de import\u00e2ncia estrat\u00e9gica na Idade M\u00e9dia para Est\u00eav\u00e3o o Grande, que fortificou a cidade e estabeleceu uma corte principesca que foi vital na hist\u00f3ria romena.<\/p>\n<p><a href=\"https:\/\/roadtoromania.com\/wp-content\/uploads\/2022\/10\/suceava_castillo.jpg\"><img decoding=\"async\" src=\"https:\/\/roadtoromania.com\/wp-content\/uploads\/2022\/10\/suceava_castillo.jpg\" \/><\/a> Citadela do Castelo de Suceava<\/p>\n<p>\nCaminhando ao longo do rio, podemos atravessar o rio e subir at\u00e9 ao parque onde se ergue a enorme est\u00e1tua de Est\u00eav\u00e3o o Grande. Do mesmo lado do rio est\u00e1 a Citadela. Esta fortifica\u00e7\u00e3o, castigada pela pilhagem &#8211; que ao mesmo tempo permitiu que as suas pedras fossem utilizadas para construir a cidade &#8211; n\u00e3o mostra hoje o esplendor que tinha quando Petru Musat ordenou a sua constru\u00e7\u00e3o no final do s\u00e9culo XIV, nem quando Alexandru cel Bun a refor\u00e7ou para mitigar as explos\u00f5es de guerra dos otomanos. Est\u00eav\u00e3o o Grande acrescentou o fosso, contrafortes e novos baluartes, e ap\u00f3s muitos cercos e resist\u00eancia, caiu em 1675.<\/p>\n<p> Mosteiro de Zamca<\/strong> <\/h3>\n<p>\nA comunidade arm\u00e9nia de Suceava fundou o Mosteiro de Zamca, no oeste da cidade, em 1551. Este complexo arquitect\u00f3nico \u00e9 uma mistura de um recinto murado com motivos g\u00f3ticos e orientais<\/p>\n<p> De Museus em Suceava<\/strong> <\/h2>\n<p>\nEm Suceava podemos perfeitamente passar um ou dois dias a entrar e sair de museus, e a cidade acolhe uma variedade de museus, come\u00e7ando com <strong>o Museu Etnogr\u00e1fico de Bucovina ou <strong>o Museu de Arte Popular<\/strong><\/strong> (Muzeul de Etnografie Hanul Domnesc em Str. Ciprian Porumbescu 5), que possui uma rica colec\u00e7\u00e3o de objectos, cer\u00e2micas, utens\u00edlios de madeira e trajes tradicionais da regi\u00e3o norte da Rom\u00e9nia.<\/p>\n<p>\nPara conhecer a hist\u00f3ria desta regi\u00e3o que passou a ser dominada por numerosos conquistadores, nada melhor do que o <strong>Museu de Hist\u00f3ria da Bukovina<\/strong> (ter\u00e7a-feira a domingo). As suas 26 salas recontam as vicissitudes de Suceava, com especial enfoque na Idade M\u00e9dia, e onde a Sala do Trono recria a corte do Rei Est\u00eav\u00e3o o Grande, com mobili\u00e1rio, armas e fatos da \u00e9poca.<\/p>\n<p>\nJunto \u00e0 cidadela real, ao ar livre, encontra-se uma colec\u00e7\u00e3o de 80 edif\u00edcios representando os projectos arquitect\u00f3nicos rurais da Bucovina, incluindo uma pequena igreja do s\u00e9culo XVIII. Na Rom\u00e9nia, \u00e9 muito comum encontrar estes museus ao ar livre, que salvaguardam os antigos sistemas de habita\u00e7\u00e3o, que est\u00e3o a desaparecer a um ritmo mais lento do que noutros pa\u00edses europeus face ao bet\u00e3o.<\/p>\n<p>\nOs outros museus que completam esta rota cultural s\u00e3o a casa museu da etn\u00f3grafa Florea Marian e a colec\u00e7\u00e3o de Ci\u00eancias Naturais e Belas Artes, que re\u00fane pe\u00e7as paleontol\u00f3gicas e de fauna e flora, com pinturas e esculturas de artistas romenos.<\/p>\n<p>\nSuceava \u00e9 tamb\u00e9m conhecida pela sua comunidade judaica, que foi estabelecida no s\u00e9culo XVI, com 18 sinagogas antes da Segunda Guerra Mundial. A convers\u00e3o urbana do per\u00edodo comunista demoliu a maioria deles, embora ainda exista um, Gah, que tem dois cemit\u00e9rios judeus, que podem completar uma visita \u00e0 cidade.<\/p>\n<p>\nNos arredores podemos decidir entre a igreja de Patrauti, o \u00fanico mosteiro de monges fundado por Est\u00eav\u00e3o o Grande; o mosteiro de Dragomirna, ou as igrejas j\u00e1 mencionadas com pinturas patrimoniais da Unesco: Voronet, Moldovita, Humor, Suceavita e Humor.<\/p>\n<p> Como chegar a Suceava<\/strong> <\/h2>\n<p>\nAs liga\u00e7\u00f5es de voos dom\u00e9sticos permitem-lhe voar de Bucareste para Suceava dentro de uma hora. O tempo de viagem de comboio \u00e9 de aproximadamente 6 horas, e de carro, dependendo do tr\u00e1fego e das condi\u00e7\u00f5es da estrada de 6,5 a 8,5 horas.<\/p>\n<h2>\nMapa de Suceava<\/h2>\n","protected":false},"excerpt":{"rendered":"<p>Suceva , a antiga capital de Mold\u00e1via , entre 1388 e 1565 \u00e9 hoje uma cidade que nos permite utiliz\u00e1-la como base para uma visita \u00e0 regi\u00e3o romena de Bucovina , no nordeste da Rom\u00e9nia. Podemos optar por dormir aqui e fazer excurs\u00f5es e visitas aos v\u00e1rios mosteiros pintados que fazem parte do Patrim\u00f3nio Mundial &hellip;<\/p>\n<p class=\"read-more\"> <a class=\"\" href=\"https:\/\/roadtoromania.com\/pt-pt\/cidades-e-regioes-da-romenia\/suceava\/\"> <span class=\"screen-reader-text\">Suceava<\/span> Read More \u00bb<\/a><\/p>\n","protected":false},"author":1,"featured_media":1363,"parent":3264,"menu_order":0,"comment_status":"open","ping_status":"open","template":"","meta":{"site-sidebar-layout":"default","site-content-layout":"default","ast-global-header-display":"","ast-main-header-display":"","ast-hfb-above-header-display":"","ast-hfb-below-header-display":"","ast-hfb-mobile-header-display":"","site-post-title":"","ast-breadcrumbs-content":"","ast-featured-img":"","footer-sml-layout":"","theme-transparent-header-meta":"","adv-header-id-meta":"","stick-header-meta":"","header-above-stick-meta":"","header-main-stick-meta":"","header-below-stick-meta":"","footnotes":""},"class_list":["post-3294","page","type-page","status-publish","has-post-thumbnail","hentry"],"yoast_head":"<!-- This site is optimized with the Yoast SEO plugin v19.10 - https:\/\/yoast.com\/wordpress\/plugins\/seo\/ -->\n<title>Suceava - Road to Romania<\/title>\n<meta name=\"robots\" content=\"index, follow, max-snippet:-1, max-image-preview:large, max-video-preview:-1\" \/>\n<link rel=\"canonical\" href=\"https:\/\/roadtoromania.com\/pt-pt\/cidades-e-regioes-da-romenia\/suceava\/\" \/>\n<meta property=\"og:locale\" content=\"pt_PT\" \/>\n<meta property=\"og:type\" content=\"article\" \/>\n<meta property=\"og:title\" content=\"Suceava - Road to Romania\" \/>\n<meta property=\"og:description\" content=\"Suceva , a antiga capital de Mold\u00e1via , entre 1388 e 1565 \u00e9 hoje uma cidade que nos permite utiliz\u00e1-la como base para uma visita \u00e0 regi\u00e3o romena de Bucovina , no nordeste da Rom\u00e9nia. Podemos optar por dormir aqui e fazer excurs\u00f5es e visitas aos v\u00e1rios mosteiros pintados que fazem parte do Patrim\u00f3nio Mundial &hellip; Suceava Read More \u00bb\" \/>\n<meta property=\"og:url\" content=\"https:\/\/roadtoromania.com\/pt-pt\/cidades-e-regioes-da-romenia\/suceava\/\" \/>\n<meta property=\"og:site_name\" content=\"Road to Romania\" \/>\n<meta property=\"article:modified_time\" content=\"2022-10-21T16:57:56+00:00\" \/>\n<meta property=\"og:image\" content=\"https:\/\/roadtoromania.com\/wp-content\/uploads\/2022\/10\/san_juan_suceava1-1.jpg\" \/>\n\t<meta property=\"og:image:width\" content=\"640\" \/>\n\t<meta property=\"og:image:height\" content=\"450\" \/>\n\t<meta property=\"og:image:type\" content=\"image\/jpeg\" \/>\n<meta name=\"twitter:card\" content=\"summary_large_image\" \/>\n<meta name=\"twitter:label1\" content=\"Tempo estimado de leitura\" \/>\n\t<meta name=\"twitter:data1\" content=\"5 minutos\" \/>\n<script type=\"application\/ld+json\" class=\"yoast-schema-graph\">{\"@context\":\"https:\/\/schema.org\",\"@graph\":[{\"@type\":\"WebPage\",\"@id\":\"https:\/\/roadtoromania.com\/pt-pt\/cidades-e-regioes-da-romenia\/suceava\/\",\"url\":\"https:\/\/roadtoromania.com\/pt-pt\/cidades-e-regioes-da-romenia\/suceava\/\",\"name\":\"Suceava - Road to Romania\",\"isPartOf\":{\"@id\":\"https:\/\/roadtoromania.com\/pt-pt\/#website\"},\"datePublished\":\"2022-10-15T18:40:14+00:00\",\"dateModified\":\"2022-10-21T16:57:56+00:00\",\"breadcrumb\":{\"@id\":\"https:\/\/roadtoromania.com\/pt-pt\/cidades-e-regioes-da-romenia\/suceava\/#breadcrumb\"},\"inLanguage\":\"pt-PT\",\"potentialAction\":[{\"@type\":\"ReadAction\",\"target\":[\"https:\/\/roadtoromania.com\/pt-pt\/cidades-e-regioes-da-romenia\/suceava\/\"]}]},{\"@type\":\"BreadcrumbList\",\"@id\":\"https:\/\/roadtoromania.com\/pt-pt\/cidades-e-regioes-da-romenia\/suceava\/#breadcrumb\",\"itemListElement\":[{\"@type\":\"ListItem\",\"position\":1,\"name\":\"Home\",\"item\":\"https:\/\/roadtoromania.com\/pt-pt\/\"},{\"@type\":\"ListItem\",\"position\":2,\"name\":\"Cidades e regi\u00f5es da Rom\u00e9nia\",\"item\":\"https:\/\/roadtoromania.com\/pt-pt\/cidades-e-regioes-da-romenia\/\"},{\"@type\":\"ListItem\",\"position\":3,\"name\":\"Suceava\"}]},{\"@type\":\"WebSite\",\"@id\":\"https:\/\/roadtoromania.com\/pt-pt\/#website\",\"url\":\"https:\/\/roadtoromania.com\/pt-pt\/\",\"name\":\"Road to Romania\",\"description\":\"O blog onde encontrar\u00e1 toda a informa\u00e7\u00e3o de que necessita para desfrutar da Rom\u00e9nia.\",\"potentialAction\":[{\"@type\":\"SearchAction\",\"target\":{\"@type\":\"EntryPoint\",\"urlTemplate\":\"https:\/\/roadtoromania.com\/pt-pt\/?s={search_term_string}\"},\"query-input\":\"required name=search_term_string\"}],\"inLanguage\":\"pt-PT\"}]}<\/script>\n<!-- \/ Yoast SEO plugin. -->","yoast_head_json":{"title":"Suceava - Road to Romania","robots":{"index":"index","follow":"follow","max-snippet":"max-snippet:-1","max-image-preview":"max-image-preview:large","max-video-preview":"max-video-preview:-1"},"canonical":"https:\/\/roadtoromania.com\/pt-pt\/cidades-e-regioes-da-romenia\/suceava\/","og_locale":"pt_PT","og_type":"article","og_title":"Suceava - Road to Romania","og_description":"Suceva , a antiga capital de Mold\u00e1via , entre 1388 e 1565 \u00e9 hoje uma cidade que nos permite utiliz\u00e1-la como base para uma visita \u00e0 regi\u00e3o romena de Bucovina , no nordeste da Rom\u00e9nia. Podemos optar por dormir aqui e fazer excurs\u00f5es e visitas aos v\u00e1rios mosteiros pintados que fazem parte do Patrim\u00f3nio Mundial &hellip; Suceava Read More \u00bb","og_url":"https:\/\/roadtoromania.com\/pt-pt\/cidades-e-regioes-da-romenia\/suceava\/","og_site_name":"Road to Romania","article_modified_time":"2022-10-21T16:57:56+00:00","og_image":[{"width":640,"height":450,"url":"https:\/\/roadtoromania.com\/wp-content\/uploads\/2022\/10\/san_juan_suceava1-1.jpg","type":"image\/jpeg"}],"twitter_card":"summary_large_image","twitter_misc":{"Tempo estimado de leitura":"5 minutos"},"schema":{"@context":"https:\/\/schema.org","@graph":[{"@type":"WebPage","@id":"https:\/\/roadtoromania.com\/pt-pt\/cidades-e-regioes-da-romenia\/suceava\/","url":"https:\/\/roadtoromania.com\/pt-pt\/cidades-e-regioes-da-romenia\/suceava\/","name":"Suceava - Road to Romania","isPartOf":{"@id":"https:\/\/roadtoromania.com\/pt-pt\/#website"},"datePublished":"2022-10-15T18:40:14+00:00","dateModified":"2022-10-21T16:57:56+00:00","breadcrumb":{"@id":"https:\/\/roadtoromania.com\/pt-pt\/cidades-e-regioes-da-romenia\/suceava\/#breadcrumb"},"inLanguage":"pt-PT","potentialAction":[{"@type":"ReadAction","target":["https:\/\/roadtoromania.com\/pt-pt\/cidades-e-regioes-da-romenia\/suceava\/"]}]},{"@type":"BreadcrumbList","@id":"https:\/\/roadtoromania.com\/pt-pt\/cidades-e-regioes-da-romenia\/suceava\/#breadcrumb","itemListElement":[{"@type":"ListItem","position":1,"name":"Home","item":"https:\/\/roadtoromania.com\/pt-pt\/"},{"@type":"ListItem","position":2,"name":"Cidades e regi\u00f5es da Rom\u00e9nia","item":"https:\/\/roadtoromania.com\/pt-pt\/cidades-e-regioes-da-romenia\/"},{"@type":"ListItem","position":3,"name":"Suceava"}]},{"@type":"WebSite","@id":"https:\/\/roadtoromania.com\/pt-pt\/#website","url":"https:\/\/roadtoromania.com\/pt-pt\/","name":"Road to Romania","description":"O blog onde encontrar\u00e1 toda a informa\u00e7\u00e3o de que necessita para desfrutar da Rom\u00e9nia.","potentialAction":[{"@type":"SearchAction","target":{"@type":"EntryPoint","urlTemplate":"https:\/\/roadtoromania.com\/pt-pt\/?s={search_term_string}"},"query-input":"required name=search_term_string"}],"inLanguage":"pt-PT"}]}},"_links":{"self":[{"href":"https:\/\/roadtoromania.com\/pt-pt\/wp-json\/wp\/v2\/pages\/3294","targetHints":{"allow":["GET"]}}],"collection":[{"href":"https:\/\/roadtoromania.com\/pt-pt\/wp-json\/wp\/v2\/pages"}],"about":[{"href":"https:\/\/roadtoromania.com\/pt-pt\/wp-json\/wp\/v2\/types\/page"}],"author":[{"embeddable":true,"href":"https:\/\/roadtoromania.com\/pt-pt\/wp-json\/wp\/v2\/users\/1"}],"replies":[{"embeddable":true,"href":"https:\/\/roadtoromania.com\/pt-pt\/wp-json\/wp\/v2\/comments?post=3294"}],"version-history":[{"count":0,"href":"https:\/\/roadtoromania.com\/pt-pt\/wp-json\/wp\/v2\/pages\/3294\/revisions"}],"up":[{"embeddable":true,"href":"https:\/\/roadtoromania.com\/pt-pt\/wp-json\/wp\/v2\/pages\/3264"}],"wp:featuredmedia":[{"embeddable":true,"href":"https:\/\/roadtoromania.com\/pt-pt\/wp-json\/wp\/v2\/media\/1363"}],"wp:attachment":[{"href":"https:\/\/roadtoromania.com\/pt-pt\/wp-json\/wp\/v2\/media?parent=3294"}],"curies":[{"name":"wp","href":"https:\/\/api.w.org\/{rel}","templated":true}]}}