{"id":3295,"date":"2022-10-15T18:40:14","date_gmt":"2022-10-15T18:40:14","guid":{"rendered":"https:\/\/roadtoromania.com\/citta-e-regioni-della-romania\/suceava\/igreja-arbore\/"},"modified":"2022-10-21T16:57:56","modified_gmt":"2022-10-21T16:57:56","slug":"igreja-arbore","status":"publish","type":"page","link":"https:\/\/roadtoromania.com\/pt-pt\/cidades-e-regioes-da-romenia\/suceava\/igreja-arbore\/","title":{"rendered":"Igreja Arbore"},"content":{"rendered":"<p>A cerca de 40 km de <a href=\"\"> <strong>Suceava<\/strong><\/a> no nordeste da Rom\u00e9nia, a igreja<\/strong> Arbore<\/strong> \u00e9 considerada a mais representativa da arte bizantina moldava,<\/strong> \u00e9 considerado o mais representativo da arte bizantina moldava, que, com as igrejas afresco no exterior, faz parte do<\/strong> <a href=\"https:\/\/roadtoromania.com\/pt-pt\/monumentos-da-romenia-o-que-ver-na-romenia\/patrimonio-da-unesco-na-romenia\/\"> <strong>Patrim\u00f3nio Mundial da Unesco desde 1993.<\/p>\n<p><a href=\"https:\/\/roadtoromania.com\/wp-content\/uploads\/2022\/10\/biserica_arbore.jpg\"><img decoding=\"async\" src=\"https:\/\/roadtoromania.com\/wp-content\/uploads\/2022\/10\/biserica_arbore.jpg\" \/><\/a> Arbore Church, Unesco World Heritage Site<\/strong> .<\/p>\n<p>\nO edif\u00edcio data de 1503, quando Luca Arbore, conselheiro do Rei Est\u00eav\u00e3o o Grande e um influente boyar na corte, construiu a igreja para servir de capela para a nobreza principesca, e consagrou a S\u00e3o Jo\u00e3o Baptista.<\/p>\n<p>\nMenor do que as outras quatro igrejas de <a href=\"https:\/\/roadtoromania.com\/pt-pt\/bukovina-e-os-seus-mosteiros\/\"> <strong>Bukovina<\/strong><\/a> (Voronet, <a href=\"https:\/\/roadtoromania.com\/pt-pt\/monumentos-da-romenia-o-que-ver-na-romenia\/mosteiro-moldovita\/\"> <strong>Moldovita<\/strong><\/a> , Humor e Suceavita), <strong>Arbore<\/strong> foi constru\u00edda, segundo os especialistas neste campo, por iniciativa de um boyar, ou seja, um nobre propriet\u00e1rio de terras eslavas, ao contr\u00e1rio de outros que eram pagos por pr\u00edncipes com maiores recursos. Uma das diferen\u00e7as \u00e9 que o espa\u00e7o antes da nave, os pronaos, \u00e9 menos luminoso. Outra diferen\u00e7a \u00e9 que n\u00e3o tem uma c\u00fapula, e isto deve-se ao facto de ter sido uma pessoa n\u00e3o religiosa a promov\u00ea-la. Na cripta est\u00e1 o t\u00famulo de Luca Arbore<\/p>\n<p>\nOs <strong>frescos<\/strong> foram pintados em 1541 por <em>Drago\u015f Coman of Iasi<\/em> , e a peculiaridade \u00e9 a tonalidade dos diferentes verdes, que definem o tom crom\u00e1tico, em oposi\u00e7\u00e3o aos azuis e ocres de outras igrejas, criando grandes contrastes que servem para marcar as luzes e sombras das figuras.<\/p>\n<p>\nDe facto, o verde utilizado para colorir os elementos vegetais \u00e9 considerado \u00fanico no mundo, tal como o azul de Voronet, o verde-vermelho de Sucevita, o amarelo de Moldovita e o vermelho de Humor. Os mestres pintores levaram o segredo de tornar o Arbore verde \u00e0s suas sepulturas, e hoje podemos ver no adro da igreja os quinze vasos em que foram criados os diferentes tons de verde.<\/p>\n<p>\nNo interior da igreja, podemos ver a imagem do Imperador Romano Constantino o Grande, enquanto o exterior apresenta elementos em miniatura da Vida dos Santos e cenas b\u00edblicas na fachada sul. Cenas do G\u00e9nesis tamb\u00e9m podem ser vistas nos contrafortes da parede oeste.<\/p>\n<p><a href=\"https:\/\/roadtoromania.com\/wp-content\/uploads\/2022\/10\/iglesia_arbore.jpg\"><img decoding=\"async\" src=\"https:\/\/roadtoromania.com\/wp-content\/uploads\/2022\/10\/iglesia_arbore.jpg\" \/><\/a> Frescoes in the church of Arbore<\/p>\n","protected":false},"excerpt":{"rendered":"<p>A cerca de 40 km de Suceava no nordeste da Rom\u00e9nia, a igreja Arbore \u00e9 considerada a mais representativa da arte bizantina moldava, \u00e9 considerado o mais representativo da arte bizantina moldava, que, com as igrejas afresco no exterior, faz parte do Patrim\u00f3nio Mundial da Unesco desde 1993. Arbore Church, Unesco World Heritage Site . &hellip;<\/p>\n<p class=\"read-more\"> <a class=\"\" href=\"https:\/\/roadtoromania.com\/pt-pt\/cidades-e-regioes-da-romenia\/suceava\/igreja-arbore\/\"> <span class=\"screen-reader-text\">Igreja Arbore<\/span> Read More \u00bb<\/a><\/p>\n","protected":false},"author":1,"featured_media":1377,"parent":3294,"menu_order":0,"comment_status":"open","ping_status":"open","template":"","meta":{"site-sidebar-layout":"default","site-content-layout":"default","ast-global-header-display":"","ast-main-header-display":"","ast-hfb-above-header-display":"","ast-hfb-below-header-display":"","ast-hfb-mobile-header-display":"","site-post-title":"","ast-breadcrumbs-content":"","ast-featured-img":"","footer-sml-layout":"","theme-transparent-header-meta":"default","adv-header-id-meta":"","stick-header-meta":"","header-above-stick-meta":"","header-main-stick-meta":"","header-below-stick-meta":"","footnotes":""},"class_list":["post-3295","page","type-page","status-publish","has-post-thumbnail","hentry"],"yoast_head":"<!-- This site is optimized with the Yoast SEO plugin v19.10 - https:\/\/yoast.com\/wordpress\/plugins\/seo\/ -->\n<title>Igreja Arbore - Road to Romania<\/title>\n<meta name=\"robots\" content=\"index, follow, max-snippet:-1, max-image-preview:large, max-video-preview:-1\" \/>\n<link rel=\"canonical\" href=\"https:\/\/roadtoromania.com\/pt-pt\/cidades-e-regioes-da-romenia\/suceava\/igreja-arbore\/\" \/>\n<meta property=\"og:locale\" content=\"pt_PT\" \/>\n<meta property=\"og:type\" content=\"article\" \/>\n<meta property=\"og:title\" content=\"Igreja Arbore - Road to Romania\" \/>\n<meta property=\"og:description\" content=\"A cerca de 40 km de Suceava no nordeste da Rom\u00e9nia, a igreja Arbore \u00e9 considerada a mais representativa da arte bizantina moldava, \u00e9 considerado o mais representativo da arte bizantina moldava, que, com as igrejas afresco no exterior, faz parte do Patrim\u00f3nio Mundial da Unesco desde 1993. Arbore Church, Unesco World Heritage Site . &hellip; Igreja Arbore Read More \u00bb\" \/>\n<meta property=\"og:url\" content=\"https:\/\/roadtoromania.com\/pt-pt\/cidades-e-regioes-da-romenia\/suceava\/igreja-arbore\/\" \/>\n<meta property=\"og:site_name\" content=\"Road to Romania\" \/>\n<meta property=\"article:modified_time\" content=\"2022-10-21T16:57:56+00:00\" \/>\n<meta property=\"og:image\" content=\"https:\/\/roadtoromania.com\/wp-content\/uploads\/2022\/10\/biserica_arbore-1.jpg\" \/>\n\t<meta property=\"og:image:width\" content=\"650\" \/>\n\t<meta property=\"og:image:height\" content=\"419\" \/>\n\t<meta property=\"og:image:type\" content=\"image\/jpeg\" \/>\n<meta name=\"twitter:card\" content=\"summary_large_image\" \/>\n<meta name=\"twitter:label1\" content=\"Tempo estimado de leitura\" \/>\n\t<meta name=\"twitter:data1\" content=\"2 minutos\" \/>\n<script type=\"application\/ld+json\" class=\"yoast-schema-graph\">{\"@context\":\"https:\/\/schema.org\",\"@graph\":[{\"@type\":\"WebPage\",\"@id\":\"https:\/\/roadtoromania.com\/pt-pt\/cidades-e-regioes-da-romenia\/suceava\/igreja-arbore\/\",\"url\":\"https:\/\/roadtoromania.com\/pt-pt\/cidades-e-regioes-da-romenia\/suceava\/igreja-arbore\/\",\"name\":\"Igreja Arbore - Road to Romania\",\"isPartOf\":{\"@id\":\"https:\/\/roadtoromania.com\/pt-pt\/#website\"},\"datePublished\":\"2022-10-15T18:40:14+00:00\",\"dateModified\":\"2022-10-21T16:57:56+00:00\",\"breadcrumb\":{\"@id\":\"https:\/\/roadtoromania.com\/pt-pt\/cidades-e-regioes-da-romenia\/suceava\/igreja-arbore\/#breadcrumb\"},\"inLanguage\":\"pt-PT\",\"potentialAction\":[{\"@type\":\"ReadAction\",\"target\":[\"https:\/\/roadtoromania.com\/pt-pt\/cidades-e-regioes-da-romenia\/suceava\/igreja-arbore\/\"]}]},{\"@type\":\"BreadcrumbList\",\"@id\":\"https:\/\/roadtoromania.com\/pt-pt\/cidades-e-regioes-da-romenia\/suceava\/igreja-arbore\/#breadcrumb\",\"itemListElement\":[{\"@type\":\"ListItem\",\"position\":1,\"name\":\"Home\",\"item\":\"https:\/\/roadtoromania.com\/pt-pt\/\"},{\"@type\":\"ListItem\",\"position\":2,\"name\":\"Citt\u00e0 e regioni della Romania\",\"item\":\"https:\/\/roadtoromania.com\/pt-pt\/citta-e-regioni-della-romania\/\"},{\"@type\":\"ListItem\",\"position\":3,\"name\":\"Suceava\",\"item\":\"https:\/\/roadtoromania.com\/pt-pt\/citta-e-regioni-della-romania\/suceava\/\"},{\"@type\":\"ListItem\",\"position\":4,\"name\":\"Igreja Arbore\"}]},{\"@type\":\"WebSite\",\"@id\":\"https:\/\/roadtoromania.com\/pt-pt\/#website\",\"url\":\"https:\/\/roadtoromania.com\/pt-pt\/\",\"name\":\"Road to Romania\",\"description\":\"O blog onde encontrar\u00e1 toda a informa\u00e7\u00e3o de que necessita para desfrutar da Rom\u00e9nia.\",\"potentialAction\":[{\"@type\":\"SearchAction\",\"target\":{\"@type\":\"EntryPoint\",\"urlTemplate\":\"https:\/\/roadtoromania.com\/pt-pt\/?s={search_term_string}\"},\"query-input\":\"required name=search_term_string\"}],\"inLanguage\":\"pt-PT\"}]}<\/script>\n<!-- \/ Yoast SEO plugin. -->","yoast_head_json":{"title":"Igreja Arbore - Road to Romania","robots":{"index":"index","follow":"follow","max-snippet":"max-snippet:-1","max-image-preview":"max-image-preview:large","max-video-preview":"max-video-preview:-1"},"canonical":"https:\/\/roadtoromania.com\/pt-pt\/cidades-e-regioes-da-romenia\/suceava\/igreja-arbore\/","og_locale":"pt_PT","og_type":"article","og_title":"Igreja Arbore - Road to Romania","og_description":"A cerca de 40 km de Suceava no nordeste da Rom\u00e9nia, a igreja Arbore \u00e9 considerada a mais representativa da arte bizantina moldava, \u00e9 considerado o mais representativo da arte bizantina moldava, que, com as igrejas afresco no exterior, faz parte do Patrim\u00f3nio Mundial da Unesco desde 1993. Arbore Church, Unesco World Heritage Site . &hellip; Igreja Arbore Read More \u00bb","og_url":"https:\/\/roadtoromania.com\/pt-pt\/cidades-e-regioes-da-romenia\/suceava\/igreja-arbore\/","og_site_name":"Road to Romania","article_modified_time":"2022-10-21T16:57:56+00:00","og_image":[{"width":650,"height":419,"url":"https:\/\/roadtoromania.com\/wp-content\/uploads\/2022\/10\/biserica_arbore-1.jpg","type":"image\/jpeg"}],"twitter_card":"summary_large_image","twitter_misc":{"Tempo estimado de leitura":"2 minutos"},"schema":{"@context":"https:\/\/schema.org","@graph":[{"@type":"WebPage","@id":"https:\/\/roadtoromania.com\/pt-pt\/cidades-e-regioes-da-romenia\/suceava\/igreja-arbore\/","url":"https:\/\/roadtoromania.com\/pt-pt\/cidades-e-regioes-da-romenia\/suceava\/igreja-arbore\/","name":"Igreja Arbore - Road to Romania","isPartOf":{"@id":"https:\/\/roadtoromania.com\/pt-pt\/#website"},"datePublished":"2022-10-15T18:40:14+00:00","dateModified":"2022-10-21T16:57:56+00:00","breadcrumb":{"@id":"https:\/\/roadtoromania.com\/pt-pt\/cidades-e-regioes-da-romenia\/suceava\/igreja-arbore\/#breadcrumb"},"inLanguage":"pt-PT","potentialAction":[{"@type":"ReadAction","target":["https:\/\/roadtoromania.com\/pt-pt\/cidades-e-regioes-da-romenia\/suceava\/igreja-arbore\/"]}]},{"@type":"BreadcrumbList","@id":"https:\/\/roadtoromania.com\/pt-pt\/cidades-e-regioes-da-romenia\/suceava\/igreja-arbore\/#breadcrumb","itemListElement":[{"@type":"ListItem","position":1,"name":"Home","item":"https:\/\/roadtoromania.com\/pt-pt\/"},{"@type":"ListItem","position":2,"name":"Citt\u00e0 e regioni della Romania","item":"https:\/\/roadtoromania.com\/pt-pt\/citta-e-regioni-della-romania\/"},{"@type":"ListItem","position":3,"name":"Suceava","item":"https:\/\/roadtoromania.com\/pt-pt\/citta-e-regioni-della-romania\/suceava\/"},{"@type":"ListItem","position":4,"name":"Igreja Arbore"}]},{"@type":"WebSite","@id":"https:\/\/roadtoromania.com\/pt-pt\/#website","url":"https:\/\/roadtoromania.com\/pt-pt\/","name":"Road to Romania","description":"O blog onde encontrar\u00e1 toda a informa\u00e7\u00e3o de que necessita para desfrutar da Rom\u00e9nia.","potentialAction":[{"@type":"SearchAction","target":{"@type":"EntryPoint","urlTemplate":"https:\/\/roadtoromania.com\/pt-pt\/?s={search_term_string}"},"query-input":"required name=search_term_string"}],"inLanguage":"pt-PT"}]}},"_links":{"self":[{"href":"https:\/\/roadtoromania.com\/pt-pt\/wp-json\/wp\/v2\/pages\/3295","targetHints":{"allow":["GET"]}}],"collection":[{"href":"https:\/\/roadtoromania.com\/pt-pt\/wp-json\/wp\/v2\/pages"}],"about":[{"href":"https:\/\/roadtoromania.com\/pt-pt\/wp-json\/wp\/v2\/types\/page"}],"author":[{"embeddable":true,"href":"https:\/\/roadtoromania.com\/pt-pt\/wp-json\/wp\/v2\/users\/1"}],"replies":[{"embeddable":true,"href":"https:\/\/roadtoromania.com\/pt-pt\/wp-json\/wp\/v2\/comments?post=3295"}],"version-history":[{"count":0,"href":"https:\/\/roadtoromania.com\/pt-pt\/wp-json\/wp\/v2\/pages\/3295\/revisions"}],"up":[{"embeddable":true,"href":"https:\/\/roadtoromania.com\/pt-pt\/wp-json\/wp\/v2\/pages\/3294"}],"wp:featuredmedia":[{"embeddable":true,"href":"https:\/\/roadtoromania.com\/pt-pt\/wp-json\/wp\/v2\/media\/1377"}],"wp:attachment":[{"href":"https:\/\/roadtoromania.com\/pt-pt\/wp-json\/wp\/v2\/media?parent=3295"}],"curies":[{"name":"wp","href":"https:\/\/api.w.org\/{rel}","templated":true}]}}