{"id":3302,"date":"2022-10-15T18:40:14","date_gmt":"2022-10-15T18:40:14","guid":{"rendered":"https:\/\/roadtoromania.com\/como-chegar-a-romenia\/"},"modified":"2022-10-21T16:57:56","modified_gmt":"2022-10-21T16:57:56","slug":"como-chegar-a-romenia","status":"publish","type":"page","link":"https:\/\/roadtoromania.com\/pt-pt\/como-chegar-a-romenia\/","title":{"rendered":"Como chegar \u00e0 Rom\u00e9nia"},"content":{"rendered":"<p>As comunica\u00e7\u00f5es entre a Espanha e os principais pa\u00edses europeus e a Rom\u00e9nia melhoraram consideravelmente nos \u00faltimos anos. Quer seja de avi\u00e3o, autocarro, carro ou comboio, a Rom\u00e9nia pode ser visitada sem problemas e sem gastar demasiado dinheiro. Bucareste, mas tamb\u00e9m Brasov, Cluj ou Timisoara conseguiram estabelecer liga\u00e7\u00f5es com as principais capitais europeias com companhias a\u00e9reas de baixo custo que tornam a visita \u00e0s principais cidades romenas f\u00e1cil e barata.<\/p>\n<p> Rom\u00e9nia por Plane<\/strong> <\/h3>\n<p>\nA Rom\u00e9nia est\u00e1 a cerca de tr\u00eas horas de voo de Barcelona, e um pouco mais de Madrid, M\u00e1laga, Sevilha ou Bilbao. V\u00e1rias companhias a\u00e9reas oferecem boas, numerosas e bastante baratas liga\u00e7\u00f5es, o que faz com que passar um fim-de-semana em Bucareste, Cluj ou Brasov, ou melhor ainda uma semana na Rom\u00e9nia, sem problemas.<\/p>\n<p>\nPara mais informa\u00e7\u00f5es visite a nossa p\u00e1gina em Voos para a Rom\u00e9nia<\/a> .<\/p>\n<p>\nOu clique no link:<\/p>\n<p> Rom\u00e9nia de carro.<\/strong> <\/h3>\n<p>\nPodemos viajar pela Europa, uma verdadeira viagem de Espanha \u00e0 Rom\u00e9nia. S\u00f3 atravessaremos a Fran\u00e7a, It\u00e1lia, Eslov\u00e9nia, Cro\u00e1cia, S\u00e9rvia,&#8230; Hungria, Bulg\u00e1ria, para os aventureiros.<\/p>\n<h3>\n <strong>Aluguer de autom\u00f3veis na Rom\u00e9nia.<\/strong> <\/h3>\n<p>\n\u00c9 mais conveniente alugar um carro na Rom\u00e9nia. As estradas s\u00e3o aceit\u00e1veis e a forma de condu\u00e7\u00e3o n\u00e3o difere muito da condu\u00e7\u00e3o italiana ou grega. Uma possibilidade que nos permitir\u00e1 conhecer a Rom\u00e9nia muito melhor e mais pessoalmente.<\/p>\n<p>\n<a href=\"https:\/\/roadtoromania.com\/pt-pt\/aluguer-de-automoveis-na-romenia\/\"> Aluguer de autom\u00f3veis<\/a> <\/p>\n<p> Rom\u00e9nia por comboio<\/strong> <\/h3>\n<p>\nOs comboios n\u00e3o correm mal, embora sejam lentos. A Rom\u00e9nia pode ser alcan\u00e7ada a partir da Alemanha, atrav\u00e9s da Rep\u00fablica Checa, Eslov\u00e1quia, Pol\u00f3nia e Hungria. Ou da It\u00e1lia via Eslov\u00e9nia, Cro\u00e1cia, S\u00e9rvia e Bulg\u00e1ria.<\/p>\n<p>\nOs comboios dentro da Rom\u00e9nia s\u00e3o baratos e, se tiver tempo, pode visitar as principais cidades.<\/p>\n<p> Autocarros entre a Rom\u00e9nia e Espanha<\/strong> <\/h3>\n<p>\nN\u00e3o \u00e9 certamente assim t\u00e3o confort\u00e1vel, mas pode ser interessante se tivermos de viajar com muita bagagem e n\u00e3o nos importamos com o tempo. Definitivamente uma experi\u00eancia.<\/p>\n<p>\nRom\u00e9nia de autocarro<\/a> .<\/p>\n","protected":false},"excerpt":{"rendered":"<p>As comunica\u00e7\u00f5es entre a Espanha e os principais pa\u00edses europeus e a Rom\u00e9nia melhoraram consideravelmente nos \u00faltimos anos. Quer seja de avi\u00e3o, autocarro, carro ou comboio, a Rom\u00e9nia pode ser visitada sem problemas e sem gastar demasiado dinheiro. Bucareste, mas tamb\u00e9m Brasov, Cluj ou Timisoara conseguiram estabelecer liga\u00e7\u00f5es com as principais capitais europeias com companhias &hellip;<\/p>\n<p class=\"read-more\"> <a class=\"\" href=\"https:\/\/roadtoromania.com\/pt-pt\/como-chegar-a-romenia\/\"> <span class=\"screen-reader-text\">Como chegar \u00e0 Rom\u00e9nia<\/span> Read More \u00bb<\/a><\/p>\n","protected":false},"author":1,"featured_media":0,"parent":0,"menu_order":0,"comment_status":"open","ping_status":"open","template":"","meta":{"site-sidebar-layout":"default","site-content-layout":"default","ast-global-header-display":"","ast-main-header-display":"","ast-hfb-above-header-display":"","ast-hfb-below-header-display":"","ast-hfb-mobile-header-display":"","site-post-title":"","ast-breadcrumbs-content":"","ast-featured-img":"","footer-sml-layout":"","theme-transparent-header-meta":"default","adv-header-id-meta":"","stick-header-meta":"","header-above-stick-meta":"","header-main-stick-meta":"","header-below-stick-meta":"","footnotes":""},"class_list":["post-3302","page","type-page","status-publish","hentry"],"yoast_head":"<!-- This site is optimized with the Yoast SEO plugin v19.10 - https:\/\/yoast.com\/wordpress\/plugins\/seo\/ -->\n<title>Como chegar \u00e0 Rom\u00e9nia - Road to Romania<\/title>\n<meta name=\"robots\" content=\"index, follow, max-snippet:-1, max-image-preview:large, max-video-preview:-1\" \/>\n<link rel=\"canonical\" href=\"https:\/\/roadtoromania.com\/pt-pt\/como-chegar-a-romenia\/\" \/>\n<meta property=\"og:locale\" content=\"pt_PT\" \/>\n<meta property=\"og:type\" content=\"article\" \/>\n<meta property=\"og:title\" content=\"Como chegar \u00e0 Rom\u00e9nia - Road to Romania\" \/>\n<meta property=\"og:description\" content=\"As comunica\u00e7\u00f5es entre a Espanha e os principais pa\u00edses europeus e a Rom\u00e9nia melhoraram consideravelmente nos \u00faltimos anos. Quer seja de avi\u00e3o, autocarro, carro ou comboio, a Rom\u00e9nia pode ser visitada sem problemas e sem gastar demasiado dinheiro. Bucareste, mas tamb\u00e9m Brasov, Cluj ou Timisoara conseguiram estabelecer liga\u00e7\u00f5es com as principais capitais europeias com companhias &hellip; Como chegar \u00e0 Rom\u00e9nia Read More \u00bb\" \/>\n<meta property=\"og:url\" content=\"https:\/\/roadtoromania.com\/pt-pt\/como-chegar-a-romenia\/\" \/>\n<meta property=\"og:site_name\" content=\"Road to Romania\" \/>\n<meta property=\"article:modified_time\" content=\"2022-10-21T16:57:56+00:00\" \/>\n<meta name=\"twitter:card\" content=\"summary_large_image\" \/>\n<meta name=\"twitter:label1\" content=\"Tempo estimado de leitura\" \/>\n\t<meta name=\"twitter:data1\" content=\"2 minutos\" \/>\n<script type=\"application\/ld+json\" class=\"yoast-schema-graph\">{\"@context\":\"https:\/\/schema.org\",\"@graph\":[{\"@type\":\"WebPage\",\"@id\":\"https:\/\/roadtoromania.com\/pt-pt\/como-chegar-a-romenia\/\",\"url\":\"https:\/\/roadtoromania.com\/pt-pt\/como-chegar-a-romenia\/\",\"name\":\"Como chegar \u00e0 Rom\u00e9nia - Road to Romania\",\"isPartOf\":{\"@id\":\"https:\/\/roadtoromania.com\/pt-pt\/#website\"},\"datePublished\":\"2022-10-15T18:40:14+00:00\",\"dateModified\":\"2022-10-21T16:57:56+00:00\",\"breadcrumb\":{\"@id\":\"https:\/\/roadtoromania.com\/pt-pt\/como-chegar-a-romenia\/#breadcrumb\"},\"inLanguage\":\"pt-PT\",\"potentialAction\":[{\"@type\":\"ReadAction\",\"target\":[\"https:\/\/roadtoromania.com\/pt-pt\/como-chegar-a-romenia\/\"]}]},{\"@type\":\"BreadcrumbList\",\"@id\":\"https:\/\/roadtoromania.com\/pt-pt\/como-chegar-a-romenia\/#breadcrumb\",\"itemListElement\":[{\"@type\":\"ListItem\",\"position\":1,\"name\":\"Home\",\"item\":\"https:\/\/roadtoromania.com\/pt-pt\/\"},{\"@type\":\"ListItem\",\"position\":2,\"name\":\"Como chegar \u00e0 Rom\u00e9nia\"}]},{\"@type\":\"WebSite\",\"@id\":\"https:\/\/roadtoromania.com\/pt-pt\/#website\",\"url\":\"https:\/\/roadtoromania.com\/pt-pt\/\",\"name\":\"Road to Romania\",\"description\":\"O blog onde encontrar\u00e1 toda a informa\u00e7\u00e3o de que necessita para desfrutar da Rom\u00e9nia.\",\"potentialAction\":[{\"@type\":\"SearchAction\",\"target\":{\"@type\":\"EntryPoint\",\"urlTemplate\":\"https:\/\/roadtoromania.com\/pt-pt\/?s={search_term_string}\"},\"query-input\":\"required name=search_term_string\"}],\"inLanguage\":\"pt-PT\"}]}<\/script>\n<!-- \/ Yoast SEO plugin. -->","yoast_head_json":{"title":"Como chegar \u00e0 Rom\u00e9nia - Road to Romania","robots":{"index":"index","follow":"follow","max-snippet":"max-snippet:-1","max-image-preview":"max-image-preview:large","max-video-preview":"max-video-preview:-1"},"canonical":"https:\/\/roadtoromania.com\/pt-pt\/como-chegar-a-romenia\/","og_locale":"pt_PT","og_type":"article","og_title":"Como chegar \u00e0 Rom\u00e9nia - Road to Romania","og_description":"As comunica\u00e7\u00f5es entre a Espanha e os principais pa\u00edses europeus e a Rom\u00e9nia melhoraram consideravelmente nos \u00faltimos anos. Quer seja de avi\u00e3o, autocarro, carro ou comboio, a Rom\u00e9nia pode ser visitada sem problemas e sem gastar demasiado dinheiro. Bucareste, mas tamb\u00e9m Brasov, Cluj ou Timisoara conseguiram estabelecer liga\u00e7\u00f5es com as principais capitais europeias com companhias &hellip; Como chegar \u00e0 Rom\u00e9nia Read More \u00bb","og_url":"https:\/\/roadtoromania.com\/pt-pt\/como-chegar-a-romenia\/","og_site_name":"Road to Romania","article_modified_time":"2022-10-21T16:57:56+00:00","twitter_card":"summary_large_image","twitter_misc":{"Tempo estimado de leitura":"2 minutos"},"schema":{"@context":"https:\/\/schema.org","@graph":[{"@type":"WebPage","@id":"https:\/\/roadtoromania.com\/pt-pt\/como-chegar-a-romenia\/","url":"https:\/\/roadtoromania.com\/pt-pt\/como-chegar-a-romenia\/","name":"Como chegar \u00e0 Rom\u00e9nia - Road to Romania","isPartOf":{"@id":"https:\/\/roadtoromania.com\/pt-pt\/#website"},"datePublished":"2022-10-15T18:40:14+00:00","dateModified":"2022-10-21T16:57:56+00:00","breadcrumb":{"@id":"https:\/\/roadtoromania.com\/pt-pt\/como-chegar-a-romenia\/#breadcrumb"},"inLanguage":"pt-PT","potentialAction":[{"@type":"ReadAction","target":["https:\/\/roadtoromania.com\/pt-pt\/como-chegar-a-romenia\/"]}]},{"@type":"BreadcrumbList","@id":"https:\/\/roadtoromania.com\/pt-pt\/como-chegar-a-romenia\/#breadcrumb","itemListElement":[{"@type":"ListItem","position":1,"name":"Home","item":"https:\/\/roadtoromania.com\/pt-pt\/"},{"@type":"ListItem","position":2,"name":"Como chegar \u00e0 Rom\u00e9nia"}]},{"@type":"WebSite","@id":"https:\/\/roadtoromania.com\/pt-pt\/#website","url":"https:\/\/roadtoromania.com\/pt-pt\/","name":"Road to Romania","description":"O blog onde encontrar\u00e1 toda a informa\u00e7\u00e3o de que necessita para desfrutar da Rom\u00e9nia.","potentialAction":[{"@type":"SearchAction","target":{"@type":"EntryPoint","urlTemplate":"https:\/\/roadtoromania.com\/pt-pt\/?s={search_term_string}"},"query-input":"required name=search_term_string"}],"inLanguage":"pt-PT"}]}},"_links":{"self":[{"href":"https:\/\/roadtoromania.com\/pt-pt\/wp-json\/wp\/v2\/pages\/3302","targetHints":{"allow":["GET"]}}],"collection":[{"href":"https:\/\/roadtoromania.com\/pt-pt\/wp-json\/wp\/v2\/pages"}],"about":[{"href":"https:\/\/roadtoromania.com\/pt-pt\/wp-json\/wp\/v2\/types\/page"}],"author":[{"embeddable":true,"href":"https:\/\/roadtoromania.com\/pt-pt\/wp-json\/wp\/v2\/users\/1"}],"replies":[{"embeddable":true,"href":"https:\/\/roadtoromania.com\/pt-pt\/wp-json\/wp\/v2\/comments?post=3302"}],"version-history":[{"count":0,"href":"https:\/\/roadtoromania.com\/pt-pt\/wp-json\/wp\/v2\/pages\/3302\/revisions"}],"wp:attachment":[{"href":"https:\/\/roadtoromania.com\/pt-pt\/wp-json\/wp\/v2\/media?parent=3302"}],"curies":[{"name":"wp","href":"https:\/\/api.w.org\/{rel}","templated":true}]}}