{"id":3306,"date":"2022-10-15T18:40:14","date_gmt":"2022-10-15T18:40:14","guid":{"rendered":"https:\/\/roadtoromania.com\/geografia-da-romenia\/"},"modified":"2022-10-21T16:57:56","modified_gmt":"2022-10-21T16:57:56","slug":"geografia-da-romenia","status":"publish","type":"page","link":"https:\/\/roadtoromania.com\/pt-pt\/geografia-da-romenia\/","title":{"rendered":"Geografia da Rom\u00e9nia"},"content":{"rendered":"<p> <strong>A Rom\u00e9nia<\/strong> tem no seu vasto territ\u00f3rio uma<\/strong> geografia muito variada<\/strong> , que vai desde as plan\u00edcies do <a href=\"https:\/\/roadtoromania.com\/pt-pt\/natureza-da-romenia\/delta-do-danubio\/\"><\/strong> Delta do Dan\u00fabio<\/strong><\/a> \u00e0s zonas montanhosas do <a href=\"https:\/\/roadtoromania.com\/pt-pt\/natureza-da-romenia\/os-carpatos\/\"><\/strong> Montanhas dos C\u00e1rpatos<\/strong><\/strong><\/a> .<\/p>\n<p>.<\/p>\n<p>\nO interior do pa\u00eds, confinado \u00e0 regi\u00e3o da Transilv\u00e2nia, \u00e9 principalmente montanhoso, enquanto nas fronteiras existe uma s\u00e9rie de plan\u00edcies como o Banat perto da S\u00e9rvia<\/p>\n<\/p>\n<p>\nOs C\u00e1rpatos s\u00e3o considerados uma continua\u00e7\u00e3o dos Alpes, embora n\u00e3o t\u00e3o maci\u00e7a. Est\u00e3o divididos nos C\u00e1rpatos Orientais com o Monte Pietrosu como ponto mais alto (2,305 m); e nos C\u00e1rpatos Orientais com o Monte Moldoveanu (2,543 m) como ponto mais alto.<\/p>\n<p>\nOs pa\u00edses lim\u00edtrofes da Rom\u00e9nia s\u00e3o <strong>a Bulg\u00e1ria<\/strong> a sul, a S\u00e9rvia e a Hungria a oeste, a Ucr\u00e2nia a norte e a Mold\u00e1via a noroeste. A leste est\u00e1 o Mar Negro, a foz do Dan\u00fabio. O Dan\u00fabio corre atrav\u00e9s da Rom\u00e9nia, bebendo de rios tribut\u00e1rios como o Timis, Jiu, Olt, Arges, Siret e nomeadamente o Prut.<\/p>\n<p>\nA Rom\u00e9nia cobre uma \u00e1rea de 237.000 km2, com uma densidade populacional m\u00e9dia de 96 habitantes\/km2<\/p>\n<p><a href=\"https:\/\/roadtoromania.com\/wp-content\/uploads\/2022\/10\/geografia_rumana.png\"><img decoding=\"async\" src=\"https:\/\/roadtoromania.com\/wp-content\/uploads\/2022\/10\/geografia_rumana.png\" \/><\/a> Mapa geogr\u00e1fico da Rom\u00e9nia\n<\/p>\n<p>\u00a0<\/p>\n","protected":false},"excerpt":{"rendered":"<p>A Rom\u00e9nia tem no seu vasto territ\u00f3rio uma geografia muito variada , que vai desde as plan\u00edcies do Delta do Dan\u00fabio \u00e0s zonas montanhosas do Montanhas dos C\u00e1rpatos . . O interior do pa\u00eds, confinado \u00e0 regi\u00e3o da Transilv\u00e2nia, \u00e9 principalmente montanhoso, enquanto nas fronteiras existe uma s\u00e9rie de plan\u00edcies como o Banat perto da &hellip;<\/p>\n<p class=\"read-more\"> <a class=\"\" href=\"https:\/\/roadtoromania.com\/pt-pt\/geografia-da-romenia\/\"> <span class=\"screen-reader-text\">Geografia da Rom\u00e9nia<\/span> Read More \u00bb<\/a><\/p>\n","protected":false},"author":1,"featured_media":1488,"parent":0,"menu_order":0,"comment_status":"open","ping_status":"open","template":"","meta":{"site-sidebar-layout":"default","site-content-layout":"default","ast-global-header-display":"","ast-main-header-display":"","ast-hfb-above-header-display":"","ast-hfb-below-header-display":"","ast-hfb-mobile-header-display":"","site-post-title":"","ast-breadcrumbs-content":"","ast-featured-img":"","footer-sml-layout":"","theme-transparent-header-meta":"","adv-header-id-meta":"","stick-header-meta":"","header-above-stick-meta":"","header-main-stick-meta":"","header-below-stick-meta":"","footnotes":""},"class_list":["post-3306","page","type-page","status-publish","has-post-thumbnail","hentry"],"yoast_head":"<!-- This site is optimized with the Yoast SEO plugin v19.10 - https:\/\/yoast.com\/wordpress\/plugins\/seo\/ -->\n<title>Geografia da Rom\u00e9nia - Road to Romania<\/title>\n<meta name=\"robots\" content=\"index, follow, max-snippet:-1, max-image-preview:large, max-video-preview:-1\" \/>\n<link rel=\"canonical\" href=\"https:\/\/roadtoromania.com\/pt-pt\/geografia-da-romenia\/\" \/>\n<meta property=\"og:locale\" content=\"pt_PT\" \/>\n<meta property=\"og:type\" content=\"article\" \/>\n<meta property=\"og:title\" content=\"Geografia da Rom\u00e9nia - Road to Romania\" \/>\n<meta property=\"og:description\" content=\"A Rom\u00e9nia tem no seu vasto territ\u00f3rio uma geografia muito variada , que vai desde as plan\u00edcies do Delta do Dan\u00fabio \u00e0s zonas montanhosas do Montanhas dos C\u00e1rpatos . . O interior do pa\u00eds, confinado \u00e0 regi\u00e3o da Transilv\u00e2nia, \u00e9 principalmente montanhoso, enquanto nas fronteiras existe uma s\u00e9rie de plan\u00edcies como o Banat perto da &hellip; Geografia da Rom\u00e9nia Read More \u00bb\" \/>\n<meta property=\"og:url\" content=\"https:\/\/roadtoromania.com\/pt-pt\/geografia-da-romenia\/\" \/>\n<meta property=\"og:site_name\" content=\"Road to Romania\" \/>\n<meta property=\"article:modified_time\" content=\"2022-10-21T16:57:56+00:00\" \/>\n<meta property=\"og:image\" content=\"https:\/\/roadtoromania.com\/wp-content\/uploads\/2022\/10\/geografia_rumana-1.png\" \/>\n\t<meta property=\"og:image:width\" content=\"1280\" \/>\n\t<meta property=\"og:image:height\" content=\"879\" \/>\n\t<meta property=\"og:image:type\" content=\"image\/png\" \/>\n<meta name=\"twitter:card\" content=\"summary_large_image\" \/>\n<meta name=\"twitter:label1\" content=\"Tempo estimado de leitura\" \/>\n\t<meta name=\"twitter:data1\" content=\"1 minuto\" \/>\n<script type=\"application\/ld+json\" class=\"yoast-schema-graph\">{\"@context\":\"https:\/\/schema.org\",\"@graph\":[{\"@type\":\"WebPage\",\"@id\":\"https:\/\/roadtoromania.com\/pt-pt\/geografia-da-romenia\/\",\"url\":\"https:\/\/roadtoromania.com\/pt-pt\/geografia-da-romenia\/\",\"name\":\"Geografia da Rom\u00e9nia - Road to Romania\",\"isPartOf\":{\"@id\":\"https:\/\/roadtoromania.com\/pt-pt\/#website\"},\"datePublished\":\"2022-10-15T18:40:14+00:00\",\"dateModified\":\"2022-10-21T16:57:56+00:00\",\"breadcrumb\":{\"@id\":\"https:\/\/roadtoromania.com\/pt-pt\/geografia-da-romenia\/#breadcrumb\"},\"inLanguage\":\"pt-PT\",\"potentialAction\":[{\"@type\":\"ReadAction\",\"target\":[\"https:\/\/roadtoromania.com\/pt-pt\/geografia-da-romenia\/\"]}]},{\"@type\":\"BreadcrumbList\",\"@id\":\"https:\/\/roadtoromania.com\/pt-pt\/geografia-da-romenia\/#breadcrumb\",\"itemListElement\":[{\"@type\":\"ListItem\",\"position\":1,\"name\":\"Home\",\"item\":\"https:\/\/roadtoromania.com\/pt-pt\/\"},{\"@type\":\"ListItem\",\"position\":2,\"name\":\"Geografia da Rom\u00e9nia\"}]},{\"@type\":\"WebSite\",\"@id\":\"https:\/\/roadtoromania.com\/pt-pt\/#website\",\"url\":\"https:\/\/roadtoromania.com\/pt-pt\/\",\"name\":\"Road to Romania\",\"description\":\"O blog onde encontrar\u00e1 toda a informa\u00e7\u00e3o de que necessita para desfrutar da Rom\u00e9nia.\",\"potentialAction\":[{\"@type\":\"SearchAction\",\"target\":{\"@type\":\"EntryPoint\",\"urlTemplate\":\"https:\/\/roadtoromania.com\/pt-pt\/?s={search_term_string}\"},\"query-input\":\"required name=search_term_string\"}],\"inLanguage\":\"pt-PT\"}]}<\/script>\n<!-- \/ Yoast SEO plugin. -->","yoast_head_json":{"title":"Geografia da Rom\u00e9nia - Road to Romania","robots":{"index":"index","follow":"follow","max-snippet":"max-snippet:-1","max-image-preview":"max-image-preview:large","max-video-preview":"max-video-preview:-1"},"canonical":"https:\/\/roadtoromania.com\/pt-pt\/geografia-da-romenia\/","og_locale":"pt_PT","og_type":"article","og_title":"Geografia da Rom\u00e9nia - Road to Romania","og_description":"A Rom\u00e9nia tem no seu vasto territ\u00f3rio uma geografia muito variada , que vai desde as plan\u00edcies do Delta do Dan\u00fabio \u00e0s zonas montanhosas do Montanhas dos C\u00e1rpatos . . O interior do pa\u00eds, confinado \u00e0 regi\u00e3o da Transilv\u00e2nia, \u00e9 principalmente montanhoso, enquanto nas fronteiras existe uma s\u00e9rie de plan\u00edcies como o Banat perto da &hellip; Geografia da Rom\u00e9nia Read More \u00bb","og_url":"https:\/\/roadtoromania.com\/pt-pt\/geografia-da-romenia\/","og_site_name":"Road to Romania","article_modified_time":"2022-10-21T16:57:56+00:00","og_image":[{"width":1280,"height":879,"url":"https:\/\/roadtoromania.com\/wp-content\/uploads\/2022\/10\/geografia_rumana-1.png","type":"image\/png"}],"twitter_card":"summary_large_image","twitter_misc":{"Tempo estimado de leitura":"1 minuto"},"schema":{"@context":"https:\/\/schema.org","@graph":[{"@type":"WebPage","@id":"https:\/\/roadtoromania.com\/pt-pt\/geografia-da-romenia\/","url":"https:\/\/roadtoromania.com\/pt-pt\/geografia-da-romenia\/","name":"Geografia da Rom\u00e9nia - Road to Romania","isPartOf":{"@id":"https:\/\/roadtoromania.com\/pt-pt\/#website"},"datePublished":"2022-10-15T18:40:14+00:00","dateModified":"2022-10-21T16:57:56+00:00","breadcrumb":{"@id":"https:\/\/roadtoromania.com\/pt-pt\/geografia-da-romenia\/#breadcrumb"},"inLanguage":"pt-PT","potentialAction":[{"@type":"ReadAction","target":["https:\/\/roadtoromania.com\/pt-pt\/geografia-da-romenia\/"]}]},{"@type":"BreadcrumbList","@id":"https:\/\/roadtoromania.com\/pt-pt\/geografia-da-romenia\/#breadcrumb","itemListElement":[{"@type":"ListItem","position":1,"name":"Home","item":"https:\/\/roadtoromania.com\/pt-pt\/"},{"@type":"ListItem","position":2,"name":"Geografia da Rom\u00e9nia"}]},{"@type":"WebSite","@id":"https:\/\/roadtoromania.com\/pt-pt\/#website","url":"https:\/\/roadtoromania.com\/pt-pt\/","name":"Road to Romania","description":"O blog onde encontrar\u00e1 toda a informa\u00e7\u00e3o de que necessita para desfrutar da Rom\u00e9nia.","potentialAction":[{"@type":"SearchAction","target":{"@type":"EntryPoint","urlTemplate":"https:\/\/roadtoromania.com\/pt-pt\/?s={search_term_string}"},"query-input":"required name=search_term_string"}],"inLanguage":"pt-PT"}]}},"_links":{"self":[{"href":"https:\/\/roadtoromania.com\/pt-pt\/wp-json\/wp\/v2\/pages\/3306","targetHints":{"allow":["GET"]}}],"collection":[{"href":"https:\/\/roadtoromania.com\/pt-pt\/wp-json\/wp\/v2\/pages"}],"about":[{"href":"https:\/\/roadtoromania.com\/pt-pt\/wp-json\/wp\/v2\/types\/page"}],"author":[{"embeddable":true,"href":"https:\/\/roadtoromania.com\/pt-pt\/wp-json\/wp\/v2\/users\/1"}],"replies":[{"embeddable":true,"href":"https:\/\/roadtoromania.com\/pt-pt\/wp-json\/wp\/v2\/comments?post=3306"}],"version-history":[{"count":0,"href":"https:\/\/roadtoromania.com\/pt-pt\/wp-json\/wp\/v2\/pages\/3306\/revisions"}],"wp:featuredmedia":[{"embeddable":true,"href":"https:\/\/roadtoromania.com\/pt-pt\/wp-json\/wp\/v2\/media\/1488"}],"wp:attachment":[{"href":"https:\/\/roadtoromania.com\/pt-pt\/wp-json\/wp\/v2\/media?parent=3306"}],"curies":[{"name":"wp","href":"https:\/\/api.w.org\/{rel}","templated":true}]}}