{"id":3308,"date":"2022-10-15T18:40:14","date_gmt":"2022-10-15T18:40:14","guid":{"rendered":"https:\/\/roadtoromania.com\/informacao-e-aconselhamento-da-romenia\/cambio-de-moeda-na-romenia\/"},"modified":"2022-10-21T16:57:56","modified_gmt":"2022-10-21T16:57:56","slug":"cambio-de-moeda-na-romenia","status":"publish","type":"page","link":"https:\/\/roadtoromania.com\/pt-pt\/informacao-e-aconselhamento-da-romenia\/cambio-de-moeda-na-romenia\/","title":{"rendered":"C\u00e2mbio de moeda na Rom\u00e9nia"},"content":{"rendered":"<p> <strong>A Rom\u00e9nia<\/strong> ainda n\u00e3o aderiu \u00e0 &#8220;moeda \u00fanica&#8221; europeia, o euro. E embora possamos viajar como cidad\u00e3os em tr\u00e2nsito livre se tivermos nacionalidade espanhola, o euro ainda n\u00e3o chegou. A <a href=\"https:\/\/roadtoromania.com\/pt-pt\/informacao-e-aconselhamento-da-romenia\/moeda-da-romenia\/\"> <strong>moeda<\/strong><\/a> \u00e9 a <strong>Leu (plural Lei)<\/strong> e assim \u00e0 chegada temos de mudar para a moeda local para as compras e despesas que fazemos durante a nossa viagem. \u00c9 poss\u00edvel que em alguns bancos e casas de c\u00e2mbio ainda apare\u00e7a como RON, que \u00e9 o antigo nome da moeda.<\/p>\n<p><img decoding=\"async\" src=\"https:\/\/roadtoromania.com\/wp-content\/uploads\/2022\/10\/moneda_rumana_lei.jpg\" \/>Moeda romena Lei C\u00e2mbio de moeda na Rom\u00e9nia<\/p>\n<div id=\"toc_container\" class=\"no_bullets\"><p class=\"toc_title\">Contents<\/p><ul class=\"toc_list\"><li><a href=\"#Dicas_de_cambio_de_moeda_na_Romenia\"><span class=\"toc_number toc_depth_1\">1<\/span> \nDicas de c\u00e2mbio de moeda na Rom\u00e9nia<\/a><ul><li><a href=\"#Casas_de_cambio_de_trocos\"><span class=\"toc_number toc_depth_2\">1.1<\/span> \nCasas de c\u00e2mbio de trocos<\/a><\/li><\/ul><\/li><li><a href=\"#Como_pagar_na_Romenia\"><span class=\"toc_number toc_depth_1\">2<\/span> \nComo pagar na Rom\u00e9nia<\/a><\/li><li><a href=\"#Aluguer_de_automoveis\"><span class=\"toc_number toc_depth_1\">3<\/span> \nAluguer de autom\u00f3veis<\/a><\/li><\/ul><\/div>\n<h2><span id=\"Dicas_de_cambio_de_moeda_na_Romenia\">\nDicas de c\u00e2mbio de moeda na Rom\u00e9nia<\/span><\/h2>\n<p>\n\u00c9 normal ter a vontade de mudar de moeda assim que se chega ao pa\u00eds. Contudo, os aeroportos romenos t\u00eam normalmente taxas de c\u00e2mbio mais elevadas entre o Lei e o Euro do que as casas de c\u00e2mbio nas cidades. Portanto, se precisar de trocar dinheiro, \u00e9 melhor faz\u00ea-lo apenas pelo montante necess\u00e1rio para comprar um bilhete de autocarro, t\u00e1xi ou qualquer outra compra que fa\u00e7a nesse momento. Mais tarde, em cidades como o centro de Bucareste, \u00e9 poss\u00edvel trocar mais dinheiro por dinheiro.\u00a0Por vezes podemos encontrar os pre\u00e7os em euros, o que \u00e9 APENAS um guia para ver a equival\u00eancia.<\/p>\n<h3><span id=\"Casas_de_cambio_de_trocos\">\nCasas de c\u00e2mbio de trocos<\/span><\/h3>\n<p>\nAbundam nas cidades, especialmente no centro. Se estiver em d\u00favida sobre se \u00e9 uma taxa de c\u00e2mbio aceit\u00e1vel, pode visitar v\u00e1rias delas. Provavelmente ser-lhe-\u00e1 pedido que mostre o seu passaporte ou bilhete de identidade para trocar dinheiro. \u00c9 \u00f3bvio, mas n\u00e3o se deve trocar dinheiro com estranhos, pois pode ser uma fraude.<\/p>\n<\/h3>\n<p>Caixas autom\u00e1ticas<\/h3>\n<p>\nOs ATMs banc\u00e1rios s\u00e3o uma boa forma de levantar dinheiro, especialmente se o seu banco n\u00e3o cobrar uma taxa por levantar dinheiro no estrangeiro. Se tiver um cart\u00e3o Visa ou Mastercard, isto n\u00e3o \u00e9 um problema, uma vez que a maioria dos ATMs na Rom\u00e9nia aceitam estes cart\u00f5es. O American Express \u00e9 menos utilizado, embora alguns hot\u00e9is o aceitem. O banco nacional da Rom\u00e9nia chama-se Banca Na\u0163ional\u0103 a Rom\u00e2niei.<\/p>\n<h2><span id=\"Como_pagar_na_Romenia\">\nComo pagar na Rom\u00e9nia<\/span><\/h2>\n<p>\nEm cidades como Bucareste, Timisoara ou Brasov, entre muitas outras, \u00e9 normal pagar a conta por cart\u00e3o, mas em pequenas cidades, com estabelecimentos sem porta de pagamento, poder\u00e1 descobrir que s\u00f3 \u00e9 aceite dinheiro em esp\u00e9cie. \u00c9 portanto aconselh\u00e1vel transportar dinheiro.<\/p>\n<h2><span id=\"Aluguer_de_automoveis\">\nAluguer de autom\u00f3veis<\/span><\/h2>\n<p>\nQuase todas as empresas de aluguer de autom\u00f3veis pedem um cart\u00e3o de cr\u00e9dito para cobrar o dep\u00f3sito ou t\u00ea-lo como garantia, bloqueando um montante at\u00e9 \u00e0 devolu\u00e7\u00e3o do ve\u00edculo.<\/p>\n","protected":false},"excerpt":{"rendered":"<p>A Rom\u00e9nia ainda n\u00e3o aderiu \u00e0 &#8220;moeda \u00fanica&#8221; europeia, o euro. E embora possamos viajar como cidad\u00e3os em tr\u00e2nsito livre se tivermos nacionalidade espanhola, o euro ainda n\u00e3o chegou. A moeda \u00e9 a Leu (plural Lei) e assim \u00e0 chegada temos de mudar para a moeda local para as compras e despesas que fazemos durante &hellip;<\/p>\n<p class=\"read-more\"> <a class=\"\" href=\"https:\/\/roadtoromania.com\/pt-pt\/informacao-e-aconselhamento-da-romenia\/cambio-de-moeda-na-romenia\/\"> <span class=\"screen-reader-text\">C\u00e2mbio de moeda na Rom\u00e9nia<\/span> Read More \u00bb<\/a><\/p>\n","protected":false},"author":1,"featured_media":1497,"parent":3307,"menu_order":0,"comment_status":"open","ping_status":"open","template":"","meta":{"site-sidebar-layout":"default","site-content-layout":"default","ast-global-header-display":"","ast-main-header-display":"","ast-hfb-above-header-display":"","ast-hfb-below-header-display":"","ast-hfb-mobile-header-display":"","site-post-title":"","ast-breadcrumbs-content":"","ast-featured-img":"","footer-sml-layout":"","theme-transparent-header-meta":"","adv-header-id-meta":"","stick-header-meta":"","header-above-stick-meta":"","header-main-stick-meta":"","header-below-stick-meta":"","footnotes":""},"class_list":["post-3308","page","type-page","status-publish","has-post-thumbnail","hentry"],"yoast_head":"<!-- This site is optimized with the Yoast SEO plugin v19.10 - https:\/\/yoast.com\/wordpress\/plugins\/seo\/ -->\n<title>C\u00e2mbio de moeda na Rom\u00e9nia - Road to Romania<\/title>\n<meta name=\"robots\" content=\"index, follow, max-snippet:-1, max-image-preview:large, max-video-preview:-1\" \/>\n<link rel=\"canonical\" href=\"https:\/\/roadtoromania.com\/pt-pt\/informacao-e-aconselhamento-da-romenia\/cambio-de-moeda-na-romenia\/\" \/>\n<meta property=\"og:locale\" content=\"pt_PT\" \/>\n<meta property=\"og:type\" content=\"article\" \/>\n<meta property=\"og:title\" content=\"C\u00e2mbio de moeda na Rom\u00e9nia - Road to Romania\" \/>\n<meta property=\"og:description\" content=\"A Rom\u00e9nia ainda n\u00e3o aderiu \u00e0 &#8220;moeda \u00fanica&#8221; europeia, o euro. E embora possamos viajar como cidad\u00e3os em tr\u00e2nsito livre se tivermos nacionalidade espanhola, o euro ainda n\u00e3o chegou. A moeda \u00e9 a Leu (plural Lei) e assim \u00e0 chegada temos de mudar para a moeda local para as compras e despesas que fazemos durante &hellip; C\u00e2mbio de moeda na Rom\u00e9nia Read More \u00bb\" \/>\n<meta property=\"og:url\" content=\"https:\/\/roadtoromania.com\/pt-pt\/informacao-e-aconselhamento-da-romenia\/cambio-de-moeda-na-romenia\/\" \/>\n<meta property=\"og:site_name\" content=\"Road to Romania\" \/>\n<meta property=\"article:modified_time\" content=\"2022-10-21T16:57:56+00:00\" \/>\n<meta property=\"og:image\" content=\"https:\/\/roadtoromania.com\/wp-content\/uploads\/2022\/10\/moneda_rumana_lei-1.jpg\" \/>\n\t<meta property=\"og:image:width\" content=\"768\" \/>\n\t<meta property=\"og:image:height\" content=\"405\" \/>\n\t<meta property=\"og:image:type\" content=\"image\/jpeg\" \/>\n<meta name=\"twitter:card\" content=\"summary_large_image\" \/>\n<meta name=\"twitter:label1\" content=\"Tempo estimado de leitura\" \/>\n\t<meta name=\"twitter:data1\" content=\"2 minutos\" \/>\n<script type=\"application\/ld+json\" class=\"yoast-schema-graph\">{\"@context\":\"https:\/\/schema.org\",\"@graph\":[{\"@type\":\"WebPage\",\"@id\":\"https:\/\/roadtoromania.com\/pt-pt\/informacao-e-aconselhamento-da-romenia\/cambio-de-moeda-na-romenia\/\",\"url\":\"https:\/\/roadtoromania.com\/pt-pt\/informacao-e-aconselhamento-da-romenia\/cambio-de-moeda-na-romenia\/\",\"name\":\"C\u00e2mbio de moeda na Rom\u00e9nia - Road to Romania\",\"isPartOf\":{\"@id\":\"https:\/\/roadtoromania.com\/pt-pt\/#website\"},\"datePublished\":\"2022-10-15T18:40:14+00:00\",\"dateModified\":\"2022-10-21T16:57:56+00:00\",\"breadcrumb\":{\"@id\":\"https:\/\/roadtoromania.com\/pt-pt\/informacao-e-aconselhamento-da-romenia\/cambio-de-moeda-na-romenia\/#breadcrumb\"},\"inLanguage\":\"pt-PT\",\"potentialAction\":[{\"@type\":\"ReadAction\",\"target\":[\"https:\/\/roadtoromania.com\/pt-pt\/informacao-e-aconselhamento-da-romenia\/cambio-de-moeda-na-romenia\/\"]}]},{\"@type\":\"BreadcrumbList\",\"@id\":\"https:\/\/roadtoromania.com\/pt-pt\/informacao-e-aconselhamento-da-romenia\/cambio-de-moeda-na-romenia\/#breadcrumb\",\"itemListElement\":[{\"@type\":\"ListItem\",\"position\":1,\"name\":\"Home\",\"item\":\"https:\/\/roadtoromania.com\/pt-pt\/\"},{\"@type\":\"ListItem\",\"position\":2,\"name\":\"Informa\u00e7\u00e3o e aconselhamento da Rom\u00e9nia\",\"item\":\"https:\/\/roadtoromania.com\/pt-pt\/informacao-e-aconselhamento-da-romenia\/\"},{\"@type\":\"ListItem\",\"position\":3,\"name\":\"C\u00e2mbio de moeda na Rom\u00e9nia\"}]},{\"@type\":\"WebSite\",\"@id\":\"https:\/\/roadtoromania.com\/pt-pt\/#website\",\"url\":\"https:\/\/roadtoromania.com\/pt-pt\/\",\"name\":\"Road to Romania\",\"description\":\"O blog onde encontrar\u00e1 toda a informa\u00e7\u00e3o de que necessita para desfrutar da Rom\u00e9nia.\",\"potentialAction\":[{\"@type\":\"SearchAction\",\"target\":{\"@type\":\"EntryPoint\",\"urlTemplate\":\"https:\/\/roadtoromania.com\/pt-pt\/?s={search_term_string}\"},\"query-input\":\"required name=search_term_string\"}],\"inLanguage\":\"pt-PT\"}]}<\/script>\n<!-- \/ Yoast SEO plugin. -->","yoast_head_json":{"title":"C\u00e2mbio de moeda na Rom\u00e9nia - Road to Romania","robots":{"index":"index","follow":"follow","max-snippet":"max-snippet:-1","max-image-preview":"max-image-preview:large","max-video-preview":"max-video-preview:-1"},"canonical":"https:\/\/roadtoromania.com\/pt-pt\/informacao-e-aconselhamento-da-romenia\/cambio-de-moeda-na-romenia\/","og_locale":"pt_PT","og_type":"article","og_title":"C\u00e2mbio de moeda na Rom\u00e9nia - Road to Romania","og_description":"A Rom\u00e9nia ainda n\u00e3o aderiu \u00e0 &#8220;moeda \u00fanica&#8221; europeia, o euro. E embora possamos viajar como cidad\u00e3os em tr\u00e2nsito livre se tivermos nacionalidade espanhola, o euro ainda n\u00e3o chegou. A moeda \u00e9 a Leu (plural Lei) e assim \u00e0 chegada temos de mudar para a moeda local para as compras e despesas que fazemos durante &hellip; C\u00e2mbio de moeda na Rom\u00e9nia Read More \u00bb","og_url":"https:\/\/roadtoromania.com\/pt-pt\/informacao-e-aconselhamento-da-romenia\/cambio-de-moeda-na-romenia\/","og_site_name":"Road to Romania","article_modified_time":"2022-10-21T16:57:56+00:00","og_image":[{"width":768,"height":405,"url":"https:\/\/roadtoromania.com\/wp-content\/uploads\/2022\/10\/moneda_rumana_lei-1.jpg","type":"image\/jpeg"}],"twitter_card":"summary_large_image","twitter_misc":{"Tempo estimado de leitura":"2 minutos"},"schema":{"@context":"https:\/\/schema.org","@graph":[{"@type":"WebPage","@id":"https:\/\/roadtoromania.com\/pt-pt\/informacao-e-aconselhamento-da-romenia\/cambio-de-moeda-na-romenia\/","url":"https:\/\/roadtoromania.com\/pt-pt\/informacao-e-aconselhamento-da-romenia\/cambio-de-moeda-na-romenia\/","name":"C\u00e2mbio de moeda na Rom\u00e9nia - Road to Romania","isPartOf":{"@id":"https:\/\/roadtoromania.com\/pt-pt\/#website"},"datePublished":"2022-10-15T18:40:14+00:00","dateModified":"2022-10-21T16:57:56+00:00","breadcrumb":{"@id":"https:\/\/roadtoromania.com\/pt-pt\/informacao-e-aconselhamento-da-romenia\/cambio-de-moeda-na-romenia\/#breadcrumb"},"inLanguage":"pt-PT","potentialAction":[{"@type":"ReadAction","target":["https:\/\/roadtoromania.com\/pt-pt\/informacao-e-aconselhamento-da-romenia\/cambio-de-moeda-na-romenia\/"]}]},{"@type":"BreadcrumbList","@id":"https:\/\/roadtoromania.com\/pt-pt\/informacao-e-aconselhamento-da-romenia\/cambio-de-moeda-na-romenia\/#breadcrumb","itemListElement":[{"@type":"ListItem","position":1,"name":"Home","item":"https:\/\/roadtoromania.com\/pt-pt\/"},{"@type":"ListItem","position":2,"name":"Informa\u00e7\u00e3o e aconselhamento da Rom\u00e9nia","item":"https:\/\/roadtoromania.com\/pt-pt\/informacao-e-aconselhamento-da-romenia\/"},{"@type":"ListItem","position":3,"name":"C\u00e2mbio de moeda na Rom\u00e9nia"}]},{"@type":"WebSite","@id":"https:\/\/roadtoromania.com\/pt-pt\/#website","url":"https:\/\/roadtoromania.com\/pt-pt\/","name":"Road to Romania","description":"O blog onde encontrar\u00e1 toda a informa\u00e7\u00e3o de que necessita para desfrutar da Rom\u00e9nia.","potentialAction":[{"@type":"SearchAction","target":{"@type":"EntryPoint","urlTemplate":"https:\/\/roadtoromania.com\/pt-pt\/?s={search_term_string}"},"query-input":"required name=search_term_string"}],"inLanguage":"pt-PT"}]}},"_links":{"self":[{"href":"https:\/\/roadtoromania.com\/pt-pt\/wp-json\/wp\/v2\/pages\/3308","targetHints":{"allow":["GET"]}}],"collection":[{"href":"https:\/\/roadtoromania.com\/pt-pt\/wp-json\/wp\/v2\/pages"}],"about":[{"href":"https:\/\/roadtoromania.com\/pt-pt\/wp-json\/wp\/v2\/types\/page"}],"author":[{"embeddable":true,"href":"https:\/\/roadtoromania.com\/pt-pt\/wp-json\/wp\/v2\/users\/1"}],"replies":[{"embeddable":true,"href":"https:\/\/roadtoromania.com\/pt-pt\/wp-json\/wp\/v2\/comments?post=3308"}],"version-history":[{"count":0,"href":"https:\/\/roadtoromania.com\/pt-pt\/wp-json\/wp\/v2\/pages\/3308\/revisions"}],"up":[{"embeddable":true,"href":"https:\/\/roadtoromania.com\/pt-pt\/wp-json\/wp\/v2\/pages\/3307"}],"wp:featuredmedia":[{"embeddable":true,"href":"https:\/\/roadtoromania.com\/pt-pt\/wp-json\/wp\/v2\/media\/1497"}],"wp:attachment":[{"href":"https:\/\/roadtoromania.com\/pt-pt\/wp-json\/wp\/v2\/media?parent=3308"}],"curies":[{"name":"wp","href":"https:\/\/api.w.org\/{rel}","templated":true}]}}