{"id":3310,"date":"2022-10-15T18:40:14","date_gmt":"2022-10-15T18:40:14","guid":{"rendered":"https:\/\/roadtoromania.com\/guarda-florestal-romeno\/"},"modified":"2022-10-21T16:57:56","modified_gmt":"2022-10-21T16:57:56","slug":"guarda-florestal-romeno","status":"publish","type":"page","link":"https:\/\/roadtoromania.com\/pt-pt\/guarda-florestal-romeno\/","title":{"rendered":"Guarda-florestal romeno"},"content":{"rendered":"<p><img decoding=\"async\" src=\"https:\/\/roadtoromania.com\/wp-content\/uploads\/2022\/10\/rumania_top10_imprescindible.jpg\" \/>Os musthaves da Rom\u00e9nia<\/p>\n<p>\n <strong>A Rom\u00e9nia<\/strong> \u00e9 um pa\u00eds muito grande com muitas coisas para ver, e \u00e9 muito prov\u00e1vel que n\u00e3o consigamos ver tudo numa viagem, ou que ao concentrarmos as nossas f\u00e9rias numa \u00e1rea n\u00e3o consigamos chegar a lugares t\u00e3o distantes como Timisoara ou Constanta. \u00c9 por isso que lhe mostramos uma lista dos mais <strong>essenciais<\/strong> , um <strong>top 10 com as melhores coisas para ver<\/strong> :<\/p>\n<ol>\n<li>\nIgrejas de Madeira da Regi\u00e3o de Maramures e do Cemit\u00e9rio Alegre de <a href=\"https:\/\/roadtoromania.com\/pt-pt\/monumentos-da-romenia-o-que-ver-na-romenia\/cemiterio-da-alegria-de-sapanta-sapanta\/\"> <strong>Sapanta<\/strong><\/a> .<\/li>\n<li>\n<a href=\"https:\/\/roadtoromania.com\/pt-pt\/cidades-e-regioes-da-romenia\/bucharest\/\"><\/strong> Bucareste<\/strong><\/a> , a capital alegre da Rom\u00e9nia<\/li>\n<li>\nIgrejas com frescos fora da \u00e1rea de <a href=\"https:\/\/roadtoromania.com\/pt-pt\/bukovina-e-os-seus-mosteiros\/\"> <strong>Bucovina<\/strong><\/a> <\/li>\n<li>\nCidades em <a href=\"https:\/\/roadtoromania.com\/pt-pt\/cidades-e-regioes-da-romenia\/bazna\/\"> <strong>Transilv\u00e2nia<\/strong><\/a> tais como Sibiu, Sighisoara ou Brasov<\/li>\n<li>\nAs <a href=\"https:\/\/roadtoromania.com\/pt-pt\/mina-de-sal-turda\/\"><\/strong> Minas de Sal de Turda<\/strong><\/a> e a cidade de Cluj<\/li>\n<li>\nO <a href=\"https:\/\/roadtoromania.com\/pt-pt\/monumentos-da-romenia-o-que-ver-na-romenia\/castelo-de-peles-em-sinaia\/\"><\/strong> Castelo de Peles de Sinaia<\/strong><\/a> <\/li>\n<li>\n<a href=\"https:\/\/roadtoromania.com\/pt-pt\/monumentos-da-romenia-o-que-ver-na-romenia\/castelo-de-rasnov\/\"><\/strong> Timisoara<\/strong><\/a> , uma cidade ao mais puro estilo da Europa Central<\/li>\n<li>\n<a href=\"https:\/\/roadtoromania.com\/pt-pt\/monumentos-da-romenia-o-que-ver-na-romenia\/castelo-de-bran-castelo-do-dracula\/\"><\/strong> Castelo de ramos<\/strong><\/a> e a lenda de Dr\u00e1cula<\/li>\n<li>\nO <a href=\"https:\/\/roadtoromania.com\/pt-pt\/natureza-da-romenia\/delta-do-danubio\/\"><\/strong> Delta do Dan\u00fabio<\/strong><\/a> que se esvazia no Mar Negro<\/li>\n<\/ol>\n","protected":false},"excerpt":{"rendered":"<p>Os musthaves da Rom\u00e9nia A Rom\u00e9nia \u00e9 um pa\u00eds muito grande com muitas coisas para ver, e \u00e9 muito prov\u00e1vel que n\u00e3o consigamos ver tudo numa viagem, ou que ao concentrarmos as nossas f\u00e9rias numa \u00e1rea n\u00e3o consigamos chegar a lugares t\u00e3o distantes como Timisoara ou Constanta. \u00c9 por isso que lhe mostramos uma lista &hellip;<\/p>\n<p class=\"read-more\"> <a class=\"\" href=\"https:\/\/roadtoromania.com\/pt-pt\/guarda-florestal-romeno\/\"> <span class=\"screen-reader-text\">Guarda-florestal romeno<\/span> Read More \u00bb<\/a><\/p>\n","protected":false},"author":1,"featured_media":1513,"parent":0,"menu_order":0,"comment_status":"open","ping_status":"open","template":"","meta":{"site-sidebar-layout":"default","site-content-layout":"default","ast-global-header-display":"","ast-main-header-display":"","ast-hfb-above-header-display":"","ast-hfb-below-header-display":"","ast-hfb-mobile-header-display":"","site-post-title":"","ast-breadcrumbs-content":"","ast-featured-img":"","footer-sml-layout":"","theme-transparent-header-meta":"default","adv-header-id-meta":"","stick-header-meta":"default","header-above-stick-meta":"","header-main-stick-meta":"","header-below-stick-meta":"","footnotes":""},"class_list":["post-3310","page","type-page","status-publish","has-post-thumbnail","hentry"],"yoast_head":"<!-- This site is optimized with the Yoast SEO plugin v19.10 - https:\/\/yoast.com\/wordpress\/plugins\/seo\/ -->\n<title>Guarda-florestal romeno - Road to Romania<\/title>\n<meta name=\"robots\" content=\"index, follow, max-snippet:-1, max-image-preview:large, max-video-preview:-1\" \/>\n<link rel=\"canonical\" href=\"https:\/\/roadtoromania.com\/pt-pt\/guarda-florestal-romeno\/\" \/>\n<meta property=\"og:locale\" content=\"pt_PT\" \/>\n<meta property=\"og:type\" content=\"article\" \/>\n<meta property=\"og:title\" content=\"Guarda-florestal romeno - Road to Romania\" \/>\n<meta property=\"og:description\" content=\"Os musthaves da Rom\u00e9nia A Rom\u00e9nia \u00e9 um pa\u00eds muito grande com muitas coisas para ver, e \u00e9 muito prov\u00e1vel que n\u00e3o consigamos ver tudo numa viagem, ou que ao concentrarmos as nossas f\u00e9rias numa \u00e1rea n\u00e3o consigamos chegar a lugares t\u00e3o distantes como Timisoara ou Constanta. \u00c9 por isso que lhe mostramos uma lista &hellip; Guarda-florestal romeno Read More \u00bb\" \/>\n<meta property=\"og:url\" content=\"https:\/\/roadtoromania.com\/pt-pt\/guarda-florestal-romeno\/\" \/>\n<meta property=\"og:site_name\" content=\"Road to Romania\" \/>\n<meta property=\"article:modified_time\" content=\"2022-10-21T16:57:56+00:00\" \/>\n<meta property=\"og:image\" content=\"https:\/\/roadtoromania.com\/wp-content\/uploads\/2022\/10\/rumania_top10_imprescindible-1.jpg\" \/>\n\t<meta property=\"og:image:width\" content=\"700\" \/>\n\t<meta property=\"og:image:height\" content=\"420\" \/>\n\t<meta property=\"og:image:type\" content=\"image\/jpeg\" \/>\n<meta name=\"twitter:card\" content=\"summary_large_image\" \/>\n<meta name=\"twitter:label1\" content=\"Tempo estimado de leitura\" \/>\n\t<meta name=\"twitter:data1\" content=\"1 minuto\" \/>\n<script type=\"application\/ld+json\" class=\"yoast-schema-graph\">{\"@context\":\"https:\/\/schema.org\",\"@graph\":[{\"@type\":\"WebPage\",\"@id\":\"https:\/\/roadtoromania.com\/pt-pt\/guarda-florestal-romeno\/\",\"url\":\"https:\/\/roadtoromania.com\/pt-pt\/guarda-florestal-romeno\/\",\"name\":\"Guarda-florestal romeno - Road to Romania\",\"isPartOf\":{\"@id\":\"https:\/\/roadtoromania.com\/pt-pt\/#website\"},\"datePublished\":\"2022-10-15T18:40:14+00:00\",\"dateModified\":\"2022-10-21T16:57:56+00:00\",\"breadcrumb\":{\"@id\":\"https:\/\/roadtoromania.com\/pt-pt\/guarda-florestal-romeno\/#breadcrumb\"},\"inLanguage\":\"pt-PT\",\"potentialAction\":[{\"@type\":\"ReadAction\",\"target\":[\"https:\/\/roadtoromania.com\/pt-pt\/guarda-florestal-romeno\/\"]}]},{\"@type\":\"BreadcrumbList\",\"@id\":\"https:\/\/roadtoromania.com\/pt-pt\/guarda-florestal-romeno\/#breadcrumb\",\"itemListElement\":[{\"@type\":\"ListItem\",\"position\":1,\"name\":\"Home\",\"item\":\"https:\/\/roadtoromania.com\/pt-pt\/\"},{\"@type\":\"ListItem\",\"position\":2,\"name\":\"Guarda-florestal romeno\"}]},{\"@type\":\"WebSite\",\"@id\":\"https:\/\/roadtoromania.com\/pt-pt\/#website\",\"url\":\"https:\/\/roadtoromania.com\/pt-pt\/\",\"name\":\"Road to Romania\",\"description\":\"O blog onde encontrar\u00e1 toda a informa\u00e7\u00e3o de que necessita para desfrutar da Rom\u00e9nia.\",\"potentialAction\":[{\"@type\":\"SearchAction\",\"target\":{\"@type\":\"EntryPoint\",\"urlTemplate\":\"https:\/\/roadtoromania.com\/pt-pt\/?s={search_term_string}\"},\"query-input\":\"required name=search_term_string\"}],\"inLanguage\":\"pt-PT\"}]}<\/script>\n<!-- \/ Yoast SEO plugin. -->","yoast_head_json":{"title":"Guarda-florestal romeno - Road to Romania","robots":{"index":"index","follow":"follow","max-snippet":"max-snippet:-1","max-image-preview":"max-image-preview:large","max-video-preview":"max-video-preview:-1"},"canonical":"https:\/\/roadtoromania.com\/pt-pt\/guarda-florestal-romeno\/","og_locale":"pt_PT","og_type":"article","og_title":"Guarda-florestal romeno - Road to Romania","og_description":"Os musthaves da Rom\u00e9nia A Rom\u00e9nia \u00e9 um pa\u00eds muito grande com muitas coisas para ver, e \u00e9 muito prov\u00e1vel que n\u00e3o consigamos ver tudo numa viagem, ou que ao concentrarmos as nossas f\u00e9rias numa \u00e1rea n\u00e3o consigamos chegar a lugares t\u00e3o distantes como Timisoara ou Constanta. \u00c9 por isso que lhe mostramos uma lista &hellip; Guarda-florestal romeno Read More \u00bb","og_url":"https:\/\/roadtoromania.com\/pt-pt\/guarda-florestal-romeno\/","og_site_name":"Road to Romania","article_modified_time":"2022-10-21T16:57:56+00:00","og_image":[{"width":700,"height":420,"url":"https:\/\/roadtoromania.com\/wp-content\/uploads\/2022\/10\/rumania_top10_imprescindible-1.jpg","type":"image\/jpeg"}],"twitter_card":"summary_large_image","twitter_misc":{"Tempo estimado de leitura":"1 minuto"},"schema":{"@context":"https:\/\/schema.org","@graph":[{"@type":"WebPage","@id":"https:\/\/roadtoromania.com\/pt-pt\/guarda-florestal-romeno\/","url":"https:\/\/roadtoromania.com\/pt-pt\/guarda-florestal-romeno\/","name":"Guarda-florestal romeno - Road to Romania","isPartOf":{"@id":"https:\/\/roadtoromania.com\/pt-pt\/#website"},"datePublished":"2022-10-15T18:40:14+00:00","dateModified":"2022-10-21T16:57:56+00:00","breadcrumb":{"@id":"https:\/\/roadtoromania.com\/pt-pt\/guarda-florestal-romeno\/#breadcrumb"},"inLanguage":"pt-PT","potentialAction":[{"@type":"ReadAction","target":["https:\/\/roadtoromania.com\/pt-pt\/guarda-florestal-romeno\/"]}]},{"@type":"BreadcrumbList","@id":"https:\/\/roadtoromania.com\/pt-pt\/guarda-florestal-romeno\/#breadcrumb","itemListElement":[{"@type":"ListItem","position":1,"name":"Home","item":"https:\/\/roadtoromania.com\/pt-pt\/"},{"@type":"ListItem","position":2,"name":"Guarda-florestal romeno"}]},{"@type":"WebSite","@id":"https:\/\/roadtoromania.com\/pt-pt\/#website","url":"https:\/\/roadtoromania.com\/pt-pt\/","name":"Road to Romania","description":"O blog onde encontrar\u00e1 toda a informa\u00e7\u00e3o de que necessita para desfrutar da Rom\u00e9nia.","potentialAction":[{"@type":"SearchAction","target":{"@type":"EntryPoint","urlTemplate":"https:\/\/roadtoromania.com\/pt-pt\/?s={search_term_string}"},"query-input":"required name=search_term_string"}],"inLanguage":"pt-PT"}]}},"_links":{"self":[{"href":"https:\/\/roadtoromania.com\/pt-pt\/wp-json\/wp\/v2\/pages\/3310","targetHints":{"allow":["GET"]}}],"collection":[{"href":"https:\/\/roadtoromania.com\/pt-pt\/wp-json\/wp\/v2\/pages"}],"about":[{"href":"https:\/\/roadtoromania.com\/pt-pt\/wp-json\/wp\/v2\/types\/page"}],"author":[{"embeddable":true,"href":"https:\/\/roadtoromania.com\/pt-pt\/wp-json\/wp\/v2\/users\/1"}],"replies":[{"embeddable":true,"href":"https:\/\/roadtoromania.com\/pt-pt\/wp-json\/wp\/v2\/comments?post=3310"}],"version-history":[{"count":0,"href":"https:\/\/roadtoromania.com\/pt-pt\/wp-json\/wp\/v2\/pages\/3310\/revisions"}],"wp:featuredmedia":[{"embeddable":true,"href":"https:\/\/roadtoromania.com\/pt-pt\/wp-json\/wp\/v2\/media\/1513"}],"wp:attachment":[{"href":"https:\/\/roadtoromania.com\/pt-pt\/wp-json\/wp\/v2\/media?parent=3310"}],"curies":[{"name":"wp","href":"https:\/\/api.w.org\/{rel}","templated":true}]}}