{"id":3311,"date":"2022-10-15T18:40:14","date_gmt":"2022-10-15T18:40:14","guid":{"rendered":"https:\/\/roadtoromania.com\/mapas-da-romenia\/"},"modified":"2022-10-21T16:57:56","modified_gmt":"2022-10-21T16:57:56","slug":"mapas-da-romenia","status":"publish","type":"page","link":"https:\/\/roadtoromania.com\/pt-pt\/mapas-da-romenia\/","title":{"rendered":"Mapas da Rom\u00e9nia"},"content":{"rendered":"<p><\/p>\n<p><a href=\"http:\/\/maps.google.es\/maps?f=q&#038;source=embed&#038;hl=es&#038;geocode=&#038;q=rumania&#038;sll=40.396764,-3.713379&#038;sspn=9.216428,18.479004&#038;vpsrc=6&#038;ie=UTF8&#038;hq=&#038;hnear=Rumania&#038;ll=45.943161,24.96676&#038;spn=8.421566,18.479004&#038;t=m&#038;z=6\">Ver Mapa Maior<\/a> <\/p>\n<p>\nTRANSILV\u00c2NIA<\/p>\n<p>\n<a href=\"https:\/\/roadtoromania.com\/pt-pt\/mapas-da-romenia\/mapa-e-plano-da-transilvania\/\">Mapa e plano da Transilv\u00e2nia<\/a> .<\/p>\n<p><a href=\"https:\/\/roadtoromania.com\/pt-pt\/mapas-da-romenia\/mapa-plano-e-mapa-de-rua-de-brasov\/\">Mapa e plano de Brasov<\/a> .<\/p>\n<p><a href=\"https:\/\/roadtoromania.com\/pt-pt\/mapas-da-romenia\/mapa-plano-e-mapa-de-rua-de-bucareste\/\">Mapa e plano de Bucareste<\/a> .<br \/>\n <a href=\"https:\/\/roadtoromania.com\/pt-pt\/mapas-da-romenia\/mapa-mapa-de-rua-e-plano-de-rua-de-cluj-napoca\/\">Mapa e plano de Bucareste<\/a> .<\/p>\n<p><a href=\"https:\/\/roadtoromania.com\/pt-pt\/mapas-da-romenia\/mapa-mapa-de-rua-e-plano-de-rua-de-cluj-napoca\/\">Mapa e plano de Cluj &#8211; Napoca<\/a> .<br \/>\n <a href=\"https:\/\/roadtoromania.com\/pt-pt\/mapas-da-romenia\/mapa-de-poiana-brasov-estancia-de-esqui\/\">Mapa e plano de Cluj &#8211; Napoca<\/a> .<\/p>\n<p><a href=\"https:\/\/roadtoromania.com\/pt-pt\/mapas-da-romenia\/mapa-de-poiana-brasov-estancia-de-esqui\/\">Mapa e plano de Poiana Brasov<\/a> .<\/p>\n<p><a href=\"https:\/\/roadtoromania.com\/pt-pt\/mapas-da-romenia\/mapa-de-bran-e-do-castelo-de-vlad-tepes-dracula\/\">Mapa e plano de Bran e do Castelo de Vlad Tepes (Dr\u00e1cula)<\/a> .<\/p>\n<p><a href=\"https:\/\/roadtoromania.com\/pt-pt\/mapas-da-romenia\/mapa-das-gargantas-de-bicaz\/\">Mapa das Gargantas de Bicaz<\/a> .<\/p>\n<p><a href=\"https:\/\/roadtoromania.com\/pt-pt\/mapas-da-romenia\/mapa-planta-de-rua-e-directorio-de-rua-de-sighisoara\/\">Mapa e plano de Sighisoara<\/a> .<\/p>\n<p>\nDOBROGEA<\/p>\n<p>.<\/p>\n<p>\n<a href=\"https:\/\/roadtoromania.com\/pt-pt\/mapas-da-romenia\/mapa-plano-e-mapa-de-rua-de-constance\/\">Mapa e plano de Constanta<\/a> .<\/p>\n<p>\nMOLDOVA<\/p>\n<p>.<\/p>\n<p>\n<a href=\"https:\/\/roadtoromania.com\/pt-pt\/mapas-da-romenia\/mapa-plano-de-rua-e-directorio-de-rua-de-iasi\/\">Mapa e plano do Iasi<\/a> .<\/p>\n","protected":false},"excerpt":{"rendered":"<p>Ver Mapa Maior TRANSILV\u00c2NIA Mapa e plano da Transilv\u00e2nia . Mapa e plano de Brasov . Mapa e plano de Bucareste . Mapa e plano de Bucareste . Mapa e plano de Cluj &#8211; Napoca . Mapa e plano de Cluj &#8211; Napoca . Mapa e plano de Poiana Brasov . Mapa e plano de &hellip;<\/p>\n<p class=\"read-more\"> <a class=\"\" href=\"https:\/\/roadtoromania.com\/pt-pt\/mapas-da-romenia\/\"> <span class=\"screen-reader-text\">Mapas da Rom\u00e9nia<\/span> Read More \u00bb<\/a><\/p>\n","protected":false},"author":1,"featured_media":0,"parent":0,"menu_order":0,"comment_status":"open","ping_status":"open","template":"","meta":{"site-sidebar-layout":"default","site-content-layout":"default","ast-global-header-display":"","ast-main-header-display":"","ast-hfb-above-header-display":"","ast-hfb-below-header-display":"","ast-hfb-mobile-header-display":"","site-post-title":"","ast-breadcrumbs-content":"","ast-featured-img":"","footer-sml-layout":"","theme-transparent-header-meta":"","adv-header-id-meta":"","stick-header-meta":"","header-above-stick-meta":"","header-main-stick-meta":"","header-below-stick-meta":"","footnotes":""},"class_list":["post-3311","page","type-page","status-publish","hentry"],"yoast_head":"<!-- This site is optimized with the Yoast SEO plugin v19.10 - https:\/\/yoast.com\/wordpress\/plugins\/seo\/ -->\n<title>Mapas da Rom\u00e9nia - Road to Romania<\/title>\n<meta name=\"robots\" content=\"index, follow, max-snippet:-1, max-image-preview:large, max-video-preview:-1\" \/>\n<link rel=\"canonical\" href=\"https:\/\/roadtoromania.com\/pt-pt\/mapas-da-romenia\/\" \/>\n<meta property=\"og:locale\" content=\"pt_PT\" \/>\n<meta property=\"og:type\" content=\"article\" \/>\n<meta property=\"og:title\" content=\"Mapas da Rom\u00e9nia - Road to Romania\" \/>\n<meta property=\"og:description\" content=\"Ver Mapa Maior TRANSILV\u00c2NIA Mapa e plano da Transilv\u00e2nia . Mapa e plano de Brasov . Mapa e plano de Bucareste . Mapa e plano de Bucareste . Mapa e plano de Cluj &#8211; Napoca . Mapa e plano de Cluj &#8211; Napoca . Mapa e plano de Poiana Brasov . Mapa e plano de &hellip; Mapas da Rom\u00e9nia Read More \u00bb\" \/>\n<meta property=\"og:url\" content=\"https:\/\/roadtoromania.com\/pt-pt\/mapas-da-romenia\/\" \/>\n<meta property=\"og:site_name\" content=\"Road to Romania\" \/>\n<meta property=\"article:modified_time\" content=\"2022-10-21T16:57:56+00:00\" \/>\n<meta name=\"twitter:card\" content=\"summary_large_image\" \/>\n<script type=\"application\/ld+json\" class=\"yoast-schema-graph\">{\"@context\":\"https:\/\/schema.org\",\"@graph\":[{\"@type\":\"WebPage\",\"@id\":\"https:\/\/roadtoromania.com\/pt-pt\/mapas-da-romenia\/\",\"url\":\"https:\/\/roadtoromania.com\/pt-pt\/mapas-da-romenia\/\",\"name\":\"Mapas da Rom\u00e9nia - Road to Romania\",\"isPartOf\":{\"@id\":\"https:\/\/roadtoromania.com\/pt-pt\/#website\"},\"datePublished\":\"2022-10-15T18:40:14+00:00\",\"dateModified\":\"2022-10-21T16:57:56+00:00\",\"breadcrumb\":{\"@id\":\"https:\/\/roadtoromania.com\/pt-pt\/mapas-da-romenia\/#breadcrumb\"},\"inLanguage\":\"pt-PT\",\"potentialAction\":[{\"@type\":\"ReadAction\",\"target\":[\"https:\/\/roadtoromania.com\/pt-pt\/mapas-da-romenia\/\"]}]},{\"@type\":\"BreadcrumbList\",\"@id\":\"https:\/\/roadtoromania.com\/pt-pt\/mapas-da-romenia\/#breadcrumb\",\"itemListElement\":[{\"@type\":\"ListItem\",\"position\":1,\"name\":\"Home\",\"item\":\"https:\/\/roadtoromania.com\/pt-pt\/\"},{\"@type\":\"ListItem\",\"position\":2,\"name\":\"Mapas da Rom\u00e9nia\"}]},{\"@type\":\"WebSite\",\"@id\":\"https:\/\/roadtoromania.com\/pt-pt\/#website\",\"url\":\"https:\/\/roadtoromania.com\/pt-pt\/\",\"name\":\"Road to Romania\",\"description\":\"O blog onde encontrar\u00e1 toda a informa\u00e7\u00e3o de que necessita para desfrutar da Rom\u00e9nia.\",\"potentialAction\":[{\"@type\":\"SearchAction\",\"target\":{\"@type\":\"EntryPoint\",\"urlTemplate\":\"https:\/\/roadtoromania.com\/pt-pt\/?s={search_term_string}\"},\"query-input\":\"required name=search_term_string\"}],\"inLanguage\":\"pt-PT\"}]}<\/script>\n<!-- \/ Yoast SEO plugin. -->","yoast_head_json":{"title":"Mapas da Rom\u00e9nia - Road to Romania","robots":{"index":"index","follow":"follow","max-snippet":"max-snippet:-1","max-image-preview":"max-image-preview:large","max-video-preview":"max-video-preview:-1"},"canonical":"https:\/\/roadtoromania.com\/pt-pt\/mapas-da-romenia\/","og_locale":"pt_PT","og_type":"article","og_title":"Mapas da Rom\u00e9nia - Road to Romania","og_description":"Ver Mapa Maior TRANSILV\u00c2NIA Mapa e plano da Transilv\u00e2nia . Mapa e plano de Brasov . Mapa e plano de Bucareste . Mapa e plano de Bucareste . Mapa e plano de Cluj &#8211; Napoca . Mapa e plano de Cluj &#8211; Napoca . Mapa e plano de Poiana Brasov . Mapa e plano de &hellip; Mapas da Rom\u00e9nia Read More \u00bb","og_url":"https:\/\/roadtoromania.com\/pt-pt\/mapas-da-romenia\/","og_site_name":"Road to Romania","article_modified_time":"2022-10-21T16:57:56+00:00","twitter_card":"summary_large_image","schema":{"@context":"https:\/\/schema.org","@graph":[{"@type":"WebPage","@id":"https:\/\/roadtoromania.com\/pt-pt\/mapas-da-romenia\/","url":"https:\/\/roadtoromania.com\/pt-pt\/mapas-da-romenia\/","name":"Mapas da Rom\u00e9nia - Road to Romania","isPartOf":{"@id":"https:\/\/roadtoromania.com\/pt-pt\/#website"},"datePublished":"2022-10-15T18:40:14+00:00","dateModified":"2022-10-21T16:57:56+00:00","breadcrumb":{"@id":"https:\/\/roadtoromania.com\/pt-pt\/mapas-da-romenia\/#breadcrumb"},"inLanguage":"pt-PT","potentialAction":[{"@type":"ReadAction","target":["https:\/\/roadtoromania.com\/pt-pt\/mapas-da-romenia\/"]}]},{"@type":"BreadcrumbList","@id":"https:\/\/roadtoromania.com\/pt-pt\/mapas-da-romenia\/#breadcrumb","itemListElement":[{"@type":"ListItem","position":1,"name":"Home","item":"https:\/\/roadtoromania.com\/pt-pt\/"},{"@type":"ListItem","position":2,"name":"Mapas da Rom\u00e9nia"}]},{"@type":"WebSite","@id":"https:\/\/roadtoromania.com\/pt-pt\/#website","url":"https:\/\/roadtoromania.com\/pt-pt\/","name":"Road to Romania","description":"O blog onde encontrar\u00e1 toda a informa\u00e7\u00e3o de que necessita para desfrutar da Rom\u00e9nia.","potentialAction":[{"@type":"SearchAction","target":{"@type":"EntryPoint","urlTemplate":"https:\/\/roadtoromania.com\/pt-pt\/?s={search_term_string}"},"query-input":"required name=search_term_string"}],"inLanguage":"pt-PT"}]}},"_links":{"self":[{"href":"https:\/\/roadtoromania.com\/pt-pt\/wp-json\/wp\/v2\/pages\/3311","targetHints":{"allow":["GET"]}}],"collection":[{"href":"https:\/\/roadtoromania.com\/pt-pt\/wp-json\/wp\/v2\/pages"}],"about":[{"href":"https:\/\/roadtoromania.com\/pt-pt\/wp-json\/wp\/v2\/types\/page"}],"author":[{"embeddable":true,"href":"https:\/\/roadtoromania.com\/pt-pt\/wp-json\/wp\/v2\/users\/1"}],"replies":[{"embeddable":true,"href":"https:\/\/roadtoromania.com\/pt-pt\/wp-json\/wp\/v2\/comments?post=3311"}],"version-history":[{"count":0,"href":"https:\/\/roadtoromania.com\/pt-pt\/wp-json\/wp\/v2\/pages\/3311\/revisions"}],"wp:attachment":[{"href":"https:\/\/roadtoromania.com\/pt-pt\/wp-json\/wp\/v2\/media?parent=3311"}],"curies":[{"name":"wp","href":"https:\/\/api.w.org\/{rel}","templated":true}]}}