{"id":3323,"date":"2022-10-15T18:40:16","date_gmt":"2022-10-15T18:40:16","guid":{"rendered":"https:\/\/roadtoromania.com\/moldavia-romeno\/"},"modified":"2022-10-21T16:58:05","modified_gmt":"2022-10-21T16:58:05","slug":"moldavia-romeno","status":"publish","type":"page","link":"https:\/\/roadtoromania.com\/pt-pt\/monumentos-da-romenia-o-que-ver-na-romenia\/moldavia-romeno\/","title":{"rendered":"Mold\u00e1via Romeno"},"content":{"rendered":"<p><a href=\"https:\/\/roadtoromania.com\/wp-content\/uploads\/2022\/10\/moldavia-rumania-naturaleza.jpg\"><img decoding=\"async\" src=\"https:\/\/roadtoromania.com\/wp-content\/uploads\/2022\/10\/moldavia-rumania-naturaleza.jpg\" \/><\/a> Vista do Lago Bicaz a partir do Monte Ceahlau. <\/p>\n<h2>\n <strong>Hist\u00f3ria complexa e fronteiras em mudan\u00e7a<\/strong> <\/h2>\n<p>\nEsta regi\u00e3o da Rom\u00e9nia estende-se at\u00e9 ao nordeste do pa\u00eds, fazendo fronteira com a Ucr\u00e2nia e a Mold\u00e1via. Uma vez que hoje existe um pa\u00eds com o mesmo nome &#8211; a antiga Rep\u00fablica Sovi\u00e9tica da Mold\u00e1via, a leste do Dan\u00fabio &#8211; uma breve introdu\u00e7\u00e3o hist\u00f3rica parece necess\u00e1ria. O nome Mold\u00e1via prov\u00e9m de um principado semi-independente que existiu entre os s\u00e9culos XIV e XVII, primeiro sob o reino da Pol\u00f3nia, depois o Imp\u00e9rio Otomano, depois o Imp\u00e9rio Otomano. No s\u00e9culo XVIII, <a href=\"https:\/\/roadtoromania.com\/pt-pt\/bukovina-e-os-seus-mosteiros\/\">Bukovina<\/a> foi anexada pelo Imp\u00e9rio Austro-H\u00fangaro e, ap\u00f3s as guerras napole\u00f3nicas, Bessar\u00e1bia, a parte oriental da Mold\u00e1via, foi anexada pelo Imp\u00e9rio Russo. Em 1859, apenas a parte ocidental se tornou parte do novo estado romeno, juntamente com a Wallachia. Em 1918, ap\u00f3s a Primeira Guerra Mundial, a Bessar\u00e1bia tornou-se parte da Grande Rom\u00e9nia. Em 1940 Estaline invade a Bessar\u00e1bia, que far\u00e1 parte da URSS at\u00e9 1991. Nesse ano, a Rep\u00fablica Sovi\u00e9tica da Mold\u00e1via declara-se independente.<\/p>\n<p>\nDesta complicada e incessante mudan\u00e7a de fronteira adv\u00e9m o actual mal-entendido que confunde ambas as \u00e1reas com o mesmo nome. Como o nosso guia fala sobre a Rom\u00e9nia, trataremos apenas da Mold\u00e1via romena.<\/p>\n<p> Mold\u00e1via romena<\/strong> <\/h2>\n<p><a href=\"https:\/\/roadtoromania.com\/wp-content\/uploads\/2022\/10\/moldavia-ceahlau-mountain.jpg\"><img decoding=\"async\" src=\"https:\/\/roadtoromania.com\/wp-content\/uploads\/2022\/10\/moldavia-ceahlau-mountain.jpg\" \/><\/a> Floresta do Parque Nacional do Monte Ceahlau.<br \/>\n Os C\u00e1rpatos Moldavos<\/strong> <\/h3>\n<p>\nA parte noroeste da Rom\u00e9nia estende-se dos \u00faltimos contrafortes dos <a href=\"https:\/\/roadtoromania.com\/pt-pt\/natureza-da-romenia\/os-carpatos\/\">C\u00e1rpatos<\/a> em direc\u00e7\u00e3o \u00e0 grande plan\u00edcie do Dan\u00fabio. Toda a parte ocidental da regi\u00e3o \u00e9 constitu\u00edda pelos C\u00e1rpatos, que correm de norte a sul. Aqui encontrar\u00e1 o cen\u00e1rio de montanha mais acidentado, vales estreitos e lagos artificiais como o Lago Bicaz, localizado perto das Gargantas de Bicaz, e montanhas que se aproximam a 2000 metros. Esta \u00e1rea combina monumentos como castelos, mosteiros e igrejas com o incr\u00edvel patrim\u00f3nio natural do Parque Nacional do Monte Ceahlau. A subida est\u00e1 ao alcance de qualquer pessoa com um pouco de experi\u00eancia de caminhadas.<\/p>\n<p>\n<a href=\"https:\/\/roadtoromania.com\/pt-pt\/natureza-da-romenia\/gargantas-de-bicaz\/\">As Gargantas de Bicaz<\/a> , um dos locais naturais mais conhecidos na Rom\u00e9nia, s\u00e3o um complemento aquoso \u00e0 subida do Monte Ceahlau<\/p>\n<p>\nNesta parte da Mold\u00e1via existem pequenas cidades com muito patrim\u00f3nio e muitas possibilidades de turismo de aventura, desportos aqu\u00e1ticos, caminhadas e at\u00e9 mesmo esqui<\/p>\n<\/p>\n<p>\n<a href=\"\">Piatra Neamt<\/a> foi uma das cidades mais importantes do Principado Moldavo durante o seu auge. V\u00e1rias igrejas e a Torre de Stefan, o Grande, comemoram este Voivode (Pr\u00edncipe) do s\u00e9culo XV que construiu uma igreja ap\u00f3s cada uma das suas vit\u00f3rias &#8211; e ele conseguiu 34! V\u00e1rios museus, incluindo um sobre <strong>a cultura neol\u00edtica de Cucutemi;<\/strong> numerosos restaurantes e um telef\u00e9rico que o leva ao topo de uma das colinas que rodeiam a cidade s\u00e3o as suas principais atrac\u00e7\u00f5es tur\u00edsticas.<\/p>\n<p><a href=\"https:\/\/roadtoromania.com\/wp-content\/uploads\/2022\/10\/priatra-neamt-moldavia.jpg\"><img decoding=\"async\" src=\"data:image\/gif;base64,R0lGODdhAQABAPAAAMPDwwAAACwAAAAAAQABAAACAkQBADs=\" \/><\/a> Piatra Neamt telef\u00e9rico <\/p>\n<p>\nAl\u00e9m disso, um festival de cinema<\/strong><\/strong> \u00e9 realizado em Piatra no Ver\u00e3o, com curtas-metragens realizadas por jovens autores<\/p>\n<p>\nNas proximidades encontra-se o Parque Nacional de Ceahlau, que oferece v\u00e1rias rotas de m\u00e9dia a alta dificuldade para os caminhantes. Durau, no sop\u00e9 do parque, tem um belo mosteiro e numerosos hot\u00e9is que acolhem turistas amantes da montanha.<\/p>\n<p>\nUm pouco mais a norte, a cidade de Targu Neamt \u00e9 guardada pelo Castelo de Neamt, o basti\u00e3o do j\u00e1 mencionado Pr\u00edncipe Stefan, o Grande.<\/strong> Os mosteiros de Neamt e Agapia e o Museu do artista Niculae Popa<\/strong> , com as suas obras ing\u00e9nuas, s\u00e3o visitas altamente recomendadas.<\/p>\n<p> Foi tamb\u00e9m criada uma reserva de bis\u00f5es<\/strong> na \u00e1rea, mas para os ver ter\u00e1 de os visitar de manh\u00e3 cedo.<\/p>\n<p> Os Mosteiros da Mold\u00e1via<\/strong> <\/h3>\n<p>\nN\u00e3o t\u00e3o conhecidos como os de Maramures, s\u00e3o igualmente espectaculares. Os mais not\u00e1veis s\u00e3o <strong>Agapia, Neamt, Durau, Secu Varatec, Bistrita ou Sihastria<\/strong> . Muitos deles est\u00e3o localizados nas proximidades do Parque Nacional do Monte Ceahlau.<\/p>\n<p><a href=\"https:\/\/roadtoromania.com\/wp-content\/uploads\/2022\/10\/neamt-moldavia-monasterio.jpg\"><img decoding=\"async\" src=\"data:image\/gif;base64,R0lGODdhAQABAPAAAMPDwwAAACwAAAAAAQABAAACAkQBADs=\" \/><\/a> Mosteiro Neamt, perto de Targu Neamt.<br \/>\n A plan\u00edcie Vltava<\/strong> <\/h3>\n<p>\n <strong>Focsani, Bacau e <a href=\"https:\/\/roadtoromania.com\/pt-pt\/cidades-e-regioes-da-romenia\/roman\/\">Roman<\/a> <\/strong> s\u00e3o algumas das cidades do centro da Mold\u00e1via. Como em toda a \u00e1rea, encontraremos mosteiros e igrejas com c\u00fapulas met\u00e1licas e belas cores que s\u00e3o surpreendentes pelo seu estilo, t\u00e3o diferentes das igrejas de outras partes da Europa.<\/p>\n<p>\nMais a norte na prov\u00edncia de <a href=\"\">Suceava<\/a> encontramos muitos mosteiros semelhantes aos de <a href=\"https:\/\/roadtoromania.com\/pt-pt\/cidades-e-regioes-da-romenia\/regiao-de-maramures\/\">Maramures<\/a> . De facto, a arquitectura local, as casas com os seus telhados de zinco ou metal e estrutura de madeira, muitas vezes policromada, d\u00e3o um certo estilo comum \u00e0 Mold\u00e1via e Maramures, mas vamos ficar na Mold\u00e1via.<\/p>\n<h3>\n <strong>Iasi<\/strong> <\/h3>\n<p>\n<a href=\"https:\/\/roadtoromania.com\/pt-pt\/cidades-e-regioes-da-romenia\/iasi\/\">Iasi<\/a> \u00e9 a capital da regi\u00e3o e a cidade mais importante. \u00c9 a \u00fanica cidade realmente grande na Mold\u00e1via e concentra grande parte da vida econ\u00f3mica, cultural e social. A sua universidade \u00e9 a mais antiga da Rom\u00e9nia e uma das mais importantes. <strong>O Pal\u00e1cio Nacional<\/strong> alberga v\u00e1rios museus interessantes com obras de autores de todo o mundo. <strong>A \u00d3pera, o Jardim Bot\u00e2nico, o Mosteiro do Golia<\/strong> e a sua Torre s\u00e3o alguns dos outros monumentos mais not\u00e1veis.<\/p>\n<p><a href=\"https:\/\/roadtoromania.com\/wp-content\/uploads\/2022\/10\/iasi-moldavia-rumania.jpg\"><img decoding=\"async\" src=\"data:image\/gif;base64,R0lGODdhAQABAPAAAMPDwwAAACwAAAAAAQABAAACAkQBADs=\" \/><\/a> Iasi, a capital da Mold\u00e1via romena.<br \/>\n Gastronomia<\/strong> <\/h3>\n<p>\nA cozinha local \u00e9 suculenta em todos os sentidos. Os vegetarianos ter\u00e3o dificuldades, uma vez que mesmo as saladas cont\u00eam frequentemente carne. As sopas, assados e guisados de frango, vitela ou porco s\u00e3o ideais para os rigores do Inverno, um pouco menos quando o calor se torna excessivo, o que acontece no Ver\u00e3o. <strong>As sopas (Ciorba)<\/strong> s\u00e3o muito saborosas, por exemplo, tripas, feij\u00e3o ou sopa de alm\u00f4ndegas azedas. O sarmale \u00e9 um must. Depois disso, os guisados e assados s\u00e3o menos surpreendentes. Os pratos s\u00e3o geralmente acompanhados por <strong>polenta (mamaliga)<\/strong> . Os peixes de rio, como a truta, tamb\u00e9m s\u00e3o abundantes. As sobremesas s\u00e3o tamb\u00e9m bastante pesadas, tais como <strong>Papanasi ou Cozonac<\/strong> , pastelaria quente ou fria, recheada ou coberta com chocolate, queijo, compota, compota doce &#8230;.. Os queijos e o vinho tamb\u00e9m s\u00e3o bastante interessantes, e a cerveja, claro<\/p>\n<p><a href=\"https:\/\/roadtoromania.com\/wp-content\/uploads\/2022\/10\/museo-popa-moldavia.jpg\"><img decoding=\"async\" src=\"data:image\/gif;base64,R0lGODdhAQABAPAAAMPDwwAAACwAAAAAAQABAAACAkQBADs=\" \/><\/a> Museo Popa e algumas das suas esculturas de madeira. <\/p>\n<p>\n <strong>Mold\u00e1via no meio de tudo<\/strong> <\/p>\n<p>\nUma das vantagens da Mold\u00e1via \u00e9 que est\u00e1 no meio de tudo e pode ser visitada no caminho ap\u00f3s visitar os mosteiros de Maramures \/ Bukovina ou a estrada Transfagarasan<\/a> ; ap\u00f3s visitar a Transilv\u00e2nia ou a caminho da Ucr\u00e2nia ou da Mold\u00e1via (o pa\u00eds). Portanto, n\u00e3o se esque\u00e7a, se passar por aqui, aproveite a regi\u00e3o.<\/p>\n","protected":false},"excerpt":{"rendered":"<p>Vista do Lago Bicaz a partir do Monte Ceahlau. Hist\u00f3ria complexa e fronteiras em mudan\u00e7a Esta regi\u00e3o da Rom\u00e9nia estende-se at\u00e9 ao nordeste do pa\u00eds, fazendo fronteira com a Ucr\u00e2nia e a Mold\u00e1via. Uma vez que hoje existe um pa\u00eds com o mesmo nome &#8211; a antiga Rep\u00fablica Sovi\u00e9tica da Mold\u00e1via, a leste do Dan\u00fabio &hellip;<\/p>\n<p class=\"read-more\"> <a class=\"\" href=\"https:\/\/roadtoromania.com\/pt-pt\/monumentos-da-romenia-o-que-ver-na-romenia\/moldavia-romeno\/\"> <span class=\"screen-reader-text\">Mold\u00e1via Romeno<\/span> Read More \u00bb<\/a><\/p>\n","protected":false},"author":1,"featured_media":1533,"parent":3324,"menu_order":0,"comment_status":"open","ping_status":"open","template":"","meta":{"site-sidebar-layout":"default","site-content-layout":"default","ast-global-header-display":"","ast-main-header-display":"","ast-hfb-above-header-display":"","ast-hfb-below-header-display":"","ast-hfb-mobile-header-display":"","site-post-title":"","ast-breadcrumbs-content":"","ast-featured-img":"","footer-sml-layout":"","theme-transparent-header-meta":"default","adv-header-id-meta":"","stick-header-meta":"","header-above-stick-meta":"","header-main-stick-meta":"","header-below-stick-meta":"","footnotes":""},"class_list":["post-3323","page","type-page","status-publish","has-post-thumbnail","hentry"],"yoast_head":"<!-- This site is optimized with the Yoast SEO plugin v19.10 - https:\/\/yoast.com\/wordpress\/plugins\/seo\/ -->\n<title>Mold\u00e1via Romeno - Road to Romania<\/title>\n<meta name=\"robots\" content=\"index, follow, max-snippet:-1, max-image-preview:large, max-video-preview:-1\" \/>\n<link rel=\"canonical\" href=\"https:\/\/roadtoromania.com\/pt-pt\/monumentos-da-romenia-o-que-ver-na-romenia\/moldavia-romeno\/\" \/>\n<meta property=\"og:locale\" content=\"pt_PT\" \/>\n<meta property=\"og:type\" content=\"article\" \/>\n<meta property=\"og:title\" content=\"Mold\u00e1via Romeno - Road to Romania\" \/>\n<meta property=\"og:description\" content=\"Vista do Lago Bicaz a partir do Monte Ceahlau. Hist\u00f3ria complexa e fronteiras em mudan\u00e7a Esta regi\u00e3o da Rom\u00e9nia estende-se at\u00e9 ao nordeste do pa\u00eds, fazendo fronteira com a Ucr\u00e2nia e a Mold\u00e1via. Uma vez que hoje existe um pa\u00eds com o mesmo nome &#8211; a antiga Rep\u00fablica Sovi\u00e9tica da Mold\u00e1via, a leste do Dan\u00fabio &hellip; Mold\u00e1via Romeno Read More \u00bb\" \/>\n<meta property=\"og:url\" content=\"https:\/\/roadtoromania.com\/pt-pt\/monumentos-da-romenia-o-que-ver-na-romenia\/moldavia-romeno\/\" \/>\n<meta property=\"og:site_name\" content=\"Road to Romania\" \/>\n<meta property=\"article:modified_time\" content=\"2022-10-21T16:58:05+00:00\" \/>\n<meta property=\"og:image\" content=\"https:\/\/roadtoromania.com\/wp-content\/uploads\/2022\/10\/moldavia-rumania-naturaleza-1.jpg\" \/>\n\t<meta property=\"og:image:width\" content=\"768\" \/>\n\t<meta property=\"og:image:height\" content=\"432\" \/>\n\t<meta property=\"og:image:type\" content=\"image\/jpeg\" \/>\n<meta name=\"twitter:card\" content=\"summary_large_image\" \/>\n<meta name=\"twitter:label1\" content=\"Tempo estimado de leitura\" \/>\n\t<meta name=\"twitter:data1\" content=\"6 minutos\" \/>\n<script type=\"application\/ld+json\" class=\"yoast-schema-graph\">{\"@context\":\"https:\/\/schema.org\",\"@graph\":[{\"@type\":\"WebPage\",\"@id\":\"https:\/\/roadtoromania.com\/pt-pt\/monumentos-da-romenia-o-que-ver-na-romenia\/moldavia-romeno\/\",\"url\":\"https:\/\/roadtoromania.com\/pt-pt\/monumentos-da-romenia-o-que-ver-na-romenia\/moldavia-romeno\/\",\"name\":\"Mold\u00e1via Romeno - Road to Romania\",\"isPartOf\":{\"@id\":\"https:\/\/roadtoromania.com\/pt-pt\/#website\"},\"datePublished\":\"2022-10-15T18:40:16+00:00\",\"dateModified\":\"2022-10-21T16:58:05+00:00\",\"breadcrumb\":{\"@id\":\"https:\/\/roadtoromania.com\/pt-pt\/monumentos-da-romenia-o-que-ver-na-romenia\/moldavia-romeno\/#breadcrumb\"},\"inLanguage\":\"pt-PT\",\"potentialAction\":[{\"@type\":\"ReadAction\",\"target\":[\"https:\/\/roadtoromania.com\/pt-pt\/monumentos-da-romenia-o-que-ver-na-romenia\/moldavia-romeno\/\"]}]},{\"@type\":\"BreadcrumbList\",\"@id\":\"https:\/\/roadtoromania.com\/pt-pt\/monumentos-da-romenia-o-que-ver-na-romenia\/moldavia-romeno\/#breadcrumb\",\"itemListElement\":[{\"@type\":\"ListItem\",\"position\":1,\"name\":\"Home\",\"item\":\"https:\/\/roadtoromania.com\/pt-pt\/\"},{\"@type\":\"ListItem\",\"position\":2,\"name\":\"Mold\u00e1via Romeno\"}]},{\"@type\":\"WebSite\",\"@id\":\"https:\/\/roadtoromania.com\/pt-pt\/#website\",\"url\":\"https:\/\/roadtoromania.com\/pt-pt\/\",\"name\":\"Road to Romania\",\"description\":\"O blog onde encontrar\u00e1 toda a informa\u00e7\u00e3o de que necessita para desfrutar da Rom\u00e9nia.\",\"potentialAction\":[{\"@type\":\"SearchAction\",\"target\":{\"@type\":\"EntryPoint\",\"urlTemplate\":\"https:\/\/roadtoromania.com\/pt-pt\/?s={search_term_string}\"},\"query-input\":\"required name=search_term_string\"}],\"inLanguage\":\"pt-PT\"}]}<\/script>\n<!-- \/ Yoast SEO plugin. -->","yoast_head_json":{"title":"Mold\u00e1via Romeno - Road to Romania","robots":{"index":"index","follow":"follow","max-snippet":"max-snippet:-1","max-image-preview":"max-image-preview:large","max-video-preview":"max-video-preview:-1"},"canonical":"https:\/\/roadtoromania.com\/pt-pt\/monumentos-da-romenia-o-que-ver-na-romenia\/moldavia-romeno\/","og_locale":"pt_PT","og_type":"article","og_title":"Mold\u00e1via Romeno - Road to Romania","og_description":"Vista do Lago Bicaz a partir do Monte Ceahlau. Hist\u00f3ria complexa e fronteiras em mudan\u00e7a Esta regi\u00e3o da Rom\u00e9nia estende-se at\u00e9 ao nordeste do pa\u00eds, fazendo fronteira com a Ucr\u00e2nia e a Mold\u00e1via. Uma vez que hoje existe um pa\u00eds com o mesmo nome &#8211; a antiga Rep\u00fablica Sovi\u00e9tica da Mold\u00e1via, a leste do Dan\u00fabio &hellip; Mold\u00e1via Romeno Read More \u00bb","og_url":"https:\/\/roadtoromania.com\/pt-pt\/monumentos-da-romenia-o-que-ver-na-romenia\/moldavia-romeno\/","og_site_name":"Road to Romania","article_modified_time":"2022-10-21T16:58:05+00:00","og_image":[{"width":768,"height":432,"url":"https:\/\/roadtoromania.com\/wp-content\/uploads\/2022\/10\/moldavia-rumania-naturaleza-1.jpg","type":"image\/jpeg"}],"twitter_card":"summary_large_image","twitter_misc":{"Tempo estimado de leitura":"6 minutos"},"schema":{"@context":"https:\/\/schema.org","@graph":[{"@type":"WebPage","@id":"https:\/\/roadtoromania.com\/pt-pt\/monumentos-da-romenia-o-que-ver-na-romenia\/moldavia-romeno\/","url":"https:\/\/roadtoromania.com\/pt-pt\/monumentos-da-romenia-o-que-ver-na-romenia\/moldavia-romeno\/","name":"Mold\u00e1via Romeno - Road to Romania","isPartOf":{"@id":"https:\/\/roadtoromania.com\/pt-pt\/#website"},"datePublished":"2022-10-15T18:40:16+00:00","dateModified":"2022-10-21T16:58:05+00:00","breadcrumb":{"@id":"https:\/\/roadtoromania.com\/pt-pt\/monumentos-da-romenia-o-que-ver-na-romenia\/moldavia-romeno\/#breadcrumb"},"inLanguage":"pt-PT","potentialAction":[{"@type":"ReadAction","target":["https:\/\/roadtoromania.com\/pt-pt\/monumentos-da-romenia-o-que-ver-na-romenia\/moldavia-romeno\/"]}]},{"@type":"BreadcrumbList","@id":"https:\/\/roadtoromania.com\/pt-pt\/monumentos-da-romenia-o-que-ver-na-romenia\/moldavia-romeno\/#breadcrumb","itemListElement":[{"@type":"ListItem","position":1,"name":"Home","item":"https:\/\/roadtoromania.com\/pt-pt\/"},{"@type":"ListItem","position":2,"name":"Mold\u00e1via Romeno"}]},{"@type":"WebSite","@id":"https:\/\/roadtoromania.com\/pt-pt\/#website","url":"https:\/\/roadtoromania.com\/pt-pt\/","name":"Road to Romania","description":"O blog onde encontrar\u00e1 toda a informa\u00e7\u00e3o de que necessita para desfrutar da Rom\u00e9nia.","potentialAction":[{"@type":"SearchAction","target":{"@type":"EntryPoint","urlTemplate":"https:\/\/roadtoromania.com\/pt-pt\/?s={search_term_string}"},"query-input":"required name=search_term_string"}],"inLanguage":"pt-PT"}]}},"_links":{"self":[{"href":"https:\/\/roadtoromania.com\/pt-pt\/wp-json\/wp\/v2\/pages\/3323","targetHints":{"allow":["GET"]}}],"collection":[{"href":"https:\/\/roadtoromania.com\/pt-pt\/wp-json\/wp\/v2\/pages"}],"about":[{"href":"https:\/\/roadtoromania.com\/pt-pt\/wp-json\/wp\/v2\/types\/page"}],"author":[{"embeddable":true,"href":"https:\/\/roadtoromania.com\/pt-pt\/wp-json\/wp\/v2\/users\/1"}],"replies":[{"embeddable":true,"href":"https:\/\/roadtoromania.com\/pt-pt\/wp-json\/wp\/v2\/comments?post=3323"}],"version-history":[{"count":0,"href":"https:\/\/roadtoromania.com\/pt-pt\/wp-json\/wp\/v2\/pages\/3323\/revisions"}],"up":[{"embeddable":true,"href":"https:\/\/roadtoromania.com\/pt-pt\/wp-json\/wp\/v2\/pages\/3324"}],"wp:featuredmedia":[{"embeddable":true,"href":"https:\/\/roadtoromania.com\/pt-pt\/wp-json\/wp\/v2\/media\/1533"}],"wp:attachment":[{"href":"https:\/\/roadtoromania.com\/pt-pt\/wp-json\/wp\/v2\/media?parent=3323"}],"curies":[{"name":"wp","href":"https:\/\/api.w.org\/{rel}","templated":true}]}}