{"id":3328,"date":"2022-10-15T18:40:16","date_gmt":"2022-10-15T18:40:16","guid":{"rendered":"https:\/\/roadtoromania.com\/monumentos-da-romenia-o-que-ver-na-romenia\/castelo-de-rasnov\/"},"modified":"2022-10-21T16:58:05","modified_gmt":"2022-10-21T16:58:05","slug":"castelo-de-rasnov","status":"publish","type":"page","link":"https:\/\/roadtoromania.com\/pt-pt\/monumentos-da-romenia-o-que-ver-na-romenia\/castelo-de-rasnov\/","title":{"rendered":"Castelo de Rasnov"},"content":{"rendered":"<p><a href=\"https:\/\/roadtoromania.com\/wp-content\/uploads\/2022\/10\/fortaleza_rasnovl.jpg\"><img decoding=\"async\" src=\"https:\/\/roadtoromania.com\/wp-content\/uploads\/2022\/10\/fortaleza_rasnovl.jpg\" \/><\/a> Fortaleza de Rasnov<\/p>\n<p>\nA Fortaleza de <strong>Rasnov<\/strong> ((Rosenauer Burg em alem\u00e3o) \u00e9, embora n\u00e3o t\u00e3o conhecida como outros castelos na Rom\u00e9nia, uma das mais importantes atrac\u00e7\u00f5es tur\u00edsticas na regi\u00e3o hist\u00f3rica de <a href=\"https:\/\/roadtoromania.com\/pt-pt\/cidades-e-regioes-da-romenia\/bazna\/\"> <strong>Transilv\u00e2nia<\/strong><\/a> . Apenas quinze minutos de <a href=\"https:\/\/roadtoromania.com\/pt-pt\/cidades-e-regioes-da-romenia\/brasov\/\"> <strong>Brasov<\/strong><\/a> , uma viagem leva-o \u00e0 fortifica\u00e7\u00e3o imponente de uma montanha nos C\u00e1rpatos <strong>Montanhas<\/strong> .<\/p>\n<h2>\n <strong>Hist\u00f3ria de Rasnov<\/strong> <\/h2>\n<p>.<\/p>\n<p>\nAlegadamente constru\u00eddo entre 1211 e 1225, Rasnov foi um dos v\u00e1rios cavaleiros Teut\u00f3nicos alem\u00e3es criados para defender a Transilv\u00e2nia do avan\u00e7o dos Turcos e T\u00e1rtaros. Quando o inimigo perseguia desde o desfiladeiro de Bran, os habitantes das aldeias de Rasnov fechavam-se na cidadela, vivendo sob o cerco durante anos e transformando o castelo indefinidamente numa cidade. \u00c9 por isso que tais fortifica\u00e7\u00f5es s\u00e3o chamadas fortifica\u00e7\u00f5es camponesas.<\/p>\n<p>\nA estrutura de madeira foi mais tarde substitu\u00edda por uma de pedra depois dos Cruzados a abandonarem, e s\u00f3 em 1421 \u00e9 que as primeiras fontes mencionam o cerco pelas tropas turcas. A resist\u00eancia impediu-os de o tomar, como o fizeram nas ondas seguintes de 1436 e 1441.<\/p>\n<p>\nAp\u00f3s as disputas entre os pr\u00edncipes da Transilv\u00e2nia, tornou-se necess\u00e1rio obter um abastecimento de \u00e1gua, uma vez que o utilizado tinha sido descoberto ao longo dos anos, resultando na \u00fanica rendi\u00e7\u00e3o que alguma vez tinham experimentado. Para o efeito, em meados do s\u00e9culo XVII, foi levado a cabo um projecto de engenharia hidr\u00e1ulica para cavar um po\u00e7o que cortava o calc\u00e1rio em que assentava o castelo e criava um po\u00e7o que afundava quase 150 metros no solo.<\/p>\n<p>\nAbandonada no s\u00e9culo XVIII ap\u00f3s um inc\u00eandio e subsequente terramoto, a fortaleza foi recentemente restaurada, mostrando aos visitantes os edif\u00edcios que a comp\u00f5em, incluindo o Museu de Arte Feudal onde se encontram expostas armaduras, armas, trajes da \u00e9poca e outros utens\u00edlios medievais.<\/p>\n<p><a href=\"https:\/\/roadtoromania.com\/wp-content\/uploads\/2022\/10\/castillo_rasnov.jpg\"><img decoding=\"async\" src=\"https:\/\/roadtoromania.com\/wp-content\/uploads\/2022\/10\/castillo_rasnov.jpg\" \/><\/a> Fortaleza Camponesa de Rasnov<\/p>\n<p>\nA import\u00e2ncia de Rasnov reside na sua localiza\u00e7\u00e3o no cruzamento entre a Wallachia e a Transilv\u00e2nia. Durante a visita <strong>ao castelo<\/strong> podemos ver as duas \u00e1reas, sendo a superior o ponto mais alto com vista para todo o vale. Dentro da fortaleza viviam os camponeses que se refugiaram e \u00e9 por isso que a estrutura da cidade com casas, escola e capela \u00e9 diferente dos outros castelos que eram apenas o feudo do senhor e das suas tropas.<\/p>\n<p>\nO castelo est\u00e1 aberto todos os dias do ano, das 9h00 \u00e0s 19h00 de Abril a Outubro e at\u00e9 \u00e0s 17h00 de Novembro a Mar\u00e7o. Estudantes e crian\u00e7as menores de 3 anos e pessoas com mobilidade reduzida s\u00e3o admitidos gratuitamente nos terrenos do Castelo de Rasnov.<\/p>\n<p>\nSe chegar de carro, pode deixar o carro no parque de estacionamento e subir a p\u00e9 ou levar o &#8220;tractor tur\u00edstico&#8221; at\u00e9 \u00e0 entrada do castelo.<\/p>\n","protected":false},"excerpt":{"rendered":"<p>Fortaleza de Rasnov A Fortaleza de Rasnov ((Rosenauer Burg em alem\u00e3o) \u00e9, embora n\u00e3o t\u00e3o conhecida como outros castelos na Rom\u00e9nia, uma das mais importantes atrac\u00e7\u00f5es tur\u00edsticas na regi\u00e3o hist\u00f3rica de Transilv\u00e2nia . Apenas quinze minutos de Brasov , uma viagem leva-o \u00e0 fortifica\u00e7\u00e3o imponente de uma montanha nos C\u00e1rpatos Montanhas . Hist\u00f3ria de Rasnov &hellip;<\/p>\n<p class=\"read-more\"> <a class=\"\" href=\"https:\/\/roadtoromania.com\/pt-pt\/monumentos-da-romenia-o-que-ver-na-romenia\/castelo-de-rasnov\/\"> <span class=\"screen-reader-text\">Castelo de Rasnov<\/span> Read More \u00bb<\/a><\/p>\n","protected":false},"author":1,"featured_media":1603,"parent":3324,"menu_order":0,"comment_status":"open","ping_status":"open","template":"","meta":{"site-sidebar-layout":"default","site-content-layout":"default","ast-global-header-display":"","ast-main-header-display":"","ast-hfb-above-header-display":"","ast-hfb-below-header-display":"","ast-hfb-mobile-header-display":"","site-post-title":"","ast-breadcrumbs-content":"","ast-featured-img":"","footer-sml-layout":"","theme-transparent-header-meta":"","adv-header-id-meta":"","stick-header-meta":"","header-above-stick-meta":"","header-main-stick-meta":"","header-below-stick-meta":"","footnotes":""},"class_list":["post-3328","page","type-page","status-publish","has-post-thumbnail","hentry"],"yoast_head":"<!-- This site is optimized with the Yoast SEO plugin v19.10 - https:\/\/yoast.com\/wordpress\/plugins\/seo\/ -->\n<title>Castelo de Rasnov - Road to Romania<\/title>\n<meta name=\"robots\" content=\"index, follow, max-snippet:-1, max-image-preview:large, max-video-preview:-1\" \/>\n<link rel=\"canonical\" href=\"https:\/\/roadtoromania.com\/pt-pt\/monumentos-da-romenia-o-que-ver-na-romenia\/castelo-de-rasnov\/\" \/>\n<meta property=\"og:locale\" content=\"pt_PT\" \/>\n<meta property=\"og:type\" content=\"article\" \/>\n<meta property=\"og:title\" content=\"Castelo de Rasnov - Road to Romania\" \/>\n<meta property=\"og:description\" content=\"Fortaleza de Rasnov A Fortaleza de Rasnov ((Rosenauer Burg em alem\u00e3o) \u00e9, embora n\u00e3o t\u00e3o conhecida como outros castelos na Rom\u00e9nia, uma das mais importantes atrac\u00e7\u00f5es tur\u00edsticas na regi\u00e3o hist\u00f3rica de Transilv\u00e2nia . Apenas quinze minutos de Brasov , uma viagem leva-o \u00e0 fortifica\u00e7\u00e3o imponente de uma montanha nos C\u00e1rpatos Montanhas . Hist\u00f3ria de Rasnov &hellip; Castelo de Rasnov Read More \u00bb\" \/>\n<meta property=\"og:url\" content=\"https:\/\/roadtoromania.com\/pt-pt\/monumentos-da-romenia-o-que-ver-na-romenia\/castelo-de-rasnov\/\" \/>\n<meta property=\"og:site_name\" content=\"Road to Romania\" \/>\n<meta property=\"article:modified_time\" content=\"2022-10-21T16:58:05+00:00\" \/>\n<meta property=\"og:image\" content=\"https:\/\/roadtoromania.com\/wp-content\/uploads\/2022\/10\/fortaleza_rasnovl-1.jpg\" \/>\n\t<meta property=\"og:image:width\" content=\"750\" \/>\n\t<meta property=\"og:image:height\" content=\"598\" \/>\n\t<meta property=\"og:image:type\" content=\"image\/jpeg\" \/>\n<meta name=\"twitter:card\" content=\"summary_large_image\" \/>\n<meta name=\"twitter:label1\" content=\"Tempo estimado de leitura\" \/>\n\t<meta name=\"twitter:data1\" content=\"2 minutos\" \/>\n<script type=\"application\/ld+json\" class=\"yoast-schema-graph\">{\"@context\":\"https:\/\/schema.org\",\"@graph\":[{\"@type\":\"WebPage\",\"@id\":\"https:\/\/roadtoromania.com\/pt-pt\/monumentos-da-romenia-o-que-ver-na-romenia\/castelo-de-rasnov\/\",\"url\":\"https:\/\/roadtoromania.com\/pt-pt\/monumentos-da-romenia-o-que-ver-na-romenia\/castelo-de-rasnov\/\",\"name\":\"Castelo de Rasnov - Road to Romania\",\"isPartOf\":{\"@id\":\"https:\/\/roadtoromania.com\/pt-pt\/#website\"},\"datePublished\":\"2022-10-15T18:40:16+00:00\",\"dateModified\":\"2022-10-21T16:58:05+00:00\",\"breadcrumb\":{\"@id\":\"https:\/\/roadtoromania.com\/pt-pt\/monumentos-da-romenia-o-que-ver-na-romenia\/castelo-de-rasnov\/#breadcrumb\"},\"inLanguage\":\"pt-PT\",\"potentialAction\":[{\"@type\":\"ReadAction\",\"target\":[\"https:\/\/roadtoromania.com\/pt-pt\/monumentos-da-romenia-o-que-ver-na-romenia\/castelo-de-rasnov\/\"]}]},{\"@type\":\"BreadcrumbList\",\"@id\":\"https:\/\/roadtoromania.com\/pt-pt\/monumentos-da-romenia-o-que-ver-na-romenia\/castelo-de-rasnov\/#breadcrumb\",\"itemListElement\":[{\"@type\":\"ListItem\",\"position\":1,\"name\":\"Home\",\"item\":\"https:\/\/roadtoromania.com\/pt-pt\/\"},{\"@type\":\"ListItem\",\"position\":2,\"name\":\"Monumentos da Rom\u00e9nia &#8211; O que ver na Rom\u00e9nia\",\"item\":\"https:\/\/roadtoromania.com\/pt-pt\/monumentos-da-romenia-o-que-ver-na-romenia\/\"},{\"@type\":\"ListItem\",\"position\":3,\"name\":\"Castelo de Rasnov\"}]},{\"@type\":\"WebSite\",\"@id\":\"https:\/\/roadtoromania.com\/pt-pt\/#website\",\"url\":\"https:\/\/roadtoromania.com\/pt-pt\/\",\"name\":\"Road to Romania\",\"description\":\"O blog onde encontrar\u00e1 toda a informa\u00e7\u00e3o de que necessita para desfrutar da Rom\u00e9nia.\",\"potentialAction\":[{\"@type\":\"SearchAction\",\"target\":{\"@type\":\"EntryPoint\",\"urlTemplate\":\"https:\/\/roadtoromania.com\/pt-pt\/?s={search_term_string}\"},\"query-input\":\"required name=search_term_string\"}],\"inLanguage\":\"pt-PT\"}]}<\/script>\n<!-- \/ Yoast SEO plugin. -->","yoast_head_json":{"title":"Castelo de Rasnov - Road to Romania","robots":{"index":"index","follow":"follow","max-snippet":"max-snippet:-1","max-image-preview":"max-image-preview:large","max-video-preview":"max-video-preview:-1"},"canonical":"https:\/\/roadtoromania.com\/pt-pt\/monumentos-da-romenia-o-que-ver-na-romenia\/castelo-de-rasnov\/","og_locale":"pt_PT","og_type":"article","og_title":"Castelo de Rasnov - Road to Romania","og_description":"Fortaleza de Rasnov A Fortaleza de Rasnov ((Rosenauer Burg em alem\u00e3o) \u00e9, embora n\u00e3o t\u00e3o conhecida como outros castelos na Rom\u00e9nia, uma das mais importantes atrac\u00e7\u00f5es tur\u00edsticas na regi\u00e3o hist\u00f3rica de Transilv\u00e2nia . Apenas quinze minutos de Brasov , uma viagem leva-o \u00e0 fortifica\u00e7\u00e3o imponente de uma montanha nos C\u00e1rpatos Montanhas . Hist\u00f3ria de Rasnov &hellip; Castelo de Rasnov Read More \u00bb","og_url":"https:\/\/roadtoromania.com\/pt-pt\/monumentos-da-romenia-o-que-ver-na-romenia\/castelo-de-rasnov\/","og_site_name":"Road to Romania","article_modified_time":"2022-10-21T16:58:05+00:00","og_image":[{"width":750,"height":598,"url":"https:\/\/roadtoromania.com\/wp-content\/uploads\/2022\/10\/fortaleza_rasnovl-1.jpg","type":"image\/jpeg"}],"twitter_card":"summary_large_image","twitter_misc":{"Tempo estimado de leitura":"2 minutos"},"schema":{"@context":"https:\/\/schema.org","@graph":[{"@type":"WebPage","@id":"https:\/\/roadtoromania.com\/pt-pt\/monumentos-da-romenia-o-que-ver-na-romenia\/castelo-de-rasnov\/","url":"https:\/\/roadtoromania.com\/pt-pt\/monumentos-da-romenia-o-que-ver-na-romenia\/castelo-de-rasnov\/","name":"Castelo de Rasnov - Road to Romania","isPartOf":{"@id":"https:\/\/roadtoromania.com\/pt-pt\/#website"},"datePublished":"2022-10-15T18:40:16+00:00","dateModified":"2022-10-21T16:58:05+00:00","breadcrumb":{"@id":"https:\/\/roadtoromania.com\/pt-pt\/monumentos-da-romenia-o-que-ver-na-romenia\/castelo-de-rasnov\/#breadcrumb"},"inLanguage":"pt-PT","potentialAction":[{"@type":"ReadAction","target":["https:\/\/roadtoromania.com\/pt-pt\/monumentos-da-romenia-o-que-ver-na-romenia\/castelo-de-rasnov\/"]}]},{"@type":"BreadcrumbList","@id":"https:\/\/roadtoromania.com\/pt-pt\/monumentos-da-romenia-o-que-ver-na-romenia\/castelo-de-rasnov\/#breadcrumb","itemListElement":[{"@type":"ListItem","position":1,"name":"Home","item":"https:\/\/roadtoromania.com\/pt-pt\/"},{"@type":"ListItem","position":2,"name":"Monumentos da Rom\u00e9nia &#8211; O que ver na Rom\u00e9nia","item":"https:\/\/roadtoromania.com\/pt-pt\/monumentos-da-romenia-o-que-ver-na-romenia\/"},{"@type":"ListItem","position":3,"name":"Castelo de Rasnov"}]},{"@type":"WebSite","@id":"https:\/\/roadtoromania.com\/pt-pt\/#website","url":"https:\/\/roadtoromania.com\/pt-pt\/","name":"Road to Romania","description":"O blog onde encontrar\u00e1 toda a informa\u00e7\u00e3o de que necessita para desfrutar da Rom\u00e9nia.","potentialAction":[{"@type":"SearchAction","target":{"@type":"EntryPoint","urlTemplate":"https:\/\/roadtoromania.com\/pt-pt\/?s={search_term_string}"},"query-input":"required name=search_term_string"}],"inLanguage":"pt-PT"}]}},"_links":{"self":[{"href":"https:\/\/roadtoromania.com\/pt-pt\/wp-json\/wp\/v2\/pages\/3328","targetHints":{"allow":["GET"]}}],"collection":[{"href":"https:\/\/roadtoromania.com\/pt-pt\/wp-json\/wp\/v2\/pages"}],"about":[{"href":"https:\/\/roadtoromania.com\/pt-pt\/wp-json\/wp\/v2\/types\/page"}],"author":[{"embeddable":true,"href":"https:\/\/roadtoromania.com\/pt-pt\/wp-json\/wp\/v2\/users\/1"}],"replies":[{"embeddable":true,"href":"https:\/\/roadtoromania.com\/pt-pt\/wp-json\/wp\/v2\/comments?post=3328"}],"version-history":[{"count":0,"href":"https:\/\/roadtoromania.com\/pt-pt\/wp-json\/wp\/v2\/pages\/3328\/revisions"}],"up":[{"embeddable":true,"href":"https:\/\/roadtoromania.com\/pt-pt\/wp-json\/wp\/v2\/pages\/3324"}],"wp:featuredmedia":[{"embeddable":true,"href":"https:\/\/roadtoromania.com\/pt-pt\/wp-json\/wp\/v2\/media\/1603"}],"wp:attachment":[{"href":"https:\/\/roadtoromania.com\/pt-pt\/wp-json\/wp\/v2\/media?parent=3328"}],"curies":[{"name":"wp","href":"https:\/\/api.w.org\/{rel}","templated":true}]}}