{"id":3329,"date":"2022-10-15T18:40:16","date_gmt":"2022-10-15T18:40:16","guid":{"rendered":"https:\/\/roadtoromania.com\/monumentos-da-romenia-o-que-ver-na-romenia\/castelos-na-romenia\/"},"modified":"2022-10-21T16:58:05","modified_gmt":"2022-10-21T16:58:05","slug":"castelos-na-romenia","status":"publish","type":"page","link":"https:\/\/roadtoromania.com\/pt-pt\/monumentos-da-romenia-o-que-ver-na-romenia\/castelos-na-romenia\/","title":{"rendered":"Castelos na Rom\u00e9nia"},"content":{"rendered":"<p>Para come\u00e7ar, devemos distinguir entre os edif\u00edcios particulares que vamos encontrar na Rom\u00e9nia, muitos deles na regi\u00e3o de <strong>Transilv\u00e2nia<\/strong> . Por um lado, existem os castelos tradicionais  , diferentes das chamadas igrejas fortificadas, que s\u00e3o uma constru\u00e7\u00e3o peculiar resultante da situa\u00e7\u00e3o de ataque cont\u00ednuo sofrida pelas popula\u00e7\u00f5es romenas. Estas igrejas foram convertidas em fortalezas muradas nas quais a popula\u00e7\u00e3o se refugiou quando alarmada pela presen\u00e7a de grupos que realizavam pilhagens. Finalmente, h\u00e1 fortalezas que t\u00eam um car\u00e1cter mais militar.<\/p>\n<p><img decoding=\"async\" src=\"https:\/\/roadtoromania.com\/wp-content\/uploads\/2022\/10\/castillo_bran.jpg\" \/>Castelo de Bran<\/p>\n<p>\nNa Rom\u00e9nia, os <a href=\"https:\/\/roadtoromania.com\/pt-pt\/monumentos-da-romenia-o-que-ver-na-romenia\/castelo-de-bran-castelo-do-dracula\/\"> <strong>castelos de Bran<\/strong><\/a> , conhecidos como &#8221; <em>castelo de Dr\u00e1cula&#8221;<\/em> , mas n\u00e3o habitados por Vlad Dracul, o Impalador, sendo a raz\u00e3o da sua atribui\u00e7\u00e3o \u00e0 obra de Bram Stoker. <a href=\"https:\/\/roadtoromania.com\/pt-pt\/monumentos-da-romenia-o-que-ver-na-romenia\/castelo-de-peles-em-sinaia\/\"><\/strong> Peles Castle<\/strong><\/a> in<\/strong> Sinaia<\/strong> \u00e9 um edif\u00edcio essencialmente residencial, constru\u00eddo num estilo que combina elementos do Renascimento italiano, g\u00f3tico, barroco e rococ\u00f3, mas na realidade foi constru\u00eddo na segunda metade do s\u00e9culo XIX.<\/p>\n<p>\nO castelo <strong>dos Corvins<\/strong> , por outro lado, recorda-nos os castelos medievais cl\u00e1ssicos, com as suas torres pontiagudas e o fosso cl\u00e1ssico. Localizada na cidade de <strong><a href=\"https:\/\/roadtoromania.com\/pt-pt\/cidades-e-regioes-da-romenia\/hunedoara\/\">Hunedoara<\/a> <\/strong> \u00e9 um belo exemplo da arquitectura g\u00f3tica, cuja import\u00e2ncia estrat\u00e9gica no s\u00e9culo XV, quando foi constru\u00edda, reside na liga\u00e7\u00e3o com a Hungria.<\/p>\n<p>\n <strong>Fagar\u00e1s<\/strong> , a segunda cidade do departamento de Brasov, tem como principal atrac\u00e7\u00e3o o seu castelo do s\u00e9culo XV, protegido por um grande fosso e com uma apar\u00eancia imponente. Era a resid\u00eancia dos pr\u00edncipes de <strong>Transilv\u00e2nia<\/strong> .<\/p>\n<p><img decoding=\"async\" src=\"https:\/\/roadtoromania.com\/wp-content\/uploads\/2022\/10\/fagaras_castillo.jpg\" \/>Castelo de Fagaras<\/p>\n<p>\n <strong><a href=\"https:\/\/roadtoromania.com\/pt-pt\/monumentos-da-romenia-o-que-ver-na-romenia\/castelo-de-rasnov\/\">O Castelo de Rasnov<\/a> <\/strong> \u00e9 outro exemplo de uma fortaleza camponesa na regi\u00e3o da Transilv\u00e2nia, e uma das mais bem preservadas, uma vez que as suas muralhas t\u00eam cinco metros de altura e um metro e meio de largura. Foi aqui que a popula\u00e7\u00e3o local se refugiou dos ataques turcos e t\u00e1rtaros.<\/p>\n<p>\nEm <a href=\"\"> <strong>Sighisoara<\/strong><\/a> o castelo toma o centro do palco durante o Festival de Arte Medieval, que nos leva de volta \u00e0 Idade M\u00e9dia no Ver\u00e3o, e a pr\u00f3pria cidade \u00e9 uma fortifica\u00e7\u00e3o, com muralhas, baluartes e toda uma s\u00e9rie de elementos de defesa arquitect\u00f3nica que lhe valeram a designa\u00e7\u00e3o de Patrim\u00f3nio Mundial da UNESCO. O famoso Vlad Tepes, a personagem sanguin\u00e1ria em que se baseia a lenda de Dr\u00e1cula, nasceu aqui.<\/p>\n<p>\nOutro castelo ligado a Vlad Tepes \u00e9 <strong>Poienari<\/strong> , nas margens do rio Arges, perto das montanhas Fagaras, constru\u00eddo no s\u00e9culo XV por nobres boiardos, que Tepes derrotou e empreendeu a reestrutura\u00e7\u00e3o do castelo.<\/p>\n<p>\nOutros castelos interessantes s\u00e3o os TarguMures, Suceava, <a href=\"https:\/\/roadtoromania.com\/pt-pt\/monumentos-da-romenia-o-que-ver-na-romenia\/castelo-banffy-em-bontida\/\"> <strong>Bontida<\/strong><\/a> e Tirgoviste<\/p>\n","protected":false},"excerpt":{"rendered":"<p>Para come\u00e7ar, devemos distinguir entre os edif\u00edcios particulares que vamos encontrar na Rom\u00e9nia, muitos deles na regi\u00e3o de Transilv\u00e2nia . Por um lado, existem os castelos tradicionais , diferentes das chamadas igrejas fortificadas, que s\u00e3o uma constru\u00e7\u00e3o peculiar resultante da situa\u00e7\u00e3o de ataque cont\u00ednuo sofrida pelas popula\u00e7\u00f5es romenas. Estas igrejas foram convertidas em fortalezas muradas &hellip;<\/p>\n<p class=\"read-more\"> <a class=\"\" href=\"https:\/\/roadtoromania.com\/pt-pt\/monumentos-da-romenia-o-que-ver-na-romenia\/castelos-na-romenia\/\"> <span class=\"screen-reader-text\">Castelos na Rom\u00e9nia<\/span> Read More \u00bb<\/a><\/p>\n","protected":false},"author":1,"featured_media":1617,"parent":3324,"menu_order":0,"comment_status":"open","ping_status":"closed","template":"","meta":{"site-sidebar-layout":"default","site-content-layout":"default","ast-global-header-display":"","ast-main-header-display":"","ast-hfb-above-header-display":"","ast-hfb-below-header-display":"","ast-hfb-mobile-header-display":"","site-post-title":"","ast-breadcrumbs-content":"","ast-featured-img":"","footer-sml-layout":"","theme-transparent-header-meta":"","adv-header-id-meta":"","stick-header-meta":"","header-above-stick-meta":"","header-main-stick-meta":"","header-below-stick-meta":"","footnotes":""},"class_list":["post-3329","page","type-page","status-publish","has-post-thumbnail","hentry"],"yoast_head":"<!-- This site is optimized with the Yoast SEO plugin v19.10 - https:\/\/yoast.com\/wordpress\/plugins\/seo\/ -->\n<title>Castelos na Rom\u00e9nia - Road to Romania<\/title>\n<meta name=\"robots\" content=\"index, follow, max-snippet:-1, max-image-preview:large, max-video-preview:-1\" \/>\n<link rel=\"canonical\" href=\"https:\/\/roadtoromania.com\/pt-pt\/monumentos-da-romenia-o-que-ver-na-romenia\/castelos-na-romenia\/\" \/>\n<meta property=\"og:locale\" content=\"pt_PT\" \/>\n<meta property=\"og:type\" content=\"article\" \/>\n<meta property=\"og:title\" content=\"Castelos na Rom\u00e9nia - Road to Romania\" \/>\n<meta property=\"og:description\" content=\"Para come\u00e7ar, devemos distinguir entre os edif\u00edcios particulares que vamos encontrar na Rom\u00e9nia, muitos deles na regi\u00e3o de Transilv\u00e2nia . Por um lado, existem os castelos tradicionais , diferentes das chamadas igrejas fortificadas, que s\u00e3o uma constru\u00e7\u00e3o peculiar resultante da situa\u00e7\u00e3o de ataque cont\u00ednuo sofrida pelas popula\u00e7\u00f5es romenas. Estas igrejas foram convertidas em fortalezas muradas &hellip; Castelos na Rom\u00e9nia Read More \u00bb\" \/>\n<meta property=\"og:url\" content=\"https:\/\/roadtoromania.com\/pt-pt\/monumentos-da-romenia-o-que-ver-na-romenia\/castelos-na-romenia\/\" \/>\n<meta property=\"og:site_name\" content=\"Road to Romania\" \/>\n<meta property=\"article:modified_time\" content=\"2022-10-21T16:58:05+00:00\" \/>\n<meta property=\"og:image\" content=\"https:\/\/roadtoromania.com\/wp-content\/uploads\/2022\/10\/castillo_bran-1.jpg\" \/>\n\t<meta property=\"og:image:width\" content=\"600\" \/>\n\t<meta property=\"og:image:height\" content=\"560\" \/>\n\t<meta property=\"og:image:type\" content=\"image\/jpeg\" \/>\n<meta name=\"twitter:card\" content=\"summary_large_image\" \/>\n<meta name=\"twitter:label1\" content=\"Tempo estimado de leitura\" \/>\n\t<meta name=\"twitter:data1\" content=\"2 minutos\" \/>\n<script type=\"application\/ld+json\" class=\"yoast-schema-graph\">{\"@context\":\"https:\/\/schema.org\",\"@graph\":[{\"@type\":\"WebPage\",\"@id\":\"https:\/\/roadtoromania.com\/pt-pt\/monumentos-da-romenia-o-que-ver-na-romenia\/castelos-na-romenia\/\",\"url\":\"https:\/\/roadtoromania.com\/pt-pt\/monumentos-da-romenia-o-que-ver-na-romenia\/castelos-na-romenia\/\",\"name\":\"Castelos na Rom\u00e9nia - Road to Romania\",\"isPartOf\":{\"@id\":\"https:\/\/roadtoromania.com\/pt-pt\/#website\"},\"datePublished\":\"2022-10-15T18:40:16+00:00\",\"dateModified\":\"2022-10-21T16:58:05+00:00\",\"breadcrumb\":{\"@id\":\"https:\/\/roadtoromania.com\/pt-pt\/monumentos-da-romenia-o-que-ver-na-romenia\/castelos-na-romenia\/#breadcrumb\"},\"inLanguage\":\"pt-PT\",\"potentialAction\":[{\"@type\":\"ReadAction\",\"target\":[\"https:\/\/roadtoromania.com\/pt-pt\/monumentos-da-romenia-o-que-ver-na-romenia\/castelos-na-romenia\/\"]}]},{\"@type\":\"BreadcrumbList\",\"@id\":\"https:\/\/roadtoromania.com\/pt-pt\/monumentos-da-romenia-o-que-ver-na-romenia\/castelos-na-romenia\/#breadcrumb\",\"itemListElement\":[{\"@type\":\"ListItem\",\"position\":1,\"name\":\"Home\",\"item\":\"https:\/\/roadtoromania.com\/pt-pt\/\"},{\"@type\":\"ListItem\",\"position\":2,\"name\":\"Monumentos da Rom\u00e9nia &#8211; O que ver na Rom\u00e9nia\",\"item\":\"https:\/\/roadtoromania.com\/pt-pt\/monumentos-da-romenia-o-que-ver-na-romenia\/\"},{\"@type\":\"ListItem\",\"position\":3,\"name\":\"Castelos na Rom\u00e9nia\"}]},{\"@type\":\"WebSite\",\"@id\":\"https:\/\/roadtoromania.com\/pt-pt\/#website\",\"url\":\"https:\/\/roadtoromania.com\/pt-pt\/\",\"name\":\"Road to Romania\",\"description\":\"O blog onde encontrar\u00e1 toda a informa\u00e7\u00e3o de que necessita para desfrutar da Rom\u00e9nia.\",\"potentialAction\":[{\"@type\":\"SearchAction\",\"target\":{\"@type\":\"EntryPoint\",\"urlTemplate\":\"https:\/\/roadtoromania.com\/pt-pt\/?s={search_term_string}\"},\"query-input\":\"required name=search_term_string\"}],\"inLanguage\":\"pt-PT\"}]}<\/script>\n<!-- \/ Yoast SEO plugin. -->","yoast_head_json":{"title":"Castelos na Rom\u00e9nia - Road to Romania","robots":{"index":"index","follow":"follow","max-snippet":"max-snippet:-1","max-image-preview":"max-image-preview:large","max-video-preview":"max-video-preview:-1"},"canonical":"https:\/\/roadtoromania.com\/pt-pt\/monumentos-da-romenia-o-que-ver-na-romenia\/castelos-na-romenia\/","og_locale":"pt_PT","og_type":"article","og_title":"Castelos na Rom\u00e9nia - Road to Romania","og_description":"Para come\u00e7ar, devemos distinguir entre os edif\u00edcios particulares que vamos encontrar na Rom\u00e9nia, muitos deles na regi\u00e3o de Transilv\u00e2nia . Por um lado, existem os castelos tradicionais , diferentes das chamadas igrejas fortificadas, que s\u00e3o uma constru\u00e7\u00e3o peculiar resultante da situa\u00e7\u00e3o de ataque cont\u00ednuo sofrida pelas popula\u00e7\u00f5es romenas. Estas igrejas foram convertidas em fortalezas muradas &hellip; Castelos na Rom\u00e9nia Read More \u00bb","og_url":"https:\/\/roadtoromania.com\/pt-pt\/monumentos-da-romenia-o-que-ver-na-romenia\/castelos-na-romenia\/","og_site_name":"Road to Romania","article_modified_time":"2022-10-21T16:58:05+00:00","og_image":[{"width":600,"height":560,"url":"https:\/\/roadtoromania.com\/wp-content\/uploads\/2022\/10\/castillo_bran-1.jpg","type":"image\/jpeg"}],"twitter_card":"summary_large_image","twitter_misc":{"Tempo estimado de leitura":"2 minutos"},"schema":{"@context":"https:\/\/schema.org","@graph":[{"@type":"WebPage","@id":"https:\/\/roadtoromania.com\/pt-pt\/monumentos-da-romenia-o-que-ver-na-romenia\/castelos-na-romenia\/","url":"https:\/\/roadtoromania.com\/pt-pt\/monumentos-da-romenia-o-que-ver-na-romenia\/castelos-na-romenia\/","name":"Castelos na Rom\u00e9nia - Road to Romania","isPartOf":{"@id":"https:\/\/roadtoromania.com\/pt-pt\/#website"},"datePublished":"2022-10-15T18:40:16+00:00","dateModified":"2022-10-21T16:58:05+00:00","breadcrumb":{"@id":"https:\/\/roadtoromania.com\/pt-pt\/monumentos-da-romenia-o-que-ver-na-romenia\/castelos-na-romenia\/#breadcrumb"},"inLanguage":"pt-PT","potentialAction":[{"@type":"ReadAction","target":["https:\/\/roadtoromania.com\/pt-pt\/monumentos-da-romenia-o-que-ver-na-romenia\/castelos-na-romenia\/"]}]},{"@type":"BreadcrumbList","@id":"https:\/\/roadtoromania.com\/pt-pt\/monumentos-da-romenia-o-que-ver-na-romenia\/castelos-na-romenia\/#breadcrumb","itemListElement":[{"@type":"ListItem","position":1,"name":"Home","item":"https:\/\/roadtoromania.com\/pt-pt\/"},{"@type":"ListItem","position":2,"name":"Monumentos da Rom\u00e9nia &#8211; O que ver na Rom\u00e9nia","item":"https:\/\/roadtoromania.com\/pt-pt\/monumentos-da-romenia-o-que-ver-na-romenia\/"},{"@type":"ListItem","position":3,"name":"Castelos na Rom\u00e9nia"}]},{"@type":"WebSite","@id":"https:\/\/roadtoromania.com\/pt-pt\/#website","url":"https:\/\/roadtoromania.com\/pt-pt\/","name":"Road to Romania","description":"O blog onde encontrar\u00e1 toda a informa\u00e7\u00e3o de que necessita para desfrutar da Rom\u00e9nia.","potentialAction":[{"@type":"SearchAction","target":{"@type":"EntryPoint","urlTemplate":"https:\/\/roadtoromania.com\/pt-pt\/?s={search_term_string}"},"query-input":"required name=search_term_string"}],"inLanguage":"pt-PT"}]}},"_links":{"self":[{"href":"https:\/\/roadtoromania.com\/pt-pt\/wp-json\/wp\/v2\/pages\/3329","targetHints":{"allow":["GET"]}}],"collection":[{"href":"https:\/\/roadtoromania.com\/pt-pt\/wp-json\/wp\/v2\/pages"}],"about":[{"href":"https:\/\/roadtoromania.com\/pt-pt\/wp-json\/wp\/v2\/types\/page"}],"author":[{"embeddable":true,"href":"https:\/\/roadtoromania.com\/pt-pt\/wp-json\/wp\/v2\/users\/1"}],"replies":[{"embeddable":true,"href":"https:\/\/roadtoromania.com\/pt-pt\/wp-json\/wp\/v2\/comments?post=3329"}],"version-history":[{"count":0,"href":"https:\/\/roadtoromania.com\/pt-pt\/wp-json\/wp\/v2\/pages\/3329\/revisions"}],"up":[{"embeddable":true,"href":"https:\/\/roadtoromania.com\/pt-pt\/wp-json\/wp\/v2\/pages\/3324"}],"wp:featuredmedia":[{"embeddable":true,"href":"https:\/\/roadtoromania.com\/pt-pt\/wp-json\/wp\/v2\/media\/1617"}],"wp:attachment":[{"href":"https:\/\/roadtoromania.com\/pt-pt\/wp-json\/wp\/v2\/media?parent=3329"}],"curies":[{"name":"wp","href":"https:\/\/api.w.org\/{rel}","templated":true}]}}