{"id":3330,"date":"2022-10-15T18:40:16","date_gmt":"2022-10-15T18:40:16","guid":{"rendered":"https:\/\/roadtoromania.com\/monumentos-da-romenia-o-que-ver-na-romenia\/cemiterio-da-alegria-de-sapanta-sapanta\/"},"modified":"2022-10-21T16:58:05","modified_gmt":"2022-10-21T16:58:05","slug":"cemiterio-da-alegria-de-sapanta-sapanta","status":"publish","type":"page","link":"https:\/\/roadtoromania.com\/pt-pt\/monumentos-da-romenia-o-que-ver-na-romenia\/cemiterio-da-alegria-de-sapanta-sapanta\/","title":{"rendered":"Cemit\u00e9rio da Alegria de Sapanta (S\u0103p\u00e2n\u0163a)"},"content":{"rendered":"<p>O <strong>Cemit\u00e9rio de Sapanta<\/strong> \u00e9 um dos lugares mais pitorescos da Rom\u00e9nia. O seu colorido alegre pode ser comparado \u00e0 Floresta Animada de Oma do artista basco Ibarrola, em Bizkaia (Espanha), ou \u00e0s casas coloridas de Caminito, em Buenos Aires.<\/p>\n<h2>\nO alegre cemit\u00e9rio de Sapanta<\/h2>\n<p>\nConceber a morte como algo alegre e mesmo ir\u00f3nico n\u00e3o \u00e9 comum nas culturas europeias, onde o ritual da morte \u00e9 traduzido e associado a momentos tristes. Pelo contr\u00e1rio, o alegre cemit\u00e9rio de Sapanta (Cimiterul Vesel) \u00e9 uma explos\u00e3o de cores nos olhos do turista. \u00c9 o trabalho do artes\u00e3o Stan Ion Patras, que ap\u00f3s a Segunda Guerra Mundial deu vida \u00e0s cruzes que presidem aos t\u00famulos. Sobre uma base de madeira pintada de azul com ornamenta\u00e7\u00e3o floral, Patras desenhou cenas quotidianas da vida do falecido.<\/p>\n<p>\nAssim, encontramos agricultores, carpinteiros, pastores, artes\u00e3os, entre uma multid\u00e3o de cenas que representam algo simb\u00f3lico ou humor\u00edstico da vida do falecido.<\/p>\n<p>\nUma esp\u00e9cie de lema explica (se conhecemos um pouco de romeno ou se um romeno amig\u00e1vel nos ajuda) momentos curiosos na vida da pessoa retratada.<\/p>\n<p><img decoding=\"async\" src=\"https:\/\/roadtoromania.com\/wp-content\/uploads\/2022\/10\/p1012239.jpg\" \/>Detalhe de um dos t\u00famulos do cemit\u00e9rio de Sapanta.<\/p>\n<p>\nNunca nos cansaremos de tirar fotografias, mesmo da pequena biserica (igreja) que preside ao cemit\u00e9rio, que parece vigiar o &#8220;feliz&#8221; falecido de Sapanta.<\/p>\n<p>\nA igreja do cemit\u00e9rio preside a algumas missas e passar alguns minutos em sil\u00eancio no seu interior pode permitir-nos ver alguns exemplos de como \u00e9 o povo romeno, os seus costumes e folclore.<\/p>\n<p>\nNa sa\u00edda h\u00e1 muitas lojas improvisadas que vendem lembran\u00e7as, \u00edmanes, chap\u00e9us Maramures t\u00edpicos, chaveiros, alguma cer\u00e2mica e muitos outros produtos relacionados com a nossa visita ao Cemit\u00e9rio Sapanta.<\/p>\n<h2>\nMapa do Cemit\u00e9rio da Feliz em Sapanta<\/h2>\n","protected":false},"excerpt":{"rendered":"<p>O Cemit\u00e9rio de Sapanta \u00e9 um dos lugares mais pitorescos da Rom\u00e9nia. O seu colorido alegre pode ser comparado \u00e0 Floresta Animada de Oma do artista basco Ibarrola, em Bizkaia (Espanha), ou \u00e0s casas coloridas de Caminito, em Buenos Aires. O alegre cemit\u00e9rio de Sapanta Conceber a morte como algo alegre e mesmo ir\u00f3nico n\u00e3o &hellip;<\/p>\n<p class=\"read-more\"> <a class=\"\" href=\"https:\/\/roadtoromania.com\/pt-pt\/monumentos-da-romenia-o-que-ver-na-romenia\/cemiterio-da-alegria-de-sapanta-sapanta\/\"> <span class=\"screen-reader-text\">Cemit\u00e9rio da Alegria de Sapanta (S\u0103p\u00e2n\u0163a)<\/span> Read More \u00bb<\/a><\/p>\n","protected":false},"author":1,"featured_media":1631,"parent":3324,"menu_order":0,"comment_status":"open","ping_status":"open","template":"","meta":{"site-sidebar-layout":"default","site-content-layout":"default","ast-global-header-display":"","ast-main-header-display":"","ast-hfb-above-header-display":"","ast-hfb-below-header-display":"","ast-hfb-mobile-header-display":"","site-post-title":"","ast-breadcrumbs-content":"","ast-featured-img":"","footer-sml-layout":"","theme-transparent-header-meta":"","adv-header-id-meta":"","stick-header-meta":"","header-above-stick-meta":"","header-main-stick-meta":"","header-below-stick-meta":"","footnotes":""},"class_list":["post-3330","page","type-page","status-publish","has-post-thumbnail","hentry"],"yoast_head":"<!-- This site is optimized with the Yoast SEO plugin v19.10 - https:\/\/yoast.com\/wordpress\/plugins\/seo\/ -->\n<title>Cemit\u00e9rio da Alegria de Sapanta (S\u0103p\u00e2n\u0163a) - Road to Romania<\/title>\n<meta name=\"robots\" content=\"index, follow, max-snippet:-1, max-image-preview:large, max-video-preview:-1\" \/>\n<link rel=\"canonical\" href=\"https:\/\/roadtoromania.com\/pt-pt\/monumentos-da-romenia-o-que-ver-na-romenia\/cemiterio-da-alegria-de-sapanta-sapanta\/\" \/>\n<meta property=\"og:locale\" content=\"pt_PT\" \/>\n<meta property=\"og:type\" content=\"article\" \/>\n<meta property=\"og:title\" content=\"Cemit\u00e9rio da Alegria de Sapanta (S\u0103p\u00e2n\u0163a) - Road to Romania\" \/>\n<meta property=\"og:description\" content=\"O Cemit\u00e9rio de Sapanta \u00e9 um dos lugares mais pitorescos da Rom\u00e9nia. O seu colorido alegre pode ser comparado \u00e0 Floresta Animada de Oma do artista basco Ibarrola, em Bizkaia (Espanha), ou \u00e0s casas coloridas de Caminito, em Buenos Aires. O alegre cemit\u00e9rio de Sapanta Conceber a morte como algo alegre e mesmo ir\u00f3nico n\u00e3o &hellip; Cemit\u00e9rio da Alegria de Sapanta (S\u0103p\u00e2n\u0163a) Read More \u00bb\" \/>\n<meta property=\"og:url\" content=\"https:\/\/roadtoromania.com\/pt-pt\/monumentos-da-romenia-o-que-ver-na-romenia\/cemiterio-da-alegria-de-sapanta-sapanta\/\" \/>\n<meta property=\"og:site_name\" content=\"Road to Romania\" \/>\n<meta property=\"article:modified_time\" content=\"2022-10-21T16:58:05+00:00\" \/>\n<meta property=\"og:image\" content=\"https:\/\/roadtoromania.com\/wp-content\/uploads\/2022\/10\/p1012239-1.jpg\" \/>\n\t<meta property=\"og:image:width\" content=\"768\" \/>\n\t<meta property=\"og:image:height\" content=\"1024\" \/>\n\t<meta property=\"og:image:type\" content=\"image\/jpeg\" \/>\n<meta name=\"twitter:card\" content=\"summary_large_image\" \/>\n<meta name=\"twitter:label1\" content=\"Tempo estimado de leitura\" \/>\n\t<meta name=\"twitter:data1\" content=\"2 minutos\" \/>\n<script type=\"application\/ld+json\" class=\"yoast-schema-graph\">{\"@context\":\"https:\/\/schema.org\",\"@graph\":[{\"@type\":\"WebPage\",\"@id\":\"https:\/\/roadtoromania.com\/pt-pt\/monumentos-da-romenia-o-que-ver-na-romenia\/cemiterio-da-alegria-de-sapanta-sapanta\/\",\"url\":\"https:\/\/roadtoromania.com\/pt-pt\/monumentos-da-romenia-o-que-ver-na-romenia\/cemiterio-da-alegria-de-sapanta-sapanta\/\",\"name\":\"Cemit\u00e9rio da Alegria de Sapanta (S\u0103p\u00e2n\u0163a) - Road to Romania\",\"isPartOf\":{\"@id\":\"https:\/\/roadtoromania.com\/pt-pt\/#website\"},\"datePublished\":\"2022-10-15T18:40:16+00:00\",\"dateModified\":\"2022-10-21T16:58:05+00:00\",\"breadcrumb\":{\"@id\":\"https:\/\/roadtoromania.com\/pt-pt\/monumentos-da-romenia-o-que-ver-na-romenia\/cemiterio-da-alegria-de-sapanta-sapanta\/#breadcrumb\"},\"inLanguage\":\"pt-PT\",\"potentialAction\":[{\"@type\":\"ReadAction\",\"target\":[\"https:\/\/roadtoromania.com\/pt-pt\/monumentos-da-romenia-o-que-ver-na-romenia\/cemiterio-da-alegria-de-sapanta-sapanta\/\"]}]},{\"@type\":\"BreadcrumbList\",\"@id\":\"https:\/\/roadtoromania.com\/pt-pt\/monumentos-da-romenia-o-que-ver-na-romenia\/cemiterio-da-alegria-de-sapanta-sapanta\/#breadcrumb\",\"itemListElement\":[{\"@type\":\"ListItem\",\"position\":1,\"name\":\"Home\",\"item\":\"https:\/\/roadtoromania.com\/pt-pt\/\"},{\"@type\":\"ListItem\",\"position\":2,\"name\":\"Monumentos da Rom\u00e9nia &#8211; O que ver na Rom\u00e9nia\",\"item\":\"https:\/\/roadtoromania.com\/pt-pt\/monumentos-da-romenia-o-que-ver-na-romenia\/\"},{\"@type\":\"ListItem\",\"position\":3,\"name\":\"Cemit\u00e9rio da Alegria de Sapanta (S\u0103p\u00e2n\u0163a)\"}]},{\"@type\":\"WebSite\",\"@id\":\"https:\/\/roadtoromania.com\/pt-pt\/#website\",\"url\":\"https:\/\/roadtoromania.com\/pt-pt\/\",\"name\":\"Road to Romania\",\"description\":\"O blog onde encontrar\u00e1 toda a informa\u00e7\u00e3o de que necessita para desfrutar da Rom\u00e9nia.\",\"potentialAction\":[{\"@type\":\"SearchAction\",\"target\":{\"@type\":\"EntryPoint\",\"urlTemplate\":\"https:\/\/roadtoromania.com\/pt-pt\/?s={search_term_string}\"},\"query-input\":\"required name=search_term_string\"}],\"inLanguage\":\"pt-PT\"}]}<\/script>\n<!-- \/ Yoast SEO plugin. -->","yoast_head_json":{"title":"Cemit\u00e9rio da Alegria de Sapanta (S\u0103p\u00e2n\u0163a) - Road to Romania","robots":{"index":"index","follow":"follow","max-snippet":"max-snippet:-1","max-image-preview":"max-image-preview:large","max-video-preview":"max-video-preview:-1"},"canonical":"https:\/\/roadtoromania.com\/pt-pt\/monumentos-da-romenia-o-que-ver-na-romenia\/cemiterio-da-alegria-de-sapanta-sapanta\/","og_locale":"pt_PT","og_type":"article","og_title":"Cemit\u00e9rio da Alegria de Sapanta (S\u0103p\u00e2n\u0163a) - Road to Romania","og_description":"O Cemit\u00e9rio de Sapanta \u00e9 um dos lugares mais pitorescos da Rom\u00e9nia. O seu colorido alegre pode ser comparado \u00e0 Floresta Animada de Oma do artista basco Ibarrola, em Bizkaia (Espanha), ou \u00e0s casas coloridas de Caminito, em Buenos Aires. O alegre cemit\u00e9rio de Sapanta Conceber a morte como algo alegre e mesmo ir\u00f3nico n\u00e3o &hellip; Cemit\u00e9rio da Alegria de Sapanta (S\u0103p\u00e2n\u0163a) Read More \u00bb","og_url":"https:\/\/roadtoromania.com\/pt-pt\/monumentos-da-romenia-o-que-ver-na-romenia\/cemiterio-da-alegria-de-sapanta-sapanta\/","og_site_name":"Road to Romania","article_modified_time":"2022-10-21T16:58:05+00:00","og_image":[{"width":768,"height":1024,"url":"https:\/\/roadtoromania.com\/wp-content\/uploads\/2022\/10\/p1012239-1.jpg","type":"image\/jpeg"}],"twitter_card":"summary_large_image","twitter_misc":{"Tempo estimado de leitura":"2 minutos"},"schema":{"@context":"https:\/\/schema.org","@graph":[{"@type":"WebPage","@id":"https:\/\/roadtoromania.com\/pt-pt\/monumentos-da-romenia-o-que-ver-na-romenia\/cemiterio-da-alegria-de-sapanta-sapanta\/","url":"https:\/\/roadtoromania.com\/pt-pt\/monumentos-da-romenia-o-que-ver-na-romenia\/cemiterio-da-alegria-de-sapanta-sapanta\/","name":"Cemit\u00e9rio da Alegria de Sapanta (S\u0103p\u00e2n\u0163a) - Road to Romania","isPartOf":{"@id":"https:\/\/roadtoromania.com\/pt-pt\/#website"},"datePublished":"2022-10-15T18:40:16+00:00","dateModified":"2022-10-21T16:58:05+00:00","breadcrumb":{"@id":"https:\/\/roadtoromania.com\/pt-pt\/monumentos-da-romenia-o-que-ver-na-romenia\/cemiterio-da-alegria-de-sapanta-sapanta\/#breadcrumb"},"inLanguage":"pt-PT","potentialAction":[{"@type":"ReadAction","target":["https:\/\/roadtoromania.com\/pt-pt\/monumentos-da-romenia-o-que-ver-na-romenia\/cemiterio-da-alegria-de-sapanta-sapanta\/"]}]},{"@type":"BreadcrumbList","@id":"https:\/\/roadtoromania.com\/pt-pt\/monumentos-da-romenia-o-que-ver-na-romenia\/cemiterio-da-alegria-de-sapanta-sapanta\/#breadcrumb","itemListElement":[{"@type":"ListItem","position":1,"name":"Home","item":"https:\/\/roadtoromania.com\/pt-pt\/"},{"@type":"ListItem","position":2,"name":"Monumentos da Rom\u00e9nia &#8211; O que ver na Rom\u00e9nia","item":"https:\/\/roadtoromania.com\/pt-pt\/monumentos-da-romenia-o-que-ver-na-romenia\/"},{"@type":"ListItem","position":3,"name":"Cemit\u00e9rio da Alegria de Sapanta (S\u0103p\u00e2n\u0163a)"}]},{"@type":"WebSite","@id":"https:\/\/roadtoromania.com\/pt-pt\/#website","url":"https:\/\/roadtoromania.com\/pt-pt\/","name":"Road to Romania","description":"O blog onde encontrar\u00e1 toda a informa\u00e7\u00e3o de que necessita para desfrutar da Rom\u00e9nia.","potentialAction":[{"@type":"SearchAction","target":{"@type":"EntryPoint","urlTemplate":"https:\/\/roadtoromania.com\/pt-pt\/?s={search_term_string}"},"query-input":"required name=search_term_string"}],"inLanguage":"pt-PT"}]}},"_links":{"self":[{"href":"https:\/\/roadtoromania.com\/pt-pt\/wp-json\/wp\/v2\/pages\/3330","targetHints":{"allow":["GET"]}}],"collection":[{"href":"https:\/\/roadtoromania.com\/pt-pt\/wp-json\/wp\/v2\/pages"}],"about":[{"href":"https:\/\/roadtoromania.com\/pt-pt\/wp-json\/wp\/v2\/types\/page"}],"author":[{"embeddable":true,"href":"https:\/\/roadtoromania.com\/pt-pt\/wp-json\/wp\/v2\/users\/1"}],"replies":[{"embeddable":true,"href":"https:\/\/roadtoromania.com\/pt-pt\/wp-json\/wp\/v2\/comments?post=3330"}],"version-history":[{"count":0,"href":"https:\/\/roadtoromania.com\/pt-pt\/wp-json\/wp\/v2\/pages\/3330\/revisions"}],"up":[{"embeddable":true,"href":"https:\/\/roadtoromania.com\/pt-pt\/wp-json\/wp\/v2\/pages\/3324"}],"wp:featuredmedia":[{"embeddable":true,"href":"https:\/\/roadtoromania.com\/pt-pt\/wp-json\/wp\/v2\/media\/1631"}],"wp:attachment":[{"href":"https:\/\/roadtoromania.com\/pt-pt\/wp-json\/wp\/v2\/media?parent=3330"}],"curies":[{"name":"wp","href":"https:\/\/api.w.org\/{rel}","templated":true}]}}