{"id":3331,"date":"2022-10-15T18:40:16","date_gmt":"2022-10-15T18:40:16","guid":{"rendered":"https:\/\/roadtoromania.com\/monumentos-da-romenia-o-que-ver-na-romenia\/excursao-ao-castelo-de-peles-de-bucareste\/"},"modified":"2022-10-21T16:58:05","modified_gmt":"2022-10-21T16:58:05","slug":"excursao-ao-castelo-de-peles-de-bucareste","status":"publish","type":"page","link":"https:\/\/roadtoromania.com\/pt-pt\/excursao-ao-castelo-de-peles-de-bucareste\/","title":{"rendered":"Excurs\u00e3o ao Castelo de Peles de Bucareste"},"content":{"rendered":"<p>O <a href=\"https:\/\/roadtoromania.com\/pt-pt\/monumentos-da-romenia-o-que-ver-na-romenia\/castelo-de-peles-em-sinaia\/\"> <strong>Castelo de Peles em Sinaia<\/strong><\/a> \u00e9 um dos lugares mais visitados na Rom\u00e9nia. Localizado num belo cen\u00e1rio arborizado, o castelo \u00e9 na realidade um pal\u00e1cio residencial de estilo neo-renascentista e elementos arquitect\u00f3nicos sax\u00f3nicos.<\/p>\n<p><img decoding=\"async\" src=\"https:\/\/roadtoromania.com\/wp-content\/uploads\/2022\/10\/castillo_sinaia_rumania.jpg\" \/>Castelo de Sinaia. Excurs\u00f5es de Bucareste<\/p>\n<p>\nConstru\u00eddo em 1873 a pedido do Pr\u00edncipe Carlos, o Castelo de Sinaia (antigo Podul Neagului) tornou-se uma resid\u00eancia real de Ver\u00e3o. Pol\u00edticos importantes e monarcas europeus permaneceram aqui durante as suas visitas \u00e0 Rom\u00e9nia. Agora um museu, pode visitar o interior para ver as salas palacianas. Nos seus luxuosos sal\u00f5es e salas, pode observar a vida quotidiana do pal\u00e1cio de Sinaia no in\u00edcio do s\u00e9culo XX.<\/p>\n<p>\nDe <strong>Bucareste<\/strong> h\u00e1 viagens de um dia em ingl\u00eas que combinam o Castelo de Peles com outras partes de <strong>Transilv\u00e2nia<\/strong> como o Vale do Prahova, a bela cidade de<\/strong> Brasov<\/strong> , ou o Castelo de Bran<\/strong> (conhecido como o Castelo de Dr\u00e1cula)<\/p>\n","protected":false},"excerpt":{"rendered":"<p>O Castelo de Peles em Sinaia \u00e9 um dos lugares mais visitados na Rom\u00e9nia. Localizado num belo cen\u00e1rio arborizado, o castelo \u00e9 na realidade um pal\u00e1cio residencial de estilo neo-renascentista e elementos arquitect\u00f3nicos sax\u00f3nicos. Castelo de Sinaia. Excurs\u00f5es de Bucareste Constru\u00eddo em 1873 a pedido do Pr\u00edncipe Carlos, o Castelo de Sinaia (antigo Podul Neagului) &hellip;<\/p>\n<p class=\"read-more\"> <a class=\"\" href=\"https:\/\/roadtoromania.com\/pt-pt\/excursao-ao-castelo-de-peles-de-bucareste\/\"> <span class=\"screen-reader-text\">Excurs\u00e3o ao Castelo de Peles de Bucareste<\/span> Read More \u00bb<\/a><\/p>\n","protected":false},"author":1,"featured_media":1639,"parent":0,"menu_order":0,"comment_status":"open","ping_status":"open","template":"","meta":{"site-sidebar-layout":"default","site-content-layout":"default","ast-global-header-display":"","ast-main-header-display":"","ast-hfb-above-header-display":"","ast-hfb-below-header-display":"","ast-hfb-mobile-header-display":"","site-post-title":"","ast-breadcrumbs-content":"","ast-featured-img":"","footer-sml-layout":"","theme-transparent-header-meta":"","adv-header-id-meta":"","stick-header-meta":"","header-above-stick-meta":"","header-main-stick-meta":"","header-below-stick-meta":"","footnotes":""},"class_list":["post-3331","page","type-page","status-publish","has-post-thumbnail","hentry"],"yoast_head":"<!-- This site is optimized with the Yoast SEO plugin v19.10 - https:\/\/yoast.com\/wordpress\/plugins\/seo\/ -->\n<title>Excurs\u00e3o ao Castelo de Peles de Bucareste - Road to Romania<\/title>\n<meta name=\"robots\" content=\"index, follow, max-snippet:-1, max-image-preview:large, max-video-preview:-1\" \/>\n<link rel=\"canonical\" href=\"https:\/\/roadtoromania.com\/pt-pt\/excursao-ao-castelo-de-peles-de-bucareste\/\" \/>\n<meta property=\"og:locale\" content=\"pt_PT\" \/>\n<meta property=\"og:type\" content=\"article\" \/>\n<meta property=\"og:title\" content=\"Excurs\u00e3o ao Castelo de Peles de Bucareste - Road to Romania\" \/>\n<meta property=\"og:description\" content=\"O Castelo de Peles em Sinaia \u00e9 um dos lugares mais visitados na Rom\u00e9nia. Localizado num belo cen\u00e1rio arborizado, o castelo \u00e9 na realidade um pal\u00e1cio residencial de estilo neo-renascentista e elementos arquitect\u00f3nicos sax\u00f3nicos. Castelo de Sinaia. Excurs\u00f5es de Bucareste Constru\u00eddo em 1873 a pedido do Pr\u00edncipe Carlos, o Castelo de Sinaia (antigo Podul Neagului) &hellip; Excurs\u00e3o ao Castelo de Peles de Bucareste Read More \u00bb\" \/>\n<meta property=\"og:url\" content=\"https:\/\/roadtoromania.com\/pt-pt\/excursao-ao-castelo-de-peles-de-bucareste\/\" \/>\n<meta property=\"og:site_name\" content=\"Road to Romania\" \/>\n<meta property=\"article:modified_time\" content=\"2022-10-21T16:58:05+00:00\" \/>\n<meta property=\"og:image\" content=\"https:\/\/roadtoromania.com\/wp-content\/uploads\/2022\/10\/castillo_sinaia_rumania-1.jpg\" \/>\n\t<meta property=\"og:image:width\" content=\"768\" \/>\n\t<meta property=\"og:image:height\" content=\"462\" \/>\n\t<meta property=\"og:image:type\" content=\"image\/jpeg\" \/>\n<meta name=\"twitter:card\" content=\"summary_large_image\" \/>\n<meta name=\"twitter:label1\" content=\"Tempo estimado de leitura\" \/>\n\t<meta name=\"twitter:data1\" content=\"1 minuto\" \/>\n<script type=\"application\/ld+json\" class=\"yoast-schema-graph\">{\"@context\":\"https:\/\/schema.org\",\"@graph\":[{\"@type\":\"WebPage\",\"@id\":\"https:\/\/roadtoromania.com\/pt-pt\/excursao-ao-castelo-de-peles-de-bucareste\/\",\"url\":\"https:\/\/roadtoromania.com\/pt-pt\/excursao-ao-castelo-de-peles-de-bucareste\/\",\"name\":\"Excurs\u00e3o ao Castelo de Peles de Bucareste - Road to Romania\",\"isPartOf\":{\"@id\":\"https:\/\/roadtoromania.com\/pt-pt\/#website\"},\"datePublished\":\"2022-10-15T18:40:16+00:00\",\"dateModified\":\"2022-10-21T16:58:05+00:00\",\"breadcrumb\":{\"@id\":\"https:\/\/roadtoromania.com\/pt-pt\/excursao-ao-castelo-de-peles-de-bucareste\/#breadcrumb\"},\"inLanguage\":\"pt-PT\",\"potentialAction\":[{\"@type\":\"ReadAction\",\"target\":[\"https:\/\/roadtoromania.com\/pt-pt\/excursao-ao-castelo-de-peles-de-bucareste\/\"]}]},{\"@type\":\"BreadcrumbList\",\"@id\":\"https:\/\/roadtoromania.com\/pt-pt\/excursao-ao-castelo-de-peles-de-bucareste\/#breadcrumb\",\"itemListElement\":[{\"@type\":\"ListItem\",\"position\":1,\"name\":\"Home\",\"item\":\"https:\/\/roadtoromania.com\/pt-pt\/\"},{\"@type\":\"ListItem\",\"position\":2,\"name\":\"Monumentos da Rom\u00e9nia &#8211; O que ver na Rom\u00e9nia\",\"item\":\"https:\/\/roadtoromania.com\/pt-pt\/monumentos-da-romenia-o-que-ver-na-romenia\/\"},{\"@type\":\"ListItem\",\"position\":3,\"name\":\"Excurs\u00e3o ao Castelo de Peles de Bucareste\"}]},{\"@type\":\"WebSite\",\"@id\":\"https:\/\/roadtoromania.com\/pt-pt\/#website\",\"url\":\"https:\/\/roadtoromania.com\/pt-pt\/\",\"name\":\"Road to Romania\",\"description\":\"O blog onde encontrar\u00e1 toda a informa\u00e7\u00e3o de que necessita para desfrutar da Rom\u00e9nia.\",\"potentialAction\":[{\"@type\":\"SearchAction\",\"target\":{\"@type\":\"EntryPoint\",\"urlTemplate\":\"https:\/\/roadtoromania.com\/pt-pt\/?s={search_term_string}\"},\"query-input\":\"required name=search_term_string\"}],\"inLanguage\":\"pt-PT\"}]}<\/script>\n<!-- \/ Yoast SEO plugin. -->","yoast_head_json":{"title":"Excurs\u00e3o ao Castelo de Peles de Bucareste - Road to Romania","robots":{"index":"index","follow":"follow","max-snippet":"max-snippet:-1","max-image-preview":"max-image-preview:large","max-video-preview":"max-video-preview:-1"},"canonical":"https:\/\/roadtoromania.com\/pt-pt\/excursao-ao-castelo-de-peles-de-bucareste\/","og_locale":"pt_PT","og_type":"article","og_title":"Excurs\u00e3o ao Castelo de Peles de Bucareste - Road to Romania","og_description":"O Castelo de Peles em Sinaia \u00e9 um dos lugares mais visitados na Rom\u00e9nia. Localizado num belo cen\u00e1rio arborizado, o castelo \u00e9 na realidade um pal\u00e1cio residencial de estilo neo-renascentista e elementos arquitect\u00f3nicos sax\u00f3nicos. Castelo de Sinaia. Excurs\u00f5es de Bucareste Constru\u00eddo em 1873 a pedido do Pr\u00edncipe Carlos, o Castelo de Sinaia (antigo Podul Neagului) &hellip; Excurs\u00e3o ao Castelo de Peles de Bucareste Read More \u00bb","og_url":"https:\/\/roadtoromania.com\/pt-pt\/excursao-ao-castelo-de-peles-de-bucareste\/","og_site_name":"Road to Romania","article_modified_time":"2022-10-21T16:58:05+00:00","og_image":[{"width":768,"height":462,"url":"https:\/\/roadtoromania.com\/wp-content\/uploads\/2022\/10\/castillo_sinaia_rumania-1.jpg","type":"image\/jpeg"}],"twitter_card":"summary_large_image","twitter_misc":{"Tempo estimado de leitura":"1 minuto"},"schema":{"@context":"https:\/\/schema.org","@graph":[{"@type":"WebPage","@id":"https:\/\/roadtoromania.com\/pt-pt\/excursao-ao-castelo-de-peles-de-bucareste\/","url":"https:\/\/roadtoromania.com\/pt-pt\/excursao-ao-castelo-de-peles-de-bucareste\/","name":"Excurs\u00e3o ao Castelo de Peles de Bucareste - Road to Romania","isPartOf":{"@id":"https:\/\/roadtoromania.com\/pt-pt\/#website"},"datePublished":"2022-10-15T18:40:16+00:00","dateModified":"2022-10-21T16:58:05+00:00","breadcrumb":{"@id":"https:\/\/roadtoromania.com\/pt-pt\/excursao-ao-castelo-de-peles-de-bucareste\/#breadcrumb"},"inLanguage":"pt-PT","potentialAction":[{"@type":"ReadAction","target":["https:\/\/roadtoromania.com\/pt-pt\/excursao-ao-castelo-de-peles-de-bucareste\/"]}]},{"@type":"BreadcrumbList","@id":"https:\/\/roadtoromania.com\/pt-pt\/excursao-ao-castelo-de-peles-de-bucareste\/#breadcrumb","itemListElement":[{"@type":"ListItem","position":1,"name":"Home","item":"https:\/\/roadtoromania.com\/pt-pt\/"},{"@type":"ListItem","position":2,"name":"Monumentos da Rom\u00e9nia &#8211; O que ver na Rom\u00e9nia","item":"https:\/\/roadtoromania.com\/pt-pt\/monumentos-da-romenia-o-que-ver-na-romenia\/"},{"@type":"ListItem","position":3,"name":"Excurs\u00e3o ao Castelo de Peles de Bucareste"}]},{"@type":"WebSite","@id":"https:\/\/roadtoromania.com\/pt-pt\/#website","url":"https:\/\/roadtoromania.com\/pt-pt\/","name":"Road to Romania","description":"O blog onde encontrar\u00e1 toda a informa\u00e7\u00e3o de que necessita para desfrutar da Rom\u00e9nia.","potentialAction":[{"@type":"SearchAction","target":{"@type":"EntryPoint","urlTemplate":"https:\/\/roadtoromania.com\/pt-pt\/?s={search_term_string}"},"query-input":"required name=search_term_string"}],"inLanguage":"pt-PT"}]}},"_links":{"self":[{"href":"https:\/\/roadtoromania.com\/pt-pt\/wp-json\/wp\/v2\/pages\/3331","targetHints":{"allow":["GET"]}}],"collection":[{"href":"https:\/\/roadtoromania.com\/pt-pt\/wp-json\/wp\/v2\/pages"}],"about":[{"href":"https:\/\/roadtoromania.com\/pt-pt\/wp-json\/wp\/v2\/types\/page"}],"author":[{"embeddable":true,"href":"https:\/\/roadtoromania.com\/pt-pt\/wp-json\/wp\/v2\/users\/1"}],"replies":[{"embeddable":true,"href":"https:\/\/roadtoromania.com\/pt-pt\/wp-json\/wp\/v2\/comments?post=3331"}],"version-history":[{"count":0,"href":"https:\/\/roadtoromania.com\/pt-pt\/wp-json\/wp\/v2\/pages\/3331\/revisions"}],"wp:featuredmedia":[{"embeddable":true,"href":"https:\/\/roadtoromania.com\/pt-pt\/wp-json\/wp\/v2\/media\/1639"}],"wp:attachment":[{"href":"https:\/\/roadtoromania.com\/pt-pt\/wp-json\/wp\/v2\/media?parent=3331"}],"curies":[{"name":"wp","href":"https:\/\/api.w.org\/{rel}","templated":true}]}}