{"id":3333,"date":"2022-10-15T18:40:18","date_gmt":"2022-10-15T18:40:18","guid":{"rendered":"https:\/\/roadtoromania.com\/monumentos-da-romenia-o-que-ver-na-romenia\/mosteiro-cozia\/"},"modified":"2022-10-21T16:58:14","modified_gmt":"2022-10-21T16:58:14","slug":"mosteiro-cozia","status":"publish","type":"page","link":"https:\/\/roadtoromania.com\/pt-pt\/monumentos-da-romenia-o-que-ver-na-romenia\/mosteiro-cozia\/","title":{"rendered":"Mosteiro Cozia"},"content":{"rendered":"<p>O mosteiro <strong>Cozia<\/strong> \u00e9 um dos melhores exemplos da arte bizantina na Europa, sendo o \u00fanico do seu g\u00e9nero na Rom\u00e9nia. Est\u00e1 situada nas margens do rio Olt, nos arredores da cidade de C\u0103lim\u0103ne\u0219ti, na regi\u00e3o da Wallachia.<\/p>\n<p><img decoding=\"async\" src=\"https:\/\/roadtoromania.com\/wp-content\/uploads\/2022\/10\/monasterio-de-cozia-rumania.jpg\" \/>Mosteiro de Cozia<\/p>\n<p>\nA conselho do monge Nicodem Tismana, mais tarde conselheiro do pr\u00edncipe voivode, Mircea I da Val\u00e1quia (Mircea cel B\u0103tr\u00e2n, apelidado de Velho) promoveu a sua constru\u00e7\u00e3o entre 1386-1388, e ap\u00f3s a sua morte o seu corpo repousa no mausol\u00e9u do mosteiro. Como outros mosteiros na Rom\u00e9nia, al\u00e9m da sua tarefa de administrar o territ\u00f3rio e preservar a cultura teol\u00f3gica, Cozia serviu de basti\u00e3o defensivo para controlar o territ\u00f3rio. Alguns anos ap\u00f3s a conclus\u00e3o do complexo, os frescos foram pintados, por volta de 1390-91, que foram preservados at\u00e9 hoje.<\/p>\n<p>\nA igreja foi renovada em 1517 durante o reinado do voivode Neagoe Basarab da fam\u00edlia Craiove\u015fti, e tamb\u00e9m no in\u00edcio do s\u00e9culo XVIII pelo governante val\u00e1quio Constantin Br\u00e2ncoveanu, acrescentando a galeria de nartex que precede a entrada da igreja, uma capela, fontes e a torre do rel\u00f3gio, elementos caracter\u00edsticos do estilo Br\u00e2ncovenesc. Ambos os pr\u00edncipes s\u00e3o retratados nas paredes do mosteiro de Cozia. Em 1821, durante a revolta contra o dom\u00ednio otomano, o l\u00edder val\u00e1quio Tudor Vladimirescu utilizou-o como local de defesa.<\/p>\n<p>\nRodeado por fortes muros e com a defesa natural do rio de um lado, o nome Cozia vem de &#8220;nuget&#8221;, que significa nogueira na l\u00edngua Cuman, uma refer\u00eancia \u00e0s \u00e1rvores que ainda se encontram \u00e0 sua volta. Os Cumans eram tribos n\u00f3madas da Turquia que se estabeleceram no territ\u00f3rio da actual Bulg\u00e1ria, Rom\u00e9nia &#8211; especialmente da Transilv\u00e2nia &#8211; e Hungria. O seu significado \u00e9 &#8220;nogueira&#8221; e embora tamb\u00e9m seja mencionado como Nucetul (equivalente romeno), o nome Cozia era o predominante.<\/p>\n<p> Visita ao Mosteiro Cozia<\/strong> <\/h2>\n<p>\nUm passadi\u00e7o arborizado leva \u00e0 entrada do mosteiro, onde se destacam os frescos no exterior dos pronaos. Pedra e tijolo alternam na constru\u00e7\u00e3o, indicando o estilo bizantino, o trabalho de artistas s\u00e9rvios da Escola Mor\u00e1via.<\/p>\n<p>\nAs paredes s\u00e3o decoradas com rosetas de pedra, linhas horizontais de estilo bizantino de tijolo e pedra, e as molduras verticais s\u00e3o sem precedentes na arquitectura wallachiana. A semelhan\u00e7a com a igreja de Lazarica indica que Mircea I contratou artistas s\u00e9rvios da Escola Mor\u00e1via.<\/p>\n<p>\nOs papas que ainda vivem no mosteiro s\u00e3o respons\u00e1veis pela sua manuten\u00e7\u00e3o, raz\u00e3o pela qual este permanece um lugar silencioso de ora\u00e7\u00e3o e recolhimento. Al\u00e9m da igreja, pode visitar as duas capelas com as suas c\u00fapulas bizantinas fotog\u00e9nicas &#8211; uma de 1583 e a outra de 1710 &#8211; e o museu de arte sacra com \u00edcones e manuscritos antigos. N\u00e3o est\u00e1 autorizado a tirar fotografias, mas pode tentar conversar com os monges e, com muita vontade, pedir autoriza\u00e7\u00e3o.<\/p>\n<p>\nO mosteiro \u00e9 a porta de entrada para o Parque Nacional de Cozia, e a poucos quil\u00f3metros est\u00e3o os restos de antigos banhos romanos, bem como a Torre Vermelha, um local defensivo que parece ter o nome das batalhas sangrentas e do sangue derramado no rio.<\/p>\n<p> Como chegar ao Mosteiro Cozia<\/strong> <\/h2>\n<p>\nO mosteiro n\u00e3o \u00e9 f\u00e1cil de alcan\u00e7ar por transportes p\u00fablicos, pelo que a melhor op\u00e7\u00e3o \u00e9 por carro alugado ou num passeio a partir de Bucareste ou Sibiu. De facto, se estiver a viajar entre Bucareste e Sibiu em direc\u00e7\u00e3o \u00e0 Transilv\u00e2nia, uma paragem no Mosteiro Cozia \u00e9 uma paragem obrigat\u00f3ria.<\/p>\n<p> Mapa do Mosteiro Cozia<\/strong> <\/h2>\n","protected":false},"excerpt":{"rendered":"<p>O mosteiro Cozia \u00e9 um dos melhores exemplos da arte bizantina na Europa, sendo o \u00fanico do seu g\u00e9nero na Rom\u00e9nia. Est\u00e1 situada nas margens do rio Olt, nos arredores da cidade de C\u0103lim\u0103ne\u0219ti, na regi\u00e3o da Wallachia. Mosteiro de Cozia A conselho do monge Nicodem Tismana, mais tarde conselheiro do pr\u00edncipe voivode, Mircea I &hellip;<\/p>\n<p class=\"read-more\"> <a class=\"\" href=\"https:\/\/roadtoromania.com\/pt-pt\/monumentos-da-romenia-o-que-ver-na-romenia\/mosteiro-cozia\/\"> <span class=\"screen-reader-text\">Mosteiro Cozia<\/span> Read More \u00bb<\/a><\/p>\n","protected":false},"author":1,"featured_media":1661,"parent":3324,"menu_order":0,"comment_status":"open","ping_status":"open","template":"","meta":{"site-sidebar-layout":"default","site-content-layout":"default","ast-global-header-display":"","ast-main-header-display":"","ast-hfb-above-header-display":"","ast-hfb-below-header-display":"","ast-hfb-mobile-header-display":"","site-post-title":"","ast-breadcrumbs-content":"","ast-featured-img":"","footer-sml-layout":"","theme-transparent-header-meta":"","adv-header-id-meta":"","stick-header-meta":"","header-above-stick-meta":"","header-main-stick-meta":"","header-below-stick-meta":"","footnotes":""},"class_list":["post-3333","page","type-page","status-publish","has-post-thumbnail","hentry"],"yoast_head":"<!-- This site is optimized with the Yoast SEO plugin v19.10 - https:\/\/yoast.com\/wordpress\/plugins\/seo\/ -->\n<title>Mosteiro Cozia - Road to Romania<\/title>\n<meta name=\"robots\" content=\"index, follow, max-snippet:-1, max-image-preview:large, max-video-preview:-1\" \/>\n<link rel=\"canonical\" href=\"https:\/\/roadtoromania.com\/pt-pt\/monumentos-da-romenia-o-que-ver-na-romenia\/mosteiro-cozia\/\" \/>\n<meta property=\"og:locale\" content=\"pt_PT\" \/>\n<meta property=\"og:type\" content=\"article\" \/>\n<meta property=\"og:title\" content=\"Mosteiro Cozia - Road to Romania\" \/>\n<meta property=\"og:description\" content=\"O mosteiro Cozia \u00e9 um dos melhores exemplos da arte bizantina na Europa, sendo o \u00fanico do seu g\u00e9nero na Rom\u00e9nia. Est\u00e1 situada nas margens do rio Olt, nos arredores da cidade de C\u0103lim\u0103ne\u0219ti, na regi\u00e3o da Wallachia. Mosteiro de Cozia A conselho do monge Nicodem Tismana, mais tarde conselheiro do pr\u00edncipe voivode, Mircea I &hellip; Mosteiro Cozia Read More \u00bb\" \/>\n<meta property=\"og:url\" content=\"https:\/\/roadtoromania.com\/pt-pt\/monumentos-da-romenia-o-que-ver-na-romenia\/mosteiro-cozia\/\" \/>\n<meta property=\"og:site_name\" content=\"Road to Romania\" \/>\n<meta property=\"article:modified_time\" content=\"2022-10-21T16:58:14+00:00\" \/>\n<meta property=\"og:image\" content=\"https:\/\/roadtoromania.com\/wp-content\/uploads\/2022\/10\/monasterio-de-cozia-rumania-1.jpg\" \/>\n\t<meta property=\"og:image:width\" content=\"768\" \/>\n\t<meta property=\"og:image:height\" content=\"377\" \/>\n\t<meta property=\"og:image:type\" content=\"image\/jpeg\" \/>\n<meta name=\"twitter:card\" content=\"summary_large_image\" \/>\n<meta name=\"twitter:label1\" content=\"Tempo estimado de leitura\" \/>\n\t<meta name=\"twitter:data1\" content=\"3 minutos\" \/>\n<script type=\"application\/ld+json\" class=\"yoast-schema-graph\">{\"@context\":\"https:\/\/schema.org\",\"@graph\":[{\"@type\":\"WebPage\",\"@id\":\"https:\/\/roadtoromania.com\/pt-pt\/monumentos-da-romenia-o-que-ver-na-romenia\/mosteiro-cozia\/\",\"url\":\"https:\/\/roadtoromania.com\/pt-pt\/monumentos-da-romenia-o-que-ver-na-romenia\/mosteiro-cozia\/\",\"name\":\"Mosteiro Cozia - Road to Romania\",\"isPartOf\":{\"@id\":\"https:\/\/roadtoromania.com\/pt-pt\/#website\"},\"datePublished\":\"2022-10-15T18:40:18+00:00\",\"dateModified\":\"2022-10-21T16:58:14+00:00\",\"breadcrumb\":{\"@id\":\"https:\/\/roadtoromania.com\/pt-pt\/monumentos-da-romenia-o-que-ver-na-romenia\/mosteiro-cozia\/#breadcrumb\"},\"inLanguage\":\"pt-PT\",\"potentialAction\":[{\"@type\":\"ReadAction\",\"target\":[\"https:\/\/roadtoromania.com\/pt-pt\/monumentos-da-romenia-o-que-ver-na-romenia\/mosteiro-cozia\/\"]}]},{\"@type\":\"BreadcrumbList\",\"@id\":\"https:\/\/roadtoromania.com\/pt-pt\/monumentos-da-romenia-o-que-ver-na-romenia\/mosteiro-cozia\/#breadcrumb\",\"itemListElement\":[{\"@type\":\"ListItem\",\"position\":1,\"name\":\"Home\",\"item\":\"https:\/\/roadtoromania.com\/pt-pt\/\"},{\"@type\":\"ListItem\",\"position\":2,\"name\":\"Monumentos da Rom\u00e9nia &#8211; O que ver na Rom\u00e9nia\",\"item\":\"https:\/\/roadtoromania.com\/pt-pt\/monumentos-da-romenia-o-que-ver-na-romenia\/\"},{\"@type\":\"ListItem\",\"position\":3,\"name\":\"Mosteiro Cozia\"}]},{\"@type\":\"WebSite\",\"@id\":\"https:\/\/roadtoromania.com\/pt-pt\/#website\",\"url\":\"https:\/\/roadtoromania.com\/pt-pt\/\",\"name\":\"Road to Romania\",\"description\":\"O blog onde encontrar\u00e1 toda a informa\u00e7\u00e3o de que necessita para desfrutar da Rom\u00e9nia.\",\"potentialAction\":[{\"@type\":\"SearchAction\",\"target\":{\"@type\":\"EntryPoint\",\"urlTemplate\":\"https:\/\/roadtoromania.com\/pt-pt\/?s={search_term_string}\"},\"query-input\":\"required name=search_term_string\"}],\"inLanguage\":\"pt-PT\"}]}<\/script>\n<!-- \/ Yoast SEO plugin. -->","yoast_head_json":{"title":"Mosteiro Cozia - Road to Romania","robots":{"index":"index","follow":"follow","max-snippet":"max-snippet:-1","max-image-preview":"max-image-preview:large","max-video-preview":"max-video-preview:-1"},"canonical":"https:\/\/roadtoromania.com\/pt-pt\/monumentos-da-romenia-o-que-ver-na-romenia\/mosteiro-cozia\/","og_locale":"pt_PT","og_type":"article","og_title":"Mosteiro Cozia - Road to Romania","og_description":"O mosteiro Cozia \u00e9 um dos melhores exemplos da arte bizantina na Europa, sendo o \u00fanico do seu g\u00e9nero na Rom\u00e9nia. Est\u00e1 situada nas margens do rio Olt, nos arredores da cidade de C\u0103lim\u0103ne\u0219ti, na regi\u00e3o da Wallachia. Mosteiro de Cozia A conselho do monge Nicodem Tismana, mais tarde conselheiro do pr\u00edncipe voivode, Mircea I &hellip; Mosteiro Cozia Read More \u00bb","og_url":"https:\/\/roadtoromania.com\/pt-pt\/monumentos-da-romenia-o-que-ver-na-romenia\/mosteiro-cozia\/","og_site_name":"Road to Romania","article_modified_time":"2022-10-21T16:58:14+00:00","og_image":[{"width":768,"height":377,"url":"https:\/\/roadtoromania.com\/wp-content\/uploads\/2022\/10\/monasterio-de-cozia-rumania-1.jpg","type":"image\/jpeg"}],"twitter_card":"summary_large_image","twitter_misc":{"Tempo estimado de leitura":"3 minutos"},"schema":{"@context":"https:\/\/schema.org","@graph":[{"@type":"WebPage","@id":"https:\/\/roadtoromania.com\/pt-pt\/monumentos-da-romenia-o-que-ver-na-romenia\/mosteiro-cozia\/","url":"https:\/\/roadtoromania.com\/pt-pt\/monumentos-da-romenia-o-que-ver-na-romenia\/mosteiro-cozia\/","name":"Mosteiro Cozia - Road to Romania","isPartOf":{"@id":"https:\/\/roadtoromania.com\/pt-pt\/#website"},"datePublished":"2022-10-15T18:40:18+00:00","dateModified":"2022-10-21T16:58:14+00:00","breadcrumb":{"@id":"https:\/\/roadtoromania.com\/pt-pt\/monumentos-da-romenia-o-que-ver-na-romenia\/mosteiro-cozia\/#breadcrumb"},"inLanguage":"pt-PT","potentialAction":[{"@type":"ReadAction","target":["https:\/\/roadtoromania.com\/pt-pt\/monumentos-da-romenia-o-que-ver-na-romenia\/mosteiro-cozia\/"]}]},{"@type":"BreadcrumbList","@id":"https:\/\/roadtoromania.com\/pt-pt\/monumentos-da-romenia-o-que-ver-na-romenia\/mosteiro-cozia\/#breadcrumb","itemListElement":[{"@type":"ListItem","position":1,"name":"Home","item":"https:\/\/roadtoromania.com\/pt-pt\/"},{"@type":"ListItem","position":2,"name":"Monumentos da Rom\u00e9nia &#8211; O que ver na Rom\u00e9nia","item":"https:\/\/roadtoromania.com\/pt-pt\/monumentos-da-romenia-o-que-ver-na-romenia\/"},{"@type":"ListItem","position":3,"name":"Mosteiro Cozia"}]},{"@type":"WebSite","@id":"https:\/\/roadtoromania.com\/pt-pt\/#website","url":"https:\/\/roadtoromania.com\/pt-pt\/","name":"Road to Romania","description":"O blog onde encontrar\u00e1 toda a informa\u00e7\u00e3o de que necessita para desfrutar da Rom\u00e9nia.","potentialAction":[{"@type":"SearchAction","target":{"@type":"EntryPoint","urlTemplate":"https:\/\/roadtoromania.com\/pt-pt\/?s={search_term_string}"},"query-input":"required name=search_term_string"}],"inLanguage":"pt-PT"}]}},"_links":{"self":[{"href":"https:\/\/roadtoromania.com\/pt-pt\/wp-json\/wp\/v2\/pages\/3333","targetHints":{"allow":["GET"]}}],"collection":[{"href":"https:\/\/roadtoromania.com\/pt-pt\/wp-json\/wp\/v2\/pages"}],"about":[{"href":"https:\/\/roadtoromania.com\/pt-pt\/wp-json\/wp\/v2\/types\/page"}],"author":[{"embeddable":true,"href":"https:\/\/roadtoromania.com\/pt-pt\/wp-json\/wp\/v2\/users\/1"}],"replies":[{"embeddable":true,"href":"https:\/\/roadtoromania.com\/pt-pt\/wp-json\/wp\/v2\/comments?post=3333"}],"version-history":[{"count":0,"href":"https:\/\/roadtoromania.com\/pt-pt\/wp-json\/wp\/v2\/pages\/3333\/revisions"}],"up":[{"embeddable":true,"href":"https:\/\/roadtoromania.com\/pt-pt\/wp-json\/wp\/v2\/pages\/3324"}],"wp:featuredmedia":[{"embeddable":true,"href":"https:\/\/roadtoromania.com\/pt-pt\/wp-json\/wp\/v2\/media\/1661"}],"wp:attachment":[{"href":"https:\/\/roadtoromania.com\/pt-pt\/wp-json\/wp\/v2\/media?parent=3333"}],"curies":[{"name":"wp","href":"https:\/\/api.w.org\/{rel}","templated":true}]}}