{"id":3335,"date":"2022-10-15T18:40:18","date_gmt":"2022-10-15T18:40:18","guid":{"rendered":"https:\/\/roadtoromania.com\/monumentos-da-romenia-o-que-ver-na-romenia\/mosteiro-de-snagov-e-o-tumulo-de-vlad-tepes\/"},"modified":"2022-10-21T16:58:14","modified_gmt":"2022-10-21T16:58:14","slug":"mosteiro-de-snagov-e-o-tumulo-de-vlad-tepes","status":"publish","type":"page","link":"https:\/\/roadtoromania.com\/pt-pt\/monumentos-da-romenia-o-que-ver-na-romenia\/mosteiro-de-snagov-e-o-tumulo-de-vlad-tepes\/","title":{"rendered":"Mosteiro de Snagov e o t\u00famulo de Vlad Tepes"},"content":{"rendered":"<p>O mosteiro de <strong>Snagov<\/strong> , na regi\u00e3o da Wallachia, \u00e9 um dos locais mais visitados na Rom\u00e9nia. A id\u00edlica paisagem dos lagos tem sido um local de lazer tur\u00edstico para os cidad\u00e3os de <strong>Bucareste<\/strong> , e mesmo para muitos dos l\u00edderes do partido de Ceascescu, que constru\u00edram as suas vilas residenciais nas proximidades.<\/p>\n<p><img decoding=\"async\" src=\"https:\/\/roadtoromania.com\/wp-content\/uploads\/2022\/10\/monasterio_snagov_rumania.jpg\" \/>Mosteiro de Snagov<\/p>\n<p>\nO mosteiro fortemente ligado aos pr\u00edncipes val\u00e1quios (domnitores) est\u00e1 localizado numa pequena ilha acess\u00edvel apenas pelos pequenos barcos que o ligam. A ponte de madeira que a ligava anteriormente j\u00e1 n\u00e3o existe, pois n\u00e3o foi substitu\u00edda ap\u00f3s o inc\u00eandio de 1821. O mosteiro foi fundado no s\u00e9culo XIV, e na d\u00e9cada de 1930 foi escavado acendendo a chama de um pavio que ainda hoje arde, a do t\u00famulo de Vlad Tepes.<\/p>\n<p>\nO interior \u00e9 altamente decorado, com frescos policromos de estilo bizantino nas paredes. Com uma planta em forma de cruz, vale a pena parar para admirar a abside.<\/p>\n<p>\nA visita ao mosteiro \u00e9 supostamente gratuita, mas a realidade \u00e9 que existe quase uma taxa fixa, tanto para utilizar os barcos para atravessar para a ilha como para entrar, \u00e0 qual temos de acrescentar um extra excessivamente caro se quisermos tirar fotografias.<\/p>\n<p><img decoding=\"async\" src=\"https:\/\/roadtoromania.com\/wp-content\/uploads\/2022\/10\/snagov_monasterio.jpg\" \/>Vista a\u00e9rea do mosteiro de Snagov<br \/>\n A Tumba de &#8220;Dr\u00e1cula&#8221;<\/strong> <\/h2>\n<p>\nOutra raz\u00e3o para o afluxo a Snagov \u00e9 a cren\u00e7a de que os restos de <strong>Vlad Tepes<\/strong> (o personagem hist\u00f3rico em que <strong>Bram Stoker<\/strong> se baseia <strong>Dr\u00e1cula<\/strong> ) est\u00e3o enterrados aqui. O debate hist\u00f3rico entre aqueles que atribuem a identidade de Vlad o Impaler a alguns dos esqueletos encontrados nas escava\u00e7\u00f5es e aqueles que rejeitam esta tese \u00e9 uma das mais amargas disputas na Rom\u00e9nia.<\/p>\n<p>\nA lenda oral diz que ele foi assassinado nas florestas circundantes pelas m\u00e3os da nobreza e da Igreja Ortodoxa, que repudiaram o seu casamento com um cat\u00f3lico, uma ac\u00e7\u00e3o em busca de uma alian\u00e7a com os h\u00fangaros, para combater a amea\u00e7a secular dos turcos. A cabe\u00e7a foi levada a Constantinopla para atestar a sua morte, raz\u00e3o pela qual a descoberta de esqueletos com cabe\u00e7as n\u00e3o se enquadra bem no suposto t\u00famulo de Vlad Tepes.<\/p>\n<p>\nQuer seja verdade ou n\u00e3o, Snagov \u00e9 muito mais do que isso, como a \u00e1rea natural do antigo Codrul Vl\u0103siei florestas, que s\u00e3o hoje muito reduzidas em extens\u00e3o, devido ao crescimento urbano e \u00e0s actividades agr\u00edcolas intensivas.<\/p>\n<p> Como chegar a Snagov<\/strong> <\/h2>\n<p>\nO mosteiro fica apenas a 45 km de Bucareste, por isso seguimos a estrada DN1\/E60 para norte durante cerca de 40 km, at\u00e9 encontrarmos o desvio para o DJ101C em Ciolpani, que nos levar\u00e1 directamente para o mosteiro, que de resto est\u00e1 bem sinalizado.<\/p>\n<p>\nH\u00e1 tamb\u00e9m comboios da Gare de Nord de Bucareste at\u00e9 ao Lago Snagov, e se lhe apetecer fazer um passeio de barco<\/p>\n<\/ul>\n<p> Mapa da localiza\u00e7\u00e3o do Mosteiro de Snagov<\/strong> <\/p>\n<\/h2>\n","protected":false},"excerpt":{"rendered":"<p>O mosteiro de Snagov , na regi\u00e3o da Wallachia, \u00e9 um dos locais mais visitados na Rom\u00e9nia. A id\u00edlica paisagem dos lagos tem sido um local de lazer tur\u00edstico para os cidad\u00e3os de Bucareste , e mesmo para muitos dos l\u00edderes do partido de Ceascescu, que constru\u00edram as suas vilas residenciais nas proximidades. Mosteiro de &hellip;<\/p>\n<p class=\"read-more\"> <a class=\"\" href=\"https:\/\/roadtoromania.com\/pt-pt\/monumentos-da-romenia-o-que-ver-na-romenia\/mosteiro-de-snagov-e-o-tumulo-de-vlad-tepes\/\"> <span class=\"screen-reader-text\">Mosteiro de Snagov e o t\u00famulo de Vlad Tepes<\/span> Read More \u00bb<\/a><\/p>\n","protected":false},"author":1,"featured_media":1689,"parent":3324,"menu_order":0,"comment_status":"open","ping_status":"open","template":"","meta":{"site-sidebar-layout":"default","site-content-layout":"default","ast-global-header-display":"","ast-main-header-display":"","ast-hfb-above-header-display":"","ast-hfb-below-header-display":"","ast-hfb-mobile-header-display":"","site-post-title":"","ast-breadcrumbs-content":"","ast-featured-img":"","footer-sml-layout":"","theme-transparent-header-meta":"","adv-header-id-meta":"","stick-header-meta":"","header-above-stick-meta":"","header-main-stick-meta":"","header-below-stick-meta":"","footnotes":""},"class_list":["post-3335","page","type-page","status-publish","has-post-thumbnail","hentry"],"yoast_head":"<!-- This site is optimized with the Yoast SEO plugin v19.10 - https:\/\/yoast.com\/wordpress\/plugins\/seo\/ -->\n<title>Mosteiro de Snagov e o t\u00famulo de Vlad Tepes - Road to Romania<\/title>\n<meta name=\"robots\" content=\"index, follow, max-snippet:-1, max-image-preview:large, max-video-preview:-1\" \/>\n<link rel=\"canonical\" href=\"https:\/\/roadtoromania.com\/pt-pt\/monumentos-da-romenia-o-que-ver-na-romenia\/mosteiro-de-snagov-e-o-tumulo-de-vlad-tepes\/\" \/>\n<meta property=\"og:locale\" content=\"pt_PT\" \/>\n<meta property=\"og:type\" content=\"article\" \/>\n<meta property=\"og:title\" content=\"Mosteiro de Snagov e o t\u00famulo de Vlad Tepes - Road to Romania\" \/>\n<meta property=\"og:description\" content=\"O mosteiro de Snagov , na regi\u00e3o da Wallachia, \u00e9 um dos locais mais visitados na Rom\u00e9nia. A id\u00edlica paisagem dos lagos tem sido um local de lazer tur\u00edstico para os cidad\u00e3os de Bucareste , e mesmo para muitos dos l\u00edderes do partido de Ceascescu, que constru\u00edram as suas vilas residenciais nas proximidades. Mosteiro de &hellip; Mosteiro de Snagov e o t\u00famulo de Vlad Tepes Read More \u00bb\" \/>\n<meta property=\"og:url\" content=\"https:\/\/roadtoromania.com\/pt-pt\/monumentos-da-romenia-o-que-ver-na-romenia\/mosteiro-de-snagov-e-o-tumulo-de-vlad-tepes\/\" \/>\n<meta property=\"og:site_name\" content=\"Road to Romania\" \/>\n<meta property=\"article:modified_time\" content=\"2022-10-21T16:58:14+00:00\" \/>\n<meta property=\"og:image\" content=\"https:\/\/roadtoromania.com\/wp-content\/uploads\/2022\/10\/monasterio_snagov_rumania-1.jpg\" \/>\n\t<meta property=\"og:image:width\" content=\"768\" \/>\n\t<meta property=\"og:image:height\" content=\"510\" \/>\n\t<meta property=\"og:image:type\" content=\"image\/jpeg\" \/>\n<meta name=\"twitter:card\" content=\"summary_large_image\" \/>\n<meta name=\"twitter:label1\" content=\"Tempo estimado de leitura\" \/>\n\t<meta name=\"twitter:data1\" content=\"2 minutos\" \/>\n<script type=\"application\/ld+json\" class=\"yoast-schema-graph\">{\"@context\":\"https:\/\/schema.org\",\"@graph\":[{\"@type\":\"WebPage\",\"@id\":\"https:\/\/roadtoromania.com\/pt-pt\/monumentos-da-romenia-o-que-ver-na-romenia\/mosteiro-de-snagov-e-o-tumulo-de-vlad-tepes\/\",\"url\":\"https:\/\/roadtoromania.com\/pt-pt\/monumentos-da-romenia-o-que-ver-na-romenia\/mosteiro-de-snagov-e-o-tumulo-de-vlad-tepes\/\",\"name\":\"Mosteiro de Snagov e o t\u00famulo de Vlad Tepes - Road to Romania\",\"isPartOf\":{\"@id\":\"https:\/\/roadtoromania.com\/pt-pt\/#website\"},\"datePublished\":\"2022-10-15T18:40:18+00:00\",\"dateModified\":\"2022-10-21T16:58:14+00:00\",\"breadcrumb\":{\"@id\":\"https:\/\/roadtoromania.com\/pt-pt\/monumentos-da-romenia-o-que-ver-na-romenia\/mosteiro-de-snagov-e-o-tumulo-de-vlad-tepes\/#breadcrumb\"},\"inLanguage\":\"pt-PT\",\"potentialAction\":[{\"@type\":\"ReadAction\",\"target\":[\"https:\/\/roadtoromania.com\/pt-pt\/monumentos-da-romenia-o-que-ver-na-romenia\/mosteiro-de-snagov-e-o-tumulo-de-vlad-tepes\/\"]}]},{\"@type\":\"BreadcrumbList\",\"@id\":\"https:\/\/roadtoromania.com\/pt-pt\/monumentos-da-romenia-o-que-ver-na-romenia\/mosteiro-de-snagov-e-o-tumulo-de-vlad-tepes\/#breadcrumb\",\"itemListElement\":[{\"@type\":\"ListItem\",\"position\":1,\"name\":\"Home\",\"item\":\"https:\/\/roadtoromania.com\/pt-pt\/\"},{\"@type\":\"ListItem\",\"position\":2,\"name\":\"Monumentos da Rom\u00e9nia &#8211; O que ver na Rom\u00e9nia\",\"item\":\"https:\/\/roadtoromania.com\/pt-pt\/monumentos-da-romenia-o-que-ver-na-romenia\/\"},{\"@type\":\"ListItem\",\"position\":3,\"name\":\"Mosteiro de Snagov e o t\u00famulo de Vlad Tepes\"}]},{\"@type\":\"WebSite\",\"@id\":\"https:\/\/roadtoromania.com\/pt-pt\/#website\",\"url\":\"https:\/\/roadtoromania.com\/pt-pt\/\",\"name\":\"Road to Romania\",\"description\":\"O blog onde encontrar\u00e1 toda a informa\u00e7\u00e3o de que necessita para desfrutar da Rom\u00e9nia.\",\"potentialAction\":[{\"@type\":\"SearchAction\",\"target\":{\"@type\":\"EntryPoint\",\"urlTemplate\":\"https:\/\/roadtoromania.com\/pt-pt\/?s={search_term_string}\"},\"query-input\":\"required name=search_term_string\"}],\"inLanguage\":\"pt-PT\"}]}<\/script>\n<!-- \/ Yoast SEO plugin. -->","yoast_head_json":{"title":"Mosteiro de Snagov e o t\u00famulo de Vlad Tepes - Road to Romania","robots":{"index":"index","follow":"follow","max-snippet":"max-snippet:-1","max-image-preview":"max-image-preview:large","max-video-preview":"max-video-preview:-1"},"canonical":"https:\/\/roadtoromania.com\/pt-pt\/monumentos-da-romenia-o-que-ver-na-romenia\/mosteiro-de-snagov-e-o-tumulo-de-vlad-tepes\/","og_locale":"pt_PT","og_type":"article","og_title":"Mosteiro de Snagov e o t\u00famulo de Vlad Tepes - Road to Romania","og_description":"O mosteiro de Snagov , na regi\u00e3o da Wallachia, \u00e9 um dos locais mais visitados na Rom\u00e9nia. A id\u00edlica paisagem dos lagos tem sido um local de lazer tur\u00edstico para os cidad\u00e3os de Bucareste , e mesmo para muitos dos l\u00edderes do partido de Ceascescu, que constru\u00edram as suas vilas residenciais nas proximidades. Mosteiro de &hellip; Mosteiro de Snagov e o t\u00famulo de Vlad Tepes Read More \u00bb","og_url":"https:\/\/roadtoromania.com\/pt-pt\/monumentos-da-romenia-o-que-ver-na-romenia\/mosteiro-de-snagov-e-o-tumulo-de-vlad-tepes\/","og_site_name":"Road to Romania","article_modified_time":"2022-10-21T16:58:14+00:00","og_image":[{"width":768,"height":510,"url":"https:\/\/roadtoromania.com\/wp-content\/uploads\/2022\/10\/monasterio_snagov_rumania-1.jpg","type":"image\/jpeg"}],"twitter_card":"summary_large_image","twitter_misc":{"Tempo estimado de leitura":"2 minutos"},"schema":{"@context":"https:\/\/schema.org","@graph":[{"@type":"WebPage","@id":"https:\/\/roadtoromania.com\/pt-pt\/monumentos-da-romenia-o-que-ver-na-romenia\/mosteiro-de-snagov-e-o-tumulo-de-vlad-tepes\/","url":"https:\/\/roadtoromania.com\/pt-pt\/monumentos-da-romenia-o-que-ver-na-romenia\/mosteiro-de-snagov-e-o-tumulo-de-vlad-tepes\/","name":"Mosteiro de Snagov e o t\u00famulo de Vlad Tepes - Road to Romania","isPartOf":{"@id":"https:\/\/roadtoromania.com\/pt-pt\/#website"},"datePublished":"2022-10-15T18:40:18+00:00","dateModified":"2022-10-21T16:58:14+00:00","breadcrumb":{"@id":"https:\/\/roadtoromania.com\/pt-pt\/monumentos-da-romenia-o-que-ver-na-romenia\/mosteiro-de-snagov-e-o-tumulo-de-vlad-tepes\/#breadcrumb"},"inLanguage":"pt-PT","potentialAction":[{"@type":"ReadAction","target":["https:\/\/roadtoromania.com\/pt-pt\/monumentos-da-romenia-o-que-ver-na-romenia\/mosteiro-de-snagov-e-o-tumulo-de-vlad-tepes\/"]}]},{"@type":"BreadcrumbList","@id":"https:\/\/roadtoromania.com\/pt-pt\/monumentos-da-romenia-o-que-ver-na-romenia\/mosteiro-de-snagov-e-o-tumulo-de-vlad-tepes\/#breadcrumb","itemListElement":[{"@type":"ListItem","position":1,"name":"Home","item":"https:\/\/roadtoromania.com\/pt-pt\/"},{"@type":"ListItem","position":2,"name":"Monumentos da Rom\u00e9nia &#8211; O que ver na Rom\u00e9nia","item":"https:\/\/roadtoromania.com\/pt-pt\/monumentos-da-romenia-o-que-ver-na-romenia\/"},{"@type":"ListItem","position":3,"name":"Mosteiro de Snagov e o t\u00famulo de Vlad Tepes"}]},{"@type":"WebSite","@id":"https:\/\/roadtoromania.com\/pt-pt\/#website","url":"https:\/\/roadtoromania.com\/pt-pt\/","name":"Road to Romania","description":"O blog onde encontrar\u00e1 toda a informa\u00e7\u00e3o de que necessita para desfrutar da Rom\u00e9nia.","potentialAction":[{"@type":"SearchAction","target":{"@type":"EntryPoint","urlTemplate":"https:\/\/roadtoromania.com\/pt-pt\/?s={search_term_string}"},"query-input":"required name=search_term_string"}],"inLanguage":"pt-PT"}]}},"_links":{"self":[{"href":"https:\/\/roadtoromania.com\/pt-pt\/wp-json\/wp\/v2\/pages\/3335","targetHints":{"allow":["GET"]}}],"collection":[{"href":"https:\/\/roadtoromania.com\/pt-pt\/wp-json\/wp\/v2\/pages"}],"about":[{"href":"https:\/\/roadtoromania.com\/pt-pt\/wp-json\/wp\/v2\/types\/page"}],"author":[{"embeddable":true,"href":"https:\/\/roadtoromania.com\/pt-pt\/wp-json\/wp\/v2\/users\/1"}],"replies":[{"embeddable":true,"href":"https:\/\/roadtoromania.com\/pt-pt\/wp-json\/wp\/v2\/comments?post=3335"}],"version-history":[{"count":0,"href":"https:\/\/roadtoromania.com\/pt-pt\/wp-json\/wp\/v2\/pages\/3335\/revisions"}],"up":[{"embeddable":true,"href":"https:\/\/roadtoromania.com\/pt-pt\/wp-json\/wp\/v2\/pages\/3324"}],"wp:featuredmedia":[{"embeddable":true,"href":"https:\/\/roadtoromania.com\/pt-pt\/wp-json\/wp\/v2\/media\/1689"}],"wp:attachment":[{"href":"https:\/\/roadtoromania.com\/pt-pt\/wp-json\/wp\/v2\/media?parent=3335"}],"curies":[{"name":"wp","href":"https:\/\/api.w.org\/{rel}","templated":true}]}}