{"id":3338,"date":"2022-10-15T18:40:18","date_gmt":"2022-10-15T18:40:18","guid":{"rendered":"https:\/\/roadtoromania.com\/natureza-da-romenia\/"},"modified":"2022-10-21T16:58:14","modified_gmt":"2022-10-21T16:58:14","slug":"natureza-da-romenia","status":"publish","type":"page","link":"https:\/\/roadtoromania.com\/pt-pt\/natureza-da-romenia\/","title":{"rendered":"Natureza da Rom\u00e9nia"},"content":{"rendered":"<p><img decoding=\"async\" src=\"https:\/\/roadtoromania.com\/wp-content\/uploads\/2022\/10\/ceahlau-ruta-senderismos.jpg\" \/>Os C\u00e1rpatos, que percorrem centenas de quil\u00f3metros atrav\u00e9s da Rom\u00e9nia, oferecendo-nos paisagens de grande beleza. <\/p>\n<p>\nA Rom\u00e9nia \u00e9 um pa\u00eds com <strong>espl\u00eandidas paisagens naturais<\/strong> , cheio de riqueza e grande beleza, visitado todos os anos por milhares de visitantes, que v\u00eam atra\u00eddos pela Costa do Mar Negro, a Bacia do Dan\u00fabio ou os C\u00e1rpatos<\/p>\n<p> Montanhas dos C\u00e1rpatos<\/strong> <\/h2>\n<p>\nOs C\u00e1rpatos estendem-se atrav\u00e9s do pa\u00eds desde a fronteira ucraniana no norte at\u00e9 ao Vale do Dan\u00fabio no sudoeste &#8211; os C\u00e1rpatos do Sul s\u00e3o conhecidos como os Alpes Transilvanos &#8211; a oeste. Cada zona forma uma paisagem diferente devido \u00e0 grande variedade de terrenos: glaciares, c\u00e1rsicos e vulc\u00e2nicos. Os C\u00e1rpatos s\u00e3o portanto um destino ideal para actividades ao ar livre  : escalada, alpinismo, ciclismo, caminhadas&#8230; E h\u00e1 tamb\u00e9m algumas das est\u00e2ncias de esqui mais populares <strong>na Rom\u00e9nia<\/strong> , como por exemplo: <strong><a href=\"https:\/\/roadtoromania.com\/pt-pt\/natureza-da-romenia\/estancia-de-esqui-de-poiana-brasov\/\">Poiana Basov<\/a> <\/strong> , <a href=\"https:\/\/roadtoromania.com\/pt-pt\/natureza-da-romenia\/estancia-de-esqui-predeal\/\"> <strong>Predeal<\/strong><\/a> , Sinaia, Dornei Vatra, Balea Lake e Paltinis. Tamb\u00e9m se destacam as <strong>gargantas profundas e<\/strong> gargantas que escondem a<\/strong> maior rede de galerias subterr\u00e2neas na Europa<\/strong> :<\/strong> 11000 cavernas<\/strong> , muitas delas habitadas por grandes popula\u00e7\u00f5es de morcegos.<\/p>\n<p>\nAs montanhas <strong>Bucegi<\/strong> no centro do pa\u00eds fazem parte dos <strong>Alpes C\u00e1rpatos<\/strong> , em <a href=\"https:\/\/roadtoromania.com\/pt-pt\/cidades-e-regioes-da-romenia\/bazna\/\"> <strong>Transilv\u00e2nia<\/strong><\/a> e s\u00e3o de grande interesse tur\u00edstico. Nesta \u00e1rea encontram-se o <strong>Prahoba Valley<\/strong> , figuras como o <strong>Sphinx ou Babele, o Pico Omu<\/strong> &#8211; o pico mais alto &#8211; e o <strong>Baciului Peak<\/strong> .<\/p>\n<p>\nOs <a href=\"https:\/\/roadtoromania.com\/pt-pt\/natureza-da-romenia\/vulcoes-de-lama-de-berca\/\"> <strong>vulc\u00f5es de lama perto de Berca<\/strong><\/a> s\u00e3o t\u00e3o invulgares que vale a pena visitar este espect\u00e1culo, com uma paisagem lunar causada pela erup\u00e7\u00e3o de barro e lama do subsolo, formando cones<\/p>\n<\/p>\n<p> Rios na Rom\u00e9nia<\/strong> <\/h2>\n<p>\n98% dos rios romenos s\u00e3o origin\u00e1rios dos C\u00e1rpatos e s\u00e3o tribut\u00e1rios do rio principal, o <strong>Dan\u00fabio, o segundo rio mais longo da Europa,<\/strong> cujas \u00e1guas correm atrav\u00e9s do sul da Rom\u00e9nia, Hungria, S\u00e9rvia e Bulg\u00e1ria. Os pontos altos incluem o espectacular <strong>Iron Gate Gorges, entre a S\u00e9rvia e a Rom\u00e9nia<\/strong> . Muitos turistas escolhem a rota Danube Cruises<\/a> , o que lhes permite ver estes pa\u00edses de uma perspectiva diferente &#8211; ver Romania Cruises para mais informa\u00e7\u00f5es. O principal porto do Dan\u00fabio, tanto para com\u00e9rcio como para turismo, \u00e9 <strong><a href=\"https:\/\/roadtoromania.com\/pt-pt\/cidades-e-regioes-da-romenia\/constanza\/\">Constanta<\/a> <\/strong> ; e outros portos fluviais importantes s\u00e3o: Tulcea, Galati, Calarasi, Drobeta e Giurgiu &#8211; o mais pr\u00f3ximo de <strong><a href=\"https:\/\/roadtoromania.com\/pt-pt\/cidades-e-regioes-da-romenia\/bucharest\/\">Bucareste<\/a> <\/strong> -. Por outro lado, os principais rios da Rom\u00e9nia s\u00e3o os seguintes: Mures, Prut, Olt, Siret, Lalomita, Somes e Arges <\/p>\n<p>.<br \/>\n<img decoding=\"async\" src=\"data:image\/gif;base64,R0lGODdhAQABAPAAAMPDwwAAACwAAAAAAQABAAACAkQBADs=\" \/>O desfiladeiro do Dan\u00fabio (Clisura Dun\u0103rii), com esta esfinge monumental, um dos destinos mais atractivos para os turistas.<br \/>\n O Delta do Dan\u00fabio<\/strong> <\/h2>\n<p>\nDeclarada <strong>uma Reserva da Biosfera da UNESCO<\/strong> , a <a href=\"https:\/\/roadtoromania.com\/pt-pt\/natureza-da-romenia\/delta-do-danubio\/\"> <strong>Delta do Dan\u00fabio<\/strong><\/a> \u00e9 uma \u00e1rea triangular constitu\u00edda por<\/strong> p\u00e2ntanos, ilhas flutuantes e bancos de areia<\/strong> ; uma zona h\u00famida protegida de 4800 quil\u00f3metros quadrados, <strong>habitat para esp\u00e9cies raras de plantas e animais<\/strong> . O Delta do Dan\u00fabio \u00e9 composto por uma intrincada rede <strong>de vias naveg\u00e1veis e lagos<\/strong> espalhados por tr\u00eas canais: Chilia, Sulna e Sf\u00e2ntu Gheorghe. Os turistas podem visitar os <strong>locais hist\u00f3ricos,<\/strong> dar uma volta num <strong>barco tradicional ou canoa<\/strong> ao longo dos muitos cursos de \u00e1gua, visitar as <strong>vinhas que remontam ao Imp\u00e9rio Romano,<\/strong> ou apreciar algum do <strong>melhor caviar do mundo: o esturj\u00e3o beluga do Mar Negro.<\/strong> <\/p>\n<p> O Mar Negro<\/strong> <\/h2>\n<p>\nO Mar Negro estende-se ao longo de <strong>241 quil\u00f3metros da costa romena<\/strong> . O <strong>clima quente, as amplas<\/strong> praias e est\u00e2ncias de areia, bem como o belo <strong>patrim\u00f3nio monumental<\/strong> e os <strong>vest\u00edgios da antiga cultura grega<\/strong> , para n\u00e3o mencionar as vinhas, atraem turistas de todo o pa\u00eds de Maio a Setembro que escolhem a costa do Mar Negro como destino de f\u00e9rias. Al\u00e9m disso, esta \u00e1rea tamb\u00e9m atrai turismo atra\u00eddo por <strong>Talassoterapia<\/strong> , uma vez que as \u00e1guas do Mar Negro s\u00e3o consideradas ben\u00e9ficas para doen\u00e7as reum\u00e1ticas, artr\u00edticas e do sistema nervoso. Existem ainda<\/strong> spas especializados em banhos de lama<\/strong> e tratamentos de rejuvenescimento.<\/p>\n<p> Lagos<\/strong> <\/h2>\n<p>\n <strong>A Rom\u00e9nia \u00e9 um pa\u00eds de lagos<\/strong> : No total h\u00e1 cerca de <strong>3500<\/strong> , na sua maioria pequenos ou m\u00e9dios, e os maiores s\u00e3o as lagoas e <strong>lagos na costa do Mar Negro<\/strong> , tais como<\/strong> Razim e Sinoe<\/strong> , ou os lagos ao longo das margens<\/strong> do Dan\u00fabio (Oltina e Brates)<\/strong> . Os <strong>lagos glaciares<\/strong> encontrados nos C\u00e1rpatos foram formados no final da \u00faltima Idade do Gelo, e s\u00e3o pequenos mas <strong>espectaculares<\/strong> , pelo que valem a pena uma visita. Este \u00e9 o caso do <strong>Lago Zanoaga<\/strong> , o lago mais profundo do pa\u00eds, <strong>Bucura<\/strong> , o maior &#8211; ambos localizados nas Montanhas Retezat -, ou os lagos Balea, Capra, Caltun e Podragu, localizados nas <strong>Montanhas dos C\u00e1rpatos Transilvanos<\/strong> &#8211; conhecidos como os Alpes Transilvanos.<\/p>\n<p><img decoding=\"async\" src=\"data:image\/gif;base64,R0lGODdhAQABAPAAAMPDwwAAACwAAAAAAQABAAACAkQBADs=\" \/>P\u00f4r-do-sol nos lagos romenos.<\/p>\n<p>\nO lago <strong>St. Anna<\/strong> , que est\u00e1 localizado no Maci\u00e7o de Ciomatu Mare, \u00e9 <strong>o \u00fanico lago vulc\u00e2nico<\/strong> na Rom\u00e9nia e as suas \u00e1guas prov\u00eam da chuva, pelo que as suas \u00e1guas s\u00e3o muito puras. E o <strong>Lago Vermelho<\/strong> , localizado no Maci\u00e7o de Hasmas, perto das Gargantas de Bicaz, \u00e9 \u00fanico na sua forma e cen\u00e1rio.<\/p>\n<p> Flora e Fauna<\/strong> <\/h2>\n<p>\nA Rom\u00e9nia \u00e9 um pa\u00eds com uma incr\u00edvel diversidade de flora e fauna, devido ao seu relevo e clima variados. Tem mais de <strong>3700 esp\u00e9cies vegetais e 33000 esp\u00e9cies animais<\/strong> . As florestas consistem principalmente em carvalhos, faia, \u00e1cer, cal, olmo e freixo, enquanto 29% s\u00e3o con\u00edferas.<\/p>\n","protected":false},"excerpt":{"rendered":"<p>Os C\u00e1rpatos, que percorrem centenas de quil\u00f3metros atrav\u00e9s da Rom\u00e9nia, oferecendo-nos paisagens de grande beleza. A Rom\u00e9nia \u00e9 um pa\u00eds com espl\u00eandidas paisagens naturais , cheio de riqueza e grande beleza, visitado todos os anos por milhares de visitantes, que v\u00eam atra\u00eddos pela Costa do Mar Negro, a Bacia do Dan\u00fabio ou os C\u00e1rpatos Montanhas &hellip;<\/p>\n<p class=\"read-more\"> <a class=\"\" href=\"https:\/\/roadtoromania.com\/pt-pt\/natureza-da-romenia\/\"> <span class=\"screen-reader-text\">Natureza da Rom\u00e9nia<\/span> Read More \u00bb<\/a><\/p>\n","protected":false},"author":1,"featured_media":1719,"parent":0,"menu_order":0,"comment_status":"open","ping_status":"open","template":"","meta":{"site-sidebar-layout":"default","site-content-layout":"default","ast-global-header-display":"","ast-main-header-display":"","ast-hfb-above-header-display":"","ast-hfb-below-header-display":"","ast-hfb-mobile-header-display":"","site-post-title":"","ast-breadcrumbs-content":"","ast-featured-img":"","footer-sml-layout":"","theme-transparent-header-meta":"default","adv-header-id-meta":"","stick-header-meta":"","header-above-stick-meta":"","header-main-stick-meta":"","header-below-stick-meta":"","footnotes":""},"class_list":["post-3338","page","type-page","status-publish","has-post-thumbnail","hentry"],"yoast_head":"<!-- This site is optimized with the Yoast SEO plugin v19.10 - https:\/\/yoast.com\/wordpress\/plugins\/seo\/ -->\n<title>Natureza da Rom\u00e9nia - Road to Romania<\/title>\n<meta name=\"robots\" content=\"index, follow, max-snippet:-1, max-image-preview:large, max-video-preview:-1\" \/>\n<link rel=\"canonical\" href=\"https:\/\/roadtoromania.com\/pt-pt\/natureza-da-romenia\/\" \/>\n<meta property=\"og:locale\" content=\"pt_PT\" \/>\n<meta property=\"og:type\" content=\"article\" \/>\n<meta property=\"og:title\" content=\"Natureza da Rom\u00e9nia - Road to Romania\" \/>\n<meta property=\"og:description\" content=\"Os C\u00e1rpatos, que percorrem centenas de quil\u00f3metros atrav\u00e9s da Rom\u00e9nia, oferecendo-nos paisagens de grande beleza. A Rom\u00e9nia \u00e9 um pa\u00eds com espl\u00eandidas paisagens naturais , cheio de riqueza e grande beleza, visitado todos os anos por milhares de visitantes, que v\u00eam atra\u00eddos pela Costa do Mar Negro, a Bacia do Dan\u00fabio ou os C\u00e1rpatos Montanhas &hellip; Natureza da Rom\u00e9nia Read More \u00bb\" \/>\n<meta property=\"og:url\" content=\"https:\/\/roadtoromania.com\/pt-pt\/natureza-da-romenia\/\" \/>\n<meta property=\"og:site_name\" content=\"Road to Romania\" \/>\n<meta property=\"article:modified_time\" content=\"2022-10-21T16:58:14+00:00\" \/>\n<meta property=\"og:image\" content=\"https:\/\/roadtoromania.com\/wp-content\/uploads\/2022\/10\/ceahlau-ruta-senderismos-1.jpg\" \/>\n\t<meta property=\"og:image:width\" content=\"768\" \/>\n\t<meta property=\"og:image:height\" content=\"432\" \/>\n\t<meta property=\"og:image:type\" content=\"image\/jpeg\" \/>\n<meta name=\"twitter:card\" content=\"summary_large_image\" \/>\n<meta name=\"twitter:label1\" content=\"Tempo estimado de leitura\" \/>\n\t<meta name=\"twitter:data1\" content=\"5 minutos\" \/>\n<script type=\"application\/ld+json\" class=\"yoast-schema-graph\">{\"@context\":\"https:\/\/schema.org\",\"@graph\":[{\"@type\":\"WebPage\",\"@id\":\"https:\/\/roadtoromania.com\/pt-pt\/natureza-da-romenia\/\",\"url\":\"https:\/\/roadtoromania.com\/pt-pt\/natureza-da-romenia\/\",\"name\":\"Natureza da Rom\u00e9nia - Road to Romania\",\"isPartOf\":{\"@id\":\"https:\/\/roadtoromania.com\/pt-pt\/#website\"},\"datePublished\":\"2022-10-15T18:40:18+00:00\",\"dateModified\":\"2022-10-21T16:58:14+00:00\",\"breadcrumb\":{\"@id\":\"https:\/\/roadtoromania.com\/pt-pt\/natureza-da-romenia\/#breadcrumb\"},\"inLanguage\":\"pt-PT\",\"potentialAction\":[{\"@type\":\"ReadAction\",\"target\":[\"https:\/\/roadtoromania.com\/pt-pt\/natureza-da-romenia\/\"]}]},{\"@type\":\"BreadcrumbList\",\"@id\":\"https:\/\/roadtoromania.com\/pt-pt\/natureza-da-romenia\/#breadcrumb\",\"itemListElement\":[{\"@type\":\"ListItem\",\"position\":1,\"name\":\"Home\",\"item\":\"https:\/\/roadtoromania.com\/pt-pt\/\"},{\"@type\":\"ListItem\",\"position\":2,\"name\":\"Natureza da Rom\u00e9nia\"}]},{\"@type\":\"WebSite\",\"@id\":\"https:\/\/roadtoromania.com\/pt-pt\/#website\",\"url\":\"https:\/\/roadtoromania.com\/pt-pt\/\",\"name\":\"Road to Romania\",\"description\":\"O blog onde encontrar\u00e1 toda a informa\u00e7\u00e3o de que necessita para desfrutar da Rom\u00e9nia.\",\"potentialAction\":[{\"@type\":\"SearchAction\",\"target\":{\"@type\":\"EntryPoint\",\"urlTemplate\":\"https:\/\/roadtoromania.com\/pt-pt\/?s={search_term_string}\"},\"query-input\":\"required name=search_term_string\"}],\"inLanguage\":\"pt-PT\"}]}<\/script>\n<!-- \/ Yoast SEO plugin. -->","yoast_head_json":{"title":"Natureza da Rom\u00e9nia - Road to Romania","robots":{"index":"index","follow":"follow","max-snippet":"max-snippet:-1","max-image-preview":"max-image-preview:large","max-video-preview":"max-video-preview:-1"},"canonical":"https:\/\/roadtoromania.com\/pt-pt\/natureza-da-romenia\/","og_locale":"pt_PT","og_type":"article","og_title":"Natureza da Rom\u00e9nia - Road to Romania","og_description":"Os C\u00e1rpatos, que percorrem centenas de quil\u00f3metros atrav\u00e9s da Rom\u00e9nia, oferecendo-nos paisagens de grande beleza. A Rom\u00e9nia \u00e9 um pa\u00eds com espl\u00eandidas paisagens naturais , cheio de riqueza e grande beleza, visitado todos os anos por milhares de visitantes, que v\u00eam atra\u00eddos pela Costa do Mar Negro, a Bacia do Dan\u00fabio ou os C\u00e1rpatos Montanhas &hellip; Natureza da Rom\u00e9nia Read More \u00bb","og_url":"https:\/\/roadtoromania.com\/pt-pt\/natureza-da-romenia\/","og_site_name":"Road to Romania","article_modified_time":"2022-10-21T16:58:14+00:00","og_image":[{"width":768,"height":432,"url":"https:\/\/roadtoromania.com\/wp-content\/uploads\/2022\/10\/ceahlau-ruta-senderismos-1.jpg","type":"image\/jpeg"}],"twitter_card":"summary_large_image","twitter_misc":{"Tempo estimado de leitura":"5 minutos"},"schema":{"@context":"https:\/\/schema.org","@graph":[{"@type":"WebPage","@id":"https:\/\/roadtoromania.com\/pt-pt\/natureza-da-romenia\/","url":"https:\/\/roadtoromania.com\/pt-pt\/natureza-da-romenia\/","name":"Natureza da Rom\u00e9nia - Road to Romania","isPartOf":{"@id":"https:\/\/roadtoromania.com\/pt-pt\/#website"},"datePublished":"2022-10-15T18:40:18+00:00","dateModified":"2022-10-21T16:58:14+00:00","breadcrumb":{"@id":"https:\/\/roadtoromania.com\/pt-pt\/natureza-da-romenia\/#breadcrumb"},"inLanguage":"pt-PT","potentialAction":[{"@type":"ReadAction","target":["https:\/\/roadtoromania.com\/pt-pt\/natureza-da-romenia\/"]}]},{"@type":"BreadcrumbList","@id":"https:\/\/roadtoromania.com\/pt-pt\/natureza-da-romenia\/#breadcrumb","itemListElement":[{"@type":"ListItem","position":1,"name":"Home","item":"https:\/\/roadtoromania.com\/pt-pt\/"},{"@type":"ListItem","position":2,"name":"Natureza da Rom\u00e9nia"}]},{"@type":"WebSite","@id":"https:\/\/roadtoromania.com\/pt-pt\/#website","url":"https:\/\/roadtoromania.com\/pt-pt\/","name":"Road to Romania","description":"O blog onde encontrar\u00e1 toda a informa\u00e7\u00e3o de que necessita para desfrutar da Rom\u00e9nia.","potentialAction":[{"@type":"SearchAction","target":{"@type":"EntryPoint","urlTemplate":"https:\/\/roadtoromania.com\/pt-pt\/?s={search_term_string}"},"query-input":"required name=search_term_string"}],"inLanguage":"pt-PT"}]}},"_links":{"self":[{"href":"https:\/\/roadtoromania.com\/pt-pt\/wp-json\/wp\/v2\/pages\/3338","targetHints":{"allow":["GET"]}}],"collection":[{"href":"https:\/\/roadtoromania.com\/pt-pt\/wp-json\/wp\/v2\/pages"}],"about":[{"href":"https:\/\/roadtoromania.com\/pt-pt\/wp-json\/wp\/v2\/types\/page"}],"author":[{"embeddable":true,"href":"https:\/\/roadtoromania.com\/pt-pt\/wp-json\/wp\/v2\/users\/1"}],"replies":[{"embeddable":true,"href":"https:\/\/roadtoromania.com\/pt-pt\/wp-json\/wp\/v2\/comments?post=3338"}],"version-history":[{"count":0,"href":"https:\/\/roadtoromania.com\/pt-pt\/wp-json\/wp\/v2\/pages\/3338\/revisions"}],"wp:featuredmedia":[{"embeddable":true,"href":"https:\/\/roadtoromania.com\/pt-pt\/wp-json\/wp\/v2\/media\/1719"}],"wp:attachment":[{"href":"https:\/\/roadtoromania.com\/pt-pt\/wp-json\/wp\/v2\/media?parent=3338"}],"curies":[{"name":"wp","href":"https:\/\/api.w.org\/{rel}","templated":true}]}}