{"id":3339,"date":"2022-10-15T18:40:18","date_gmt":"2022-10-15T18:40:18","guid":{"rendered":"https:\/\/roadtoromania.com\/natureza-da-romenia\/cascata-bigar-nascente-bigar\/"},"modified":"2022-10-21T16:58:14","modified_gmt":"2022-10-21T16:58:14","slug":"cascata-bigar-nascente-bigar","status":"publish","type":"page","link":"https:\/\/roadtoromania.com\/pt-pt\/natureza-da-romenia\/cascata-bigar-nascente-bigar\/","title":{"rendered":"Cascata Bigar Nascente Bigar"},"content":{"rendered":"<p>As <strong>quedas de \u00e1gua de Bigar<\/strong> s\u00e3o consideradas uma das mais belas quedas de \u00e1gua do mundo, sendo a sua caracter\u00edstica mais extraordin\u00e1ria as rochas cobertas por vegeta\u00e7\u00e3o e a cascata em cascata sobre o rio <strong>Minis<\/strong> .<\/p>\n<p><img decoding=\"async\" src=\"https:\/\/roadtoromania.com\/wp-content\/uploads\/2022\/10\/cascada_bigar.jpg\" \/>Catarata Bigar na Rom\u00e9nia<\/p>\n<p>\nO contraste entre as \u00e1guas cristalinas que descem das <strong>Montanhas Aninei<\/strong> e o tapete de musgo verde que cobre a rocha onde as \u00e1guas caem faz dela uma das maravilhas da Rom\u00e9nia, e onde milhares de turistas, incluindo os fot\u00f3grafos de natureza mais famosos do planeta, se juntam.<\/p>\n<p>\nA rocha calc\u00e1ria facilita a cria\u00e7\u00e3o e ader\u00eancia de musgo, formando uma esp\u00e9cie de sino de pedra coberto de musgo atrav\u00e9s do qual cai a cascata. A eros\u00e3o do rio formou uma cavidade interior protegida pela queda de \u00e1gua da cascata.<\/p>\n<p><img decoding=\"async\" src=\"https:\/\/roadtoromania.com\/wp-content\/uploads\/2022\/10\/cascada_bigar_rumania.jpg\" \/>A \u00e1gua a cair na cascata Bigar.<br \/>\n Como chegar \u00e0 cascata Bigar<\/strong> <\/h2>\n<p>\nPara chegar \u00e0 cascata Bigar, normalmente come\u00e7a-se de <strong>Timisoara<\/strong> , a cidade mais pr\u00f3xima da Rom\u00e9nia ocidental (com o seu pr\u00f3prio aeroporto). A partir da\u00ed, \u00e9 uma viagem de duas horas ou uma excurs\u00e3o organizada. A cascata est\u00e1 a seguir a estrada nacional 57 B, entre Oravita e Bozovici <\/p>\n<p>.<\/p>\n","protected":false},"excerpt":{"rendered":"<p>As quedas de \u00e1gua de Bigar s\u00e3o consideradas uma das mais belas quedas de \u00e1gua do mundo, sendo a sua caracter\u00edstica mais extraordin\u00e1ria as rochas cobertas por vegeta\u00e7\u00e3o e a cascata em cascata sobre o rio Minis . Catarata Bigar na Rom\u00e9nia O contraste entre as \u00e1guas cristalinas que descem das Montanhas Aninei e o &hellip;<\/p>\n<p class=\"read-more\"> <a class=\"\" href=\"https:\/\/roadtoromania.com\/pt-pt\/natureza-da-romenia\/cascata-bigar-nascente-bigar\/\"> <span class=\"screen-reader-text\">Cascata Bigar Nascente Bigar<\/span> Read More \u00bb<\/a><\/p>\n","protected":false},"author":1,"featured_media":1727,"parent":3338,"menu_order":0,"comment_status":"open","ping_status":"open","template":"","meta":{"site-sidebar-layout":"default","site-content-layout":"default","ast-global-header-display":"","ast-main-header-display":"","ast-hfb-above-header-display":"","ast-hfb-below-header-display":"","ast-hfb-mobile-header-display":"","site-post-title":"","ast-breadcrumbs-content":"","ast-featured-img":"","footer-sml-layout":"","theme-transparent-header-meta":"","adv-header-id-meta":"","stick-header-meta":"","header-above-stick-meta":"","header-main-stick-meta":"","header-below-stick-meta":"","footnotes":""},"class_list":["post-3339","page","type-page","status-publish","has-post-thumbnail","hentry"],"yoast_head":"<!-- This site is optimized with the Yoast SEO plugin v19.10 - https:\/\/yoast.com\/wordpress\/plugins\/seo\/ -->\n<title>Cascata Bigar Nascente Bigar - Road to Romania<\/title>\n<meta name=\"robots\" content=\"index, follow, max-snippet:-1, max-image-preview:large, max-video-preview:-1\" \/>\n<link rel=\"canonical\" href=\"https:\/\/roadtoromania.com\/pt-pt\/natureza-da-romenia\/cascata-bigar-nascente-bigar\/\" \/>\n<meta property=\"og:locale\" content=\"pt_PT\" \/>\n<meta property=\"og:type\" content=\"article\" \/>\n<meta property=\"og:title\" content=\"Cascata Bigar Nascente Bigar - Road to Romania\" \/>\n<meta property=\"og:description\" content=\"As quedas de \u00e1gua de Bigar s\u00e3o consideradas uma das mais belas quedas de \u00e1gua do mundo, sendo a sua caracter\u00edstica mais extraordin\u00e1ria as rochas cobertas por vegeta\u00e7\u00e3o e a cascata em cascata sobre o rio Minis . Catarata Bigar na Rom\u00e9nia O contraste entre as \u00e1guas cristalinas que descem das Montanhas Aninei e o &hellip; Cascata Bigar Nascente Bigar Read More \u00bb\" \/>\n<meta property=\"og:url\" content=\"https:\/\/roadtoromania.com\/pt-pt\/natureza-da-romenia\/cascata-bigar-nascente-bigar\/\" \/>\n<meta property=\"og:site_name\" content=\"Road to Romania\" \/>\n<meta property=\"article:modified_time\" content=\"2022-10-21T16:58:14+00:00\" \/>\n<meta property=\"og:image\" content=\"https:\/\/roadtoromania.com\/wp-content\/uploads\/2022\/10\/cascada_bigar-1.jpg\" \/>\n\t<meta property=\"og:image:width\" content=\"700\" \/>\n\t<meta property=\"og:image:height\" content=\"465\" \/>\n\t<meta property=\"og:image:type\" content=\"image\/jpeg\" \/>\n<meta name=\"twitter:card\" content=\"summary_large_image\" \/>\n<meta name=\"twitter:label1\" content=\"Tempo estimado de leitura\" \/>\n\t<meta name=\"twitter:data1\" content=\"1 minuto\" \/>\n<script type=\"application\/ld+json\" class=\"yoast-schema-graph\">{\"@context\":\"https:\/\/schema.org\",\"@graph\":[{\"@type\":\"WebPage\",\"@id\":\"https:\/\/roadtoromania.com\/pt-pt\/natureza-da-romenia\/cascata-bigar-nascente-bigar\/\",\"url\":\"https:\/\/roadtoromania.com\/pt-pt\/natureza-da-romenia\/cascata-bigar-nascente-bigar\/\",\"name\":\"Cascata Bigar Nascente Bigar - Road to Romania\",\"isPartOf\":{\"@id\":\"https:\/\/roadtoromania.com\/pt-pt\/#website\"},\"datePublished\":\"2022-10-15T18:40:18+00:00\",\"dateModified\":\"2022-10-21T16:58:14+00:00\",\"breadcrumb\":{\"@id\":\"https:\/\/roadtoromania.com\/pt-pt\/natureza-da-romenia\/cascata-bigar-nascente-bigar\/#breadcrumb\"},\"inLanguage\":\"pt-PT\",\"potentialAction\":[{\"@type\":\"ReadAction\",\"target\":[\"https:\/\/roadtoromania.com\/pt-pt\/natureza-da-romenia\/cascata-bigar-nascente-bigar\/\"]}]},{\"@type\":\"BreadcrumbList\",\"@id\":\"https:\/\/roadtoromania.com\/pt-pt\/natureza-da-romenia\/cascata-bigar-nascente-bigar\/#breadcrumb\",\"itemListElement\":[{\"@type\":\"ListItem\",\"position\":1,\"name\":\"Home\",\"item\":\"https:\/\/roadtoromania.com\/pt-pt\/\"},{\"@type\":\"ListItem\",\"position\":2,\"name\":\"Natureza da Rom\u00e9nia\",\"item\":\"https:\/\/roadtoromania.com\/pt-pt\/natureza-da-romenia\/\"},{\"@type\":\"ListItem\",\"position\":3,\"name\":\"Cascata Bigar Nascente Bigar\"}]},{\"@type\":\"WebSite\",\"@id\":\"https:\/\/roadtoromania.com\/pt-pt\/#website\",\"url\":\"https:\/\/roadtoromania.com\/pt-pt\/\",\"name\":\"Road to Romania\",\"description\":\"O blog onde encontrar\u00e1 toda a informa\u00e7\u00e3o de que necessita para desfrutar da Rom\u00e9nia.\",\"potentialAction\":[{\"@type\":\"SearchAction\",\"target\":{\"@type\":\"EntryPoint\",\"urlTemplate\":\"https:\/\/roadtoromania.com\/pt-pt\/?s={search_term_string}\"},\"query-input\":\"required name=search_term_string\"}],\"inLanguage\":\"pt-PT\"}]}<\/script>\n<!-- \/ Yoast SEO plugin. -->","yoast_head_json":{"title":"Cascata Bigar Nascente Bigar - Road to Romania","robots":{"index":"index","follow":"follow","max-snippet":"max-snippet:-1","max-image-preview":"max-image-preview:large","max-video-preview":"max-video-preview:-1"},"canonical":"https:\/\/roadtoromania.com\/pt-pt\/natureza-da-romenia\/cascata-bigar-nascente-bigar\/","og_locale":"pt_PT","og_type":"article","og_title":"Cascata Bigar Nascente Bigar - Road to Romania","og_description":"As quedas de \u00e1gua de Bigar s\u00e3o consideradas uma das mais belas quedas de \u00e1gua do mundo, sendo a sua caracter\u00edstica mais extraordin\u00e1ria as rochas cobertas por vegeta\u00e7\u00e3o e a cascata em cascata sobre o rio Minis . Catarata Bigar na Rom\u00e9nia O contraste entre as \u00e1guas cristalinas que descem das Montanhas Aninei e o &hellip; Cascata Bigar Nascente Bigar Read More \u00bb","og_url":"https:\/\/roadtoromania.com\/pt-pt\/natureza-da-romenia\/cascata-bigar-nascente-bigar\/","og_site_name":"Road to Romania","article_modified_time":"2022-10-21T16:58:14+00:00","og_image":[{"width":700,"height":465,"url":"https:\/\/roadtoromania.com\/wp-content\/uploads\/2022\/10\/cascada_bigar-1.jpg","type":"image\/jpeg"}],"twitter_card":"summary_large_image","twitter_misc":{"Tempo estimado de leitura":"1 minuto"},"schema":{"@context":"https:\/\/schema.org","@graph":[{"@type":"WebPage","@id":"https:\/\/roadtoromania.com\/pt-pt\/natureza-da-romenia\/cascata-bigar-nascente-bigar\/","url":"https:\/\/roadtoromania.com\/pt-pt\/natureza-da-romenia\/cascata-bigar-nascente-bigar\/","name":"Cascata Bigar Nascente Bigar - Road to Romania","isPartOf":{"@id":"https:\/\/roadtoromania.com\/pt-pt\/#website"},"datePublished":"2022-10-15T18:40:18+00:00","dateModified":"2022-10-21T16:58:14+00:00","breadcrumb":{"@id":"https:\/\/roadtoromania.com\/pt-pt\/natureza-da-romenia\/cascata-bigar-nascente-bigar\/#breadcrumb"},"inLanguage":"pt-PT","potentialAction":[{"@type":"ReadAction","target":["https:\/\/roadtoromania.com\/pt-pt\/natureza-da-romenia\/cascata-bigar-nascente-bigar\/"]}]},{"@type":"BreadcrumbList","@id":"https:\/\/roadtoromania.com\/pt-pt\/natureza-da-romenia\/cascata-bigar-nascente-bigar\/#breadcrumb","itemListElement":[{"@type":"ListItem","position":1,"name":"Home","item":"https:\/\/roadtoromania.com\/pt-pt\/"},{"@type":"ListItem","position":2,"name":"Natureza da Rom\u00e9nia","item":"https:\/\/roadtoromania.com\/pt-pt\/natureza-da-romenia\/"},{"@type":"ListItem","position":3,"name":"Cascata Bigar Nascente Bigar"}]},{"@type":"WebSite","@id":"https:\/\/roadtoromania.com\/pt-pt\/#website","url":"https:\/\/roadtoromania.com\/pt-pt\/","name":"Road to Romania","description":"O blog onde encontrar\u00e1 toda a informa\u00e7\u00e3o de que necessita para desfrutar da Rom\u00e9nia.","potentialAction":[{"@type":"SearchAction","target":{"@type":"EntryPoint","urlTemplate":"https:\/\/roadtoromania.com\/pt-pt\/?s={search_term_string}"},"query-input":"required name=search_term_string"}],"inLanguage":"pt-PT"}]}},"_links":{"self":[{"href":"https:\/\/roadtoromania.com\/pt-pt\/wp-json\/wp\/v2\/pages\/3339","targetHints":{"allow":["GET"]}}],"collection":[{"href":"https:\/\/roadtoromania.com\/pt-pt\/wp-json\/wp\/v2\/pages"}],"about":[{"href":"https:\/\/roadtoromania.com\/pt-pt\/wp-json\/wp\/v2\/types\/page"}],"author":[{"embeddable":true,"href":"https:\/\/roadtoromania.com\/pt-pt\/wp-json\/wp\/v2\/users\/1"}],"replies":[{"embeddable":true,"href":"https:\/\/roadtoromania.com\/pt-pt\/wp-json\/wp\/v2\/comments?post=3339"}],"version-history":[{"count":0,"href":"https:\/\/roadtoromania.com\/pt-pt\/wp-json\/wp\/v2\/pages\/3339\/revisions"}],"up":[{"embeddable":true,"href":"https:\/\/roadtoromania.com\/pt-pt\/wp-json\/wp\/v2\/pages\/3338"}],"wp:featuredmedia":[{"embeddable":true,"href":"https:\/\/roadtoromania.com\/pt-pt\/wp-json\/wp\/v2\/media\/1727"}],"wp:attachment":[{"href":"https:\/\/roadtoromania.com\/pt-pt\/wp-json\/wp\/v2\/media?parent=3339"}],"curies":[{"name":"wp","href":"https:\/\/api.w.org\/{rel}","templated":true}]}}