{"id":3341,"date":"2022-10-15T18:40:18","date_gmt":"2022-10-15T18:40:18","guid":{"rendered":"https:\/\/roadtoromania.com\/natureza-da-romenia\/delta-do-danubio\/"},"modified":"2022-10-21T16:58:14","modified_gmt":"2022-10-21T16:58:14","slug":"delta-do-danubio","status":"publish","type":"page","link":"https:\/\/roadtoromania.com\/pt-pt\/natureza-da-romenia\/delta-do-danubio\/","title":{"rendered":"Delta do Dan\u00fabio"},"content":{"rendered":"<p>O <strong>Delta do Dan\u00fabio<\/strong> \u00e9 uma das \u00e1reas menos conhecidas da Rom\u00e9nia fora das suas fronteiras. E, ao mesmo tempo, oferece uma paisagem completamente diferente da paisagem montanhosa dos C\u00e1rpatos.<\/p>\n<p><img decoding=\"async\" src=\"https:\/\/roadtoromania.com\/wp-content\/uploads\/2022\/10\/delta_danubio_fauna.jpg\" \/>Fauna do Delta do Dan\u00fabio<\/p>\n<p>\nA foz de um dos maiores rios da Europa, que nasce na Floresta Negra da Alemanha e corre atrav\u00e9s da \u00c1ustria, Eslov\u00e1quia, Hungria, Cro\u00e1cia, S\u00e9rvia, Rom\u00e9nia, Bulg\u00e1ria, Mold\u00e1via e Ucr\u00e2nia, at\u00e9 se fundir nas \u00e1guas do Mar Negro, \u00e9 formada por tr\u00eas ramos que gradualmente se deformam no Delta: Chilia, Sulina e Sf\u00e2ntu Gheorghe&#8230;<\/p>\n<p>\nO Delta do Dan\u00fabio \u00e9 <strong>uma Reserva da Biosfera<\/strong> , um Patrim\u00f3nio Natural Mundial (desde 1991) e uma das mais importantes zonas h\u00famidas do mundo, lar de in\u00fameras esp\u00e9cies de aves e felizmente um espa\u00e7o onde na maior parte da sua extens\u00e3o a pegada do ser humano \u00e9 inexistente<\/p>\n<\/p>\n<p>\nOs seus mais de 5000 quil\u00f3metros quadrados compreendem um vasto territ\u00f3rio cheio de zonas h\u00famidas com p\u00e2ntanos, ilhas de juncos e bancos de areia. Cerca de 300 esp\u00e9cies de aves coexistem aqui, umas numa base regular e outras na sua viagem migrat\u00f3ria. Pelicanos, gar\u00e7as, cisnes, gansos de pesco\u00e7o vermelho, corvos-marinhos an\u00f5es s\u00e3o alguns dos seus visitantes, embora outros cheguem da \u00c1sia ou \u00c1frica.<\/p>\n<p> A curiosa hist\u00f3ria dos Lipovans<\/strong> <\/h2>\n<p>\nAntropologicamente, o Delta \u00e9 tamb\u00e9m um lugar \u00fanico. J\u00e1 mencionada pelo historiador cl\u00e1ssico Her\u00f3doto, uma comunidade de Lipovans vive nesta \u00e1rea h\u00e1 tr\u00eas s\u00e9culos. Chegados da R\u00fassia na d\u00e9cada de 1720, s\u00e3o um ramo perseguido dos crentes russos do Rito Ortodoxo Antigo, que rejeitaram as reformas religiosas realizadas em meados do s\u00e9culo XVII pelo Patriarca Nikon. Estigmatizados como hereges, foram excomungados e severamente reprimidos, o que levou ao seu ex\u00edlio para a regi\u00e3o do Delta da Rom\u00e9nia, uma \u00e1rea in\u00f3spita mas desabitada na altura, onde os Lipovans asseguraram ao longo dos tr\u00eas s\u00e9culos que a amea\u00e7a otomana ou o dogma firme dos czares n\u00e3o seria uma afronta para eles.<\/p>\n<p><img decoding=\"async\" src=\"https:\/\/roadtoromania.com\/wp-content\/uploads\/2022\/10\/barco_delta_danubio.jpg\" \/>P\u00f4r-do-sol no Delta<br \/>\n Actividades no Delta do Dan\u00fabio<\/strong> <\/h2>\n<p>\nUma das actividades mais populares quando se visita o delta s\u00e3o cruzeiros de barco ou caiaque atrav\u00e9s do intrincado labirinto de canais fluviais. Pode tamb\u00e9m aprender como os romanos plantaram vinhas na zona, ou como colher uma amostra de caviar feito de ovas de esturj\u00e3o beluga. H\u00e1 tamb\u00e9m numerosas viagens organizadas que se concentram no Delta e na parte oriental da Rom\u00e9nia.<\/p>\n<p>\nO Delta \u00e9 t\u00e3o vasto que existem v\u00e1rios itiner\u00e1rios, sendo um dos mais frequentes o do Canal Sf\u00e2ntu Gheorghe (St George), com passeios de barco partindo de Tulcea. Tamb\u00e9m se pode l\u00e1 chegar de carro, passando primeiro por Murighiol. Mais a norte, na costa do Mar Negro, Sulina \u00e9 a cidade mais oriental da Rom\u00e9nia <\/p>\n<p>.<\/p>\n<p>\nA cria\u00e7\u00e3o de reservat\u00f3rios ao longo do Dan\u00fabio abrandou consideravelmente a chegada de sedimentos e estratos, abrandando a sedimenta\u00e7\u00e3o no Delta, e produzindo assim uma regress\u00e3o do seu espa\u00e7o que afecta o ecossistema <\/p>\n<p>.<\/p>\n<p> Como chegar ao Delta do Dan\u00fabio<\/strong> <\/h2>\n<p>\nTulcea \u00e9 a cidade mais importante que serve de porta de entrada para o Delta do Dan\u00fabio. A partir daqui podemos saber mais nos postos de turismo.<\/p>\n<p><a href=\"https:\/\/roadtoromania.com\/wp-content\/uploads\/2022\/10\/mapa_delta_danubio_rumania.jpg\"><img decoding=\"async\" src=\"data:image\/gif;base64,R0lGODdhAQABAPAAAMPDwwAAACwAAAAAAQABAAACAkQBADs=\" \/><\/a> Mapa do Delta do Dan\u00fabio na Rom\u00e9nia<\/p>\n","protected":false},"excerpt":{"rendered":"<p>O Delta do Dan\u00fabio \u00e9 uma das \u00e1reas menos conhecidas da Rom\u00e9nia fora das suas fronteiras. E, ao mesmo tempo, oferece uma paisagem completamente diferente da paisagem montanhosa dos C\u00e1rpatos. Fauna do Delta do Dan\u00fabio A foz de um dos maiores rios da Europa, que nasce na Floresta Negra da Alemanha e corre atrav\u00e9s da &hellip;<\/p>\n<p class=\"read-more\"> <a class=\"\" href=\"https:\/\/roadtoromania.com\/pt-pt\/natureza-da-romenia\/delta-do-danubio\/\"> <span class=\"screen-reader-text\">Delta do Dan\u00fabio<\/span> Read More \u00bb<\/a><\/p>\n","protected":false},"author":1,"featured_media":1749,"parent":3338,"menu_order":0,"comment_status":"open","ping_status":"open","template":"","meta":{"site-sidebar-layout":"default","site-content-layout":"default","ast-global-header-display":"","ast-main-header-display":"","ast-hfb-above-header-display":"","ast-hfb-below-header-display":"","ast-hfb-mobile-header-display":"","site-post-title":"","ast-breadcrumbs-content":"","ast-featured-img":"","footer-sml-layout":"","theme-transparent-header-meta":"","adv-header-id-meta":"","stick-header-meta":"","header-above-stick-meta":"","header-main-stick-meta":"","header-below-stick-meta":"","footnotes":""},"class_list":["post-3341","page","type-page","status-publish","has-post-thumbnail","hentry"],"yoast_head":"<!-- This site is optimized with the Yoast SEO plugin v19.10 - https:\/\/yoast.com\/wordpress\/plugins\/seo\/ -->\n<title>Delta do Dan\u00fabio - Road to Romania<\/title>\n<meta name=\"robots\" content=\"index, follow, max-snippet:-1, max-image-preview:large, max-video-preview:-1\" \/>\n<link rel=\"canonical\" href=\"https:\/\/roadtoromania.com\/pt-pt\/natureza-da-romenia\/delta-do-danubio\/\" \/>\n<meta property=\"og:locale\" content=\"pt_PT\" \/>\n<meta property=\"og:type\" content=\"article\" \/>\n<meta property=\"og:title\" content=\"Delta do Dan\u00fabio - Road to Romania\" \/>\n<meta property=\"og:description\" content=\"O Delta do Dan\u00fabio \u00e9 uma das \u00e1reas menos conhecidas da Rom\u00e9nia fora das suas fronteiras. E, ao mesmo tempo, oferece uma paisagem completamente diferente da paisagem montanhosa dos C\u00e1rpatos. Fauna do Delta do Dan\u00fabio A foz de um dos maiores rios da Europa, que nasce na Floresta Negra da Alemanha e corre atrav\u00e9s da &hellip; Delta do Dan\u00fabio Read More \u00bb\" \/>\n<meta property=\"og:url\" content=\"https:\/\/roadtoromania.com\/pt-pt\/natureza-da-romenia\/delta-do-danubio\/\" \/>\n<meta property=\"og:site_name\" content=\"Road to Romania\" \/>\n<meta property=\"article:modified_time\" content=\"2022-10-21T16:58:14+00:00\" \/>\n<meta property=\"og:image\" content=\"https:\/\/roadtoromania.com\/wp-content\/uploads\/2022\/10\/delta_danubio_fauna-1.jpg\" \/>\n\t<meta property=\"og:image:width\" content=\"700\" \/>\n\t<meta property=\"og:image:height\" content=\"394\" \/>\n\t<meta property=\"og:image:type\" content=\"image\/jpeg\" \/>\n<meta name=\"twitter:card\" content=\"summary_large_image\" \/>\n<meta name=\"twitter:label1\" content=\"Tempo estimado de leitura\" \/>\n\t<meta name=\"twitter:data1\" content=\"3 minutos\" \/>\n<script type=\"application\/ld+json\" class=\"yoast-schema-graph\">{\"@context\":\"https:\/\/schema.org\",\"@graph\":[{\"@type\":\"WebPage\",\"@id\":\"https:\/\/roadtoromania.com\/pt-pt\/natureza-da-romenia\/delta-do-danubio\/\",\"url\":\"https:\/\/roadtoromania.com\/pt-pt\/natureza-da-romenia\/delta-do-danubio\/\",\"name\":\"Delta do Dan\u00fabio - Road to Romania\",\"isPartOf\":{\"@id\":\"https:\/\/roadtoromania.com\/pt-pt\/#website\"},\"datePublished\":\"2022-10-15T18:40:18+00:00\",\"dateModified\":\"2022-10-21T16:58:14+00:00\",\"breadcrumb\":{\"@id\":\"https:\/\/roadtoromania.com\/pt-pt\/natureza-da-romenia\/delta-do-danubio\/#breadcrumb\"},\"inLanguage\":\"pt-PT\",\"potentialAction\":[{\"@type\":\"ReadAction\",\"target\":[\"https:\/\/roadtoromania.com\/pt-pt\/natureza-da-romenia\/delta-do-danubio\/\"]}]},{\"@type\":\"BreadcrumbList\",\"@id\":\"https:\/\/roadtoromania.com\/pt-pt\/natureza-da-romenia\/delta-do-danubio\/#breadcrumb\",\"itemListElement\":[{\"@type\":\"ListItem\",\"position\":1,\"name\":\"Home\",\"item\":\"https:\/\/roadtoromania.com\/pt-pt\/\"},{\"@type\":\"ListItem\",\"position\":2,\"name\":\"Natureza da Rom\u00e9nia\",\"item\":\"https:\/\/roadtoromania.com\/pt-pt\/natureza-da-romenia\/\"},{\"@type\":\"ListItem\",\"position\":3,\"name\":\"Delta do Dan\u00fabio\"}]},{\"@type\":\"WebSite\",\"@id\":\"https:\/\/roadtoromania.com\/pt-pt\/#website\",\"url\":\"https:\/\/roadtoromania.com\/pt-pt\/\",\"name\":\"Road to Romania\",\"description\":\"O blog onde encontrar\u00e1 toda a informa\u00e7\u00e3o de que necessita para desfrutar da Rom\u00e9nia.\",\"potentialAction\":[{\"@type\":\"SearchAction\",\"target\":{\"@type\":\"EntryPoint\",\"urlTemplate\":\"https:\/\/roadtoromania.com\/pt-pt\/?s={search_term_string}\"},\"query-input\":\"required name=search_term_string\"}],\"inLanguage\":\"pt-PT\"}]}<\/script>\n<!-- \/ Yoast SEO plugin. -->","yoast_head_json":{"title":"Delta do Dan\u00fabio - Road to Romania","robots":{"index":"index","follow":"follow","max-snippet":"max-snippet:-1","max-image-preview":"max-image-preview:large","max-video-preview":"max-video-preview:-1"},"canonical":"https:\/\/roadtoromania.com\/pt-pt\/natureza-da-romenia\/delta-do-danubio\/","og_locale":"pt_PT","og_type":"article","og_title":"Delta do Dan\u00fabio - Road to Romania","og_description":"O Delta do Dan\u00fabio \u00e9 uma das \u00e1reas menos conhecidas da Rom\u00e9nia fora das suas fronteiras. E, ao mesmo tempo, oferece uma paisagem completamente diferente da paisagem montanhosa dos C\u00e1rpatos. Fauna do Delta do Dan\u00fabio A foz de um dos maiores rios da Europa, que nasce na Floresta Negra da Alemanha e corre atrav\u00e9s da &hellip; Delta do Dan\u00fabio Read More \u00bb","og_url":"https:\/\/roadtoromania.com\/pt-pt\/natureza-da-romenia\/delta-do-danubio\/","og_site_name":"Road to Romania","article_modified_time":"2022-10-21T16:58:14+00:00","og_image":[{"width":700,"height":394,"url":"https:\/\/roadtoromania.com\/wp-content\/uploads\/2022\/10\/delta_danubio_fauna-1.jpg","type":"image\/jpeg"}],"twitter_card":"summary_large_image","twitter_misc":{"Tempo estimado de leitura":"3 minutos"},"schema":{"@context":"https:\/\/schema.org","@graph":[{"@type":"WebPage","@id":"https:\/\/roadtoromania.com\/pt-pt\/natureza-da-romenia\/delta-do-danubio\/","url":"https:\/\/roadtoromania.com\/pt-pt\/natureza-da-romenia\/delta-do-danubio\/","name":"Delta do Dan\u00fabio - Road to Romania","isPartOf":{"@id":"https:\/\/roadtoromania.com\/pt-pt\/#website"},"datePublished":"2022-10-15T18:40:18+00:00","dateModified":"2022-10-21T16:58:14+00:00","breadcrumb":{"@id":"https:\/\/roadtoromania.com\/pt-pt\/natureza-da-romenia\/delta-do-danubio\/#breadcrumb"},"inLanguage":"pt-PT","potentialAction":[{"@type":"ReadAction","target":["https:\/\/roadtoromania.com\/pt-pt\/natureza-da-romenia\/delta-do-danubio\/"]}]},{"@type":"BreadcrumbList","@id":"https:\/\/roadtoromania.com\/pt-pt\/natureza-da-romenia\/delta-do-danubio\/#breadcrumb","itemListElement":[{"@type":"ListItem","position":1,"name":"Home","item":"https:\/\/roadtoromania.com\/pt-pt\/"},{"@type":"ListItem","position":2,"name":"Natureza da Rom\u00e9nia","item":"https:\/\/roadtoromania.com\/pt-pt\/natureza-da-romenia\/"},{"@type":"ListItem","position":3,"name":"Delta do Dan\u00fabio"}]},{"@type":"WebSite","@id":"https:\/\/roadtoromania.com\/pt-pt\/#website","url":"https:\/\/roadtoromania.com\/pt-pt\/","name":"Road to Romania","description":"O blog onde encontrar\u00e1 toda a informa\u00e7\u00e3o de que necessita para desfrutar da Rom\u00e9nia.","potentialAction":[{"@type":"SearchAction","target":{"@type":"EntryPoint","urlTemplate":"https:\/\/roadtoromania.com\/pt-pt\/?s={search_term_string}"},"query-input":"required name=search_term_string"}],"inLanguage":"pt-PT"}]}},"_links":{"self":[{"href":"https:\/\/roadtoromania.com\/pt-pt\/wp-json\/wp\/v2\/pages\/3341","targetHints":{"allow":["GET"]}}],"collection":[{"href":"https:\/\/roadtoromania.com\/pt-pt\/wp-json\/wp\/v2\/pages"}],"about":[{"href":"https:\/\/roadtoromania.com\/pt-pt\/wp-json\/wp\/v2\/types\/page"}],"author":[{"embeddable":true,"href":"https:\/\/roadtoromania.com\/pt-pt\/wp-json\/wp\/v2\/users\/1"}],"replies":[{"embeddable":true,"href":"https:\/\/roadtoromania.com\/pt-pt\/wp-json\/wp\/v2\/comments?post=3341"}],"version-history":[{"count":0,"href":"https:\/\/roadtoromania.com\/pt-pt\/wp-json\/wp\/v2\/pages\/3341\/revisions"}],"up":[{"embeddable":true,"href":"https:\/\/roadtoromania.com\/pt-pt\/wp-json\/wp\/v2\/pages\/3338"}],"wp:featuredmedia":[{"embeddable":true,"href":"https:\/\/roadtoromania.com\/pt-pt\/wp-json\/wp\/v2\/media\/1749"}],"wp:attachment":[{"href":"https:\/\/roadtoromania.com\/pt-pt\/wp-json\/wp\/v2\/media?parent=3341"}],"curies":[{"name":"wp","href":"https:\/\/api.w.org\/{rel}","templated":true}]}}