{"id":3342,"date":"2022-10-15T18:40:18","date_gmt":"2022-10-15T18:40:18","guid":{"rendered":"https:\/\/roadtoromania.com\/natureza-da-romenia\/estancia-de-esqui-de-poiana-brasov\/"},"modified":"2022-10-21T16:58:14","modified_gmt":"2022-10-21T16:58:14","slug":"estancia-de-esqui-de-poiana-brasov","status":"publish","type":"page","link":"https:\/\/roadtoromania.com\/pt-pt\/natureza-da-romenia\/estancia-de-esqui-de-poiana-brasov\/","title":{"rendered":"Est\u00e2ncia de esqui de Poiana Brasov"},"content":{"rendered":"<p>A est\u00e2ncia de esqui de Poiana Brasov est\u00e1 localizada <strong>a 12 quil\u00f3metros de <a href=\"https:\/\/roadtoromania.com\/pt-pt\/cidades-e-regioes-da-romenia\/brasov\/\">Brasov<\/a> <\/strong> , cerca de 15 minutos de carro ou meia hora de autocarro, e durante os meses de Inverno \u00e9 visitada por milhares de turistas, uma vez que oferece alguns dos<\/strong> melhores esquiadores da Rom\u00e9nia<\/strong> . Est\u00e1 localizado no Maci\u00e7o Postavaru (nos C\u00e1rpatos do Sul), a cerca de 1030 metros acima do n\u00edvel do mar, e est\u00e1 rodeado por quatro montanhas: Postavaru (1799 m.), Piatra Craiului (2238 m.), Bucegi (2505 m.) e Piatra Mare (1848 m.) <\/p>\n<p>.<\/p>\n<p><img decoding=\"async\" src=\"https:\/\/roadtoromania.com\/wp-content\/uploads\/2022\/10\/esqui-rumania-poiana.jpg\" \/>A est\u00e2ncia de esqui de Poiana, uma das mais famosas da Rom\u00e9nia.<\/p>\n<p>\nA esta\u00e7\u00e3o de esqui de Poiana Brasov tem um clima continental, com uma temperatura m\u00e9dia de 5\u00b0C, e a neve dura cerca de 120 dias por ano. A est\u00e2ncia acolheu<\/strong> v\u00e1rios eventos desportivos de Inverno<\/strong> , e hoje \u00e9 um importante centro tur\u00edstico internacional com 12 pistas de esqui, um funicular, piscinas, saunas, hot\u00e9is de luxo e v\u00e1rios restaurantes <\/p>\n<p>.<\/p>\n<p>\n <strong>No Ver\u00e3o<\/strong> , \u00e9 um lugar ideal para <strong>caminhadas nos C\u00e1rpatos do Sul<\/strong> , um verdadeiro espect\u00e1culo. Se quiser desfrutar de uma vista panor\u00e2mica de Brasov e da mais distante montanha Bucegi, pode levar o telef\u00e9rico at\u00e9 ao topo da montanha Postavarul.<\/p>\n<p>\nCelebridades de Hollywood como Jude Law e Nicole Kidman descansaram na est\u00e2ncia de Poiana Brasov depois de filmarem Cold Mountain de Anthony Minghella, que foi filmada na Rom\u00e9nia.<\/p>\n<p>\nLa Provence oferece <a href=\"https:\/\/roadtoromania.com\/pt-pt\/aluguer-de-automoveis-na-romenia\/\">aluguer de autom\u00f3veis<\/a> e <a href=\"https:\/\/roadtoromania.com\/pt-pt\/alojamento-na-romenia\/\">alojamento em hotel<\/a> em Poiana Brasov.<\/p>\n<p>\n<a href=\"https:\/\/roadtoromania.com\/pt-pt\/mapas-da-romenia\/mapa-de-poiana-brasov-estancia-de-esqui\/\">Mapa e Plano de Poiana Brasov e da sua est\u00e2ncia de esqui<\/a> <\/p><\/p>\n","protected":false},"excerpt":{"rendered":"<p>A est\u00e2ncia de esqui de Poiana Brasov est\u00e1 localizada a 12 quil\u00f3metros de Brasov , cerca de 15 minutos de carro ou meia hora de autocarro, e durante os meses de Inverno \u00e9 visitada por milhares de turistas, uma vez que oferece alguns dos melhores esquiadores da Rom\u00e9nia . Est\u00e1 localizado no Maci\u00e7o Postavaru (nos &hellip;<\/p>\n<p class=\"read-more\"> <a class=\"\" href=\"https:\/\/roadtoromania.com\/pt-pt\/natureza-da-romenia\/estancia-de-esqui-de-poiana-brasov\/\"> <span class=\"screen-reader-text\">Est\u00e2ncia de esqui de Poiana Brasov<\/span> Read More \u00bb<\/a><\/p>\n","protected":false},"author":1,"featured_media":1763,"parent":3338,"menu_order":0,"comment_status":"open","ping_status":"open","template":"","meta":{"site-sidebar-layout":"default","site-content-layout":"default","ast-global-header-display":"","ast-main-header-display":"","ast-hfb-above-header-display":"","ast-hfb-below-header-display":"","ast-hfb-mobile-header-display":"","site-post-title":"","ast-breadcrumbs-content":"","ast-featured-img":"","footer-sml-layout":"","theme-transparent-header-meta":"","adv-header-id-meta":"","stick-header-meta":"","header-above-stick-meta":"","header-main-stick-meta":"","header-below-stick-meta":"","footnotes":""},"class_list":["post-3342","page","type-page","status-publish","has-post-thumbnail","hentry"],"yoast_head":"<!-- This site is optimized with the Yoast SEO plugin v19.10 - https:\/\/yoast.com\/wordpress\/plugins\/seo\/ -->\n<title>Est\u00e2ncia de esqui de Poiana Brasov - Road to Romania<\/title>\n<meta name=\"robots\" content=\"index, follow, max-snippet:-1, max-image-preview:large, max-video-preview:-1\" \/>\n<link rel=\"canonical\" href=\"https:\/\/roadtoromania.com\/pt-pt\/natureza-da-romenia\/estancia-de-esqui-de-poiana-brasov\/\" \/>\n<meta property=\"og:locale\" content=\"pt_PT\" \/>\n<meta property=\"og:type\" content=\"article\" \/>\n<meta property=\"og:title\" content=\"Est\u00e2ncia de esqui de Poiana Brasov - Road to Romania\" \/>\n<meta property=\"og:description\" content=\"A est\u00e2ncia de esqui de Poiana Brasov est\u00e1 localizada a 12 quil\u00f3metros de Brasov , cerca de 15 minutos de carro ou meia hora de autocarro, e durante os meses de Inverno \u00e9 visitada por milhares de turistas, uma vez que oferece alguns dos melhores esquiadores da Rom\u00e9nia . Est\u00e1 localizado no Maci\u00e7o Postavaru (nos &hellip; Est\u00e2ncia de esqui de Poiana Brasov Read More \u00bb\" \/>\n<meta property=\"og:url\" content=\"https:\/\/roadtoromania.com\/pt-pt\/natureza-da-romenia\/estancia-de-esqui-de-poiana-brasov\/\" \/>\n<meta property=\"og:site_name\" content=\"Road to Romania\" \/>\n<meta property=\"article:modified_time\" content=\"2022-10-21T16:58:14+00:00\" \/>\n<meta property=\"og:image\" content=\"https:\/\/roadtoromania.com\/wp-content\/uploads\/2022\/10\/esqui-rumania-poiana-2.jpg\" \/>\n\t<meta property=\"og:image:width\" content=\"640\" \/>\n\t<meta property=\"og:image:height\" content=\"640\" \/>\n\t<meta property=\"og:image:type\" content=\"image\/jpeg\" \/>\n<meta name=\"twitter:card\" content=\"summary_large_image\" \/>\n<meta name=\"twitter:label1\" content=\"Tempo estimado de leitura\" \/>\n\t<meta name=\"twitter:data1\" content=\"1 minuto\" \/>\n<script type=\"application\/ld+json\" class=\"yoast-schema-graph\">{\"@context\":\"https:\/\/schema.org\",\"@graph\":[{\"@type\":\"WebPage\",\"@id\":\"https:\/\/roadtoromania.com\/pt-pt\/natureza-da-romenia\/estancia-de-esqui-de-poiana-brasov\/\",\"url\":\"https:\/\/roadtoromania.com\/pt-pt\/natureza-da-romenia\/estancia-de-esqui-de-poiana-brasov\/\",\"name\":\"Est\u00e2ncia de esqui de Poiana Brasov - Road to Romania\",\"isPartOf\":{\"@id\":\"https:\/\/roadtoromania.com\/pt-pt\/#website\"},\"datePublished\":\"2022-10-15T18:40:18+00:00\",\"dateModified\":\"2022-10-21T16:58:14+00:00\",\"breadcrumb\":{\"@id\":\"https:\/\/roadtoromania.com\/pt-pt\/natureza-da-romenia\/estancia-de-esqui-de-poiana-brasov\/#breadcrumb\"},\"inLanguage\":\"pt-PT\",\"potentialAction\":[{\"@type\":\"ReadAction\",\"target\":[\"https:\/\/roadtoromania.com\/pt-pt\/natureza-da-romenia\/estancia-de-esqui-de-poiana-brasov\/\"]}]},{\"@type\":\"BreadcrumbList\",\"@id\":\"https:\/\/roadtoromania.com\/pt-pt\/natureza-da-romenia\/estancia-de-esqui-de-poiana-brasov\/#breadcrumb\",\"itemListElement\":[{\"@type\":\"ListItem\",\"position\":1,\"name\":\"Home\",\"item\":\"https:\/\/roadtoromania.com\/pt-pt\/\"},{\"@type\":\"ListItem\",\"position\":2,\"name\":\"Natureza da Rom\u00e9nia\",\"item\":\"https:\/\/roadtoromania.com\/pt-pt\/natureza-da-romenia\/\"},{\"@type\":\"ListItem\",\"position\":3,\"name\":\"Est\u00e2ncia de esqui de Poiana Brasov\"}]},{\"@type\":\"WebSite\",\"@id\":\"https:\/\/roadtoromania.com\/pt-pt\/#website\",\"url\":\"https:\/\/roadtoromania.com\/pt-pt\/\",\"name\":\"Road to Romania\",\"description\":\"O blog onde encontrar\u00e1 toda a informa\u00e7\u00e3o de que necessita para desfrutar da Rom\u00e9nia.\",\"potentialAction\":[{\"@type\":\"SearchAction\",\"target\":{\"@type\":\"EntryPoint\",\"urlTemplate\":\"https:\/\/roadtoromania.com\/pt-pt\/?s={search_term_string}\"},\"query-input\":\"required name=search_term_string\"}],\"inLanguage\":\"pt-PT\"}]}<\/script>\n<!-- \/ Yoast SEO plugin. -->","yoast_head_json":{"title":"Est\u00e2ncia de esqui de Poiana Brasov - Road to Romania","robots":{"index":"index","follow":"follow","max-snippet":"max-snippet:-1","max-image-preview":"max-image-preview:large","max-video-preview":"max-video-preview:-1"},"canonical":"https:\/\/roadtoromania.com\/pt-pt\/natureza-da-romenia\/estancia-de-esqui-de-poiana-brasov\/","og_locale":"pt_PT","og_type":"article","og_title":"Est\u00e2ncia de esqui de Poiana Brasov - Road to Romania","og_description":"A est\u00e2ncia de esqui de Poiana Brasov est\u00e1 localizada a 12 quil\u00f3metros de Brasov , cerca de 15 minutos de carro ou meia hora de autocarro, e durante os meses de Inverno \u00e9 visitada por milhares de turistas, uma vez que oferece alguns dos melhores esquiadores da Rom\u00e9nia . Est\u00e1 localizado no Maci\u00e7o Postavaru (nos &hellip; Est\u00e2ncia de esqui de Poiana Brasov Read More \u00bb","og_url":"https:\/\/roadtoromania.com\/pt-pt\/natureza-da-romenia\/estancia-de-esqui-de-poiana-brasov\/","og_site_name":"Road to Romania","article_modified_time":"2022-10-21T16:58:14+00:00","og_image":[{"width":640,"height":640,"url":"https:\/\/roadtoromania.com\/wp-content\/uploads\/2022\/10\/esqui-rumania-poiana-2.jpg","type":"image\/jpeg"}],"twitter_card":"summary_large_image","twitter_misc":{"Tempo estimado de leitura":"1 minuto"},"schema":{"@context":"https:\/\/schema.org","@graph":[{"@type":"WebPage","@id":"https:\/\/roadtoromania.com\/pt-pt\/natureza-da-romenia\/estancia-de-esqui-de-poiana-brasov\/","url":"https:\/\/roadtoromania.com\/pt-pt\/natureza-da-romenia\/estancia-de-esqui-de-poiana-brasov\/","name":"Est\u00e2ncia de esqui de Poiana Brasov - Road to Romania","isPartOf":{"@id":"https:\/\/roadtoromania.com\/pt-pt\/#website"},"datePublished":"2022-10-15T18:40:18+00:00","dateModified":"2022-10-21T16:58:14+00:00","breadcrumb":{"@id":"https:\/\/roadtoromania.com\/pt-pt\/natureza-da-romenia\/estancia-de-esqui-de-poiana-brasov\/#breadcrumb"},"inLanguage":"pt-PT","potentialAction":[{"@type":"ReadAction","target":["https:\/\/roadtoromania.com\/pt-pt\/natureza-da-romenia\/estancia-de-esqui-de-poiana-brasov\/"]}]},{"@type":"BreadcrumbList","@id":"https:\/\/roadtoromania.com\/pt-pt\/natureza-da-romenia\/estancia-de-esqui-de-poiana-brasov\/#breadcrumb","itemListElement":[{"@type":"ListItem","position":1,"name":"Home","item":"https:\/\/roadtoromania.com\/pt-pt\/"},{"@type":"ListItem","position":2,"name":"Natureza da Rom\u00e9nia","item":"https:\/\/roadtoromania.com\/pt-pt\/natureza-da-romenia\/"},{"@type":"ListItem","position":3,"name":"Est\u00e2ncia de esqui de Poiana Brasov"}]},{"@type":"WebSite","@id":"https:\/\/roadtoromania.com\/pt-pt\/#website","url":"https:\/\/roadtoromania.com\/pt-pt\/","name":"Road to Romania","description":"O blog onde encontrar\u00e1 toda a informa\u00e7\u00e3o de que necessita para desfrutar da Rom\u00e9nia.","potentialAction":[{"@type":"SearchAction","target":{"@type":"EntryPoint","urlTemplate":"https:\/\/roadtoromania.com\/pt-pt\/?s={search_term_string}"},"query-input":"required name=search_term_string"}],"inLanguage":"pt-PT"}]}},"_links":{"self":[{"href":"https:\/\/roadtoromania.com\/pt-pt\/wp-json\/wp\/v2\/pages\/3342","targetHints":{"allow":["GET"]}}],"collection":[{"href":"https:\/\/roadtoromania.com\/pt-pt\/wp-json\/wp\/v2\/pages"}],"about":[{"href":"https:\/\/roadtoromania.com\/pt-pt\/wp-json\/wp\/v2\/types\/page"}],"author":[{"embeddable":true,"href":"https:\/\/roadtoromania.com\/pt-pt\/wp-json\/wp\/v2\/users\/1"}],"replies":[{"embeddable":true,"href":"https:\/\/roadtoromania.com\/pt-pt\/wp-json\/wp\/v2\/comments?post=3342"}],"version-history":[{"count":0,"href":"https:\/\/roadtoromania.com\/pt-pt\/wp-json\/wp\/v2\/pages\/3342\/revisions"}],"up":[{"embeddable":true,"href":"https:\/\/roadtoromania.com\/pt-pt\/wp-json\/wp\/v2\/pages\/3338"}],"wp:featuredmedia":[{"embeddable":true,"href":"https:\/\/roadtoromania.com\/pt-pt\/wp-json\/wp\/v2\/media\/1763"}],"wp:attachment":[{"href":"https:\/\/roadtoromania.com\/pt-pt\/wp-json\/wp\/v2\/media?parent=3342"}],"curies":[{"name":"wp","href":"https:\/\/api.w.org\/{rel}","templated":true}]}}