{"id":3348,"date":"2022-10-15T18:40:18","date_gmt":"2022-10-15T18:40:18","guid":{"rendered":"https:\/\/roadtoromania.com\/reclamacoes-de-voo-para-a-romenia\/"},"modified":"2022-10-21T16:58:14","modified_gmt":"2022-10-21T16:58:14","slug":"reclamacoes-de-voo-para-a-romenia","status":"publish","type":"page","link":"https:\/\/roadtoromania.com\/pt-pt\/reclamacoes-de-voo-para-a-romenia\/","title":{"rendered":"Reclama\u00e7\u00f5es de voo para a Rom\u00e9nia"},"content":{"rendered":"<p> <strong>A Rom\u00e9nia<\/strong> \u00e9 um desses destinos que acaba por ser uma grande surpresa para os viajantes. Muitos repetem porque se apercebem do quanto h\u00e1 para ver, e n\u00e3o t\u00eam mais do que coisas boas a dizer sobre as pessoas amigas que nos fazem sentir em casa.\u00a0<\/strong> H\u00e1 de tudo<\/strong> : cidades monumentais, castelos inimagin\u00e1veis, hist\u00f3rias e lendas adornando belas aldeias medievais, uma gastronomia suculenta baseada em produtos de qualidade, possibilidades naturais para todos, e paisagens intocadas cada vez mais dif\u00edceis de encontrar na velha Europa <\/p>\n<p>.<\/p>\n<div id=\"toc_container\" class=\"no_bullets\"><p class=\"toc_title\">Contents<\/p><ul class=\"toc_list\"><li><a href=\"#Como_chegar_a_Romenia_8211_Aeroportos\"><span class=\"toc_number toc_depth_1\">1<\/span> \nComo chegar \u00e0 Rom\u00e9nia &#8211; Aeroportos<\/a><\/li><li><a href=\"#Problemas_com_o_voo\"><span class=\"toc_number toc_depth_1\">2<\/span> \nProblemas com o voo?<\/a><\/li><li><a href=\"#Como_Reclamar\"><span class=\"toc_number toc_depth_1\">3<\/span> \nComo Reclamar<\/a><\/li><li><a href=\"#A_melhor_solucao_para_reclamacoes_de_voos_para_a_Romenia\"><span class=\"toc_number toc_depth_1\">4<\/span> \nA melhor solu\u00e7\u00e3o para reclama\u00e7\u00f5es de voos para a Rom\u00e9nia<\/a><\/li><\/ul><\/div>\n<h2><span id=\"Como_chegar_a_Romenia_8211_Aeroportos\">\nComo chegar \u00e0 Rom\u00e9nia &#8211; Aeroportos<\/span><\/h2>\n<p>\nDe Espanha h\u00e1 <strong>voos directos para a Rom\u00e9nia<\/strong> atrav\u00e9s dos aeroportos de Bucareste, Cluj-Napoca, Sibiu<\/p>\n<p>Timi\u015foara, Ia\u015fi, Craiova, e Bac\u0103u.\u00a0De e para Bucareste, por exemplo, existem liga\u00e7\u00f5es para Madrid, Barcelona, Castell\u00f3n de la Plana, Val\u00eancia ou Alicante.<\/p>\n<p><img decoding=\"async\" src=\"https:\/\/roadtoromania.com\/wp-content\/uploads\/2022\/10\/vuelo_rumania.jpg\" \/>Voar para a Rom\u00e9nia em f\u00e9rias<br \/>\n Ryanair, Wizz Air, Vueling e Blue Air<\/strong> s\u00e3o as companhias a\u00e9reas de baixo custo que t\u00eam voos para a Rom\u00e9nia, por isso, se decidirmos ir, podemos escolher com quem voar.<\/p>\n<h2><span id=\"Problemas_com_o_voo\">\nProblemas com o voo?<\/span><\/h2>\n<p>\nPor vezes os <strong>inconvenientes<\/strong> chegam com o voo regular para a Rom\u00e9nia, enfrentando situa\u00e7\u00f5es inoportunas tais como <strong>cancelamento do voo, atrasos<\/strong> que fazem fronteira com o insuport\u00e1vel,<\/strong> perda<\/strong> dos nossos pertences e malas ou a temida sobre-reserva. Todos estes acontecimentos imprevistos podem perturbar a sua viagem, ao ponto de arruinar as suas f\u00e9rias. \u00c9 por isso que \u00e9 importante estar ciente dos direitos dos passageiros, algo que associa\u00e7\u00f5es como <strong>AENA ou a UCO<\/strong> (Organiza\u00e7\u00e3o de Consumidores e Utilizadores) nos lembram<\/p>\n<h2><span id=\"Como_Reclamar\">\nComo Reclamar<\/span><\/h2>\n<p>\nA queixa <strong>quase nunca \u00e9 f\u00e1cil,<\/strong> e praticamente nunca vem das companhias a\u00e9reas, por isso, ap\u00f3s o infeliz incidente, teremos de ser n\u00f3s a iniciar o processo de queixa. Algumas destas companhias a\u00e9reas jogam um jogo de m\u00e1 direc\u00e7\u00e3o, e a \u00fanica informa\u00e7\u00e3o prov\u00e9m da experi\u00eancia de outros passageiros que j\u00e1 passaram pela mesma prova\u00e7\u00e3o. A informa\u00e7\u00e3o \u00e9 vital porque a primeira quest\u00e3o que se coloca \u00e9 de que momento ou problema temos o direito de reclamar. Os e-mails ou chamadas para a companhia a\u00e9rea em quest\u00e3o t\u00eam filtros para atrasar os nossos pedidos, e a paci\u00eancia \u00e9 um imperativo, uma vez que h\u00e1 um grande n\u00famero de reclama\u00e7\u00f5es que caem pelo caminho devido \u00e0 exaust\u00e3o.<\/p>\n<p>\nPara al\u00e9m destes problemas, por vezes o servi\u00e7o ao cliente n\u00e3o est\u00e1 dispon\u00edvel em espanhol, o que acrescenta uma dificuldade extra quando se trata de comunicar e traduzir o nosso pedido.<\/p>\n<h2><span id=\"A_melhor_solucao_para_reclamacoes_de_voos_para_a_Romenia\">\nA melhor solu\u00e7\u00e3o para reclama\u00e7\u00f5es de voos para a Rom\u00e9nia<\/span><\/h2>\n<p>\nA melhor solu\u00e7\u00e3o \u00e9 sempre a satisfat\u00f3ria, n\u00e3o h\u00e1 d\u00favidas quanto a isso. Mas devido \u00e0 natureza agitada do nosso trabalho, t\u00e9dio, falta de conhecimento burocr\u00e1tico, ou falta de tempo, n\u00e3o somos capazes de levar a cabo a reclama\u00e7\u00e3o. Talvez seja por isso que muitos consumidores que sofreram problemas com cancelamentos, atrasos e outros inconvenientes, escolhem profissionais com experi\u00eancia neste tipo de incidentes. <strong>Reclamacion de vuelos<\/strong> especializou-se neste trabalho, obtendo excelentes resultados para as pessoas afectadas. Eles tratam de tudo, atrav\u00e9s do seu website s\u00f3 tem de enviar a informa\u00e7\u00e3o do incidente com o voo e depois aconselham-no sobre os direitos a indemniza\u00e7\u00e3o que temos. Se estivermos de acordo, colocamos a gest\u00e3o do procedimento nas suas m\u00e3os e delegamos o processo. A garantia de sucesso \u00e9 muito elevada, com 98% das reclama\u00e7\u00f5es a serem bem sucedidas. S\u00f3 ser\u00e3o pagos se o viajante receber a compensa\u00e7\u00e3o, para que possamos ter a certeza de que agir\u00e3o como se f\u00f4ssemos n\u00f3s pr\u00f3prios. Em troca, recebem 25% do montante reclamado.<\/p>\n","protected":false},"excerpt":{"rendered":"<p>A Rom\u00e9nia \u00e9 um desses destinos que acaba por ser uma grande surpresa para os viajantes. Muitos repetem porque se apercebem do quanto h\u00e1 para ver, e n\u00e3o t\u00eam mais do que coisas boas a dizer sobre as pessoas amigas que nos fazem sentir em casa.\u00a0 H\u00e1 de tudo : cidades monumentais, castelos inimagin\u00e1veis, hist\u00f3rias &hellip;<\/p>\n<p class=\"read-more\"> <a class=\"\" href=\"https:\/\/roadtoromania.com\/pt-pt\/reclamacoes-de-voo-para-a-romenia\/\"> <span class=\"screen-reader-text\">Reclama\u00e7\u00f5es de voo para a Rom\u00e9nia<\/span> Read More \u00bb<\/a><\/p>\n","protected":false},"author":1,"featured_media":1817,"parent":0,"menu_order":0,"comment_status":"open","ping_status":"open","template":"","meta":{"site-sidebar-layout":"default","site-content-layout":"default","ast-global-header-display":"","ast-main-header-display":"","ast-hfb-above-header-display":"","ast-hfb-below-header-display":"","ast-hfb-mobile-header-display":"","site-post-title":"","ast-breadcrumbs-content":"","ast-featured-img":"","footer-sml-layout":"","theme-transparent-header-meta":"","adv-header-id-meta":"","stick-header-meta":"","header-above-stick-meta":"","header-main-stick-meta":"","header-below-stick-meta":"","footnotes":""},"class_list":["post-3348","page","type-page","status-publish","has-post-thumbnail","hentry"],"yoast_head":"<!-- This site is optimized with the Yoast SEO plugin v19.10 - https:\/\/yoast.com\/wordpress\/plugins\/seo\/ -->\n<title>Reclama\u00e7\u00f5es de voo para a Rom\u00e9nia - Road to Romania<\/title>\n<meta name=\"robots\" content=\"index, follow, max-snippet:-1, max-image-preview:large, max-video-preview:-1\" \/>\n<link rel=\"canonical\" href=\"https:\/\/roadtoromania.com\/pt-pt\/reclamacoes-de-voo-para-a-romenia\/\" \/>\n<meta property=\"og:locale\" content=\"pt_PT\" \/>\n<meta property=\"og:type\" content=\"article\" \/>\n<meta property=\"og:title\" content=\"Reclama\u00e7\u00f5es de voo para a Rom\u00e9nia - Road to Romania\" \/>\n<meta property=\"og:description\" content=\"A Rom\u00e9nia \u00e9 um desses destinos que acaba por ser uma grande surpresa para os viajantes. Muitos repetem porque se apercebem do quanto h\u00e1 para ver, e n\u00e3o t\u00eam mais do que coisas boas a dizer sobre as pessoas amigas que nos fazem sentir em casa.\u00a0 H\u00e1 de tudo : cidades monumentais, castelos inimagin\u00e1veis, hist\u00f3rias &hellip; Reclama\u00e7\u00f5es de voo para a Rom\u00e9nia Read More \u00bb\" \/>\n<meta property=\"og:url\" content=\"https:\/\/roadtoromania.com\/pt-pt\/reclamacoes-de-voo-para-a-romenia\/\" \/>\n<meta property=\"og:site_name\" content=\"Road to Romania\" \/>\n<meta property=\"article:modified_time\" content=\"2022-10-21T16:58:14+00:00\" \/>\n<meta property=\"og:image\" content=\"https:\/\/roadtoromania.com\/wp-content\/uploads\/2022\/10\/vuelo_rumania-1.jpg\" \/>\n\t<meta property=\"og:image:width\" content=\"768\" \/>\n\t<meta property=\"og:image:height\" content=\"432\" \/>\n\t<meta property=\"og:image:type\" content=\"image\/jpeg\" \/>\n<meta name=\"twitter:card\" content=\"summary_large_image\" \/>\n<meta name=\"twitter:label1\" content=\"Tempo estimado de leitura\" \/>\n\t<meta name=\"twitter:data1\" content=\"3 minutos\" \/>\n<script type=\"application\/ld+json\" class=\"yoast-schema-graph\">{\"@context\":\"https:\/\/schema.org\",\"@graph\":[{\"@type\":\"WebPage\",\"@id\":\"https:\/\/roadtoromania.com\/pt-pt\/reclamacoes-de-voo-para-a-romenia\/\",\"url\":\"https:\/\/roadtoromania.com\/pt-pt\/reclamacoes-de-voo-para-a-romenia\/\",\"name\":\"Reclama\u00e7\u00f5es de voo para a Rom\u00e9nia - Road to Romania\",\"isPartOf\":{\"@id\":\"https:\/\/roadtoromania.com\/pt-pt\/#website\"},\"datePublished\":\"2022-10-15T18:40:18+00:00\",\"dateModified\":\"2022-10-21T16:58:14+00:00\",\"breadcrumb\":{\"@id\":\"https:\/\/roadtoromania.com\/pt-pt\/reclamacoes-de-voo-para-a-romenia\/#breadcrumb\"},\"inLanguage\":\"pt-PT\",\"potentialAction\":[{\"@type\":\"ReadAction\",\"target\":[\"https:\/\/roadtoromania.com\/pt-pt\/reclamacoes-de-voo-para-a-romenia\/\"]}]},{\"@type\":\"BreadcrumbList\",\"@id\":\"https:\/\/roadtoromania.com\/pt-pt\/reclamacoes-de-voo-para-a-romenia\/#breadcrumb\",\"itemListElement\":[{\"@type\":\"ListItem\",\"position\":1,\"name\":\"Home\",\"item\":\"https:\/\/roadtoromania.com\/pt-pt\/\"},{\"@type\":\"ListItem\",\"position\":2,\"name\":\"Reclama\u00e7\u00f5es de voo para a Rom\u00e9nia\"}]},{\"@type\":\"WebSite\",\"@id\":\"https:\/\/roadtoromania.com\/pt-pt\/#website\",\"url\":\"https:\/\/roadtoromania.com\/pt-pt\/\",\"name\":\"Road to Romania\",\"description\":\"O blog onde encontrar\u00e1 toda a informa\u00e7\u00e3o de que necessita para desfrutar da Rom\u00e9nia.\",\"potentialAction\":[{\"@type\":\"SearchAction\",\"target\":{\"@type\":\"EntryPoint\",\"urlTemplate\":\"https:\/\/roadtoromania.com\/pt-pt\/?s={search_term_string}\"},\"query-input\":\"required name=search_term_string\"}],\"inLanguage\":\"pt-PT\"}]}<\/script>\n<!-- \/ Yoast SEO plugin. -->","yoast_head_json":{"title":"Reclama\u00e7\u00f5es de voo para a Rom\u00e9nia - Road to Romania","robots":{"index":"index","follow":"follow","max-snippet":"max-snippet:-1","max-image-preview":"max-image-preview:large","max-video-preview":"max-video-preview:-1"},"canonical":"https:\/\/roadtoromania.com\/pt-pt\/reclamacoes-de-voo-para-a-romenia\/","og_locale":"pt_PT","og_type":"article","og_title":"Reclama\u00e7\u00f5es de voo para a Rom\u00e9nia - Road to Romania","og_description":"A Rom\u00e9nia \u00e9 um desses destinos que acaba por ser uma grande surpresa para os viajantes. Muitos repetem porque se apercebem do quanto h\u00e1 para ver, e n\u00e3o t\u00eam mais do que coisas boas a dizer sobre as pessoas amigas que nos fazem sentir em casa.\u00a0 H\u00e1 de tudo : cidades monumentais, castelos inimagin\u00e1veis, hist\u00f3rias &hellip; Reclama\u00e7\u00f5es de voo para a Rom\u00e9nia Read More \u00bb","og_url":"https:\/\/roadtoromania.com\/pt-pt\/reclamacoes-de-voo-para-a-romenia\/","og_site_name":"Road to Romania","article_modified_time":"2022-10-21T16:58:14+00:00","og_image":[{"width":768,"height":432,"url":"https:\/\/roadtoromania.com\/wp-content\/uploads\/2022\/10\/vuelo_rumania-1.jpg","type":"image\/jpeg"}],"twitter_card":"summary_large_image","twitter_misc":{"Tempo estimado de leitura":"3 minutos"},"schema":{"@context":"https:\/\/schema.org","@graph":[{"@type":"WebPage","@id":"https:\/\/roadtoromania.com\/pt-pt\/reclamacoes-de-voo-para-a-romenia\/","url":"https:\/\/roadtoromania.com\/pt-pt\/reclamacoes-de-voo-para-a-romenia\/","name":"Reclama\u00e7\u00f5es de voo para a Rom\u00e9nia - Road to Romania","isPartOf":{"@id":"https:\/\/roadtoromania.com\/pt-pt\/#website"},"datePublished":"2022-10-15T18:40:18+00:00","dateModified":"2022-10-21T16:58:14+00:00","breadcrumb":{"@id":"https:\/\/roadtoromania.com\/pt-pt\/reclamacoes-de-voo-para-a-romenia\/#breadcrumb"},"inLanguage":"pt-PT","potentialAction":[{"@type":"ReadAction","target":["https:\/\/roadtoromania.com\/pt-pt\/reclamacoes-de-voo-para-a-romenia\/"]}]},{"@type":"BreadcrumbList","@id":"https:\/\/roadtoromania.com\/pt-pt\/reclamacoes-de-voo-para-a-romenia\/#breadcrumb","itemListElement":[{"@type":"ListItem","position":1,"name":"Home","item":"https:\/\/roadtoromania.com\/pt-pt\/"},{"@type":"ListItem","position":2,"name":"Reclama\u00e7\u00f5es de voo para a Rom\u00e9nia"}]},{"@type":"WebSite","@id":"https:\/\/roadtoromania.com\/pt-pt\/#website","url":"https:\/\/roadtoromania.com\/pt-pt\/","name":"Road to Romania","description":"O blog onde encontrar\u00e1 toda a informa\u00e7\u00e3o de que necessita para desfrutar da Rom\u00e9nia.","potentialAction":[{"@type":"SearchAction","target":{"@type":"EntryPoint","urlTemplate":"https:\/\/roadtoromania.com\/pt-pt\/?s={search_term_string}"},"query-input":"required name=search_term_string"}],"inLanguage":"pt-PT"}]}},"_links":{"self":[{"href":"https:\/\/roadtoromania.com\/pt-pt\/wp-json\/wp\/v2\/pages\/3348","targetHints":{"allow":["GET"]}}],"collection":[{"href":"https:\/\/roadtoromania.com\/pt-pt\/wp-json\/wp\/v2\/pages"}],"about":[{"href":"https:\/\/roadtoromania.com\/pt-pt\/wp-json\/wp\/v2\/types\/page"}],"author":[{"embeddable":true,"href":"https:\/\/roadtoromania.com\/pt-pt\/wp-json\/wp\/v2\/users\/1"}],"replies":[{"embeddable":true,"href":"https:\/\/roadtoromania.com\/pt-pt\/wp-json\/wp\/v2\/comments?post=3348"}],"version-history":[{"count":0,"href":"https:\/\/roadtoromania.com\/pt-pt\/wp-json\/wp\/v2\/pages\/3348\/revisions"}],"wp:featuredmedia":[{"embeddable":true,"href":"https:\/\/roadtoromania.com\/pt-pt\/wp-json\/wp\/v2\/media\/1817"}],"wp:attachment":[{"href":"https:\/\/roadtoromania.com\/pt-pt\/wp-json\/wp\/v2\/media?parent=3348"}],"curies":[{"name":"wp","href":"https:\/\/api.w.org\/{rel}","templated":true}]}}