{"id":3351,"date":"2022-10-15T18:40:18","date_gmt":"2022-10-15T18:40:18","guid":{"rendered":"https:\/\/roadtoromania.com\/o-tempo-e-o-clima-na-romenia\/"},"modified":"2022-10-21T16:58:14","modified_gmt":"2022-10-21T16:58:14","slug":"o-tempo-e-o-clima-na-romenia","status":"publish","type":"page","link":"https:\/\/roadtoromania.com\/pt-pt\/o-tempo-e-o-clima-na-romenia\/","title":{"rendered":"O tempo e o clima na Rom\u00e9nia"},"content":{"rendered":"<p> <strong>A Rom\u00e9nia<\/strong> \u00e9 um grande pa\u00eds com um relevo que vai das plan\u00edcies \u00e0s zonas montanhosas. Por esta raz\u00e3o, encontramos zonas onde os Invernos s\u00e3o um pouco mais amenos, e regi\u00f5es como os C\u00e1rpatos<\/strong> <a href=\"https:\/\/roadtoromania.com\/pt-pt\/natureza-da-romenia\/os-carpatos\/\">C\u00e1rpatos<\/a> <\/strong> e<\/strong> <a href=\"https:\/\/roadtoromania.com\/pt-pt\/cidades-e-regioes-da-romenia\/bazna\/\">Transilv\u00e2nia<\/a> <\/strong> onde a neve cobre a regi\u00e3o de branco com temperaturas inferiores a 0\u00ba.<\/p>\n<\/p>\n<p>Em geral, os Invernos s\u00e3o rigorosos, as nascentes s\u00e3o curtas, os Ver\u00f5es s\u00e3o agrad\u00e1veis (23 graus) mas por vezes muito chuvosos, e as colunas t\u00eam uma temperatura e um clima ameno e agrad\u00e1vel.<\/p>\n<p>\nO leste do pa\u00eds tem temperaturas mais benevolentes, gra\u00e7as \u00e0 influ\u00eancia do Mar Negro. Em <strong>Bucareste<\/strong> , a capital, pode facilmente ultrapassar os 30 graus Celsius no Ver\u00e3o.<\/p>\n<p>\nPrevis\u00e3o do tempo para os pr\u00f3ximos dias nas principais cidades da Rom\u00e9nia<\/p>\n<p>\n <strong>Tempo de Bucareste<\/strong> <\/p>\n<p><a href=\"http:\/\/www.tiempo.com\/bucarest.htm\">Tempo de Bucareste<\/a> <\/p>\n<p>\n <strong>Sibiu Clima<\/strong> <\/p>\n<p><a href=\"http:\/\/www.tiempo.com\/\">O Tempo<\/a> em Sibiu<\/p>\n<p>\n <strong>Tempo em Cluj Napuca<\/strong> <\/p>\n<p><a href=\"http:\/\/www.tiempo.com\/cluj-napoca.htm\">Weather<\/a> em Cluj-Napoca<\/p>\n<p>\n <strong>Tempo em Timisoara<\/strong> <\/p>\n<p>Clima Timisoara<\/p>\n<p>\n <strong>Tempo em Craiova<\/strong> <\/p>\n<p>Clima em Craiova<\/p>\n","protected":false},"excerpt":{"rendered":"<p>A Rom\u00e9nia \u00e9 um grande pa\u00eds com um relevo que vai das plan\u00edcies \u00e0s zonas montanhosas. Por esta raz\u00e3o, encontramos zonas onde os Invernos s\u00e3o um pouco mais amenos, e regi\u00f5es como os C\u00e1rpatos C\u00e1rpatos e Transilv\u00e2nia onde a neve cobre a regi\u00e3o de branco com temperaturas inferiores a 0\u00ba. Em geral, os Invernos s\u00e3o &hellip;<\/p>\n<p class=\"read-more\"> <a class=\"\" href=\"https:\/\/roadtoromania.com\/pt-pt\/o-tempo-e-o-clima-na-romenia\/\"> <span class=\"screen-reader-text\">O tempo e o clima na Rom\u00e9nia<\/span> Read More \u00bb<\/a><\/p>\n","protected":false},"author":1,"featured_media":0,"parent":0,"menu_order":0,"comment_status":"open","ping_status":"open","template":"","meta":{"site-sidebar-layout":"default","site-content-layout":"default","ast-global-header-display":"","ast-main-header-display":"","ast-hfb-above-header-display":"","ast-hfb-below-header-display":"","ast-hfb-mobile-header-display":"","site-post-title":"","ast-breadcrumbs-content":"","ast-featured-img":"","footer-sml-layout":"","theme-transparent-header-meta":"","adv-header-id-meta":"","stick-header-meta":"","header-above-stick-meta":"","header-main-stick-meta":"","header-below-stick-meta":"","footnotes":""},"class_list":["post-3351","page","type-page","status-publish","hentry"],"yoast_head":"<!-- This site is optimized with the Yoast SEO plugin v19.10 - https:\/\/yoast.com\/wordpress\/plugins\/seo\/ -->\n<title>O tempo e o clima na Rom\u00e9nia - Road to Romania<\/title>\n<meta name=\"robots\" content=\"index, follow, max-snippet:-1, max-image-preview:large, max-video-preview:-1\" \/>\n<link rel=\"canonical\" href=\"https:\/\/roadtoromania.com\/pt-pt\/o-tempo-e-o-clima-na-romenia\/\" \/>\n<meta property=\"og:locale\" content=\"pt_PT\" \/>\n<meta property=\"og:type\" content=\"article\" \/>\n<meta property=\"og:title\" content=\"O tempo e o clima na Rom\u00e9nia - Road to Romania\" \/>\n<meta property=\"og:description\" content=\"A Rom\u00e9nia \u00e9 um grande pa\u00eds com um relevo que vai das plan\u00edcies \u00e0s zonas montanhosas. Por esta raz\u00e3o, encontramos zonas onde os Invernos s\u00e3o um pouco mais amenos, e regi\u00f5es como os C\u00e1rpatos C\u00e1rpatos e Transilv\u00e2nia onde a neve cobre a regi\u00e3o de branco com temperaturas inferiores a 0\u00ba. Em geral, os Invernos s\u00e3o &hellip; O tempo e o clima na Rom\u00e9nia Read More \u00bb\" \/>\n<meta property=\"og:url\" content=\"https:\/\/roadtoromania.com\/pt-pt\/o-tempo-e-o-clima-na-romenia\/\" \/>\n<meta property=\"og:site_name\" content=\"Road to Romania\" \/>\n<meta property=\"article:modified_time\" content=\"2022-10-21T16:58:14+00:00\" \/>\n<meta name=\"twitter:card\" content=\"summary_large_image\" \/>\n<meta name=\"twitter:label1\" content=\"Tempo estimado de leitura\" \/>\n\t<meta name=\"twitter:data1\" content=\"1 minuto\" \/>\n<script type=\"application\/ld+json\" class=\"yoast-schema-graph\">{\"@context\":\"https:\/\/schema.org\",\"@graph\":[{\"@type\":\"WebPage\",\"@id\":\"https:\/\/roadtoromania.com\/pt-pt\/o-tempo-e-o-clima-na-romenia\/\",\"url\":\"https:\/\/roadtoromania.com\/pt-pt\/o-tempo-e-o-clima-na-romenia\/\",\"name\":\"O tempo e o clima na Rom\u00e9nia - Road to Romania\",\"isPartOf\":{\"@id\":\"https:\/\/roadtoromania.com\/pt-pt\/#website\"},\"datePublished\":\"2022-10-15T18:40:18+00:00\",\"dateModified\":\"2022-10-21T16:58:14+00:00\",\"breadcrumb\":{\"@id\":\"https:\/\/roadtoromania.com\/pt-pt\/o-tempo-e-o-clima-na-romenia\/#breadcrumb\"},\"inLanguage\":\"pt-PT\",\"potentialAction\":[{\"@type\":\"ReadAction\",\"target\":[\"https:\/\/roadtoromania.com\/pt-pt\/o-tempo-e-o-clima-na-romenia\/\"]}]},{\"@type\":\"BreadcrumbList\",\"@id\":\"https:\/\/roadtoromania.com\/pt-pt\/o-tempo-e-o-clima-na-romenia\/#breadcrumb\",\"itemListElement\":[{\"@type\":\"ListItem\",\"position\":1,\"name\":\"Home\",\"item\":\"https:\/\/roadtoromania.com\/pt-pt\/\"},{\"@type\":\"ListItem\",\"position\":2,\"name\":\"O tempo e o clima na Rom\u00e9nia\"}]},{\"@type\":\"WebSite\",\"@id\":\"https:\/\/roadtoromania.com\/pt-pt\/#website\",\"url\":\"https:\/\/roadtoromania.com\/pt-pt\/\",\"name\":\"Road to Romania\",\"description\":\"O blog onde encontrar\u00e1 toda a informa\u00e7\u00e3o de que necessita para desfrutar da Rom\u00e9nia.\",\"potentialAction\":[{\"@type\":\"SearchAction\",\"target\":{\"@type\":\"EntryPoint\",\"urlTemplate\":\"https:\/\/roadtoromania.com\/pt-pt\/?s={search_term_string}\"},\"query-input\":\"required name=search_term_string\"}],\"inLanguage\":\"pt-PT\"}]}<\/script>\n<!-- \/ Yoast SEO plugin. -->","yoast_head_json":{"title":"O tempo e o clima na Rom\u00e9nia - Road to Romania","robots":{"index":"index","follow":"follow","max-snippet":"max-snippet:-1","max-image-preview":"max-image-preview:large","max-video-preview":"max-video-preview:-1"},"canonical":"https:\/\/roadtoromania.com\/pt-pt\/o-tempo-e-o-clima-na-romenia\/","og_locale":"pt_PT","og_type":"article","og_title":"O tempo e o clima na Rom\u00e9nia - Road to Romania","og_description":"A Rom\u00e9nia \u00e9 um grande pa\u00eds com um relevo que vai das plan\u00edcies \u00e0s zonas montanhosas. Por esta raz\u00e3o, encontramos zonas onde os Invernos s\u00e3o um pouco mais amenos, e regi\u00f5es como os C\u00e1rpatos C\u00e1rpatos e Transilv\u00e2nia onde a neve cobre a regi\u00e3o de branco com temperaturas inferiores a 0\u00ba. Em geral, os Invernos s\u00e3o &hellip; O tempo e o clima na Rom\u00e9nia Read More \u00bb","og_url":"https:\/\/roadtoromania.com\/pt-pt\/o-tempo-e-o-clima-na-romenia\/","og_site_name":"Road to Romania","article_modified_time":"2022-10-21T16:58:14+00:00","twitter_card":"summary_large_image","twitter_misc":{"Tempo estimado de leitura":"1 minuto"},"schema":{"@context":"https:\/\/schema.org","@graph":[{"@type":"WebPage","@id":"https:\/\/roadtoromania.com\/pt-pt\/o-tempo-e-o-clima-na-romenia\/","url":"https:\/\/roadtoromania.com\/pt-pt\/o-tempo-e-o-clima-na-romenia\/","name":"O tempo e o clima na Rom\u00e9nia - Road to Romania","isPartOf":{"@id":"https:\/\/roadtoromania.com\/pt-pt\/#website"},"datePublished":"2022-10-15T18:40:18+00:00","dateModified":"2022-10-21T16:58:14+00:00","breadcrumb":{"@id":"https:\/\/roadtoromania.com\/pt-pt\/o-tempo-e-o-clima-na-romenia\/#breadcrumb"},"inLanguage":"pt-PT","potentialAction":[{"@type":"ReadAction","target":["https:\/\/roadtoromania.com\/pt-pt\/o-tempo-e-o-clima-na-romenia\/"]}]},{"@type":"BreadcrumbList","@id":"https:\/\/roadtoromania.com\/pt-pt\/o-tempo-e-o-clima-na-romenia\/#breadcrumb","itemListElement":[{"@type":"ListItem","position":1,"name":"Home","item":"https:\/\/roadtoromania.com\/pt-pt\/"},{"@type":"ListItem","position":2,"name":"O tempo e o clima na Rom\u00e9nia"}]},{"@type":"WebSite","@id":"https:\/\/roadtoromania.com\/pt-pt\/#website","url":"https:\/\/roadtoromania.com\/pt-pt\/","name":"Road to Romania","description":"O blog onde encontrar\u00e1 toda a informa\u00e7\u00e3o de que necessita para desfrutar da Rom\u00e9nia.","potentialAction":[{"@type":"SearchAction","target":{"@type":"EntryPoint","urlTemplate":"https:\/\/roadtoromania.com\/pt-pt\/?s={search_term_string}"},"query-input":"required name=search_term_string"}],"inLanguage":"pt-PT"}]}},"_links":{"self":[{"href":"https:\/\/roadtoromania.com\/pt-pt\/wp-json\/wp\/v2\/pages\/3351","targetHints":{"allow":["GET"]}}],"collection":[{"href":"https:\/\/roadtoromania.com\/pt-pt\/wp-json\/wp\/v2\/pages"}],"about":[{"href":"https:\/\/roadtoromania.com\/pt-pt\/wp-json\/wp\/v2\/types\/page"}],"author":[{"embeddable":true,"href":"https:\/\/roadtoromania.com\/pt-pt\/wp-json\/wp\/v2\/users\/1"}],"replies":[{"embeddable":true,"href":"https:\/\/roadtoromania.com\/pt-pt\/wp-json\/wp\/v2\/comments?post=3351"}],"version-history":[{"count":0,"href":"https:\/\/roadtoromania.com\/pt-pt\/wp-json\/wp\/v2\/pages\/3351\/revisions"}],"wp:attachment":[{"href":"https:\/\/roadtoromania.com\/pt-pt\/wp-json\/wp\/v2\/media?parent=3351"}],"curies":[{"name":"wp","href":"https:\/\/api.w.org\/{rel}","templated":true}]}}