{"id":3352,"date":"2022-10-15T18:40:18","date_gmt":"2022-10-15T18:40:18","guid":{"rendered":"https:\/\/roadtoromania.com\/voos-para-bucareste-aeroporto-de-otopeni\/"},"modified":"2022-10-21T16:58:14","modified_gmt":"2022-10-21T16:58:14","slug":"voos-para-bucareste-aeroporto-de-otopeni","status":"publish","type":"page","link":"https:\/\/roadtoromania.com\/pt-pt\/voos-para-bucareste-aeroporto-de-otopeni\/","title":{"rendered":"Voos para Bucareste, Aeroporto de Otopeni"},"content":{"rendered":"<p>Bucareste tem o aeroporto mais importante da Rom\u00e9nia, tanto em termos de instala\u00e7\u00f5es como de liga\u00e7\u00f5es. Embora n\u00e3o seja o \u00fanico aeroporto internacional (<a href=\"https:\/\/roadtoromania.com\/pt-pt\/aeroportos-na-romenia\/\">ver a nossa sec\u00e7\u00e3o de aeroportos romenos<\/a> ), \u00e9 o que tem mais voos para o resto da Europa, \u00c1sia e \u00c1frica, bem como voos dom\u00e9sticos.<\/p>\n<p>\nEmbora o nome oficial seja <strong>Henri Coanda Airport<\/strong> , um engenheiro romeno que viveu em Fran\u00e7a e foi o inventor da primeira turbina a jacto. Contudo, o aeroporto est\u00e1 localizado <strong>18 km a norte de Bucareste<\/strong> no munic\u00edpio de <strong>Otopeni<\/strong> , raz\u00e3o pela qual \u00e9 conhecido por esse nome.<\/p>\n<p><img decoding=\"async\" src=\"https:\/\/roadtoromania.com\/wp-content\/uploads\/2022\/10\/otopeni-bucarest-aeropuerto.jpg\" \/>O aeroporto de Otopeni \u00e9 o aeroporto mais movimentado da Rom\u00e9nia.<br \/>\n Companhias a\u00e9reas e liga\u00e7\u00f5es a\u00e9reas<\/strong> <\/h2>\n<p>\nExistem voos regulares entre Espanha e quase todos os pa\u00edses europeus, pelo que hoje em dia \u00e9 muito f\u00e1cil chegar \u00e0 Rom\u00e9nia utilizando o Aeroporto de Otopeni. Para al\u00e9m das companhias cl\u00e1ssicas, v\u00e1rias companhias a\u00e9reas de baixo custo ligam as principais cidades da Europa e do M\u00e9dio Oriente a Bucareste. Isto fez da capital romena um dos novos destinos de fim-de-semana (<\/strong> city break<\/strong> ) ou mesmo como um  destino de turismo dent\u00e1rio<\/a> .<\/p>\n<p>\nDe Espanha h\u00e1 voos de liga\u00e7\u00e3o <strong>Bucharest-Otopeni<\/strong> com os aeroportos de <strong>Madrid e Barcelona<\/strong> , claro. Mas tamb\u00e9m pode voar para a Rom\u00e9nia de <strong>Bilbao, Sarago\u00e7a, Val\u00eancia, M\u00e1laga e Castell\u00f3n<\/strong> . Existem tamb\u00e9m liga\u00e7\u00f5es directas de Lisboa, Roma, Nice, Paris, Lyon, Londres, Munique, Mil\u00e3o ou Istambul, entre outras cidades <\/p>\n<p>&#8230;<\/p>\n<p> Voos internos<\/strong> <\/h2>\n<p>\nAo mesmo tempo, a partir de Bucareste podemos viajar confortavelmente por todo o pa\u00eds, pois existem voos regulares para <strong>Constanta, Timisoara, Cluj-Napoca, Oradea, Iasi ou Suceava<\/strong> .<\/p>\n<p> Transporte para Bucareste<\/strong> <\/h3>\n<p>\nComo na maioria dos aeroportos do mundo, existem <a href=\"https:\/\/roadtoromania.com\/pt-pt\/como-chegar-a-bucareste-a-partir-do-aeroporto-de-otopeni\/\"> <strong>servi\u00e7os de transporte entre Otopeni e o centro de Bucareste<\/strong><\/a> . Pode apanhar um t\u00e1xi, que na Rom\u00e9nia \u00e9 mais caro e muito r\u00e1pido <\/p>\n<p>.<\/p>\n<p>\nMas <strong>os melhores s\u00e3o os autocarros p\u00fablicos<\/strong> com paragens em frente aos port\u00f5es da \u00e1rea de entrada e sa\u00edda do aeroporto. Existem dois autocarros <strong>o 780<\/strong> que liga a Gara de Nord (Esta\u00e7\u00e3o Norte) ao aeroporto. E tamb\u00e9m <strong>783<\/strong> que o levar\u00e1 do aeroporto de Otopeni para o centro de Bucareste. Esta linha funciona todo o dia e toda a noite. \u00c0 noite, demora cerca de 40 minutos<\/p>\n<p>\nO pre\u00e7o por forma em leis \u00e9 inferior a um euro.<\/p>\n<p> Transfer\u00eancias e transfer\u00eancias do aeroporto de Otopeni<\/strong> <\/h3>\n<p>\nFinalmente, tamb\u00e9m se pode alugar um carro no pr\u00f3prio aeroporto. Para fazer esta visita <a href=\"https:\/\/roadtoromania.com\/pt-pt\/aluguer-de-automoveis-na-romenia\/\">a sec\u00e7\u00e3o de aluguer de autom\u00f3veis<\/a> .<\/p>\n<p> ALUGUEL DE CARRO NO AEROPORTO BUCHAREST OTOPENI<\/strong> <\/h3>\n<\/p>\n<p>\u00a0<\/p>\n","protected":false},"excerpt":{"rendered":"<p>Bucareste tem o aeroporto mais importante da Rom\u00e9nia, tanto em termos de instala\u00e7\u00f5es como de liga\u00e7\u00f5es. Embora n\u00e3o seja o \u00fanico aeroporto internacional (ver a nossa sec\u00e7\u00e3o de aeroportos romenos ), \u00e9 o que tem mais voos para o resto da Europa, \u00c1sia e \u00c1frica, bem como voos dom\u00e9sticos. Embora o nome oficial seja Henri &hellip;<\/p>\n<p class=\"read-more\"> <a class=\"\" href=\"https:\/\/roadtoromania.com\/pt-pt\/voos-para-bucareste-aeroporto-de-otopeni\/\"> <span class=\"screen-reader-text\">Voos para Bucareste, Aeroporto de Otopeni<\/span> Read More \u00bb<\/a><\/p>\n","protected":false},"author":1,"featured_media":1866,"parent":0,"menu_order":0,"comment_status":"open","ping_status":"open","template":"","meta":{"site-sidebar-layout":"default","site-content-layout":"default","ast-global-header-display":"","ast-main-header-display":"","ast-hfb-above-header-display":"","ast-hfb-below-header-display":"","ast-hfb-mobile-header-display":"","site-post-title":"","ast-breadcrumbs-content":"","ast-featured-img":"","footer-sml-layout":"","theme-transparent-header-meta":"default","adv-header-id-meta":"","stick-header-meta":"","header-above-stick-meta":"","header-main-stick-meta":"","header-below-stick-meta":"","footnotes":""},"class_list":["post-3352","page","type-page","status-publish","has-post-thumbnail","hentry"],"yoast_head":"<!-- This site is optimized with the Yoast SEO plugin v19.10 - https:\/\/yoast.com\/wordpress\/plugins\/seo\/ -->\n<title>Voos para Bucareste, Aeroporto de Otopeni - Road to Romania<\/title>\n<meta name=\"robots\" content=\"index, follow, max-snippet:-1, max-image-preview:large, max-video-preview:-1\" \/>\n<link rel=\"canonical\" href=\"https:\/\/roadtoromania.com\/pt-pt\/voos-para-bucareste-aeroporto-de-otopeni\/\" \/>\n<meta property=\"og:locale\" content=\"pt_PT\" \/>\n<meta property=\"og:type\" content=\"article\" \/>\n<meta property=\"og:title\" content=\"Voos para Bucareste, Aeroporto de Otopeni - Road to Romania\" \/>\n<meta property=\"og:description\" content=\"Bucareste tem o aeroporto mais importante da Rom\u00e9nia, tanto em termos de instala\u00e7\u00f5es como de liga\u00e7\u00f5es. Embora n\u00e3o seja o \u00fanico aeroporto internacional (ver a nossa sec\u00e7\u00e3o de aeroportos romenos ), \u00e9 o que tem mais voos para o resto da Europa, \u00c1sia e \u00c1frica, bem como voos dom\u00e9sticos. Embora o nome oficial seja Henri &hellip; Voos para Bucareste, Aeroporto de Otopeni Read More \u00bb\" \/>\n<meta property=\"og:url\" content=\"https:\/\/roadtoromania.com\/pt-pt\/voos-para-bucareste-aeroporto-de-otopeni\/\" \/>\n<meta property=\"og:site_name\" content=\"Road to Romania\" \/>\n<meta property=\"article:modified_time\" content=\"2022-10-21T16:58:14+00:00\" \/>\n<meta property=\"og:image\" content=\"https:\/\/roadtoromania.com\/wp-content\/uploads\/2022\/10\/otopeni-bucarest-aeropuerto-1.jpg\" \/>\n\t<meta property=\"og:image:width\" content=\"600\" \/>\n\t<meta property=\"og:image:height\" content=\"300\" \/>\n\t<meta property=\"og:image:type\" content=\"image\/jpeg\" \/>\n<meta name=\"twitter:card\" content=\"summary_large_image\" \/>\n<meta name=\"twitter:label1\" content=\"Tempo estimado de leitura\" \/>\n\t<meta name=\"twitter:data1\" content=\"2 minutos\" \/>\n<script type=\"application\/ld+json\" class=\"yoast-schema-graph\">{\"@context\":\"https:\/\/schema.org\",\"@graph\":[{\"@type\":\"WebPage\",\"@id\":\"https:\/\/roadtoromania.com\/pt-pt\/voos-para-bucareste-aeroporto-de-otopeni\/\",\"url\":\"https:\/\/roadtoromania.com\/pt-pt\/voos-para-bucareste-aeroporto-de-otopeni\/\",\"name\":\"Voos para Bucareste, Aeroporto de Otopeni - Road to Romania\",\"isPartOf\":{\"@id\":\"https:\/\/roadtoromania.com\/pt-pt\/#website\"},\"datePublished\":\"2022-10-15T18:40:18+00:00\",\"dateModified\":\"2022-10-21T16:58:14+00:00\",\"breadcrumb\":{\"@id\":\"https:\/\/roadtoromania.com\/pt-pt\/voos-para-bucareste-aeroporto-de-otopeni\/#breadcrumb\"},\"inLanguage\":\"pt-PT\",\"potentialAction\":[{\"@type\":\"ReadAction\",\"target\":[\"https:\/\/roadtoromania.com\/pt-pt\/voos-para-bucareste-aeroporto-de-otopeni\/\"]}]},{\"@type\":\"BreadcrumbList\",\"@id\":\"https:\/\/roadtoromania.com\/pt-pt\/voos-para-bucareste-aeroporto-de-otopeni\/#breadcrumb\",\"itemListElement\":[{\"@type\":\"ListItem\",\"position\":1,\"name\":\"Home\",\"item\":\"https:\/\/roadtoromania.com\/pt-pt\/\"},{\"@type\":\"ListItem\",\"position\":2,\"name\":\"Voos para Bucareste, Aeroporto de Otopeni\"}]},{\"@type\":\"WebSite\",\"@id\":\"https:\/\/roadtoromania.com\/pt-pt\/#website\",\"url\":\"https:\/\/roadtoromania.com\/pt-pt\/\",\"name\":\"Road to Romania\",\"description\":\"O blog onde encontrar\u00e1 toda a informa\u00e7\u00e3o de que necessita para desfrutar da Rom\u00e9nia.\",\"potentialAction\":[{\"@type\":\"SearchAction\",\"target\":{\"@type\":\"EntryPoint\",\"urlTemplate\":\"https:\/\/roadtoromania.com\/pt-pt\/?s={search_term_string}\"},\"query-input\":\"required name=search_term_string\"}],\"inLanguage\":\"pt-PT\"}]}<\/script>\n<!-- \/ Yoast SEO plugin. -->","yoast_head_json":{"title":"Voos para Bucareste, Aeroporto de Otopeni - Road to Romania","robots":{"index":"index","follow":"follow","max-snippet":"max-snippet:-1","max-image-preview":"max-image-preview:large","max-video-preview":"max-video-preview:-1"},"canonical":"https:\/\/roadtoromania.com\/pt-pt\/voos-para-bucareste-aeroporto-de-otopeni\/","og_locale":"pt_PT","og_type":"article","og_title":"Voos para Bucareste, Aeroporto de Otopeni - Road to Romania","og_description":"Bucareste tem o aeroporto mais importante da Rom\u00e9nia, tanto em termos de instala\u00e7\u00f5es como de liga\u00e7\u00f5es. Embora n\u00e3o seja o \u00fanico aeroporto internacional (ver a nossa sec\u00e7\u00e3o de aeroportos romenos ), \u00e9 o que tem mais voos para o resto da Europa, \u00c1sia e \u00c1frica, bem como voos dom\u00e9sticos. Embora o nome oficial seja Henri &hellip; Voos para Bucareste, Aeroporto de Otopeni Read More \u00bb","og_url":"https:\/\/roadtoromania.com\/pt-pt\/voos-para-bucareste-aeroporto-de-otopeni\/","og_site_name":"Road to Romania","article_modified_time":"2022-10-21T16:58:14+00:00","og_image":[{"width":600,"height":300,"url":"https:\/\/roadtoromania.com\/wp-content\/uploads\/2022\/10\/otopeni-bucarest-aeropuerto-1.jpg","type":"image\/jpeg"}],"twitter_card":"summary_large_image","twitter_misc":{"Tempo estimado de leitura":"2 minutos"},"schema":{"@context":"https:\/\/schema.org","@graph":[{"@type":"WebPage","@id":"https:\/\/roadtoromania.com\/pt-pt\/voos-para-bucareste-aeroporto-de-otopeni\/","url":"https:\/\/roadtoromania.com\/pt-pt\/voos-para-bucareste-aeroporto-de-otopeni\/","name":"Voos para Bucareste, Aeroporto de Otopeni - Road to Romania","isPartOf":{"@id":"https:\/\/roadtoromania.com\/pt-pt\/#website"},"datePublished":"2022-10-15T18:40:18+00:00","dateModified":"2022-10-21T16:58:14+00:00","breadcrumb":{"@id":"https:\/\/roadtoromania.com\/pt-pt\/voos-para-bucareste-aeroporto-de-otopeni\/#breadcrumb"},"inLanguage":"pt-PT","potentialAction":[{"@type":"ReadAction","target":["https:\/\/roadtoromania.com\/pt-pt\/voos-para-bucareste-aeroporto-de-otopeni\/"]}]},{"@type":"BreadcrumbList","@id":"https:\/\/roadtoromania.com\/pt-pt\/voos-para-bucareste-aeroporto-de-otopeni\/#breadcrumb","itemListElement":[{"@type":"ListItem","position":1,"name":"Home","item":"https:\/\/roadtoromania.com\/pt-pt\/"},{"@type":"ListItem","position":2,"name":"Voos para Bucareste, Aeroporto de Otopeni"}]},{"@type":"WebSite","@id":"https:\/\/roadtoromania.com\/pt-pt\/#website","url":"https:\/\/roadtoromania.com\/pt-pt\/","name":"Road to Romania","description":"O blog onde encontrar\u00e1 toda a informa\u00e7\u00e3o de que necessita para desfrutar da Rom\u00e9nia.","potentialAction":[{"@type":"SearchAction","target":{"@type":"EntryPoint","urlTemplate":"https:\/\/roadtoromania.com\/pt-pt\/?s={search_term_string}"},"query-input":"required name=search_term_string"}],"inLanguage":"pt-PT"}]}},"_links":{"self":[{"href":"https:\/\/roadtoromania.com\/pt-pt\/wp-json\/wp\/v2\/pages\/3352","targetHints":{"allow":["GET"]}}],"collection":[{"href":"https:\/\/roadtoromania.com\/pt-pt\/wp-json\/wp\/v2\/pages"}],"about":[{"href":"https:\/\/roadtoromania.com\/pt-pt\/wp-json\/wp\/v2\/types\/page"}],"author":[{"embeddable":true,"href":"https:\/\/roadtoromania.com\/pt-pt\/wp-json\/wp\/v2\/users\/1"}],"replies":[{"embeddable":true,"href":"https:\/\/roadtoromania.com\/pt-pt\/wp-json\/wp\/v2\/comments?post=3352"}],"version-history":[{"count":0,"href":"https:\/\/roadtoromania.com\/pt-pt\/wp-json\/wp\/v2\/pages\/3352\/revisions"}],"wp:featuredmedia":[{"embeddable":true,"href":"https:\/\/roadtoromania.com\/pt-pt\/wp-json\/wp\/v2\/media\/1866"}],"wp:attachment":[{"href":"https:\/\/roadtoromania.com\/pt-pt\/wp-json\/wp\/v2\/media?parent=3352"}],"curies":[{"name":"wp","href":"https:\/\/api.w.org\/{rel}","templated":true}]}}