{"id":3353,"date":"2022-10-15T18:40:26","date_gmt":"2022-10-15T18:40:26","guid":{"rendered":"https:\/\/roadtoromania.com\/voos-para-bucareste-aeroporto-de-otopeni\/como-chegar-a-bucareste-a-partir-do-aeroporto-de-otopeni\/"},"modified":"2022-10-21T16:58:23","modified_gmt":"2022-10-21T16:58:23","slug":"como-chegar-a-bucareste-a-partir-do-aeroporto-de-otopeni","status":"publish","type":"page","link":"https:\/\/roadtoromania.com\/pt-pt\/como-chegar-a-bucareste-a-partir-do-aeroporto-de-otopeni\/","title":{"rendered":"Como chegar a Bucareste a partir do aeroporto de Otopeni"},"content":{"rendered":"<p> <strong>Henri Coand\u0103 Airport<\/strong> , conhecido como <strong>Otopeni Airport<\/strong> devido \u00e0 cidade onde est\u00e1 localizado, \u00e9 o aeroporto mais importante da Rom\u00e9nia. Tanto para visitar <strong>Bucareste<\/strong> como muitos lugares na Transilv\u00e2nia, Otopeni \u00e9 o destino habitual dos voos para o pa\u00eds. Companhias a\u00e9reas como a Iberia, Tarom e companhias a\u00e9reas de baixo custo como a Ryanair, Blue Air ou Wizz Air ligam Bucareste a toda a Europa.<\/p>\n<p>\nO aeroporto est\u00e1 localizado a cerca de 18 quil\u00f3metros a norte de Bucareste e j\u00e1 lida com mais de 14 milh\u00f5es de passageiros por ano. Durante a Segunda Guerra Mundial funcionou como base a\u00e9rea militar e desde ent\u00e3o tem crescido em sucessivas expans\u00f5es para se tornar o aeroporto mais importante da Rom\u00e9nia e um dos mais importantes da Europa Central.<\/p>\n<div id=\"toc_container\" class=\"no_bullets\"><p class=\"toc_title\">Contents<\/p><ul class=\"toc_list\"><li><a href=\"#Como_chegar_ao_aeroporto\"><span class=\"toc_number toc_depth_1\">1<\/span> \nComo chegar ao aeroporto<\/a><ul><li><a href=\"#Transporte_publico_para_o_Aeroporto_de_Otopeni\"><span class=\"toc_number toc_depth_2\">1.1<\/span> \nTransporte p\u00fablico para o Aeroporto de Otopeni<\/a><ul><li><a href=\"#Autocarro\"><span class=\"toc_number toc_depth_3\">1.1.1<\/span> \nAutocarro<\/a><\/li><li><a href=\"#Taxi\"><span class=\"toc_number toc_depth_3\">1.1.2<\/span> \nT\u00e1xi<\/a><\/li><\/ul><\/li><\/ul><\/li><li><a href=\"#Aluguer_de_automoveis_no_Aeroporto_de_Otopeni\"><span class=\"toc_number toc_depth_1\">2<\/span> \nAluguer de autom\u00f3veis no Aeroporto de Otopeni<\/a><\/li><\/ul><\/div>\n<h2><span id=\"Como_chegar_ao_aeroporto\">\nComo chegar ao aeroporto<\/span><\/h2>\n<p>\nQuer se dirija ao centro de Bucareste ou ao aeroporto para a partida, h\u00e1 v\u00e1rias maneiras de chegar ao aeroporto de Otopeni. Existem op\u00e7\u00f5es de transporte p\u00fablico, bem como transfer\u00eancias privadas ou servi\u00e7os de t\u00e1xi.<\/p>\n<\/p>\n<p>As transfer\u00eancias t\u00eam a vantagem de uma pessoa estar \u00e0 nossa espera \u00e0 chegada para nos levar directamente para o hotel ou destino.<\/p>\n<h3><span id=\"Transporte_publico_para_o_Aeroporto_de_Otopeni\">\nTransporte p\u00fablico para o Aeroporto de Otopeni<\/span><\/h3>\n<h4><span id=\"Autocarro\">\nAutocarro<\/span><\/h4>\n<p>\nO autocarro  \u00e9 a op\u00e7\u00e3o mais barata, com a possibilidade de entrar nas linhas de autocarro 780 e 783. O tempo aproximado para cobrir o percurso \u00e9 de 40 minutos, embora dependendo do tr\u00e1fego na capital romena possa demorar at\u00e9 uma hora. Os bilhetes n\u00e3o s\u00e3o comprados no autocarro, pelo que \u00e9 necess\u00e1rio compr\u00e1-los nas m\u00e1quinas junto \u00e0 paragem de autocarro. O cart\u00e3o que se compra funciona como uma &#8220;carteira virtual&#8221; que pode utilizar para recarregar no futuro se regressar a Bucareste. A empresa que opera o servi\u00e7o de autocarros para o aeroporto \u00e9 chamada <strong>express<\/strong> . No aeroporto, basta seguir as linhas amarelas que indicam o ponto de partida, que se encontra no fundo das escadas.<\/p>\n<p>\nO autocarro <strong>783<\/strong> funciona 24 horas por dia, embora durante o dia a frequ\u00eancia seja maior (15-30 minutos) e \u00e0 noite a cada 40 minutos. Termina na \u00faltima paragem (Piata Unirii 2), com paragens interm\u00e9dias em Piata Victoriei, Piata Romana, ou Piata 21 Decembrie.\u00a0O autocarro <strong>780<\/strong> tem um hor\u00e1rio que vai das 5:20 \u00e0s 23:00, com partidas a cada 15 e 30 minutos.<\/p>\n<p>\nMais informa\u00e7\u00f5es sobre hor\u00e1rios e pre\u00e7os de bilhetes podem ser encontradas no website da RATB (Regia Autonom\u0103 de Transport Bucure\u015fti): <strong>http:\/\/stbsa.ro\/eng\/index.php<\/strong> <\/p>\n<p><img decoding=\"async\" src=\"data:image\/gif;base64,R0lGODdhAQABAPAAAMPDwwAAACwAAAAAAQABAAACAkQBADs=\" \/>Autocarro 783 paragens do Aeroporto de Otopeni para Bucareste<\/p>\n<p>\n <strong>\u00c9 importante notar que os bilhetes n\u00e3o podem ser comprados directamente no autocarro, mas que \u00e9 necess\u00e1rio comprar um cart\u00e3o com anteced\u00eancia. A tarifa para uma viagem de regresso \u00e9 8LEI.<\/strong> <\/p>\n<\/h4>\n<\/h4>\n<p>Comboio<\/h4>\n<p>\nTamb\u00e9m \u00e9 poss\u00edvel chegar ao aeroporto de comboio &#8211; chamado <strong>Henri Coanda Express<\/strong> &#8211; mas como a esta\u00e7\u00e3o n\u00e3o se encontra no aeroporto, \u00e9 necess\u00e1ria uma troca com um servi\u00e7o<\/strong> de vaiv\u00e9m<\/strong> (comboio integrado+ bilhete de mini-autocarro), e embora seja ligeiramente mais barato do que o autocarro, exigir\u00e1 mais tempo. A viagem \u00e9 coberta pelo CFR, a companhia ferrovi\u00e1ria estatal romena, e parte da Esta\u00e7\u00e3o Norte (Gara de Nord) em Bucareste<\/strong> entre as 5:25 e as 20:50 com um tempo de viagem de aproximadamente uma hora, mais o tempo (aproximadamente 10 minutos) do autocarro de vaiv\u00e9m para o aeroporto. A partir da esta\u00e7\u00e3o de comboios h\u00e1 um metro para se deslocar para diferentes partes do centro de Bucareste.<\/p>\n<\/h4>\n<p>Metro<\/h4>\n<p>\nO projecto de liga\u00e7\u00e3o do Aeroporto de Otopeni ao centro de Bucareste atrav\u00e9s de uma linha de metro est\u00e1 em curso mas sem data concreta de conclus\u00e3o<\/p>\n<h4><span id=\"Taxi\">\nT\u00e1xi<\/span><\/h4>\n<p>\nOs t\u00e1xis s\u00e3o mais baratos do que as transfer\u00eancias privadas mas mais caros do que os transportes p\u00fablicos. A tarifa \u00e9 paga atrav\u00e9s de m\u00e1quinas chamadas <strong>Clever Taxi<\/strong> . Se n\u00e3o o comprar antecipadamente, \u00e9 poss\u00edvel que o taxista fa\u00e7a a viagem mas pe\u00e7a mais dinheiro do que deve pagar. Nas m\u00e1quinas pode escolher o tipo de ve\u00edculo em fun\u00e7\u00e3o do n\u00famero de pessoas ou de bagagem. \u00c9 impresso um bilhete que indica o tempo de espera aproximado, embora os t\u00e1xis j\u00e1 estejam normalmente dispon\u00edveis. N\u00e3o h\u00e1 tarifas nocturnas com um custo extra<\/p>\n<h2><span id=\"Aluguer_de_automoveis_no_Aeroporto_de_Otopeni\">\nAluguer de autom\u00f3veis no Aeroporto de Otopeni<\/span><\/h2>\n<p>\nAs empresas de aluguer de autom\u00f3veis que podemos encontrar no aeroporto de Otopeni s\u00e3o as cl\u00e1ssicas: Avis, Sixt, Europcar, Hertz, bem como outras locais. Neste motor de busca pode encontrar as melhores ofertas de aluguer de autom\u00f3veis:<\/p>\n<p> Transfer\u00eancias do Aeroporto de Otopeni para Bucareste e outros destinos<\/strong> <\/h2>\n<p> Mapa dos transportes p\u00fablicos do aeroporto de Otopeni para o centro de Bucareste<\/strong> <\/h2>\n","protected":false},"excerpt":{"rendered":"<p>Henri Coand\u0103 Airport , conhecido como Otopeni Airport devido \u00e0 cidade onde est\u00e1 localizado, \u00e9 o aeroporto mais importante da Rom\u00e9nia. Tanto para visitar Bucareste como muitos lugares na Transilv\u00e2nia, Otopeni \u00e9 o destino habitual dos voos para o pa\u00eds. Companhias a\u00e9reas como a Iberia, Tarom e companhias a\u00e9reas de baixo custo como a Ryanair, &hellip;<\/p>\n<p class=\"read-more\"> <a class=\"\" href=\"https:\/\/roadtoromania.com\/pt-pt\/como-chegar-a-bucareste-a-partir-do-aeroporto-de-otopeni\/\"> <span class=\"screen-reader-text\">Como chegar a Bucareste a partir do aeroporto de Otopeni<\/span> Read More \u00bb<\/a><\/p>\n","protected":false},"author":1,"featured_media":0,"parent":0,"menu_order":0,"comment_status":"open","ping_status":"open","template":"","meta":{"site-sidebar-layout":"default","site-content-layout":"default","ast-global-header-display":"","ast-main-header-display":"","ast-hfb-above-header-display":"","ast-hfb-below-header-display":"","ast-hfb-mobile-header-display":"","site-post-title":"","ast-breadcrumbs-content":"","ast-featured-img":"","footer-sml-layout":"","theme-transparent-header-meta":"","adv-header-id-meta":"","stick-header-meta":"","header-above-stick-meta":"","header-main-stick-meta":"","header-below-stick-meta":"","footnotes":""},"class_list":["post-3353","page","type-page","status-publish","hentry"],"yoast_head":"<!-- This site is optimized with the Yoast SEO plugin v19.10 - https:\/\/yoast.com\/wordpress\/plugins\/seo\/ -->\n<title>Como chegar a Bucareste a partir do aeroporto de Otopeni - Road to Romania<\/title>\n<meta name=\"robots\" content=\"index, follow, max-snippet:-1, max-image-preview:large, max-video-preview:-1\" \/>\n<link rel=\"canonical\" href=\"https:\/\/roadtoromania.com\/pt-pt\/como-chegar-a-bucareste-a-partir-do-aeroporto-de-otopeni\/\" \/>\n<meta property=\"og:locale\" content=\"pt_PT\" \/>\n<meta property=\"og:type\" content=\"article\" \/>\n<meta property=\"og:title\" content=\"Como chegar a Bucareste a partir do aeroporto de Otopeni - Road to Romania\" \/>\n<meta property=\"og:description\" content=\"Henri Coand\u0103 Airport , conhecido como Otopeni Airport devido \u00e0 cidade onde est\u00e1 localizado, \u00e9 o aeroporto mais importante da Rom\u00e9nia. Tanto para visitar Bucareste como muitos lugares na Transilv\u00e2nia, Otopeni \u00e9 o destino habitual dos voos para o pa\u00eds. Companhias a\u00e9reas como a Iberia, Tarom e companhias a\u00e9reas de baixo custo como a Ryanair, &hellip; Como chegar a Bucareste a partir do aeroporto de Otopeni Read More \u00bb\" \/>\n<meta property=\"og:url\" content=\"https:\/\/roadtoromania.com\/pt-pt\/como-chegar-a-bucareste-a-partir-do-aeroporto-de-otopeni\/\" \/>\n<meta property=\"og:site_name\" content=\"Road to Romania\" \/>\n<meta property=\"article:modified_time\" content=\"2022-10-21T16:58:23+00:00\" \/>\n<meta name=\"twitter:card\" content=\"summary_large_image\" \/>\n<meta name=\"twitter:label1\" content=\"Tempo estimado de leitura\" \/>\n\t<meta name=\"twitter:data1\" content=\"4 minutos\" \/>\n<script type=\"application\/ld+json\" class=\"yoast-schema-graph\">{\"@context\":\"https:\/\/schema.org\",\"@graph\":[{\"@type\":\"WebPage\",\"@id\":\"https:\/\/roadtoromania.com\/pt-pt\/como-chegar-a-bucareste-a-partir-do-aeroporto-de-otopeni\/\",\"url\":\"https:\/\/roadtoromania.com\/pt-pt\/como-chegar-a-bucareste-a-partir-do-aeroporto-de-otopeni\/\",\"name\":\"Como chegar a Bucareste a partir do aeroporto de Otopeni - Road to Romania\",\"isPartOf\":{\"@id\":\"https:\/\/roadtoromania.com\/pt-pt\/#website\"},\"datePublished\":\"2022-10-15T18:40:26+00:00\",\"dateModified\":\"2022-10-21T16:58:23+00:00\",\"breadcrumb\":{\"@id\":\"https:\/\/roadtoromania.com\/pt-pt\/como-chegar-a-bucareste-a-partir-do-aeroporto-de-otopeni\/#breadcrumb\"},\"inLanguage\":\"pt-PT\",\"potentialAction\":[{\"@type\":\"ReadAction\",\"target\":[\"https:\/\/roadtoromania.com\/pt-pt\/como-chegar-a-bucareste-a-partir-do-aeroporto-de-otopeni\/\"]}]},{\"@type\":\"BreadcrumbList\",\"@id\":\"https:\/\/roadtoromania.com\/pt-pt\/como-chegar-a-bucareste-a-partir-do-aeroporto-de-otopeni\/#breadcrumb\",\"itemListElement\":[{\"@type\":\"ListItem\",\"position\":1,\"name\":\"Home\",\"item\":\"https:\/\/roadtoromania.com\/pt-pt\/\"},{\"@type\":\"ListItem\",\"position\":2,\"name\":\"Voos para Bucareste, Aeroporto de Otopeni\",\"item\":\"https:\/\/roadtoromania.com\/pt-pt\/voos-para-bucareste-aeroporto-de-otopeni\/\"},{\"@type\":\"ListItem\",\"position\":3,\"name\":\"Como chegar a Bucareste a partir do aeroporto de Otopeni\"}]},{\"@type\":\"WebSite\",\"@id\":\"https:\/\/roadtoromania.com\/pt-pt\/#website\",\"url\":\"https:\/\/roadtoromania.com\/pt-pt\/\",\"name\":\"Road to Romania\",\"description\":\"O blog onde encontrar\u00e1 toda a informa\u00e7\u00e3o de que necessita para desfrutar da Rom\u00e9nia.\",\"potentialAction\":[{\"@type\":\"SearchAction\",\"target\":{\"@type\":\"EntryPoint\",\"urlTemplate\":\"https:\/\/roadtoromania.com\/pt-pt\/?s={search_term_string}\"},\"query-input\":\"required name=search_term_string\"}],\"inLanguage\":\"pt-PT\"}]}<\/script>\n<!-- \/ Yoast SEO plugin. -->","yoast_head_json":{"title":"Como chegar a Bucareste a partir do aeroporto de Otopeni - Road to Romania","robots":{"index":"index","follow":"follow","max-snippet":"max-snippet:-1","max-image-preview":"max-image-preview:large","max-video-preview":"max-video-preview:-1"},"canonical":"https:\/\/roadtoromania.com\/pt-pt\/como-chegar-a-bucareste-a-partir-do-aeroporto-de-otopeni\/","og_locale":"pt_PT","og_type":"article","og_title":"Como chegar a Bucareste a partir do aeroporto de Otopeni - Road to Romania","og_description":"Henri Coand\u0103 Airport , conhecido como Otopeni Airport devido \u00e0 cidade onde est\u00e1 localizado, \u00e9 o aeroporto mais importante da Rom\u00e9nia. Tanto para visitar Bucareste como muitos lugares na Transilv\u00e2nia, Otopeni \u00e9 o destino habitual dos voos para o pa\u00eds. Companhias a\u00e9reas como a Iberia, Tarom e companhias a\u00e9reas de baixo custo como a Ryanair, &hellip; Como chegar a Bucareste a partir do aeroporto de Otopeni Read More \u00bb","og_url":"https:\/\/roadtoromania.com\/pt-pt\/como-chegar-a-bucareste-a-partir-do-aeroporto-de-otopeni\/","og_site_name":"Road to Romania","article_modified_time":"2022-10-21T16:58:23+00:00","twitter_card":"summary_large_image","twitter_misc":{"Tempo estimado de leitura":"4 minutos"},"schema":{"@context":"https:\/\/schema.org","@graph":[{"@type":"WebPage","@id":"https:\/\/roadtoromania.com\/pt-pt\/como-chegar-a-bucareste-a-partir-do-aeroporto-de-otopeni\/","url":"https:\/\/roadtoromania.com\/pt-pt\/como-chegar-a-bucareste-a-partir-do-aeroporto-de-otopeni\/","name":"Como chegar a Bucareste a partir do aeroporto de Otopeni - Road to Romania","isPartOf":{"@id":"https:\/\/roadtoromania.com\/pt-pt\/#website"},"datePublished":"2022-10-15T18:40:26+00:00","dateModified":"2022-10-21T16:58:23+00:00","breadcrumb":{"@id":"https:\/\/roadtoromania.com\/pt-pt\/como-chegar-a-bucareste-a-partir-do-aeroporto-de-otopeni\/#breadcrumb"},"inLanguage":"pt-PT","potentialAction":[{"@type":"ReadAction","target":["https:\/\/roadtoromania.com\/pt-pt\/como-chegar-a-bucareste-a-partir-do-aeroporto-de-otopeni\/"]}]},{"@type":"BreadcrumbList","@id":"https:\/\/roadtoromania.com\/pt-pt\/como-chegar-a-bucareste-a-partir-do-aeroporto-de-otopeni\/#breadcrumb","itemListElement":[{"@type":"ListItem","position":1,"name":"Home","item":"https:\/\/roadtoromania.com\/pt-pt\/"},{"@type":"ListItem","position":2,"name":"Voos para Bucareste, Aeroporto de Otopeni","item":"https:\/\/roadtoromania.com\/pt-pt\/voos-para-bucareste-aeroporto-de-otopeni\/"},{"@type":"ListItem","position":3,"name":"Como chegar a Bucareste a partir do aeroporto de Otopeni"}]},{"@type":"WebSite","@id":"https:\/\/roadtoromania.com\/pt-pt\/#website","url":"https:\/\/roadtoromania.com\/pt-pt\/","name":"Road to Romania","description":"O blog onde encontrar\u00e1 toda a informa\u00e7\u00e3o de que necessita para desfrutar da Rom\u00e9nia.","potentialAction":[{"@type":"SearchAction","target":{"@type":"EntryPoint","urlTemplate":"https:\/\/roadtoromania.com\/pt-pt\/?s={search_term_string}"},"query-input":"required name=search_term_string"}],"inLanguage":"pt-PT"}]}},"_links":{"self":[{"href":"https:\/\/roadtoromania.com\/pt-pt\/wp-json\/wp\/v2\/pages\/3353","targetHints":{"allow":["GET"]}}],"collection":[{"href":"https:\/\/roadtoromania.com\/pt-pt\/wp-json\/wp\/v2\/pages"}],"about":[{"href":"https:\/\/roadtoromania.com\/pt-pt\/wp-json\/wp\/v2\/types\/page"}],"author":[{"embeddable":true,"href":"https:\/\/roadtoromania.com\/pt-pt\/wp-json\/wp\/v2\/users\/1"}],"replies":[{"embeddable":true,"href":"https:\/\/roadtoromania.com\/pt-pt\/wp-json\/wp\/v2\/comments?post=3353"}],"version-history":[{"count":0,"href":"https:\/\/roadtoromania.com\/pt-pt\/wp-json\/wp\/v2\/pages\/3353\/revisions"}],"wp:attachment":[{"href":"https:\/\/roadtoromania.com\/pt-pt\/wp-json\/wp\/v2\/media?parent=3353"}],"curies":[{"name":"wp","href":"https:\/\/api.w.org\/{rel}","templated":true}]}}