{"id":4347,"date":"2022-10-22T14:22:25","date_gmt":"2022-10-22T14:22:25","guid":{"rendered":"https:\/\/roadtoromania.com\/guida-della-romania\/"},"modified":"2022-10-22T15:55:22","modified_gmt":"2022-10-22T15:55:22","slug":"guida-della-romania","status":"publish","type":"page","link":"https:\/\/roadtoromania.com\/pt-pt\/","title":{"rendered":"Guia da Rom\u00e9nia"},"content":{"rendered":"<p>O Guia da Rom\u00e9nia j\u00e1 existe h\u00e1 v\u00e1rios anos, mas decidimos renov\u00e1-lo e expandir o seu conte\u00fado para fornecer ao viajante mais informa\u00e7\u00f5es sobre o turismo na Rom\u00e9nia. Os nossos objectivos s\u00e3o simples e claros, para aproximar os turistas portugueses do belo pa\u00eds que \u00e9 a Rom\u00e9nia. Aos turistas e pessoas interessadas na cultura, geografia, hist\u00f3ria, arte, gastronomia e actualidade do pa\u00eds dos Balc\u00e3s. A Rom\u00e9nia \u00e9 um pa\u00eds em muitos aspectos pr\u00f3ximo do mundo romano, mas largamente desconhecido e afectado por alguns clich\u00e9s injustificados. A cultura e a l\u00edngua romena s\u00e3o uma mistura de Mediterr\u00e2neo e Oriental, Russo e Turco. Situado numa vasta plan\u00edcie dividida pelos C\u00e1rpatos, o pa\u00eds est\u00e1 fechado ao sul pelo Dan\u00fabio, que o turismo de cruzeiro fluvial est\u00e1 a descobrir.<\/p>\n<p>Falar da Rom\u00e9nia \u00e9 falar de uma hist\u00f3ria complexa, de mitos como o banal Conde Dr\u00e1cula e de acontecimentos muito mais recentes que abalaram a hist\u00f3ria europeia. Felizmente, o pa\u00eds est\u00e1 agora a tentar ultrapassar o seu atraso e a aproximar-se da Uni\u00e3o Europeia, da qual \u00e9 membro desde 2007. Tentar revelar a realidade romena e superar ideias preconcebidas \u00e9 outro dos nossos objectivos fundamentais.<\/p>\n<figure id=\"attachment_2702\" class=\"wp-caption aligncenter\" aria-describedby=\"caption-attachment-2702\"><img loading=\"lazy\" decoding=\"async\" class=\"wp-image-2702 size-full\" src=\"https:\/\/www.larumania.es\/wp-content\/uploads\/2021\/01\/carpatos-rumania-naturaleza.jpg\" sizes=\"auto, (max-width: 1920px) 100vw, 1920px\" srcset=\"https:\/\/www.larumania.es\/wp-content\/uploads\/2021\/01\/carpatos-rumania-naturaleza.jpg 1920w, https:\/\/www.larumania.es\/wp-content\/uploads\/2021\/01\/carpatos-rumania-naturaleza-300x158.jpg 300w, https:\/\/www.larumania.es\/wp-content\/uploads\/2021\/01\/carpatos-rumania-naturaleza-768x405.jpg 768w, https:\/\/www.larumania.es\/wp-content\/uploads\/2021\/01\/carpatos-rumania-naturaleza-1024x540.jpg 1024w, https:\/\/www.larumania.es\/wp-content\/uploads\/2021\/01\/carpatos-rumania-naturaleza-150x79.jpg 150w\" alt=\"\" width=\"1920\" height=\"1013\" \/><figcaption id=\"caption-attachment-2702\" class=\"wp-caption-text\">I Carpazi sono, insieme al Danubio, lo scheletro geografico della Romania.<\/figcaption><\/figure>\n<div id=\"toc_container\" class=\"no_bullets\"><p class=\"toc_title\">Contents<\/p><ul class=\"toc_list\"><li><a href=\"#Monumentos_e_Cultura_Antiga\"><span class=\"toc_number toc_depth_1\">1<\/span> Monumentos e Cultura Antiga<\/a><\/li><li><a href=\"#Natureza_exuberante_para_descobrir\"><span class=\"toc_number toc_depth_1\">2<\/span> Natureza exuberante para descobrir<\/a><\/li><li><a href=\"#Cultura\"><span class=\"toc_number toc_depth_1\">3<\/span> Cultura<\/a><\/li><li><a href=\"#Festa\"><span class=\"toc_number toc_depth_1\">4<\/span> Festa<\/a><\/li><li><a href=\"#Alojamento_transporte_e_gastronomia\"><span class=\"toc_number toc_depth_1\">5<\/span> Alojamento, transporte e gastronomia<\/a><\/li><li><a href=\"#Romenos_dissipar_os_mitos\"><span class=\"toc_number toc_depth_1\">6<\/span> Romenos: dissipar os mitos<\/a><\/li><\/ul><\/div>\n<h2><span id=\"Monumentos_e_Cultura_Antiga\">Monumentos e Cultura Antiga<\/span><\/h2>\n<p>O patrim\u00f3nio da Rom\u00e9nia \u00e9 largamente desconhecido; esperamos que com a nossa ajuda seja ainda menos. Prova disso \u00e9 o facto de pelo menos oito s\u00edtios ou monumentos terem sido declarados Patrim\u00f3nio Mundial pela UNESCO.<\/p>\n<p>A arquitectura religiosa da Rom\u00e9nia destaca-se sobretudo porque muitas igrejas, templos e mosteiros s\u00e3o feitos de madeira. Connosco visitar\u00e1 os mosteiros de Bukovina (Arbore, Humor, Moldovita, Patrauti, Voronet, Suceavita ou Neamt), no norte do pa\u00eds, perto da Ucr\u00e2nia e Moldavia.<\/p>\n<p>Visitamos as igrejas de madeira de outra regi\u00e3o pouco conhecida mas igualmente maravilhosa, Maramures, e tamb\u00e9m o famoso cemit\u00e9rio de Sapanta.<\/p>\n<p>Na cinematogr\u00e1fica Transilv\u00e2nia, quebraremos os clich\u00e9s mostrando a verdadeira hist\u00f3ria do mito de Vlad Dracul em Bran, prov\u00edncia de Brasov.\u00a0Os castelos da Transilv\u00e2nia, fortalezas da Dacian e pal\u00e1cios de todos os tipos n\u00e3o inspiram medo, mas sim respeito pela arquitectura e arte antigas bem preservadas. As cidades da Transilv\u00e2nia est\u00e3o longe do terror dos filmes Hollywood e Hammer; pelo contr\u00e1rio, s\u00e3o cidades animadas com pessoas amig\u00e1veis.\u00a0Brasov, Sibiu, Cluj, Sighisoara, cidades medievais com uma arquitectura muito melhor preservada do que a capital, e muitas outras que iremos cobrir nas nossas p\u00e1ginas.<\/p>\n<p>Em Banat, iremos visitar Timisoara, perto da S\u00e9rvia, e Oradea, na regi\u00e3o de Crisana, perto da Hungria.\u00a0Craiova, na Val\u00e1quia, ao longo do Dan\u00fabio, a art\u00e9ria fluvial mais importante do mundo e uma fronteira comum com a Bulg\u00e1ria.\u00a0Constanta, com vista para o Mar Negro, permitir-nos-\u00e1 conhecer a fachada mar\u00edtima do pa\u00eds. E para concluir a nossa viagem hist\u00f3rica e monumental, Bucareste, a capital, que est\u00e1 gradualmente a recuperar o seu antigo esplendor e influ\u00eancia francesa.<\/p>\n<h2><span id=\"Natureza_exuberante_para_descobrir\">Natureza exuberante para descobrir<\/span><\/h2>\n<p>Quanto \u00e0 hist\u00f3ria, cultura e monumentos, pouco se sabe sobre um pa\u00eds onde a natureza ainda predomina. A Rom\u00e9nia tem uma imagem injusta, associada \u00e0 antiga ind\u00fastria petrol\u00edfera e pesada, quando na realidade tem preservado muitas \u00e1reas naturais melhor do que outros pa\u00edses europeus, tais como a cascata Bigar perto da fronteira s\u00e9rvia, o que \u00e9 t\u00e3o desconhecido como surpreendente.<\/p>\n<p>A costa do Mar Negro, com as suas est\u00e2ncias balneares da era comunista, est\u00e1 a recuperar e come\u00e7a a oferecer agrad\u00e1veis f\u00e9rias em belas paisagens. O Delta do Dan\u00fabio, por exemplo, \u00e9 uma \u00e1rea natural de primeira classe, mas para al\u00e9m do mar, a Rom\u00e9nia oferece tamb\u00e9m montanhas.\u00a0Os C\u00e1rpatos dividem o pa\u00eds em dois com o seu arco. As suas montanhas far\u00e3o as del\u00edcias de caminhantes e caminhantes, uma vez que s\u00e3o praticamente desconhecidos fora da Rom\u00e9nia. Al\u00e9m do trekking, os C\u00e1rpatos oferecem est\u00e2ncias de esqui como Poiana Brasov, rios e riachos onde a pesca ainda \u00e9 um prazer natural.<\/p>\n<p>Em Maramures, como se para criar cen\u00e1rios majestosos para os seus mosteiros, a rocha das suas estreitas gargantas emerge no meio do verde geral em cen\u00e1rios como as Gargantas de Bicaz.<\/p>\n<h2><span id=\"Cultura\">Cultura<\/span><\/h2>\n<p>Bucareste \u00e9 a cidade dos museus. Os edif\u00edcios neocl\u00e1ssicos franceses do s\u00e9culo XIX sobreviveram \u00e0s loucuras da ditadura. O refinamento de uma cultura que nada tem a ver com as ideias que muitos t\u00eam \u00e9 aqui preservado.<\/p>\n<p>E entre os nomes da cultura romena encontramos artistas como Constantin Brancusi, o escultor franco-croata, ou o poeta franco-croata Tristan Tzara, iniciador do dada\u00edsmo, que teve origens romenas, apesar de a sua vida e carreira art\u00edstica terem tido lugar em Fran\u00e7a.<\/p>\n<p>Este fio condutor comum, emigra\u00e7\u00e3o ou ex\u00edlio, afectou outros intelectuais importantes como os m\u00fasicos Georges Enesco e Constantin Dimitrescu, o dramaturgo Ionesco e a historiadora e romancista Mircea Eliade, todos eles ligados \u00e0 Fran\u00e7a, onde se tornaram cidad\u00e3os ou viveram. Hoje, a soprano Angela Gheorghiu \u00e9 uma das vozes mais importantes da Rom\u00e9nia.<\/p>\n<p>Hoje, a par do folclore e da m\u00fasica tradicional, aparecem novos artistas que tentam sair da velha imagem da Rom\u00e9nia e procuram uma nova. Da tens\u00e3o e dos interc\u00e2mbios entre as duas op\u00e7\u00f5es, emerge a verdadeira Rom\u00e9nia do s\u00e9culo XXI.<\/p>\n<h2><span id=\"Festa\">Festa<\/span><\/h2>\n<p>A Europa de Leste \u00e9 um destino para aqueles que pensam que s\u00f3 h\u00e1 festas em Portugal. As ruas no centro de Bucareste s\u00e3o sempre animadas e cheias de gente. Al\u00e9m disso, a cena da festa \u00e9 bastante tranquila e muito segura. \u00c9 ideal para aqueles que viajam por todo o pa\u00eds e querem desfrutar da vida nocturna, pubs e discotecas durante toda a noite.<\/p>\n<p>Visitar a Rom\u00e9nia de carro, comboio, barco&#8230;<\/p>\n<p>A Rom\u00e9nia presta-se a uma viagem por qualquer meio de transporte. O avi\u00e3o leva-nos a Bucareste. O carro permite-nos viajar pela Europa e alcan\u00e7ar os lugares menos tur\u00edsticos e mais aut\u00eanticos. O barco permite-nos visitar diferentes pa\u00edses durante cruzeiros fluviais no Dan\u00fabio.<\/p>\n<h2><span id=\"Alojamento_transporte_e_gastronomia\">Alojamento, transporte e gastronomia<\/span><\/h2>\n<p>A rede hoteleira e de transportes da Rom\u00e9nia foi modernizada desde a ades\u00e3o \u00e0 Uni\u00e3o Europeia. Actualmente, o pa\u00eds j\u00e1 disp\u00f5e de um bom n\u00famero de restaurantes de qualidade. Nas nossas p\u00e1ginas, contar-lhe-emos tudo isto e recomendaremos os melhores locais para dormir e comer. Para o fazer, visite as nossas sec\u00e7\u00f5es de alojamento, transporte e gastronomia e, se j\u00e1 decidiu vir \u00e0 Rom\u00e9nia, pode encontrar os melhores hot\u00e9is nesta p\u00e1gina.<\/p>\n<h2><span id=\"Romenos_dissipar_os_mitos\">Romenos: dissipar os mitos<\/span><\/h2>\n<p>Como qualquer outro pa\u00eds do mundo, a sua popula\u00e7\u00e3o \u00e9 o resultado da mistura e da miscigena\u00e7\u00e3o, a uni\u00e3o de diferentes pessoas de diferentes lugares, cujo caldeir\u00e3o de culturas tem sido o territ\u00f3rio romeno. Ainda mais nos Balc\u00e3s, onde as fronteiras dan\u00e7avam ao som de guerras e invas\u00f5es. Quando compreendemos que nenhuma bandeira era mais leg\u00edtima do que outra, podemos compreender-nos melhor, respeitar-nos mutuamente e come\u00e7ar a caminhar juntos em direc\u00e7\u00e3o aos objectivos sociais que pertencem a todos n\u00f3s. Na Rom\u00e9nia, podemos ver as influ\u00eancias de muitos povos do passado, Dacianos, Romanos, Vlachs, H\u00fangaros, Moldavos, Alem\u00e3es, Gregos, B\u00falgaros, S\u00e9rvios, Albaneses, Judeus, Turcos, Ciganos, Russos&#8230; tudo t\u00e3o misturado que qualquer divis\u00e3o s\u00f3 pode ser artificial. Desta confus\u00e3o emergiu um pa\u00eds com problemas, mas com muita paci\u00eancia e, sobretudo, com pessoas amigas que instantaneamente desmantelam os preconceitos dos turistas que se julgam superiores. Se viajar para a Rom\u00e9nia e deixar a capital, aperceber-se-\u00e1 disso por si pr\u00f3prio. Os romenos est\u00e3o sempre prontos a ajudar, altruisticamente e com um sorriso no rosto. H\u00e1 muitas raz\u00f5es para o convidar a conhecer a Rom\u00e9nia, viajando por todas as cidades e recantos deste fant\u00e1stico pa\u00eds para umas f\u00e9rias \u00fanicas.<\/p>\n<p>Viajar \u00e9 esquecer quem pensamos que somos, afastarmo-nos das nossas lendas e olhar nos olhos dos outros, come\u00e7ar a compreender quem realmente somos. A Rom\u00e9nia \u00e9 um pa\u00eds que quebra preconceitos, visite-o!<\/p>\n","protected":false},"excerpt":{"rendered":"<p>O Guia da Rom\u00e9nia j\u00e1 existe h\u00e1 v\u00e1rios anos, mas decidimos renov\u00e1-lo e expandir o seu conte\u00fado para fornecer ao viajante mais informa\u00e7\u00f5es sobre o turismo na Rom\u00e9nia. Os nossos objectivos s\u00e3o simples e claros, para aproximar os turistas portugueses do belo pa\u00eds que \u00e9 a Rom\u00e9nia. Aos turistas e pessoas interessadas na cultura, geografia, &hellip;<\/p>\n<p class=\"read-more\"> <a class=\"\" href=\"https:\/\/roadtoromania.com\/pt-pt\/\"> <span class=\"screen-reader-text\">Guia da Rom\u00e9nia<\/span> Read More \u00bb<\/a><\/p>\n","protected":false},"author":1,"featured_media":0,"parent":0,"menu_order":0,"comment_status":"closed","ping_status":"closed","template":"","meta":{"site-sidebar-layout":"default","site-content-layout":"default","ast-global-header-display":"","ast-main-header-display":"","ast-hfb-above-header-display":"","ast-hfb-below-header-display":"","ast-hfb-mobile-header-display":"","site-post-title":"","ast-breadcrumbs-content":"","ast-featured-img":"","footer-sml-layout":"","theme-transparent-header-meta":"default","adv-header-id-meta":"","stick-header-meta":"default","header-above-stick-meta":"","header-main-stick-meta":"","header-below-stick-meta":"","footnotes":""},"class_list":["post-4347","page","type-page","status-publish","hentry"],"yoast_head":"<!-- This site is optimized with the Yoast SEO plugin v19.10 - https:\/\/yoast.com\/wordpress\/plugins\/seo\/ -->\n<title>Guia da Rom\u00e9nia - Road to Romania<\/title>\n<meta name=\"robots\" content=\"index, follow, max-snippet:-1, max-image-preview:large, max-video-preview:-1\" \/>\n<link rel=\"canonical\" href=\"https:\/\/roadtoromania.com\/pt-pt\/\" \/>\n<meta property=\"og:locale\" content=\"pt_PT\" \/>\n<meta property=\"og:type\" content=\"article\" \/>\n<meta property=\"og:title\" content=\"Guia da Rom\u00e9nia - Road to Romania\" \/>\n<meta property=\"og:description\" content=\"O Guia da Rom\u00e9nia j\u00e1 existe h\u00e1 v\u00e1rios anos, mas decidimos renov\u00e1-lo e expandir o seu conte\u00fado para fornecer ao viajante mais informa\u00e7\u00f5es sobre o turismo na Rom\u00e9nia. Os nossos objectivos s\u00e3o simples e claros, para aproximar os turistas portugueses do belo pa\u00eds que \u00e9 a Rom\u00e9nia. Aos turistas e pessoas interessadas na cultura, geografia, &hellip; Guia da Rom\u00e9nia Read More \u00bb\" \/>\n<meta property=\"og:url\" content=\"https:\/\/roadtoromania.com\/pt-pt\/\" \/>\n<meta property=\"og:site_name\" content=\"Road to Romania\" \/>\n<meta property=\"article:modified_time\" content=\"2022-10-22T15:55:22+00:00\" \/>\n<meta property=\"og:image\" content=\"https:\/\/www.larumania.es\/wp-content\/uploads\/2021\/01\/carpatos-rumania-naturaleza.jpg\" \/>\n<meta name=\"twitter:card\" content=\"summary_large_image\" \/>\n<meta name=\"twitter:label1\" content=\"Tempo estimado de leitura\" \/>\n\t<meta name=\"twitter:data1\" content=\"7 minutos\" \/>\n<script type=\"application\/ld+json\" class=\"yoast-schema-graph\">{\"@context\":\"https:\/\/schema.org\",\"@graph\":[{\"@type\":\"WebPage\",\"@id\":\"https:\/\/roadtoromania.com\/pt-pt\/\",\"url\":\"https:\/\/roadtoromania.com\/pt-pt\/\",\"name\":\"Guia da Rom\u00e9nia - Road to Romania\",\"isPartOf\":{\"@id\":\"https:\/\/roadtoromania.com\/pt-pt\/#website\"},\"datePublished\":\"2022-10-22T14:22:25+00:00\",\"dateModified\":\"2022-10-22T15:55:22+00:00\",\"breadcrumb\":{\"@id\":\"https:\/\/roadtoromania.com\/pt-pt\/#breadcrumb\"},\"inLanguage\":\"pt-PT\",\"potentialAction\":[{\"@type\":\"ReadAction\",\"target\":[\"https:\/\/roadtoromania.com\/pt-pt\/\"]}]},{\"@type\":\"BreadcrumbList\",\"@id\":\"https:\/\/roadtoromania.com\/pt-pt\/#breadcrumb\",\"itemListElement\":[{\"@type\":\"ListItem\",\"position\":1,\"name\":\"Home\",\"item\":\"https:\/\/roadtoromania.com\/pt-pt\/\"},{\"@type\":\"ListItem\",\"position\":2,\"name\":\"Guia da Rom\u00e9nia\"}]},{\"@type\":\"WebSite\",\"@id\":\"https:\/\/roadtoromania.com\/pt-pt\/#website\",\"url\":\"https:\/\/roadtoromania.com\/pt-pt\/\",\"name\":\"Road to Romania\",\"description\":\"O blog onde encontrar\u00e1 toda a informa\u00e7\u00e3o de que necessita para desfrutar da Rom\u00e9nia.\",\"potentialAction\":[{\"@type\":\"SearchAction\",\"target\":{\"@type\":\"EntryPoint\",\"urlTemplate\":\"https:\/\/roadtoromania.com\/pt-pt\/?s={search_term_string}\"},\"query-input\":\"required name=search_term_string\"}],\"inLanguage\":\"pt-PT\"}]}<\/script>\n<!-- \/ Yoast SEO plugin. -->","yoast_head_json":{"title":"Guia da Rom\u00e9nia - Road to Romania","robots":{"index":"index","follow":"follow","max-snippet":"max-snippet:-1","max-image-preview":"max-image-preview:large","max-video-preview":"max-video-preview:-1"},"canonical":"https:\/\/roadtoromania.com\/pt-pt\/","og_locale":"pt_PT","og_type":"article","og_title":"Guia da Rom\u00e9nia - Road to Romania","og_description":"O Guia da Rom\u00e9nia j\u00e1 existe h\u00e1 v\u00e1rios anos, mas decidimos renov\u00e1-lo e expandir o seu conte\u00fado para fornecer ao viajante mais informa\u00e7\u00f5es sobre o turismo na Rom\u00e9nia. Os nossos objectivos s\u00e3o simples e claros, para aproximar os turistas portugueses do belo pa\u00eds que \u00e9 a Rom\u00e9nia. Aos turistas e pessoas interessadas na cultura, geografia, &hellip; Guia da Rom\u00e9nia Read More \u00bb","og_url":"https:\/\/roadtoromania.com\/pt-pt\/","og_site_name":"Road to Romania","article_modified_time":"2022-10-22T15:55:22+00:00","og_image":[{"url":"https:\/\/www.larumania.es\/wp-content\/uploads\/2021\/01\/carpatos-rumania-naturaleza.jpg"}],"twitter_card":"summary_large_image","twitter_misc":{"Tempo estimado de leitura":"7 minutos"},"schema":{"@context":"https:\/\/schema.org","@graph":[{"@type":"WebPage","@id":"https:\/\/roadtoromania.com\/pt-pt\/","url":"https:\/\/roadtoromania.com\/pt-pt\/","name":"Guia da Rom\u00e9nia - Road to Romania","isPartOf":{"@id":"https:\/\/roadtoromania.com\/pt-pt\/#website"},"datePublished":"2022-10-22T14:22:25+00:00","dateModified":"2022-10-22T15:55:22+00:00","breadcrumb":{"@id":"https:\/\/roadtoromania.com\/pt-pt\/#breadcrumb"},"inLanguage":"pt-PT","potentialAction":[{"@type":"ReadAction","target":["https:\/\/roadtoromania.com\/pt-pt\/"]}]},{"@type":"BreadcrumbList","@id":"https:\/\/roadtoromania.com\/pt-pt\/#breadcrumb","itemListElement":[{"@type":"ListItem","position":1,"name":"Home","item":"https:\/\/roadtoromania.com\/pt-pt\/"},{"@type":"ListItem","position":2,"name":"Guia da Rom\u00e9nia"}]},{"@type":"WebSite","@id":"https:\/\/roadtoromania.com\/pt-pt\/#website","url":"https:\/\/roadtoromania.com\/pt-pt\/","name":"Road to Romania","description":"O blog onde encontrar\u00e1 toda a informa\u00e7\u00e3o de que necessita para desfrutar da Rom\u00e9nia.","potentialAction":[{"@type":"SearchAction","target":{"@type":"EntryPoint","urlTemplate":"https:\/\/roadtoromania.com\/pt-pt\/?s={search_term_string}"},"query-input":"required name=search_term_string"}],"inLanguage":"pt-PT"}]}},"_links":{"self":[{"href":"https:\/\/roadtoromania.com\/pt-pt\/wp-json\/wp\/v2\/pages\/4347","targetHints":{"allow":["GET"]}}],"collection":[{"href":"https:\/\/roadtoromania.com\/pt-pt\/wp-json\/wp\/v2\/pages"}],"about":[{"href":"https:\/\/roadtoromania.com\/pt-pt\/wp-json\/wp\/v2\/types\/page"}],"author":[{"embeddable":true,"href":"https:\/\/roadtoromania.com\/pt-pt\/wp-json\/wp\/v2\/users\/1"}],"replies":[{"embeddable":true,"href":"https:\/\/roadtoromania.com\/pt-pt\/wp-json\/wp\/v2\/comments?post=4347"}],"version-history":[{"count":2,"href":"https:\/\/roadtoromania.com\/pt-pt\/wp-json\/wp\/v2\/pages\/4347\/revisions"}],"predecessor-version":[{"id":4357,"href":"https:\/\/roadtoromania.com\/pt-pt\/wp-json\/wp\/v2\/pages\/4347\/revisions\/4357"}],"wp:attachment":[{"href":"https:\/\/roadtoromania.com\/pt-pt\/wp-json\/wp\/v2\/media?parent=4347"}],"curies":[{"name":"wp","href":"https:\/\/api.w.org\/{rel}","templated":true}]}}